{"id":11,"date":"2024-04-04T04:35:22","date_gmt":"2024-04-04T01:35:22","guid":{"rendered":"https:\/\/sisu.ut.ee\/liitevklassliitevkool\/uussisserandajate-oppe-oiguslikud-alused\/"},"modified":"2024-04-04T04:35:29","modified_gmt":"2024-04-04T01:35:29","slug":"uussisserandajate-oppe-oiguslikud-alused","status":"publish","type":"page","link":"https:\/\/sisu.ut.ee\/liitevklassliitevkool\/uussisserandajate-oppe-oiguslikud-alused\/","title":{"rendered":"Uussisser\u00e4ndajate \u00f5ppe \u00f5iguslikud alused"},"content":{"rendered":"<p>Uussisser\u00e4ndajate \u00f5pet reguleerivad erinevad \u00f5igusaktid:<\/p>\n<p><strong>Keele- ja kultuuri\u00f5ppeks v\u00f5imaluste loomise tingimused ja kord<\/strong>, Vabariigi Valitsuse m\u00e4\u00e4rus.<\/p>\n<p><strong>Kodu\u00f5ppe ja haigla\u00f5ppe tingimused ja kord<\/strong>, Haridus- ja Teadusministeeriumi m\u00e4\u00e4rus.<\/p>\n<p><strong>Laste \u00d5iguste Konventsioon\u00a0<\/strong>Igasugustes lapsi puudutavates ettev\u00f5tmistes riiklike v\u00f5i erasotsiaalhoolekandeasutuste, kohtute, t\u00e4idesaatvate v\u00f5i seadusandlike organite poolt tuleb esikohale seada lapse huvid.<br>Osalisriigid rakendavad k\u00f5iki vajalikke abin\u00f5usid, et distsipliin koolis vastaks lapse inimv\u00e4\u00e4rikusele ja oleks koosk\u00f5las k\u00e4esoleva konventsiooniga. (Artikkel 28 p 2)<br>Osalisriigid on j\u00f5udnud kokkuleppele, et lapse haridus on suunatud austuse kasvatamisele lapse vanemate, tema oma kultuuriidentiteedi, keele ja v\u00e4\u00e4rtuste, tema elukohamaa rahvuslike v\u00e4\u00e4rtuste, tema s\u00fcnnimaa vastu ja teiste, tema omast erinevate kultuuride vastu. (Artikkel 29 p 1)<\/p>\n<p><strong>P\u00f5hikooli- ja g\u00fcmnaasiumiseadus PGS<\/strong><\/p>\n<p><strong>P\u00f5hikooli riiklik \u00f5ppekava<\/strong> PR\u00d5K (HEV). Kool koostab HEV-\u00f5pilasele individuaalse \u00f5ppekava ja kannab EHIS-sse individuaalse \u00f5ppekava m\u00e4rke. Kui \u00f5pilane asub eesti \u00f5ppekeelega kooli \u00f5ppima alates 4. klassist, siis v\u00f5ib ta eesti keelt \u00f5ppida teise keelena, mitte emakeelena. Uusimmigrant-\u00f5pilase vanem v\u00f5ib taotleda loobumist B-v\u00f5\u00f5rkeele \u00f5ppest (nt selle arvelt v\u00f5ib suurendada \u00f5pilase eesti keele tundide arvu). Vajadusel v\u00f5ib suurendada \u00f5pilase \u00f5ppekeele (eesti keele) tundide arvu lubatud maksimaalse \u00f5ppekoormuse piires. V\u00e4lisriigis \u00f5ppinud \u00f5pilane, kes on enne l\u00f5pueksameid p\u00f5hikoolis \u00f5ppinud kuni 3 aastat ning kellele on koostatud eesti keeles individuaalne \u00f5ppekava, v\u00f5ib eesti keele v\u00f5i eesti keel teise keelena eksami sooritada individuaalse I\u00d5K p\u00f5hjal ettevalmistatud koolieksamina. Kohaliku omavalitsus\u00fcksusega (KOViga) kokkuleppel on v\u00f5imalik sooritada PK l\u00f5pueksamid (nt matemaatika) m\u00f5nes muus keeles kui eesti v\u00f5i vene keeles. Eksamimaterjalide t\u00f5lkimis- ja hindamiskulud kannab kooli pidaja (KOV).<\/p>\n<p><strong>P\u00f5hiseaduse \u00a7 37<\/strong> (\u00f5igus eestikeelsele haridusele)<\/p>\n<p><strong>V\u00e4lismaalasele rahvusvahelise kaitse andmise seadus VRKS<\/strong><\/p>\n<p><strong>V\u00e4lismaalaste seadus VmS<\/strong><\/p>\n<p>Kuna \u00f5igusaktid muutuvad pidevalt, siis tuleb enne nende t\u00e4itma hakkamist \u00fcles otsida hetkel kehtiv redaktsioon.<\/p>\n\n<p><em><strong>Allikad ja soovituslikud lisamaterjalid:<\/strong><\/em><br>Inim\u00f5igused (2016). www.humanrights.ee<br>M\u00e4lksoo, L. (2016). \u201cR\u00e4ndekriis kui \u00f5iguslik kriis\u201d <a href=\"https:\/\/arvamus.postimees.ee\/3818243\/lauri-malksoo-randekriis-kui-oiguslik-kriis\" target=\"_blank\" rel=\"noopener\">PM, 3.09.2016<\/a><br>Pagulasseisundi tuvastamise menetlus ja kriteeriumid www.politsei.ee<br>Toetus t\u00e4iendavateks hariduskuludeks koolidele, kuhu saabuvad uussisser\u00e4ndajad ja rahvusvahelise kaitse saanud \u00f5pilased (2016\/17) www.innove.ee <br>Uusimmigrant \u2013 laps Eesti koolis ja lasteaias. www.meis.ee<br>\u00d5ppekeelest erineva kodukeelega \u00f5pilane astub \u00fcle koolil\u00e4ve. Info kooli kohta ja \u00f5ppekoha valimine.www.innove.ee<\/p>\n","protected":false},"excerpt":{"rendered":"<p>Uussisser\u00e4ndajate \u00f5pet reguleerivad erinevad \u00f5igusaktid: Keele- ja kultuuri\u00f5ppeks v\u00f5imaluste loomise tingimused ja kord, Vabariigi Valitsuse m\u00e4\u00e4rus. Kodu\u00f5ppe ja haigla\u00f5ppe tingimused ja kord, Haridus- ja Teadusministeeriumi m\u00e4\u00e4rus. Laste \u00d5iguste Konventsioon\u00a0Igasugustes lapsi puudutavates ettev\u00f5tmistes riiklike v\u00f5i erasotsiaalhoolekandeasutuste, kohtute, t\u00e4idesaatvate v\u00f5i seadusandlike organite &#8230;<\/p>\n","protected":false},"author":160,"featured_media":0,"parent":0,"menu_order":0,"comment_status":"closed","ping_status":"closed","template":"","meta":{"_acf_changed":false,"inline_featured_image":false,"footnotes":""},"class_list":["post-11","page","type-page","status-publish","hentry"],"acf":[],"_links":{"self":[{"href":"https:\/\/sisu.ut.ee\/liitevklassliitevkool\/wp-json\/wp\/v2\/pages\/11","targetHints":{"allow":["GET"]}}],"collection":[{"href":"https:\/\/sisu.ut.ee\/liitevklassliitevkool\/wp-json\/wp\/v2\/pages"}],"about":[{"href":"https:\/\/sisu.ut.ee\/liitevklassliitevkool\/wp-json\/wp\/v2\/types\/page"}],"author":[{"embeddable":true,"href":"https:\/\/sisu.ut.ee\/liitevklassliitevkool\/wp-json\/wp\/v2\/users\/160"}],"replies":[{"embeddable":true,"href":"https:\/\/sisu.ut.ee\/liitevklassliitevkool\/wp-json\/wp\/v2\/comments?post=11"}],"version-history":[{"count":1,"href":"https:\/\/sisu.ut.ee\/liitevklassliitevkool\/wp-json\/wp\/v2\/pages\/11\/revisions"}],"predecessor-version":[{"id":78,"href":"https:\/\/sisu.ut.ee\/liitevklassliitevkool\/wp-json\/wp\/v2\/pages\/11\/revisions\/78"}],"wp:attachment":[{"href":"https:\/\/sisu.ut.ee\/liitevklassliitevkool\/wp-json\/wp\/v2\/media?parent=11"}],"curies":[{"name":"wp","href":"https:\/\/api.w.org\/{rel}","templated":true}]}}