{"id":470,"date":"2025-10-20T19:15:32","date_gmt":"2025-10-20T16:15:32","guid":{"rendered":"https:\/\/sisu.ut.ee\/liikuvusmudel\/?page_id=470"},"modified":"2025-10-20T20:08:02","modified_gmt":"2025-10-20T17:08:02","slug":"uudiskiri","status":"publish","type":"page","link":"https:\/\/sisu.ut.ee\/liikuvusmudel\/uudiskiri\/","title":{"rendered":"Uudiskiri"},"content":{"rendered":"<div style=\"height:20px\" aria-hidden=\"true\" class=\"wp-block-spacer\"><\/div>\n\n\n\n<div class=\"video-placeholder-wrapper video-placeholder-wrapper--fixed\" style=\"height: 1500px;\">\n\t\t\t    <div class=\"video-placeholder d-flex justify-content-center align-items-center\">\n\t\t\t        <div class=\"overlay text-white p-2 w-100 text-center d-block justify-content-center align-items-center\">\n\t\t\t            <div>Kolmandate osapoolte sisu n\u00e4gemiseks palun n\u00f5ustu k\u00fcpsistega.<\/div>\n\t\t\t            <button class=\"btn btn-secondary btn-sm mt-1 consent-change\">Muuda n\u00f5usolekut<\/button>\n\t\t\t        <\/div>\n\t\t\t    <\/div>\n\t\t\t<\/div>\n\n","protected":false},"excerpt":{"rendered":"<p>Kolmandate osapoolte sisu n\u00e4gemiseks palun n\u00f5ustu k\u00fcpsistega. Muuda n\u00f5usolekut<\/p>\n","protected":false},"author":793,"featured_media":0,"parent":0,"menu_order":0,"comment_status":"closed","ping_status":"closed","template":"","meta":{"_acf_changed":false,"inline_featured_image":false,"footnotes":""},"class_list":["post-470","page","type-page","status-publish","hentry"],"acf":[],"_links":{"self":[{"href":"https:\/\/sisu.ut.ee\/liikuvusmudel\/wp-json\/wp\/v2\/pages\/470","targetHints":{"allow":["GET"]}}],"collection":[{"href":"https:\/\/sisu.ut.ee\/liikuvusmudel\/wp-json\/wp\/v2\/pages"}],"about":[{"href":"https:\/\/sisu.ut.ee\/liikuvusmudel\/wp-json\/wp\/v2\/types\/page"}],"author":[{"embeddable":true,"href":"https:\/\/sisu.ut.ee\/liikuvusmudel\/wp-json\/wp\/v2\/users\/793"}],"replies":[{"embeddable":true,"href":"https:\/\/sisu.ut.ee\/liikuvusmudel\/wp-json\/wp\/v2\/comments?post=470"}],"version-history":[{"count":5,"href":"https:\/\/sisu.ut.ee\/liikuvusmudel\/wp-json\/wp\/v2\/pages\/470\/revisions"}],"predecessor-version":[{"id":480,"href":"https:\/\/sisu.ut.ee\/liikuvusmudel\/wp-json\/wp\/v2\/pages\/470\/revisions\/480"}],"wp:attachment":[{"href":"https:\/\/sisu.ut.ee\/liikuvusmudel\/wp-json\/wp\/v2\/media?parent=470"}],"curies":[{"name":"wp","href":"https:\/\/api.w.org\/{rel}","templated":true}]}}