{"id":2,"date":"2025-05-06T11:03:37","date_gmt":"2025-05-06T11:03:37","guid":{"rendered":"https:\/\/sisu.ut.ee\/liikuvusmudel\/?page_id=2"},"modified":"2026-01-07T22:36:14","modified_gmt":"2026-01-07T20:36:14","slug":"sample-page","status":"publish","type":"page","link":"https:\/\/sisu.ut.ee\/liikuvusmudel\/","title":{"rendered":"Avaleht"},"content":{"rendered":"<div style=\"height:15px\" aria-hidden=\"true\" class=\"wp-block-spacer\"><\/div>\n\n\n\n<p>Rakendusuuring l\u00e4htub RITA+ <a href=\"https:\/\/etag.ee\/avanes-konkurss-liikuvusmudeli-rakendusuuringu-labiviija-leidmiseks\/\">l\u00e4hte\u00fclesandes<\/a> v\u00e4lja toodud probleemistikust, milleks on \u00fchtsetel alustel toimiva, keskkonna ja sotsiaalmajanduslikke m\u00f5jusid arvesse v\u00f5tva otsusetegemise t\u00f6\u00f6riista puudumine liikuvust, transporti ja maakasutust puudutavas strateegilises planeerimises ja poliitikakujunduses.\u00a0<\/p>\n\n\n\n<p>Uuringu k\u00e4igus luuakse <strong>Eesti liikuvusmudeli protot\u00fc\u00fcp<\/strong> \u2012 teadusmahukas, Eesti rikkalikele andmekogudele tuginev, digitaalne ja avatud l\u00e4htekoodiga uudne t\u00f6\u00f6riist, mis aitab kaasa strateegilisele otsusetegemisele eesk\u00e4tt liikuvuse ja transpordi valdkonnas.<\/p>\n\n\n\n<p>Projekti kogueelarve on 834 644 eurot koos k\u00e4ibemaksuga, millest 79% rahastab Euroopa Regionaalarengu Fond, kaasrahastajateks Kliimaministeerium ning Regionaal- ja P\u00f5llumajandusministeerium. Uuring algas 1. mail 2025 ja kestab kaks aastat.\u00a0\u00a0<\/p>\n\n\n\n<p>Kui soovid olla kursis selle uuringu tegemistega, <a href=\"https:\/\/sisu.ut.ee\/liikuvusmudel\/uudiskiri\/\">liitu uudiskirjaga<\/a>.<\/p>\n\n\n\n<p>Liikuvusmudeli tutvustust n\u00e4eb ava\u00fcrituse salvestusest:<\/p>\n\n\n\n<div style=\"height:15px\" aria-hidden=\"true\" class=\"wp-block-spacer\"><\/div>\n\n\n\n<div class=\"ratio ratio-16x9 mb-3\"><div class=\"video-placeholder-wrapper video-placeholder-wrapper--16x9\">\n\t\t\t    <div class=\"video-placeholder d-flex justify-content-center align-items-center\">\n\t\t\t        <div class=\"overlay text-white p-2 w-100 text-center d-block justify-content-center align-items-center\">\n\t\t\t            <div>Kolmandate osapoolte sisu n\u00e4gemiseks palun n\u00f5ustu k\u00fcpsistega.<\/div>\n\t\t\t            <button class=\"btn btn-secondary btn-sm mt-1 consent-change\">Muuda n\u00f5usolekut<\/button>\n\t\t\t        <\/div>\n\t\t\t    <\/div>\n\t\t\t<\/div>\n<\/div>\n\n\n\n<div style=\"height:20px\" aria-hidden=\"true\" class=\"wp-block-spacer\"><\/div>\n\n\n\n<div class=\"wp-block-group is-nowrap is-layout-flex wp-container-core-group-is-layout-ad2f72ca wp-block-group-is-layout-flex\">\n<figure class=\"wp-block-image size-medium is-resized\"><img loading=\"lazy\" decoding=\"async\" width=\"300\" height=\"94\" src=\"https:\/\/sisu.ut.ee\/wp-content\/uploads\/sites\/906\/Eesti-Teadusagentuur-logo-black_RGB-300x94.webp\" alt=\"\" class=\"wp-image-400\" style=\"object-fit:cover;width:258px;height:auto\" srcset=\"https:\/\/sisu.ut.ee\/wp-content\/uploads\/sites\/906\/Eesti-Teadusagentuur-logo-black_RGB-300x94.webp 300w, https:\/\/sisu.ut.ee\/wp-content\/uploads\/sites\/906\/Eesti-Teadusagentuur-logo-black_RGB-1024x321.webp 1024w, https:\/\/sisu.ut.ee\/wp-content\/uploads\/sites\/906\/Eesti-Teadusagentuur-logo-black_RGB-768x240.webp 768w, https:\/\/sisu.ut.ee\/wp-content\/uploads\/sites\/906\/Eesti-Teadusagentuur-logo-black_RGB-1536x481.webp 1536w, https:\/\/sisu.ut.ee\/wp-content\/uploads\/sites\/906\/Eesti-Teadusagentuur-logo-black_RGB.webp 1920w\" sizes=\"auto, (max-width: 300px) 100vw, 300px\"><\/figure>\n\n\n\n<div style=\"height:100px;width:20px\" aria-hidden=\"true\" class=\"wp-block-spacer wp-container-content-62aae154\"><\/div>\n\n\n\n<figure class=\"wp-block-image size-full is-resized\"><img loading=\"lazy\" decoding=\"async\" width=\"1200\" height=\"413\" src=\"https:\/\/sisu.ut.ee\/wp-content\/uploads\/sites\/906\/Transpordiameti_logo.svg_.png\" alt=\"\" class=\"wp-image-583\" style=\"object-fit:cover;width:237px;height:auto\" srcset=\"https:\/\/sisu.ut.ee\/wp-content\/uploads\/sites\/906\/Transpordiameti_logo.svg_.png 1200w, https:\/\/sisu.ut.ee\/wp-content\/uploads\/sites\/906\/Transpordiameti_logo.svg_-300x103.png 300w, https:\/\/sisu.ut.ee\/wp-content\/uploads\/sites\/906\/Transpordiameti_logo.svg_-1024x352.png 1024w, https:\/\/sisu.ut.ee\/wp-content\/uploads\/sites\/906\/Transpordiameti_logo.svg_-768x264.png 768w\" sizes=\"auto, (max-width: 1200px) 100vw, 1200px\"><\/figure>\n\n\n\n<div style=\"height:100px;width:20px\" aria-hidden=\"true\" class=\"wp-block-spacer wp-container-content-62aae154\"><\/div>\n\n\n\n<figure class=\"wp-block-image size-medium\"><img loading=\"lazy\" decoding=\"async\" width=\"300\" height=\"174\" src=\"https:\/\/sisu.ut.ee\/wp-content\/uploads\/sites\/906\/Kaasrahastanud_EL_kaksiklogod_EST_hor_color_RGB-300x174.png\" alt=\"\" class=\"wp-image-176\" srcset=\"https:\/\/sisu.ut.ee\/wp-content\/uploads\/sites\/906\/Kaasrahastanud_EL_kaksiklogod_EST_hor_color_RGB-300x174.png 300w, https:\/\/sisu.ut.ee\/wp-content\/uploads\/sites\/906\/Kaasrahastanud_EL_kaksiklogod_EST_hor_color_RGB-768x446.png 768w, https:\/\/sisu.ut.ee\/wp-content\/uploads\/sites\/906\/Kaasrahastanud_EL_kaksiklogod_EST_hor_color_RGB.png 1022w\" sizes=\"auto, (max-width: 300px) 100vw, 300px\"><\/figure>\n\n\n\n<div style=\"height:100px;width:20px\" aria-hidden=\"true\" class=\"wp-block-spacer wp-container-content-62aae154\"><\/div>\n\n\n\n<figure class=\"wp-block-image size-full is-resized\"><img decoding=\"async\" src=\"https:\/\/sisu.ut.ee\/wp-content\/uploads\/sites\/906\/kliimaministeerium_vapiga_sinine_EST.png\" alt=\"\" class=\"wp-image-581\" style=\"object-fit:cover;width:256px;height:auto\"><\/figure>\n\n\n\n<div style=\"height:100px;width:20px\" aria-hidden=\"true\" class=\"wp-block-spacer wp-container-content-62aae154\"><\/div>\n\n\n\n<figure class=\"wp-block-image size-full is-resized\"><img loading=\"lazy\" decoding=\"async\" width=\"906\" height=\"224\" src=\"https:\/\/sisu.ut.ee\/wp-content\/uploads\/sites\/906\/regionaal_vapp_sinine_EST.png\" alt=\"\" class=\"wp-image-582\" style=\"object-fit:cover;width:321px;height:auto\" srcset=\"https:\/\/sisu.ut.ee\/wp-content\/uploads\/sites\/906\/regionaal_vapp_sinine_EST.png 906w, https:\/\/sisu.ut.ee\/wp-content\/uploads\/sites\/906\/regionaal_vapp_sinine_EST-300x74.png 300w, https:\/\/sisu.ut.ee\/wp-content\/uploads\/sites\/906\/regionaal_vapp_sinine_EST-768x190.png 768w\" sizes=\"auto, (max-width: 906px) 100vw, 906px\"><\/figure>\n<\/div>\n","protected":false},"excerpt":{"rendered":"<p>Rakendusuuring l\u00e4htub RITA+ l\u00e4hte\u00fclesandes v\u00e4lja toodud probleemistikust, milleks on \u00fchtsetel alustel toimiva, keskkonna ja sotsiaalmajanduslikke m\u00f5jusid arvesse v\u00f5tva otsusetegemise t\u00f6\u00f6riista puudumine liikuvust, transporti ja maakasutust puudutavas strateegilises planeerimises ja poliitikakujunduses.\u00a0 Uuringu k\u00e4igus luuakse Eesti liikuvusmudeli protot\u00fc\u00fcp \u2012 teadusmahukas, Eesti rikkalikele &#8230;<\/p>\n","protected":false},"author":793,"featured_media":0,"parent":0,"menu_order":0,"comment_status":"closed","ping_status":"open","template":"","meta":{"_acf_changed":false,"inline_featured_image":false,"footnotes":""},"class_list":["post-2","page","type-page","status-publish","hentry"],"acf":[],"_links":{"self":[{"href":"https:\/\/sisu.ut.ee\/liikuvusmudel\/wp-json\/wp\/v2\/pages\/2","targetHints":{"allow":["GET"]}}],"collection":[{"href":"https:\/\/sisu.ut.ee\/liikuvusmudel\/wp-json\/wp\/v2\/pages"}],"about":[{"href":"https:\/\/sisu.ut.ee\/liikuvusmudel\/wp-json\/wp\/v2\/types\/page"}],"author":[{"embeddable":true,"href":"https:\/\/sisu.ut.ee\/liikuvusmudel\/wp-json\/wp\/v2\/users\/793"}],"replies":[{"embeddable":true,"href":"https:\/\/sisu.ut.ee\/liikuvusmudel\/wp-json\/wp\/v2\/comments?post=2"}],"version-history":[{"count":30,"href":"https:\/\/sisu.ut.ee\/liikuvusmudel\/wp-json\/wp\/v2\/pages\/2\/revisions"}],"predecessor-version":[{"id":764,"href":"https:\/\/sisu.ut.ee\/liikuvusmudel\/wp-json\/wp\/v2\/pages\/2\/revisions\/764"}],"wp:attachment":[{"href":"https:\/\/sisu.ut.ee\/liikuvusmudel\/wp-json\/wp\/v2\/media?parent=2"}],"curies":[{"name":"wp","href":"https:\/\/api.w.org\/{rel}","templated":true}]}}