{"id":17,"date":"2025-09-11T13:25:09","date_gmt":"2025-09-11T10:25:09","guid":{"rendered":"https:\/\/sisu.ut.ee\/liikuvusmudel\/?page_id=17"},"modified":"2026-02-10T15:04:34","modified_gmt":"2026-02-10T13:04:34","slug":"kontakt","status":"publish","type":"page","link":"https:\/\/sisu.ut.ee\/liikuvusmudel\/kontakt\/","title":{"rendered":"Kontakt"},"content":{"rendered":"<div style=\"height:30px\" aria-hidden=\"true\" class=\"wp-block-spacer\"><\/div>\n\n\n\n<div class=\"wp-block-columns is-layout-flex wp-container-core-columns-is-layout-9d6595d7 wp-block-columns-is-layout-flex\">\n<div class=\"wp-block-column is-layout-flow wp-block-column-is-layout-flow\">\n<div class=\"wp-block-columns is-layout-flex wp-container-core-columns-is-layout-9d6595d7 wp-block-columns-is-layout-flex\">\n<div class=\"wp-block-column is-layout-flow wp-block-column-is-layout-flow\" style=\"flex-basis:33.33%\">\n<figure class=\"wp-block-image size-full is-style-rounded\"><img loading=\"lazy\" decoding=\"async\" width=\"1024\" height=\"1365\" src=\"https:\/\/sisu.ut.ee\/wp-content\/uploads\/sites\/906\/1.jpg\" alt=\"\" class=\"wp-image-577\" srcset=\"https:\/\/sisu.ut.ee\/wp-content\/uploads\/sites\/906\/1.jpg 1024w, https:\/\/sisu.ut.ee\/wp-content\/uploads\/sites\/906\/1-225x300.jpg 225w, https:\/\/sisu.ut.ee\/wp-content\/uploads\/sites\/906\/1-768x1024.jpg 768w\" sizes=\"auto, (max-width: 1024px) 100vw, 1024px\"><\/figure>\n<\/div>\n\n\n\n<div class=\"wp-block-column is-layout-flow wp-block-column-is-layout-flow\" style=\"flex-basis:66.66%\">\n<p style=\"padding-top:0;padding-bottom:0\"><strong>AGE POOM<\/strong><\/p>\n\n\n\n<p>Konsortsiumi juht<\/p>\n\n\n\n<p>Tartu \u00dclikooli mobiilsusuuringute labor<br>Geograafia osakond<br>\u00d6koloogia ja maateaduste instituut<br>Tartu \u00dclikool<br>Vanemuise 46-244, 51003 Tartu<br>Tel: +372 737 6844<br>E-post: <a href=\"mailto:age.poom@ut.ee\">age.poom@ut.ee<\/a><\/p>\n<\/div>\n<\/div>\n<\/div>\n\n\n\n<div class=\"wp-block-column is-layout-flow wp-block-column-is-layout-flow\">\n<div class=\"wp-block-columns is-layout-flex wp-container-core-columns-is-layout-9d6595d7 wp-block-columns-is-layout-flex\">\n<div class=\"wp-block-column is-layout-flow wp-block-column-is-layout-flow\" style=\"flex-basis:33.33%\">\n<figure class=\"wp-block-image size-full is-style-rounded\"><img loading=\"lazy\" decoding=\"async\" width=\"1022\" height=\"1365\" src=\"https:\/\/sisu.ut.ee\/wp-content\/uploads\/sites\/906\/TLH_8649_2.jpg\" alt=\"\" class=\"wp-image-800\" srcset=\"https:\/\/sisu.ut.ee\/wp-content\/uploads\/sites\/906\/TLH_8649_2.jpg 1022w, https:\/\/sisu.ut.ee\/wp-content\/uploads\/sites\/906\/TLH_8649_2-225x300.jpg 225w, https:\/\/sisu.ut.ee\/wp-content\/uploads\/sites\/906\/TLH_8649_2-767x1024.jpg 767w, https:\/\/sisu.ut.ee\/wp-content\/uploads\/sites\/906\/TLH_8649_2-768x1026.jpg 768w\" sizes=\"auto, (max-width: 1022px) 100vw, 1022px\"><\/figure>\n<\/div>\n\n\n\n<div class=\"wp-block-column is-layout-flow wp-block-column-is-layout-flow\" style=\"flex-basis:66.66%\">\n<p><strong>AGO TOMINGA<\/strong><\/p>\n\n\n\n<p>Projektijuht\u00a0\u00a0<\/p>\n\n\n\n<p>Tartu \u00dclikooli mobiilsusuuringute labor\u00a0<br>Geograafia osakond<br>\u00d6koloogia ja maateaduste instituut\u00a0<br>Tartu \u00dclikool\u00a0<br>Vanemuise 46-242, 51003 Tartu<br>Tel: +372 737 5077\u00a0<br>E-post: <a href=\"mailto:ago.tominga@ut.ee\">ago.tominga@ut.ee<\/a>\u00a0\u00a0<\/p>\n<\/div>\n<\/div>\n<\/div>\n<\/div>\n\n\n\n<div class=\"wp-block-columns is-layout-flex wp-container-core-columns-is-layout-9d6595d7 wp-block-columns-is-layout-flex\">\n<div class=\"wp-block-column is-layout-flow wp-block-column-is-layout-flow\">\n<div class=\"wp-block-columns is-layout-flex wp-container-core-columns-is-layout-9d6595d7 wp-block-columns-is-layout-flex\">\n<div class=\"wp-block-column is-layout-flow wp-block-column-is-layout-flow\" style=\"flex-basis:33.33%\">\n<figure class=\"wp-block-image size-full is-style-rounded\"><img loading=\"lazy\" decoding=\"async\" width=\"1024\" height=\"1388\" src=\"https:\/\/sisu.ut.ee\/wp-content\/uploads\/sites\/906\/TLH_8736_6.jpg\" alt=\"\" class=\"wp-image-657\" srcset=\"https:\/\/sisu.ut.ee\/wp-content\/uploads\/sites\/906\/TLH_8736_6.jpg 1024w, https:\/\/sisu.ut.ee\/wp-content\/uploads\/sites\/906\/TLH_8736_6-221x300.jpg 221w, https:\/\/sisu.ut.ee\/wp-content\/uploads\/sites\/906\/TLH_8736_6-755x1024.jpg 755w, https:\/\/sisu.ut.ee\/wp-content\/uploads\/sites\/906\/TLH_8736_6-768x1041.jpg 768w\" sizes=\"auto, (max-width: 1024px) 100vw, 1024px\"><\/figure>\n<\/div>\n\n\n\n<div class=\"wp-block-column is-layout-flow wp-block-column-is-layout-flow\" style=\"flex-basis:66.66%\">\n<p style=\"padding-top:0;padding-bottom:0\"><strong>LIISA PIHUS<\/strong><\/p>\n\n\n\n<p>Assistent<\/p>\n\n\n\n<p>Tartu \u00dclikooli mobiilsusuuringute labor<br>Geograafia osakond<br>\u00d6koloogia ja maateaduste instituut<br>Tartu \u00dclikool<br>Vanemuise 46-236, 51003 Tartu<br>E-post: <a href=\"mailto:liisa.pihus@ut.ee\">liisa.pihus@ut.ee<\/a><\/p>\n<\/div>\n<\/div>\n<\/div>\n\n\n\n<div class=\"wp-block-column is-layout-flow wp-block-column-is-layout-flow\">\n<div class=\"wp-block-columns is-layout-flex wp-container-core-columns-is-layout-9d6595d7 wp-block-columns-is-layout-flex\">\n<div class=\"wp-block-column is-layout-flow wp-block-column-is-layout-flow\" style=\"flex-basis:33.33%\"><\/div>\n\n\n\n<div class=\"wp-block-column is-layout-flow wp-block-column-is-layout-flow\" style=\"flex-basis:66.66%\">\n<p><\/p>\n<\/div>\n<\/div>\n<\/div>\n<\/div>\n\n\n\n<figure class=\"wp-block-image aligncenter size-full\"><a href=\"https:\/\/liikuvusmudel.ut.ee\/uudiskiri\/\"><img loading=\"lazy\" decoding=\"async\" width=\"1080\" height=\"95\" src=\"https:\/\/sisu.ut.ee\/wp-content\/uploads\/sites\/906\/Liitu-meie-uudiskirjaga-5.png\" alt=\"\" class=\"wp-image-700\" srcset=\"https:\/\/sisu.ut.ee\/wp-content\/uploads\/sites\/906\/Liitu-meie-uudiskirjaga-5.png 1080w, https:\/\/sisu.ut.ee\/wp-content\/uploads\/sites\/906\/Liitu-meie-uudiskirjaga-5-300x26.png 300w, https:\/\/sisu.ut.ee\/wp-content\/uploads\/sites\/906\/Liitu-meie-uudiskirjaga-5-1024x90.png 1024w, https:\/\/sisu.ut.ee\/wp-content\/uploads\/sites\/906\/Liitu-meie-uudiskirjaga-5-768x68.png 768w\" sizes=\"auto, (max-width: 1080px) 100vw, 1080px\"><\/a><\/figure>\n\n\n\n<p><\/p>\n","protected":false},"excerpt":{"rendered":"<p>AGE POOM Konsortsiumi juht Tartu \u00dclikooli mobiilsusuuringute laborGeograafia osakond\u00d6koloogia ja maateaduste instituutTartu \u00dclikoolVanemuise 46-244, 51003 TartuTel: +372 737 6844E-post: age.poom@ut.ee AGO TOMINGA Projektijuht\u00a0\u00a0 Tartu \u00dclikooli mobiilsusuuringute labor\u00a0Geograafia osakond\u00d6koloogia ja maateaduste instituut\u00a0Tartu \u00dclikool\u00a0Vanemuise 46-242, 51003 TartuTel: +372 737 5077\u00a0E-post: ago.tominga@ut.ee\u00a0\u00a0 LIISA &#8230;<\/p>\n","protected":false},"author":793,"featured_media":0,"parent":0,"menu_order":0,"comment_status":"closed","ping_status":"closed","template":"","meta":{"_acf_changed":false,"inline_featured_image":false,"footnotes":""},"class_list":["post-17","page","type-page","status-publish","hentry"],"acf":[],"_links":{"self":[{"href":"https:\/\/sisu.ut.ee\/liikuvusmudel\/wp-json\/wp\/v2\/pages\/17","targetHints":{"allow":["GET"]}}],"collection":[{"href":"https:\/\/sisu.ut.ee\/liikuvusmudel\/wp-json\/wp\/v2\/pages"}],"about":[{"href":"https:\/\/sisu.ut.ee\/liikuvusmudel\/wp-json\/wp\/v2\/types\/page"}],"author":[{"embeddable":true,"href":"https:\/\/sisu.ut.ee\/liikuvusmudel\/wp-json\/wp\/v2\/users\/793"}],"replies":[{"embeddable":true,"href":"https:\/\/sisu.ut.ee\/liikuvusmudel\/wp-json\/wp\/v2\/comments?post=17"}],"version-history":[{"count":30,"href":"https:\/\/sisu.ut.ee\/liikuvusmudel\/wp-json\/wp\/v2\/pages\/17\/revisions"}],"predecessor-version":[{"id":802,"href":"https:\/\/sisu.ut.ee\/liikuvusmudel\/wp-json\/wp\/v2\/pages\/17\/revisions\/802"}],"wp:attachment":[{"href":"https:\/\/sisu.ut.ee\/liikuvusmudel\/wp-json\/wp\/v2\/media?parent=17"}],"curies":[{"name":"wp","href":"https:\/\/api.w.org\/{rel}","templated":true}]}}