{"id":55,"date":"2024-10-22T12:32:34","date_gmt":"2024-10-22T09:32:34","guid":{"rendered":"https:\/\/sisu.ut.ee\/liftproject\/?page_id=55"},"modified":"2025-01-23T17:11:17","modified_gmt":"2025-01-23T15:11:17","slug":"lisbon","status":"publish","type":"page","link":"https:\/\/sisu.ut.ee\/liftproject\/lisbon\/","title":{"rendered":"University of Lisbon"},"content":{"rendered":"<figure class=\"wp-block-image alignright size-full\"><img loading=\"lazy\" decoding=\"async\" width=\"400\" height=\"151\" src=\"https:\/\/sisu.ut.ee\/wp-content\/uploads\/sites\/839\/Lisbon_400_vaikeste-servadega.jpg\" alt=\"\" class=\"wp-image-391\" srcset=\"https:\/\/sisu.ut.ee\/wp-content\/uploads\/sites\/839\/Lisbon_400_vaikeste-servadega.jpg 400w, https:\/\/sisu.ut.ee\/wp-content\/uploads\/sites\/839\/Lisbon_400_vaikeste-servadega-300x113.jpg 300w\" sizes=\"auto, (max-width: 400px) 100vw, 400px\"><\/figure>\n\n\n\n<p><\/p>\n\n\n\n<p>The University of Lisbon is the largest university in Portugal and one of Europe\u2019s leading universities. Notwithstanding assessment methods or criteria, the University of Lisbon leads the main international rankings and is amongst the 200 best universities worldwide. Located in the heart of Lisbon, it provides its entire community with the best academic programs, vowing to deliver a uniquely enriching experience. Lisbon University is responsible for making the city of Lisbon one of the great European capitals of culture and science, as it welcomes around 9000 foreign students every year from over 100 countries. Bringing together various academic fields, the university has a privileged position in enabling the contemporary evolution of science, technology, arts and humanities.<\/p>\n\n\n\n<p>The Institute of Education is committed to research, training and public intervention in Education and Training. Over the past years, it has been distinguished in various international rankings as a leading institution in the domain of Education in Portugal.<\/p>\n\n\n\n<p>Research is a central element of its activity, combining fundamental and applied research in key domains of education and training. The Institute of Education collaborates with several national and international partners in the development of research projects and integrates academics from different parts of the world. The institute provides training activities in undergraduate and graduate programmes in different fields of Education and Training. In 2022-23, over 1,100 students are enrolled in undergraduate and graduate programmes, attracting more than 200 international students. The Institute of Education provides advisory and training services to educational organizations, as well as scientific and technical support for the design, monitoring and evaluation of public policies, especially in the areas of curriculum, didactics, assessment, teacher education and school administration, in Portugal and in Portuguese-speaking countries.<\/p>\n\n\n\n<p>The University of Lisbon has suitable facilities and resources for training and research activities: specialized library and laboratories, study rooms, computer rooms, wireless network and access to virtual libraries, etc. It also includes the Future Teacher Education Lab, a learning space equipped with the most advanced digital technologies.<\/p>\n\n\n\n<p>Research and Development Unit in Education and Training (UIDEF) is the research unity at the Institute of Education in Lisbon University. UIDEF research is developed in close connection with the institute\u00b4s advanced training activities and with national and international research-funded projects. UIDEF research is carried out within the framework of the two programmes: Education XXI and Change Forces in Education. The first addresses the diversification, modernization and improvement of education. It studies the development of educational structures, processes and practices, including the integration and use of digital technologies, oriented towards the promotion of socially relevant learning. Attention is given to two central problems: quality of learning, considering issues related to the acquisition and development of competencies and skills, and inclusion, addressing the ongoing engagement with diversity. The second deals with the issues of coordination, steering and monitoring of change in education systems. Attention is given to two central problems: the professional development in education professions, particularly focusing on the socialization and training processes of teachers and other educators, and the processes and effects of participation and accountability in the governance of education systems, particularly focusing on the construction, implementation and assessment of educational public policies.<\/p>\n\n\n\n<blockquote class=\"wp-block-quote is-layout-flow wp-block-quote-is-layout-flow\">\n<p>Key persons in LIFT project<\/p>\n<\/blockquote>\n\n\n\n<div class=\"wp-block-columns is-layout-flex wp-container-core-columns-is-layout-9d6595d7 wp-block-columns-is-layout-flex\">\n<div class=\"wp-block-column is-layout-flow wp-block-column-is-layout-flow\" style=\"flex-basis:20%\">\n<figure class=\"wp-block-image size-full is-resized is-style-rounded\"><img loading=\"lazy\" decoding=\"async\" width=\"200\" height=\"200\" src=\"https:\/\/sisu.ut.ee\/wp-content\/uploads\/sites\/839\/Joao-P.png\" alt=\"\" class=\"wp-image-460\" style=\"width:170px\" srcset=\"https:\/\/sisu.ut.ee\/wp-content\/uploads\/sites\/839\/Joao-P.png 200w, https:\/\/sisu.ut.ee\/wp-content\/uploads\/sites\/839\/Joao-P-150x150.png 150w\" sizes=\"auto, (max-width: 200px) 100vw, 200px\"><\/figure>\n<\/div>\n\n\n\n<div class=\"wp-block-column is-layout-flow wp-block-column-is-layout-flow\" style=\"flex-basis:99%\">\n<p><strong>Jo\u00e3o Pedro da Ponte<\/strong> is Doctor of Education by the University of Georgia, in USA (1984). He is an emeritus professor of the <em>Instituto de Educa\u00e7\u00e3o da Universidade de Lisboa<\/em> (Institute of Education in the University of Lisbon) and was a visiting professor at universities in Brazil, Spain and USA. He coordinated research projects in mathematics didactics, teacher education and digital technologies and supervised 55 PhD thesis and 95 masters\u2019 dissertations. He has investigated teachers\u2019 professional practice, knowledge and professional development, with special attention to lesson studies and teaching and learning of numbers, algebra and mathematical reasoning. He has published books, chapters and articles in journals such as Educational Studies in Mathematics, ZDM Mathematics Education, Journal of Mathematics Teacher Education, RELIME (<em>Revista Latinoamericana de Investigaci\u00f3n en Matem\u00e1tica Educativa<\/em>) and BOLEMA (<em>Boletim de Educa\u00e7\u00e3o Matem\u00e1tica<\/em>).<\/p>\n<\/div>\n<\/div>\n\n\n\n<div class=\"wp-block-columns is-layout-flex wp-container-core-columns-is-layout-9d6595d7 wp-block-columns-is-layout-flex\">\n<div class=\"wp-block-column is-layout-flow wp-block-column-is-layout-flow\" style=\"flex-basis:20%\">\n<figure class=\"wp-block-image size-full is-resized is-style-rounded\"><img loading=\"lazy\" decoding=\"async\" width=\"281\" height=\"281\" src=\"https:\/\/sisu.ut.ee\/wp-content\/uploads\/sites\/839\/Monica-B.png\" alt=\"\" class=\"wp-image-464\" style=\"width:170px\" srcset=\"https:\/\/sisu.ut.ee\/wp-content\/uploads\/sites\/839\/Monica-B.png 281w, https:\/\/sisu.ut.ee\/wp-content\/uploads\/sites\/839\/Monica-B-150x150.png 150w\" sizes=\"auto, (max-width: 281px) 100vw, 281px\"><\/figure>\n<\/div>\n\n\n\n<div class=\"wp-block-column is-layout-flow wp-block-column-is-layout-flow\" style=\"flex-basis:99%\">\n<p><strong>M\u00f3nica Baptista<\/strong> is an Associate Professor at the Institute of Education, University of Lisbon (IE-ULisboa). Her research focuses on Science Education, STEM (science, technology, engineering and mathematics) Education and Lesson Study, with involvement in national and international projects. She held executive positions in scientific organizations, including the Portuguese Association for Science Education (President) and the Portuguese Physics Society (Vice-President), and the International Organization for Science and Technology Education (Executive Board). Since 2018, she has been the Deputy Director of the University of Lisbon. In 2011, she received the University of Lisbon\u00b4s Best PhD thesis in Didactics award and in 2023, she received the University of Lisbon\u00b4s Best Researcher in Educational Sciences Prize.<\/p>\n<\/div>\n<\/div>\n\n\n\n<div class=\"wp-block-columns is-layout-flex wp-container-core-columns-is-layout-9d6595d7 wp-block-columns-is-layout-flex\">\n<div class=\"wp-block-column is-layout-flow wp-block-column-is-layout-flow\" style=\"flex-basis:20%\">\n<figure class=\"wp-block-image size-full is-resized is-style-rounded\"><img loading=\"lazy\" decoding=\"async\" width=\"256\" height=\"255\" src=\"https:\/\/sisu.ut.ee\/wp-content\/uploads\/sites\/839\/Marisa-Q.png\" alt=\"\" class=\"wp-image-471\" style=\"width:170px\" srcset=\"https:\/\/sisu.ut.ee\/wp-content\/uploads\/sites\/839\/Marisa-Q.png 256w, https:\/\/sisu.ut.ee\/wp-content\/uploads\/sites\/839\/Marisa-Q-150x150.png 150w\" sizes=\"auto, (max-width: 256px) 100vw, 256px\"><\/figure>\n<\/div>\n\n\n\n<div class=\"wp-block-column is-layout-flow wp-block-column-is-layout-flow\" style=\"flex-basis:99%\">\n<p><strong>Marisa Quaresma<\/strong> is an Assistant Professor at the Institute of Education, University of Lisbon where she works in Mathematics Education. She holds a PhD and a master\u2019s in education, specialization in Mathematics Education. Her main research interests are teachers\u2019 professional development, with a special focus on lesson studies with preserve and in-service teachers, the teaching of rational numbers and students\u2019 development of mathematical reasoning. She has been part of several national and international project teams, she has supervised postgraduate and PhD students and published in national and international research journals. In addition, ahe is also leading a national project on Lesson Study to introduce Inclusive Education in initial teacher education.<\/p>\n<\/div>\n<\/div>\n\n\n\n<div class=\"wp-block-columns is-layout-flex wp-container-core-columns-is-layout-9d6595d7 wp-block-columns-is-layout-flex\">\n<div class=\"wp-block-column is-layout-flow wp-block-column-is-layout-flow\" style=\"flex-basis:20%\">\n<figure class=\"wp-block-image size-full is-resized is-style-rounded\"><img loading=\"lazy\" decoding=\"async\" width=\"189\" height=\"191\" src=\"https:\/\/sisu.ut.ee\/wp-content\/uploads\/sites\/839\/Teresa-C.png\" alt=\"\" class=\"wp-image-479\" style=\"width:170px\"><\/figure>\n<\/div>\n\n\n\n<div class=\"wp-block-column is-layout-flow wp-block-column-is-layout-flow\" style=\"flex-basis:99%\">\n<p><strong>Teresa Concei\u00e7\u00e3o<\/strong> holds a PhD in Science Education from the Institute of Education, University of Lisbon (IE-ULisboa), and a Master\u2019s degree in Teaching Physics and Chemistry for Middle and Secondary Education, also from IE-ULisboa. She is an Assistant Professor, teaching curricular units in the Master\u2019s in Teaching Physics and Chemistry programme at IE-ULisboa, and is a member of the IE-ULisboa Didactics Research Group. She has contributed to national and European projects in collaboration with IE-ULisboa. Currently, she is involved in the \u201cLesson Study in Initial Teacher Education\u201d project, funded by the Portuguese national agency Funda\u00e7\u00e3o para a Ci\u00eancia e a Tecnologia (FCT). She is also a participant in the \u201cICSE Science Factory,\u201d funded by the European Union\u2019s Horizon Europe Research and Innovation Programme, the LIFT project, funded by the Erasmus+ Programme under Action Type KA220-HED, and AcaSTEMy \u2013 Transnational STEM Teacher Education focusing on transversal competences and sustainability education, funded by Erasmus+ Teacher Academies. Since 2022, she has represented PhD graduates on the IOSTE Board (representing Mediterranean countries). Her main areas of interest include Inquiry-Based Science Education, Lesson Study, STEM Education, AI in Education, pre-service science teacher education, in-service science teacher education, and continued professional development.<\/p>\n<\/div>\n<\/div>\n\n\n\n<blockquote class=\"wp-block-quote is-layout-flow wp-block-quote-is-layout-flow\">\n<p>Contact information<\/p>\n<\/blockquote>\n\n\n\n<p>Jo\u00e3o Pedro da Ponte jpponte[at]ie.ulisboa.pt<br>M\u00f3nica Baptista mbaptista[at]ie.ulisboa.pt<br>Marisa Quaresma maquaresma[at]ie.ulisboa.pt<br>Teresa Concei\u00e7\u00e3o teresa.conceicao[at]ie.ulisboa.pt<\/p>\n\n\n\n<p>University of Lisbon <a href=\"https:\/\/www.ulisboa.pt\/\" target=\"_blank\" rel=\"noreferrer noopener\">https:\/\/www.ulisboa.pt\/<\/a><\/p>\n","protected":false},"excerpt":{"rendered":"<p>The University of Lisbon is the largest university in Portugal and one of Europe\u2019s leading universities. Notwithstanding assessment methods or criteria, the University of Lisbon leads the main international rankings and is amongst the 200 best universities worldwide. Located in &#8230;<\/p>\n","protected":false},"author":662,"featured_media":0,"parent":0,"menu_order":0,"comment_status":"closed","ping_status":"closed","template":"","meta":{"_acf_changed":false,"inline_featured_image":false,"footnotes":""},"class_list":["post-55","page","type-page","status-publish","hentry"],"acf":[],"_links":{"self":[{"href":"https:\/\/sisu.ut.ee\/liftproject\/wp-json\/wp\/v2\/pages\/55","targetHints":{"allow":["GET"]}}],"collection":[{"href":"https:\/\/sisu.ut.ee\/liftproject\/wp-json\/wp\/v2\/pages"}],"about":[{"href":"https:\/\/sisu.ut.ee\/liftproject\/wp-json\/wp\/v2\/types\/page"}],"author":[{"embeddable":true,"href":"https:\/\/sisu.ut.ee\/liftproject\/wp-json\/wp\/v2\/users\/662"}],"replies":[{"embeddable":true,"href":"https:\/\/sisu.ut.ee\/liftproject\/wp-json\/wp\/v2\/comments?post=55"}],"version-history":[{"count":29,"href":"https:\/\/sisu.ut.ee\/liftproject\/wp-json\/wp\/v2\/pages\/55\/revisions"}],"predecessor-version":[{"id":705,"href":"https:\/\/sisu.ut.ee\/liftproject\/wp-json\/wp\/v2\/pages\/55\/revisions\/705"}],"wp:attachment":[{"href":"https:\/\/sisu.ut.ee\/liftproject\/wp-json\/wp\/v2\/media?parent=55"}],"curies":[{"name":"wp","href":"https:\/\/api.w.org\/{rel}","templated":true}]}}