{"id":8,"date":"2024-04-04T07:11:45","date_gmt":"2024-04-04T04:11:45","guid":{"rendered":"https:\/\/sisu.ut.ee\/lift\/projekto-konsorciumas\/"},"modified":"2024-04-30T12:35:30","modified_gmt":"2024-04-30T09:35:30","slug":"projekto-konsorciumas","status":"publish","type":"page","link":"https:\/\/sisu.ut.ee\/lift\/projekto-konsorciumas\/?lang=lt","title":{"rendered":"Projekto konsorciumas"},"content":{"rendered":"<p style=\"text-align: justify;\"><span style=\"line-height: 107%;\"><span style=\"color: black;\">Projekto konsorciumui vadovauja Vilniaus Gedimino technikos universtitetas (Lietuva), vykdantis tyrimus kartu su partneriais \u2013 Tartu universitetu (Estija), Transporto ekonomikos institutu (Norvegija), Latvijos universitetu (Latvija) ir Baltijos tarptautiniu ekonomin\u0117s politikos studij\u0173 centru (Latvija).<\/span><\/span><\/p>\n<p style=\"text-align: justify;\"><span style=\"color: #0000cd;\"><b><span style=\"line-height: 107%;\"><img loading=\"lazy\" decoding=\"async\" class=\"wp-image-228 alignleft\" src=\"https:\/\/sisu.ut.ee\/wp-content\/uploads\/sites\/491\/vilnius_tech.jpeg\" alt=\"\" width=\"240\" height=\"140\" srcset=\"https:\/\/sisu.ut.ee\/wp-content\/uploads\/sites\/491\/vilnius_tech.jpeg 800w, https:\/\/sisu.ut.ee\/wp-content\/uploads\/sites\/491\/vilnius_tech-300x175.jpeg 300w, https:\/\/sisu.ut.ee\/wp-content\/uploads\/sites\/491\/vilnius_tech-768x447.jpeg 768w\" sizes=\"auto, (max-width: 240px) 100vw, 240px\">Vilniaus Gedimino technikos universitetas (VILNIUS TECH) <\/span><\/b><\/span><span style=\"line-height: 107%;\"><span style=\"color: black;\">yra<\/span><\/span><b> <\/b><span style=\"line-height: 107%;\"><span style=\"color: black;\">vienas did\u017eiausi\u0173 universitet\u0173 Lietuvoje ir vienintel\u0117 technin\u0117 auk\u0161tojo mokslo \u012fstaiga sostin\u0117je Vilniuje. \u0160iuo metu \u010dia studijuoja apie 12 000 <\/span><\/span><span lang=\"LT\"><span style=\"line-height: 107%;\"><span style=\"color: black;\">student\u0173. Ekonomikos ir ekonometrikos studijose (QS World University Rankings by Subject) VILNIUS TECH u\u017eima <\/span><\/span><\/span><span style=\"line-height: 107%;\"><span style=\"color: black;\">201\u2013250 viet<\/span><\/span><span lang=\"LT\"><span style=\"line-height: 107%;\"><span style=\"color: black;\">\u0105 <\/span><\/span><\/span><span style=\"line-height: 107%;\"><span style=\"color: black;\">(301\u2013350 vieta 2017 <\/span><\/span><span lang=\"LT\"><span style=\"line-height: 107%;\"><span style=\"color: black;\">metais) ir patenka tarp geriausi\u0173 pasaulio universitet\u0173. <\/span><\/span><\/span><span style=\"line-height: 107%;\"><span style=\"color: black;\">Vilniaus Gedimino technikos universitetas veikia kartu su mokslo institutais ir universitetais Lietuvoje, Europoje ir kitose \u0161alyse, bendradarbiauja su verslo \u012fmon\u0117mis, socialinio verslumo \u012fmon\u0117mis; dalyvauja rengiant ir \u012fgyvendinant projektus; vykdo i\u0161vardyt\u0105 ir pana\u0161i\u0105 veikl\u0105 skatindamas internacionalizacij\u0105. VILNIUS TECH siekia u\u017emegzti ilgalaik\u0119 tvari\u0105 partneryst\u0119 per tinklus ir bendr\u0105 veikl\u0105 su universitetais ir socialiniais partneriais. VILNIUS TECH yra 24 <\/span><\/span><span lang=\"LT\"><span style=\"line-height: 107%;\"><span style=\"color: black;\">tarptautini\u0173 tinkl\u0173 \u012fvairiose tyrim\u0173 srityse narys. Esamos partneryst\u0117s yra per\u017ei\u016brimos kasmet, siekiant gerai subalansuot\u0173 main\u0173. <\/span><\/span><\/span><span style=\"line-height: 107%;\"><span style=\"color: black;\">Universitetas turi apie 300 <\/span><\/span><span lang=\"LT\"><span style=\"line-height: 107%;\"><span style=\"color: black;\">LLP\/Erasmus partneri\u0173 ir <\/span><\/span><\/span><span style=\"line-height: 107%;\"><span style=\"color: black;\">115 <\/span><\/span><span lang=\"LT\"><span style=\"line-height: 107%;\"><span style=\"color: black;\">bendradarbiavimo susitarim\u0173 studij\u0173 ir mokslini\u0173 tyrim\u0173 srityje su ES ir ne ES auk\u0161tosiomis mokyklomis. VILNIUS TECH \u012fsteig\u0117 tarptautin\u012f pl\u0117tros fond\u0105, siekdamas paremti student\u0173 mobilum\u0105 \u012f ES nepriklausan\u010dius universitetus ir skatinti atvykstan\u010di\u0173 laipsnio siekian\u010di\u0173 student\u0173 kokyb\u0119 teikdamas universiteto stipendij\u0105 studij\u0173 \u012fmokoms padengti. <\/span><\/span><\/span><span style=\"line-height: 107%;\"><span style=\"color: black;\">VILNIUS TECH nuolat stiprina bendradarbiavimo ry\u0161ius su verslo ir pramon\u0117s \u012fmon\u0117mis, taip padidindamas nauj\u0173 mokslini\u0173 tyrim\u0173 sri\u010di\u0173 ir mokslo komercializavimo galimybes.<\/span><\/span><\/p>\n<p style=\"text-align: justify;\"><img loading=\"lazy\" decoding=\"async\" width=\"423\" height=\"60\" class=\"alignnone wp-image-44\" style=\"margin: 10px; float: left; width: 323px; height: 42px;\" title=\"toi_.png\" src=\"https:\/\/sisu.ut.ee\/wp-content\/uploads\/sites\/491\/toi_.png\" alt=\"Toi\" srcset=\"https:\/\/sisu.ut.ee\/wp-content\/uploads\/sites\/491\/toi_.png 423w, https:\/\/sisu.ut.ee\/wp-content\/uploads\/sites\/491\/toi_-300x43.png 300w\" sizes=\"auto, (max-width: 423px) 100vw, 423px\"><span style=\"color: #0000cd;\"><b><span style=\"line-height: 107%;\">Tra<\/span><\/b><\/span><b><span style=\"line-height: 107%;\"><span style=\"color: #0000cd;\">nsporto ekonomikos institutas (TOI)<\/span><span style=\"color: black;\">\u00a0\u00a0<\/span><\/span><\/b><span style=\"line-height: 107%;\"><span style=\"color: black;\">yra nacionalinis Norvegijos transporto tyrim\u0173 centras ir ne pelno siekiantis mokslini\u0173 tyrim\u0173 fondas. TOI yra daugiadisciplininis institutas, kuriame dirba daugiau nei 80 <\/span><\/span><span lang=\"LT\"><span style=\"line-height: 107%;\"><span style=\"color: black;\">tyr\u0117j\u0173, toki\u0173 kaip ekonomistai, in\u017einieriai, sociologai, geografai, politologai ir psichologai. Regionin\u0117s integracijos kontekste TOI stiekia tarptautin\u0117s ekonomikos, produktyvumo analiz\u0117s, inovacij\u0173, infrastrukt\u016bros ir ekonometrijos \u017eini\u0173. TOI teikia u\u017esakomuosius tyrimus Susisiekimo ministerijai, Vie\u0161\u0173j\u0173 keli\u0173 administracijai, Vietos ir region\u0173 administracijai ir Norvegijos tyrim\u0173 tarybai. <\/span><\/span><\/span><span style=\"line-height: 107%;\"><span style=\"color: black;\">Institutas taip pat vykdo daugyb\u0119 mokslini\u0173 tyrim\u0173 projekt\u0173, skirt\u0173 \u012fvairioms Europos Komisijos \u012fstaigoms, dalyvavo daugelyje projekt\u0173 pagal Europos S\u0105jungos bendr\u0105sias programas ir skirtas tarptautin\u0117ms organizacijoms. Institutas pabr\u0117\u017eia tarptautinio bendradarbiavimo mokslini\u0173 tyrim\u0173 srityje svarb\u0105 ir praktinio mokslini\u0173 tyrim\u0173 rezultat\u0173 pritaikymo svarb\u0105. TOI nustat\u0117 proced\u016bras, u\u017etikrinan\u010dias efektyv\u0173 atviros prieigos leidybos ir duomen\u0173 valdymo plan\u0173 perdavim\u0105 pagal dabartinius reikalavimus. Institutas yra tvirtai pasiry\u017e\u0119s u\u017etikrinti ly\u010di\u0173 pusiausvyr\u0105 tarp savo darbuotoj\u0173, tad \u0161iuo metu dirba apie 40 <\/span><\/span><span lang=\"LT\"><span style=\"line-height: 107%;\"><span style=\"color: black;\">proc. moter\u0173 ir <\/span><\/span><\/span><span style=\"line-height: 107%;\"><span style=\"color: black;\">60 <\/span><\/span><span lang=\"LT\"><span style=\"line-height: 107%;\"><span style=\"color: black;\">proc. vyr\u0173. <\/span><\/span><\/span><span lang=\"EN-GB\"><span style=\"line-height: 107%;\"><span style=\"color: black;\">Be to, TOI \u012fsipareigojo laikytis Europos mokslinink\u0173 chartijos ir Mokslinink\u0173 \u012fdarbinimo kodekso. TOI yra sertifikuotas kaip \u201cEco-Lighthouse\u201d \u2013 pla\u010diausiai naudojamu Norvegijos sertifikatu, dokumentuojan<\/span><\/span><\/span><span lang=\"LT\"><span style=\"line-height: 107%;\"><span style=\"color: black;\">\u010diu<\/span><\/span><\/span><span lang=\"EN-GB\"><span style=\"line-height: 107%;\"><span style=\"color: black;\"> aplinkosaugos pastangas ir socialin\u0119 atsakomyb\u0119. Nor\u0117dami gauti papildomos informacijos, apsilankykite m\u016bs\u0173 svetain\u0117je: <\/span><\/span><\/span><a href=\"http:\/\/www.toi.no\"><span lang=\"EN-GB\"><span style=\"line-height: 107%;\">http:\/\/www.toi.no<\/span><\/span><\/a><span lang=\"EN-GB\"><span style=\"line-height: 107%;\"><span style=\"color: black;\">.<\/span><\/span><\/span><\/p>\n<p style=\"text-align: justify;\"><img loading=\"lazy\" decoding=\"async\" width=\"170\" height=\"60\" class=\"alignnone wp-image-45\" style=\"width: 170px; height: 60px; margin: 10px; float: left;\" title=\"uni_of_latvia.png\" src=\"https:\/\/sisu.ut.ee\/wp-content\/uploads\/sites\/491\/uni_of_latvia.png\" alt=\"Uni of Latvia\"><b><span lang=\"EN-GB\"><span style=\"line-height: 107%;\"><span style=\"color: #0000cd;\">Latvijos universitetas (UL)\u00a0<\/span><span style=\"color: black;\">\u00a0<\/span><\/span><\/span><\/b><span lang=\"EN-GB\"><span style=\"line-height: 107%;\"><span style=\"color: black;\">yra did\u017eiausias ir pirmaujantis akademinis socialini\u0173 moksl\u0173 tyrim\u0173 ir \u0161vietimo centras, turintis didel\u0119 patirt\u012f administruojant sud\u0117tingus mokslini\u0173 tyrim\u0173 projektus ir suk\u016br\u0119s b\u016btin\u0105 administracin\u0119 ir finansin\u0119 param\u0105, reikaling\u0105 skland\u017eiam projekto vykdymui. <\/span><\/span><\/span><span lang=\"EN-GB\"><span style=\"line-height: 107%;\"><span style=\"color: black;\">Projekt\u0105 vykdo Filosofijos ir sociologijos institutas (IPSUL) \u2013 produktyvus LU akademini\u0173 \u2013 mokslini\u0173 tyrim\u0173 padalinys. IPSUL ma\u017edaug nuo <\/span><\/span><\/span><span style=\"line-height: 107%;\"><span style=\"color: black;\">1981 m. specializuojasi \u012fgyvendinant plataus masto tarpdisciplininius tyrim\u0173 projektus ir nuo 2013 m. <\/span><\/span><span lang=\"LT\"><span style=\"line-height: 107%;\"><span style=\"color: black;\">pabaigos nuolat prisideda prie migracijos tyrim\u0173 srities. <\/span><\/span><\/span><span lang=\"EN-GB\"><span style=\"line-height: 107%;\"><span style=\"color: black;\">IPSUL darbas pagr\u012fstas novatori\u0161ku tarpdisciplininiu bendradarbiavimu tarp \u012fvairi\u0173 LU fakultet\u0173, U\u017esienio reikal\u0173 ministerijos, kit\u0173 Latvijos ir tarptautini\u0173 institucij\u0173, taip pat diasporos tyr\u0117j\u0173 visame pasaulyje. Projekto metu komandai bus naudingi glaud\u016bs ry\u0161iai tarp IPSUL ir Migracijos ir diasporos tyrim\u0173 centro (CMDR) \u2013 jaunesnio LU nario ir pirmaujan\u010dios Latvijos migracijos tyrim\u0173 organizacijos, kuriai vadovauja dr. Mierina. \u0160iuo metu LU vykdomi mokslinink\u0173 projektai sutelkia d\u0117mes\u012f \u012f politik\u0105 ir problemas, susijusias su migracija ir reintegracija \u012f Latvijos darbo rink\u0105. \u012etraukus CMDR, bus prisidedama prie LIFT projekto migracijos srities \u017eini\u0173. Tikimasi, kad LIFT sudarys nauding<\/span><\/span><\/span><span lang=\"LT\"><span style=\"line-height: 107%;\"><span style=\"color: black;\">\u0105<\/span><\/span><\/span><span lang=\"EN-GB\"><span style=\"line-height: 107%;\"><span style=\"color: black;\"> sinergij\u0105 su kitais LU projektais, ypa\u010d neseniai prad\u0117tu vykdyti \u201cGerov\u0117s ir socialin\u0117s integracijos tyrin\u0117jimas likvid\u017eios migracijos kontekste: ilgalaik\u0117 perspektyva\u201d, kur\u012f finansuoja Latvijos moksl\u0173 taryba, vadovaujamo dr. Mieri\u0146a. Taip pat bus naudingos LU talpinamos duomen\u0173 baz\u0117s, tokios kaip didelio masto emigrant\u0173 tyrimo \u201cLatvijos emigrant\u0173 bendruomen\u0117s\u201d duomenys, kuriose sukaupta <\/span><\/span><\/span><span style=\"line-height: 107%;\"><span style=\"color: black;\">14 068 <\/span><\/span><span lang=\"LT\"><span style=\"line-height: 107%;\"><span style=\"color: black;\">latvi\u0173 emigrant\u0173 i\u0161 <\/span><\/span><\/span><span style=\"line-height: 107%;\"><span style=\"color: black;\">118 <\/span><\/span><span lang=\"LT\"><span style=\"line-height: 107%;\"><span style=\"color: black;\">\u0161ali\u0173 atsakymai; taip pat kiekybin\u0117 apklausa \u201eGr\u012f\u017eimas \u012f Latvij\u0105\u201c\u2013 viena did\u017eiausi\u0173 gr\u012f\u017etam\u0173j\u0173 migrant\u0173 apklaus\u0173 Europoje, atlikta LU.<\/span><\/span><\/span><\/p>\n<p style=\"text-align: justify;\"><img loading=\"lazy\" decoding=\"async\" width=\"471\" height=\"471\" class=\"alignnone wp-image-47\" style=\"float: left; margin: 10px; height: 150px; width: 150px;\" title=\"biceps.jpg\" src=\"https:\/\/sisu.ut.ee\/wp-content\/uploads\/sites\/491\/biceps.jpg\" alt=\"BICEPS\" srcset=\"https:\/\/sisu.ut.ee\/wp-content\/uploads\/sites\/491\/biceps.jpg 471w, https:\/\/sisu.ut.ee\/wp-content\/uploads\/sites\/491\/biceps-300x300.jpg 300w, https:\/\/sisu.ut.ee\/wp-content\/uploads\/sites\/491\/biceps-150x150.jpg 150w\" sizes=\"auto, (max-width: 471px) 100vw, 471px\"><span style=\"color: #0000cd;\"><b><span style=\"line-height: 107%;\">Baltijos tarptautinis ekonomin\u0117s politikos studij\u0173 centras (BICEPS)\u00a0<\/span><\/b><\/span><span style=\"color: #000000;\">yra nepriklausomas ne pelno siekiantis mokslini\u0173 tyrim\u0173 institutas, \u012fkurtas 2001 m. padedant \u0160vedijos u\u017esienio reikal\u0173 ministerijos dotacijai ir Stokholmo pereinamosios ekonomikos instituto (SITE). BICEPS tapo savaranki\u0161ku juridiniu asmeniu 2002 m. gegu\u017e\u0117s m\u0117n. BICEPS taip pat \u012ftrauktas \u012f nacionalin\u012f Latvijos mokslini\u0173 \u012fstaig\u0173 registr\u0105. Nuo pat savo veiklos prad\u017eios BICEPS imasi ir skatina auk\u0161tos kokyb\u0117s \u012f politik\u0105 orientuotus ekonomikos ir kit\u0173 socialini\u0173 moksl\u0173 tyrimus bei teikia pagr\u012fstas informavimo ir konsultavimo paslaugas vyriausybei ir verslui Baltijos ir kitose \u0161alyse. BICEPS turi plat\u0173 projekt\u0173 portfel\u012f ir tam skirt\u0105 tyr\u0117j\u0173 komand\u0105, turin\u010di\u0105 patirties \u012fvairiomis temomis. BICEPS veikla apima akademinius tyrimus, u\u017esakomuosius darbus vietos ministerijoms ir tarptautin\u0117ms institucijoms, taip pat dalyvavim\u0105 ES masto tinkluose ir mokslini\u0173 tyrim\u0173 projektuose. BICEPS yra \u201cFree Network\u201d, integruoto pirmaujan\u010di\u0173 Vidurio ir Ryt\u0173 Europos mokslini\u0173 tyrim\u0173 centr\u0173 ir universitet\u0173 tinklo su partneriais Baltarusijoje, Gruzijoje, Lenkijoje, Rusijoje, \u0160vedijoje ir Ukrainoje, dalis. BICEPS ypa\u010d glaud\u017eiai bendradarbiauja su Stokholmo ekonomikos mokykla Rygoje (SSE Riga). BICEPS ir SSE Riga vykdo bendr\u0105 akademini\u0173 seminar\u0173 cikl\u0105; bendradarbiaudami su \u201cRoutledge\u201d leid\u017eia \u201cBaltic Journal of Economics\u201d (BJE); rengia \u201cOccasional Paper Series\u201d ir metin\u0119 Latvijos pasaulinio verslumo steb\u0117jimo ataskait\u0105.<\/span><\/p>\n<p style=\"text-align: justify;\"><img loading=\"lazy\" decoding=\"async\" width=\"1024\" height=\"1024\" class=\"alignnone wp-image-48\" style=\"width: 124px; height: 124px; float: left;\" title=\"tartu_ylikool-logo_ja_v2rvid-cmyk-06_copy.png\" src=\"https:\/\/sisu.ut.ee\/wp-content\/uploads\/sites\/491\/tartu_ylikool-logo_ja_v2rvid-cmyk-06_copy.png\" alt=\"Uni of Tartu\" srcset=\"https:\/\/sisu.ut.ee\/wp-content\/uploads\/sites\/491\/tartu_ylikool-logo_ja_v2rvid-cmyk-06_copy.png 1024w, https:\/\/sisu.ut.ee\/wp-content\/uploads\/sites\/491\/tartu_ylikool-logo_ja_v2rvid-cmyk-06_copy-300x300.png 300w, https:\/\/sisu.ut.ee\/wp-content\/uploads\/sites\/491\/tartu_ylikool-logo_ja_v2rvid-cmyk-06_copy-150x150.png 150w, https:\/\/sisu.ut.ee\/wp-content\/uploads\/sites\/491\/tartu_ylikool-logo_ja_v2rvid-cmyk-06_copy-768x768.png 768w\" sizes=\"auto, (max-width: 1024px) 100vw, 1024px\"><span style=\"color: #0000cd;\"><b><span lang=\"ET\"><span style=\"line-height: 107%;\">Tartu universitetas (UT),<\/span><\/span><\/b><\/span><span style=\"color: #000000;\"><b><span lang=\"ET\"><span style=\"line-height: 107%;\">\u00a0<\/span><\/span><\/b><span lang=\"ET\"><span style=\"line-height: 107%;\">\u012fkurtas <\/span><\/span><span style=\"line-height: 107%;\">1632 <\/span><span lang=\"LT\"><span style=\"line-height: 107%;\">m., yra seniausias ir did\u017eiausias universitetas Estijoje pagal darbuotoj\u0173 skai\u010di\u0173, studentus, d\u0117stymo apimt\u012f, mokslini\u0173 tyrim\u0173 ir pl\u0117tros veikl\u0105. TU yra tarp <\/span><\/span><span style=\"line-height: 107%;\">1,2 <\/span><span lang=\"LT\"><span style=\"line-height: 107%;\">proc. pirmaujan\u010di\u0173 geriausi\u0173 pasaulio universitet\u0173 (<\/span><\/span><span style=\"line-height: 107%;\">285 vieta \u00a0QS World University Ranking 2020 ir tarp 251-300 pagal THE World University Rankings 2020). Jis taip pat priklauso 1 <\/span><\/span><span lang=\"LT\"><span style=\"line-height: 107%;\"><span style=\"color: #000000;\">proc. populiariausi\u0173 pasaulio universitet\u0173 ir mokslini\u0173 tyrim\u0173 institucij\u0173 dvylikoje sri\u010di\u0173 (\u012fskaitant socialinius mokslus). TU Ekonomikos ir verslo mokykla (SEBA) yra pirmaujantis ir spar\u010diai besivystantis ekonomikos, tarptautinio verslo ir vadybos tyrim\u0173 centras Estijoje. <\/span><\/span><\/span><\/p>\n<p>Daugiau apie projekt\u0105 partneri\u0173 institucij\u0173 puslapiuose:<\/p>\n<p>VILNIUS TECH:\u00a0<a href=\"https:\/\/vilniustech.lt\/business-management\/research-and-innovation\/research-projects\/111131?lang=2#342496\" target=\"_blank\" rel=\"noopener noreferrer\" data-auth=\"NotApplicable\" data-linkindex=\"7\" data-safelink=\"true\">https:\/\/vilniustech.lt\/business-management\/research-and-innovation\/research-projects\/111131?lang=2#342496<\/a><\/p>\n<p><a href=\"https:\/\/vilniustech.lt\/verslo-vadybos-fakultetas\/mokslas-ir-inovacijos\/mokslo-projektai-ir-tyrimai\/53688#347165\" target=\"_blank\" rel=\"noopener noreferrer\" data-auth=\"NotApplicable\" data-linkindex=\"8\" data-safelink=\"true\">https:\/\/vilniustech.lt\/verslo-vadybos-fakultetas\/mokslas-ir-inovacijos\/mokslo-projektai-ir-tyrimai\/53688#347165<\/a><\/p>\n<p>BICEPS:\u00a0<a href=\"https:\/\/biceps.org\/2021\/01\/04\/lift\/\" target=\"_blank\" rel=\"noopener noreferrer\" data-auth=\"NotApplicable\" data-linkindex=\"9\" data-safelink=\"true\">https:\/\/biceps.org\/2021\/01\/04\/lift\/<\/a><\/p>\n<p>Latvijos universitetas:\u00a0<a href=\"https:\/\/www.fsi.lu.lv\/article\/2\/projekti\/293\/ziemelu-baltijas-regiona-ekonomiska-integracijas-dzinejspeki-darba-tirgus-inovacijas-investicijas-un-tirdznieciba\" target=\"_blank\" rel=\"noopener noreferrer\" data-auth=\"NotApplicable\" data-linkindex=\"10\" data-safelink=\"true\">https:\/\/www.fsi.lu.lv\/article\/2\/projekti\/293\/ziemelu-baltijas-regiona-ekonomiska-integracijas-dzinejspeki-darba-tirgus-inovacijas-investicijas-un-tirdznieciba<\/a><\/p>\n","protected":false},"excerpt":{"rendered":"<p>Projekto konsorciumui vadovauja Vilniaus Gedimino technikos universtitetas (Lietuva), vykdantis tyrimus kartu su partneriais \u2013 Tartu universitetu (Estija), Transporto ekonomikos institutu (Norvegija), Latvijos universitetu (Latvija) ir Baltijos tarptautiniu ekonomin\u0117s politikos studij\u0173 centru (Latvija). Vilniaus Gedimino technikos universitetas (VILNIUS TECH) yra vienas &#8230;<\/p>\n","protected":false},"author":254,"featured_media":0,"parent":0,"menu_order":0,"comment_status":"closed","ping_status":"closed","template":"","meta":{"_acf_changed":false,"inline_featured_image":false,"footnotes":""},"class_list":["post-8","page","type-page","status-publish","hentry"],"acf":[],"_links":{"self":[{"href":"https:\/\/sisu.ut.ee\/lift\/wp-json\/wp\/v2\/pages\/8","targetHints":{"allow":["GET"]}}],"collection":[{"href":"https:\/\/sisu.ut.ee\/lift\/wp-json\/wp\/v2\/pages"}],"about":[{"href":"https:\/\/sisu.ut.ee\/lift\/wp-json\/wp\/v2\/types\/page"}],"author":[{"embeddable":true,"href":"https:\/\/sisu.ut.ee\/lift\/wp-json\/wp\/v2\/users\/254"}],"replies":[{"embeddable":true,"href":"https:\/\/sisu.ut.ee\/lift\/wp-json\/wp\/v2\/comments?post=8"}],"version-history":[{"count":3,"href":"https:\/\/sisu.ut.ee\/lift\/wp-json\/wp\/v2\/pages\/8\/revisions"}],"predecessor-version":[{"id":290,"href":"https:\/\/sisu.ut.ee\/lift\/wp-json\/wp\/v2\/pages\/8\/revisions\/290"}],"wp:attachment":[{"href":"https:\/\/sisu.ut.ee\/lift\/wp-json\/wp\/v2\/media?parent=8"}],"curies":[{"name":"wp","href":"https:\/\/api.w.org\/{rel}","templated":true}]}}