{"id":6,"date":"2024-04-04T07:11:43","date_gmt":"2024-04-04T04:11:43","guid":{"rendered":"https:\/\/sisu.ut.ee\/lift\/1-asis-projekto-seminaras-2022-m-sausio-31-d-latvijos-universitetas\/"},"modified":"2024-04-30T13:04:27","modified_gmt":"2024-04-30T10:04:27","slug":"1-asis-projekto-seminaras-2022-m-sausio-31-d-latvijos-universitetas","status":"publish","type":"page","link":"https:\/\/sisu.ut.ee\/lift\/1-asis-projekto-seminaras-2022-m-sausio-31-d-latvijos-universitetas\/?lang=lt","title":{"rendered":"1-asis projekto seminaras,\u00a02022 m. sausio 31\u00a0d., Latvijos Universitetas"},"content":{"rendered":"<p>1-asis projekto seminaras, pavadinimu\u00a0<strong>\u201eNauji darbo rinkos poky\u010diai skaitmeninimo ir socialini\u0173 poky\u010di\u0173 kontekste\u201c<\/strong>, buvo 80-osios Latvijos universiteto tarptautin\u0117s konferencijos dalis.<\/p>\n<p>Pagrindinis seminaro organizatorius\u00a0\u2013\u00a0prof. Mihails Hazans. Seminaras prasid\u0117jo trumpu LIFT projekto pristatymu ir ap\u0117m\u0117 11 prane\u0161im\u0173. Prane\u0161imuose kalb\u0117ta apie nuotolin\u012f darb\u0105 (ypa\u010d COVID-19 metu), TUI poveik\u012f darbo u\u017emokes\u010diui, darbo mokes\u010di\u0173 vengim\u0105, \u0160iaur\u0117s \u0161ali\u0173 TUI Baltijos \u0161alyse, \u017eiedin\u0119 ekonomik\u0105, \u0161eimos versl\u0105, prieig\u0105 prie vie\u0161\u0173j\u0173 paslaug\u0173. Seminare i\u0161 viso dalyvavo 30 dalyvi\u0173 i\u0161 14 skirting\u0173 institucij\u0173. Seminare taip pat dalyvavo auk\u0161to lygio kviestiniai akademiniai ekspertai ir suinteresuot\u0173j\u0173 \u0161ali\u0173 atstovai.<\/p>\n<p>Vis\u0105 seminaro program\u0105 rasite\u00a0<a title=\"\" href=\"https:\/\/sisu.ut.ee\/wp-content\/uploads\/sites\/491\/new_labour_market_developments_31012022_program.pdf\" target=\"_blank\" rel=\"noopener\">\u010dia<\/a>.<\/p>\n<p><img loading=\"lazy\" decoding=\"async\" width=\"2560\" height=\"1067\" class=\"alignnone wp-image-40\" style=\"width: 3840px; height: 1600px;\" title=\"Kristina Razminien\u0117 pristato \u201ePo\u017ei\u016briai \u012f \u017eiedin\u0119 ekonomik\u0105 ir ekonomikos pl\u0117tr\u0105\u201c.\" src=\"https:\/\/sisu.ut.ee\/wp-content\/uploads\/sites\/491\/kristina_razminiene_presents_approches_toward_a_circulra_economy-scaled.jpg\" alt=\"Kristina Razminien\u0117 pristato \u201ePo\u017ei\u016briai \u012f \u017eiedin\u0119 ekonomik\u0105 ir ekonomikos pl\u0117tr\u0105\u201c.\" srcset=\"https:\/\/sisu.ut.ee\/wp-content\/uploads\/sites\/491\/kristina_razminiene_presents_approches_toward_a_circulra_economy-scaled.jpg 2560w, https:\/\/sisu.ut.ee\/wp-content\/uploads\/sites\/491\/kristina_razminiene_presents_approches_toward_a_circulra_economy-300x125.jpg 300w, https:\/\/sisu.ut.ee\/wp-content\/uploads\/sites\/491\/kristina_razminiene_presents_approches_toward_a_circulra_economy-1024x427.jpg 1024w, https:\/\/sisu.ut.ee\/wp-content\/uploads\/sites\/491\/kristina_razminiene_presents_approches_toward_a_circulra_economy-768x320.jpg 768w, https:\/\/sisu.ut.ee\/wp-content\/uploads\/sites\/491\/kristina_razminiene_presents_approches_toward_a_circulra_economy-1536x640.jpg 1536w, https:\/\/sisu.ut.ee\/wp-content\/uploads\/sites\/491\/kristina_razminiene_presents_approches_toward_a_circulra_economy-2048x853.jpg 2048w, https:\/\/sisu.ut.ee\/wp-content\/uploads\/sites\/491\/kristina_razminiene_presents_approches_toward_a_circulra_economy-1920x800.jpg 1920w\" sizes=\"auto, (max-width: 2560px) 100vw, 2560px\"><\/p>\n<p><img loading=\"lazy\" decoding=\"async\" width=\"2560\" height=\"1067\" class=\"alignnone wp-image-41\" title=\"Mihails Hazans pristato \u201eVienas dydis netinka visiems\u201d\" src=\"https:\/\/sisu.ut.ee\/wp-content\/uploads\/sites\/491\/mihails_hazans_presents_one_size_does_not_fit_all-scaled.jpg\" alt=\"Mihails Hazans presents One size does not fit all\" srcset=\"https:\/\/sisu.ut.ee\/wp-content\/uploads\/sites\/491\/mihails_hazans_presents_one_size_does_not_fit_all-scaled.jpg 2560w, https:\/\/sisu.ut.ee\/wp-content\/uploads\/sites\/491\/mihails_hazans_presents_one_size_does_not_fit_all-300x125.jpg 300w, https:\/\/sisu.ut.ee\/wp-content\/uploads\/sites\/491\/mihails_hazans_presents_one_size_does_not_fit_all-1024x427.jpg 1024w, https:\/\/sisu.ut.ee\/wp-content\/uploads\/sites\/491\/mihails_hazans_presents_one_size_does_not_fit_all-768x320.jpg 768w, https:\/\/sisu.ut.ee\/wp-content\/uploads\/sites\/491\/mihails_hazans_presents_one_size_does_not_fit_all-1536x640.jpg 1536w, https:\/\/sisu.ut.ee\/wp-content\/uploads\/sites\/491\/mihails_hazans_presents_one_size_does_not_fit_all-2048x853.jpg 2048w, https:\/\/sisu.ut.ee\/wp-content\/uploads\/sites\/491\/mihails_hazans_presents_one_size_does_not_fit_all-1920x800.jpg 1920w\" sizes=\"auto, (max-width: 2560px) 100vw, 2560px\"><\/p>\n<p><img loading=\"lazy\" decoding=\"async\" width=\"2560\" height=\"1067\" class=\"alignnone wp-image-43\" title=\"Tiiu Paas veda sesij\u0105\" src=\"https:\/\/sisu.ut.ee\/wp-content\/uploads\/sites\/491\/tiiu_paas_chairs-scaled.jpg\" alt=\"Tiiu Paas chairs\" srcset=\"https:\/\/sisu.ut.ee\/wp-content\/uploads\/sites\/491\/tiiu_paas_chairs-scaled.jpg 2560w, https:\/\/sisu.ut.ee\/wp-content\/uploads\/sites\/491\/tiiu_paas_chairs-300x125.jpg 300w, https:\/\/sisu.ut.ee\/wp-content\/uploads\/sites\/491\/tiiu_paas_chairs-1024x427.jpg 1024w, https:\/\/sisu.ut.ee\/wp-content\/uploads\/sites\/491\/tiiu_paas_chairs-768x320.jpg 768w, https:\/\/sisu.ut.ee\/wp-content\/uploads\/sites\/491\/tiiu_paas_chairs-1536x640.jpg 1536w, https:\/\/sisu.ut.ee\/wp-content\/uploads\/sites\/491\/tiiu_paas_chairs-2048x853.jpg 2048w, https:\/\/sisu.ut.ee\/wp-content\/uploads\/sites\/491\/tiiu_paas_chairs-1920x800.jpg 1920w\" sizes=\"auto, (max-width: 2560px) 100vw, 2560px\"><\/p>\n","protected":false},"excerpt":{"rendered":"<p>1-asis projekto seminaras, pavadinimu\u00a0\u201eNauji darbo rinkos poky\u010diai skaitmeninimo ir socialini\u0173 poky\u010di\u0173 kontekste\u201c, buvo 80-osios Latvijos universiteto tarptautin\u0117s konferencijos dalis. Pagrindinis seminaro organizatorius\u00a0\u2013\u00a0prof. Mihails Hazans. Seminaras prasid\u0117jo trumpu LIFT projekto pristatymu ir ap\u0117m\u0117 11 prane\u0161im\u0173. Prane\u0161imuose kalb\u0117ta apie nuotolin\u012f darb\u0105 (ypa\u010d &#8230;<\/p>\n","protected":false},"author":254,"featured_media":0,"parent":0,"menu_order":0,"comment_status":"closed","ping_status":"closed","template":"","meta":{"_acf_changed":false,"inline_featured_image":false,"footnotes":""},"class_list":["post-6","page","type-page","status-publish","hentry"],"acf":[],"_links":{"self":[{"href":"https:\/\/sisu.ut.ee\/lift\/wp-json\/wp\/v2\/pages\/6","targetHints":{"allow":["GET"]}}],"collection":[{"href":"https:\/\/sisu.ut.ee\/lift\/wp-json\/wp\/v2\/pages"}],"about":[{"href":"https:\/\/sisu.ut.ee\/lift\/wp-json\/wp\/v2\/types\/page"}],"author":[{"embeddable":true,"href":"https:\/\/sisu.ut.ee\/lift\/wp-json\/wp\/v2\/users\/254"}],"replies":[{"embeddable":true,"href":"https:\/\/sisu.ut.ee\/lift\/wp-json\/wp\/v2\/comments?post=6"}],"version-history":[{"count":2,"href":"https:\/\/sisu.ut.ee\/lift\/wp-json\/wp\/v2\/pages\/6\/revisions"}],"predecessor-version":[{"id":312,"href":"https:\/\/sisu.ut.ee\/lift\/wp-json\/wp\/v2\/pages\/6\/revisions\/312"}],"wp:attachment":[{"href":"https:\/\/sisu.ut.ee\/lift\/wp-json\/wp\/v2\/media?parent=6"}],"curies":[{"name":"wp","href":"https:\/\/api.w.org\/{rel}","templated":true}]}}