{"id":3,"date":"2024-04-04T07:11:43","date_gmt":"2024-04-04T04:11:43","guid":{"rendered":"https:\/\/sisu.ut.ee\/lift\/lift-project-thematic-session-13th-international-scientific-conference-business-and-management\/"},"modified":"2024-04-30T13:33:09","modified_gmt":"2024-04-30T10:33:09","slug":"lift-project-thematic-session-13th-international-scientific-conference-business-and-management","status":"publish","type":"page","link":"https:\/\/sisu.ut.ee\/lift\/lift-project-thematic-session-13th-international-scientific-conference-business-and-management\/","title":{"rendered":"LIFT project thematic session in the 13th International Scientific Conference &#8220;Business and Management 2023 &#8220;, 11-12 May 2023"},"content":{"rendered":"<p style=\"text-align: left;\"><span lang=\"EN-GB\"><span style=\"line-height: 107%;\">The LIFT project thematic workshop was part of the <\/span><\/span><a href=\"http:\/\/bm.vgtu.lt\/index.php\/verslas\/2023\"><span style=\"line-height: 107%;\">13th International Scientific Conference \u201cBusiness and Management 2023\u201d<\/span><\/a><span lang=\"EN-GB\"><span style=\"line-height: 107%;\">. The conference was held in the modern premises of Vilnius Tech. The organizers of the session were Prof Dr Manuela Tvaronavi\u010dien\u0117 (LIFT project coordinator) and Assoc Prof Dr Agn\u0117 \u0160imelyt\u0117. The traditional conference had more than 100 participants from a long list of countries, and the events were partly connected to the celebrations of the 30<sup>th<\/sup> anniversary of Vilnius Tech. The plenary session of the conference was followed by various thematic parallel sessions, of which one was devoted to the LIFT project topics under the title of the project (The Economic Integration of the Nordic-Baltic Region through Labour, Innovation, Investments and Trade \u2013 LIFT). While most of the presentations were by the participants of the LIFT project, some were also by other conference guests, ensuring the exchange of ideas between the LIFT project participants and other conference guests. LIFT project members from all participating institutions took part in the conference physically, while a small number of presentations were additionally made online. The list of topics covered in the presentations of the LIFT project session (in total 11 presentations were made) included the productivity effects of exporting, the companies\u2019 choice of internationalization strategies, high-tech exports, the state of international technology transfer, the connection between human values and supervisory responsibilities et cetera, but also some issues outside the LIFT project topics, such as universal basic income. The full program of the conference and the LIFT project thematic workshop can be found <\/span><\/span><strong><a title=\"\" href=\"https:\/\/vilniustech.lt\/international-scientific-conference-business-and-management\/agenda-2023\/363885\" target=\"_blank\" rel=\"noopener\" data-url=\"https:\/\/vilniustech.lt\/international-scientific-conference-business-and-management\/agenda-2023\/363885\">here<\/a><span lang=\"EN-GB\"><span style=\"line-height: 107%;\">.<\/span><\/span><\/strong><\/p>\n<table class=\"table table-hover\" style=\"width: 730px; height: 508px;\" border=\"1\" cellspacing=\"1\" cellpadding=\"1\">\n<tbody>\n<tr>\n<td><img loading=\"lazy\" decoding=\"async\" width=\"1536\" height=\"2048\" class=\"alignnone wp-image-33\" title=\"343570566_1171031643563934_8303191503071958338_n.jpg\" src=\"https:\/\/sisu.ut.ee\/wp-content\/uploads\/sites\/491\/343570566_1171031643563934_8303191503071958338_n.jpg\" alt=\"LIFT session2\" srcset=\"https:\/\/sisu.ut.ee\/wp-content\/uploads\/sites\/491\/343570566_1171031643563934_8303191503071958338_n.jpg 1536w, https:\/\/sisu.ut.ee\/wp-content\/uploads\/sites\/491\/343570566_1171031643563934_8303191503071958338_n-225x300.jpg 225w, https:\/\/sisu.ut.ee\/wp-content\/uploads\/sites\/491\/343570566_1171031643563934_8303191503071958338_n-768x1024.jpg 768w, https:\/\/sisu.ut.ee\/wp-content\/uploads\/sites\/491\/343570566_1171031643563934_8303191503071958338_n-1152x1536.jpg 1152w\" sizes=\"auto, (max-width: 1536px) 100vw, 1536px\"><\/td>\n<td><img loading=\"lazy\" decoding=\"async\" width=\"2048\" height=\"1536\" class=\"alignnone wp-image-34\" title=\"343082293_952132312871737_6348628937107357441_n.jpg\" src=\"https:\/\/sisu.ut.ee\/wp-content\/uploads\/sites\/491\/343082293_952132312871737_6348628937107357441_n.jpg\" alt=\"LIFT session3\" srcset=\"https:\/\/sisu.ut.ee\/wp-content\/uploads\/sites\/491\/343082293_952132312871737_6348628937107357441_n.jpg 2048w, https:\/\/sisu.ut.ee\/wp-content\/uploads\/sites\/491\/343082293_952132312871737_6348628937107357441_n-300x225.jpg 300w, https:\/\/sisu.ut.ee\/wp-content\/uploads\/sites\/491\/343082293_952132312871737_6348628937107357441_n-1024x768.jpg 1024w, https:\/\/sisu.ut.ee\/wp-content\/uploads\/sites\/491\/343082293_952132312871737_6348628937107357441_n-768x576.jpg 768w, https:\/\/sisu.ut.ee\/wp-content\/uploads\/sites\/491\/343082293_952132312871737_6348628937107357441_n-1536x1152.jpg 1536w, https:\/\/sisu.ut.ee\/wp-content\/uploads\/sites\/491\/343082293_952132312871737_6348628937107357441_n-1920x1440.jpg 1920w\" sizes=\"auto, (max-width: 2048px) 100vw, 2048px\"><\/td>\n<td><img loading=\"lazy\" decoding=\"async\" width=\"2560\" height=\"1920\" class=\"alignnone wp-image-36\" title=\"img-3363.jpg\" src=\"https:\/\/sisu.ut.ee\/wp-content\/uploads\/sites\/491\/img-3363-scaled.jpg\" alt=\"LIFT session5\" srcset=\"https:\/\/sisu.ut.ee\/wp-content\/uploads\/sites\/491\/img-3363-scaled.jpg 2560w, https:\/\/sisu.ut.ee\/wp-content\/uploads\/sites\/491\/img-3363-300x225.jpg 300w, https:\/\/sisu.ut.ee\/wp-content\/uploads\/sites\/491\/img-3363-1024x768.jpg 1024w, https:\/\/sisu.ut.ee\/wp-content\/uploads\/sites\/491\/img-3363-768x576.jpg 768w, https:\/\/sisu.ut.ee\/wp-content\/uploads\/sites\/491\/img-3363-1536x1152.jpg 1536w, https:\/\/sisu.ut.ee\/wp-content\/uploads\/sites\/491\/img-3363-2048x1536.jpg 2048w, https:\/\/sisu.ut.ee\/wp-content\/uploads\/sites\/491\/img-3363-1920x1440.jpg 1920w\" sizes=\"auto, (max-width: 2560px) 100vw, 2560px\"><\/td>\n<\/tr>\n<tr>\n<td><img loading=\"lazy\" decoding=\"async\" width=\"2560\" height=\"1920\" class=\"alignnone wp-image-35\" title=\"img-3352.jpg\" src=\"https:\/\/sisu.ut.ee\/wp-content\/uploads\/sites\/491\/img-3352-scaled.jpg\" alt=\"LIFT session4\" srcset=\"https:\/\/sisu.ut.ee\/wp-content\/uploads\/sites\/491\/img-3352-scaled.jpg 2560w, https:\/\/sisu.ut.ee\/wp-content\/uploads\/sites\/491\/img-3352-300x225.jpg 300w, https:\/\/sisu.ut.ee\/wp-content\/uploads\/sites\/491\/img-3352-1024x768.jpg 1024w, https:\/\/sisu.ut.ee\/wp-content\/uploads\/sites\/491\/img-3352-768x576.jpg 768w, https:\/\/sisu.ut.ee\/wp-content\/uploads\/sites\/491\/img-3352-1536x1152.jpg 1536w, https:\/\/sisu.ut.ee\/wp-content\/uploads\/sites\/491\/img-3352-2048x1536.jpg 2048w, https:\/\/sisu.ut.ee\/wp-content\/uploads\/sites\/491\/img-3352-1920x1440.jpg 1920w\" sizes=\"auto, (max-width: 2560px) 100vw, 2560px\"><\/td>\n<td><img loading=\"lazy\" decoding=\"async\" width=\"2560\" height=\"1920\" class=\"alignnone wp-image-32\" title=\"img-3315.jpg\" src=\"https:\/\/sisu.ut.ee\/wp-content\/uploads\/sites\/491\/img-3315-scaled.jpg\" alt=\"LIFT session1\" srcset=\"https:\/\/sisu.ut.ee\/wp-content\/uploads\/sites\/491\/img-3315-scaled.jpg 2560w, https:\/\/sisu.ut.ee\/wp-content\/uploads\/sites\/491\/img-3315-300x225.jpg 300w, https:\/\/sisu.ut.ee\/wp-content\/uploads\/sites\/491\/img-3315-1024x768.jpg 1024w, https:\/\/sisu.ut.ee\/wp-content\/uploads\/sites\/491\/img-3315-768x576.jpg 768w, https:\/\/sisu.ut.ee\/wp-content\/uploads\/sites\/491\/img-3315-1536x1152.jpg 1536w, https:\/\/sisu.ut.ee\/wp-content\/uploads\/sites\/491\/img-3315-2048x1536.jpg 2048w, https:\/\/sisu.ut.ee\/wp-content\/uploads\/sites\/491\/img-3315-1920x1440.jpg 1920w\" sizes=\"auto, (max-width: 2560px) 100vw, 2560px\"><\/td>\n<td><img loading=\"lazy\" decoding=\"async\" width=\"2560\" height=\"1920\" class=\"alignnone wp-image-38\" title=\"img-3338.jpg\" src=\"https:\/\/sisu.ut.ee\/wp-content\/uploads\/sites\/491\/img-3338-scaled.jpg\" alt=\"LIFT session7\" srcset=\"https:\/\/sisu.ut.ee\/wp-content\/uploads\/sites\/491\/img-3338-scaled.jpg 2560w, https:\/\/sisu.ut.ee\/wp-content\/uploads\/sites\/491\/img-3338-300x225.jpg 300w, https:\/\/sisu.ut.ee\/wp-content\/uploads\/sites\/491\/img-3338-1024x768.jpg 1024w, https:\/\/sisu.ut.ee\/wp-content\/uploads\/sites\/491\/img-3338-768x576.jpg 768w, https:\/\/sisu.ut.ee\/wp-content\/uploads\/sites\/491\/img-3338-1536x1152.jpg 1536w, https:\/\/sisu.ut.ee\/wp-content\/uploads\/sites\/491\/img-3338-2048x1536.jpg 2048w, https:\/\/sisu.ut.ee\/wp-content\/uploads\/sites\/491\/img-3338-1920x1440.jpg 1920w\" sizes=\"auto, (max-width: 2560px) 100vw, 2560px\"><\/td>\n<\/tr>\n<\/tbody>\n<\/table>\n","protected":false},"excerpt":{"rendered":"<p>The LIFT project thematic workshop was part of the 13th International Scientific Conference \u201cBusiness and Management 2023\u201d. The conference was held in the modern premises of Vilnius Tech. The organizers of the session were Prof Dr Manuela Tvaronavi\u010dien\u0117 (LIFT project &#8230;<\/p>\n","protected":false},"author":254,"featured_media":0,"parent":0,"menu_order":0,"comment_status":"closed","ping_status":"closed","template":"","meta":{"_acf_changed":false,"inline_featured_image":false,"footnotes":""},"class_list":["post-3","page","type-page","status-publish","hentry"],"acf":[],"_links":{"self":[{"href":"https:\/\/sisu.ut.ee\/lift\/wp-json\/wp\/v2\/pages\/3","targetHints":{"allow":["GET"]}}],"collection":[{"href":"https:\/\/sisu.ut.ee\/lift\/wp-json\/wp\/v2\/pages"}],"about":[{"href":"https:\/\/sisu.ut.ee\/lift\/wp-json\/wp\/v2\/types\/page"}],"author":[{"embeddable":true,"href":"https:\/\/sisu.ut.ee\/lift\/wp-json\/wp\/v2\/users\/254"}],"replies":[{"embeddable":true,"href":"https:\/\/sisu.ut.ee\/lift\/wp-json\/wp\/v2\/comments?post=3"}],"version-history":[{"count":3,"href":"https:\/\/sisu.ut.ee\/lift\/wp-json\/wp\/v2\/pages\/3\/revisions"}],"predecessor-version":[{"id":315,"href":"https:\/\/sisu.ut.ee\/lift\/wp-json\/wp\/v2\/pages\/3\/revisions\/315"}],"wp:attachment":[{"href":"https:\/\/sisu.ut.ee\/lift\/wp-json\/wp\/v2\/media?parent=3"}],"curies":[{"name":"wp","href":"https:\/\/api.w.org\/{rel}","templated":true}]}}