{"id":19,"date":"2024-04-04T07:11:45","date_gmt":"2024-04-04T04:11:45","guid":{"rendered":"https:\/\/sisu.ut.ee\/lift\/bendra-informacija\/"},"modified":"2024-04-30T11:27:37","modified_gmt":"2024-04-30T08:27:37","slug":"bendra-informacija","status":"publish","type":"page","link":"https:\/\/sisu.ut.ee\/lift\/bendra-informacija\/?lang=lt","title":{"rendered":"Bendra informacija"},"content":{"rendered":"<p style=\"text-align: justify;\"><span lang=\"LT\"><span style=\"line-height: 107%;\"><span style=\"color: black;\">Nuo 1990 m. \u0160iaur\u0117s ir Baltijos regiono integracija palaipsniui augo ir 2004 m. sulauk\u0117 naujo post\u016bmio per ES pl\u0117tr\u0105, suteikdama Baltijos pilie\u010diams galimyb\u0119 patekti \u012f \u0160vedijos (2004 m.), Suomijos ir Islandijos (2006 m.), Danijoje ir Norvegijoje (2009 m.) darbo rinkas. Nors daugelis teorij\u0173, pavyzd\u017eiui, \u0160iaur\u0117s ir Baltijos \u0161ali\u0173, padeda suprasti regionin\u0117s integracijos proces\u0173 pob\u016bd\u012f ir potencial\u0105, empiriniai \u012frodymai vis dar yra nei\u0161sam\u016bs. Projekto tikslas \u2013 retrospektyviniu at\u017evilgiu i\u0161tirti ir \u012fvertinti \u0160iaur\u0117s ir Baltijos regiono ekonomin\u0117s integracijos galimybes per darbo j\u0117gos migracij\u0105, technologij\u0173 perdavim\u0105, tiesiogines u\u017esienio investicijas ir kapitalo jud\u0117jim\u0105, bei tarptautin\u0119 prekyb\u0105. Tyrime bus nagrin\u0117jamas tiek lig\u0161iolinis regionin\u0117s integracijos poveikis, tiek jos keliami i\u0161\u0161\u016bkiai, tiek b\u016bsimos politikos perspektyvos. Tarpdisciplininis konsorciumas, \u012ftraukiantis ekonomikos, tarptautinio verslo ir sociologijos narius, su kiekybini\u0173 ir kokybini\u0173 tyrim\u0173 metod\u0173 taikymu \u012fgalina daugialyp\u012f ekonomini\u0173 ir socialini\u0173 proces\u0173, susijusi\u0173 su \u0160iaur\u0117s ir Baltijos regiono integracija, tyrim\u0105. I\u0161sami\u0173 darbdavi\u0173 ir darbuotoj\u0173 duomen\u0173 rinkini\u0173 panaudojimas gal\u0117t\u0173 pad\u0117ti \u012fvertinti integracijos poveik\u012f, esant auk\u0161to lygio \u0161ali\u0173 sanglaudai. Tyrime vis\u0173 pirma bus nagrin\u0117jama \u012fvairi\u0173 politini\u0173 poky\u010di\u0173, daran\u010di\u0173 \u012ftak\u0105 regioninei integracijai, pavyzd\u017eiui, 2004 m. ES rytin\u0117 pl\u0117tra, \u012fstatym\u0173 pakeitimai, turintys \u012ftakos \u012fmon\u0117ms ir asmenims, ir patekimo \u012f rink\u0105 poky\u010diai. \u0160ios naujai \u012fgytos \u017einios apie ekonominius ry\u0161ius Baltijos ir \u0160iaur\u0117s \u0161ali\u0173 regione bus panaudotos siekiant geriau suvokti \u0160iaur\u0117s ir Baltijos \u0161ali\u0173 verslo ir politinio bendradarbiavimo potencial\u0105. Pramon\u0117s ir visuomen\u0117s suinteresuot\u0173j\u0173 subjekt\u0173 dalyvavimas sklaidos procese u\u017etikrins, kad politika b\u016bt\u0173 vykdoma.<\/span><\/span><\/span><\/p>\n<p style=\"text-align: justify;\">\n<\/p><p style=\"text-align: justify;\"><img loading=\"lazy\" decoding=\"async\" class=\"alignnone wp-image-80\" title=\"eea_grants_logo_01.png\" src=\"https:\/\/sisu.ut.ee\/wp-content\/uploads\/sites\/491\/eea_grants_logo_01.png\" alt=\"EEA grants_logo\" width=\"331\" height=\"232\" srcset=\"https:\/\/sisu.ut.ee\/wp-content\/uploads\/sites\/491\/eea_grants_logo_01.png 1674w, https:\/\/sisu.ut.ee\/wp-content\/uploads\/sites\/491\/eea_grants_logo_01-300x210.png 300w, https:\/\/sisu.ut.ee\/wp-content\/uploads\/sites\/491\/eea_grants_logo_01-1024x718.png 1024w, https:\/\/sisu.ut.ee\/wp-content\/uploads\/sites\/491\/eea_grants_logo_01-768x538.png 768w, https:\/\/sisu.ut.ee\/wp-content\/uploads\/sites\/491\/eea_grants_logo_01-1536x1076.png 1536w\" sizes=\"auto, (max-width: 331px) 100vw, 331px\"><\/p>\n<p style=\"text-align: justify;\">\n<\/p><p>Projekt\u0105 \u012fgyvendina Vilniaus Gedimino technikos universitetas. Projekto partneriai: Latvijos universitetas, Baltijos tarptautinis ekonomin\u0117s politikos studij\u0173 centras Latvijoje, Tartu universitetas Estijoje ir Transporto ekonomikos institutas Norvegijoje.<\/p>\n<p style=\"margin-bottom: 8.0pt;\"><span style=\"line-height: 106%;\"><strong><span style=\"line-height: 106%;\"><span style=\"color: #212529;\"><span style=\"font-weight: normal;\">Projektui \u012fgyvendinti skiriama<\/span><\/span><\/span><\/strong> <span style=\"line-height: 106%;\"><span style=\"color: black;\">998742.9 <\/span><\/span><span lang=\"LT\"><span style=\"line-height: 106%;\">Eur\u0173<\/span><\/span><strong><span style=\"line-height: 106%;\"><span style=\"color: #212529;\">, <\/span><\/span><\/strong><strong><span style=\"line-height: 106%;\"><span style=\"color: #212529;\"><span style=\"font-weight: normal;\">Projekto kodas: LT08-1-\u0160MSM-K01-008 (<\/span><\/span><\/span><\/strong><span style=\"line-height: 106%;\"><span style=\"color: #212529;\">Sutarties Nr. S-BMT-21-7 (LT08-2-LMT-K-01-070)).<\/span><\/span><\/span><\/p>\n<p style=\"margin-bottom: 8.0pt;\"><span style=\"line-height: 106%;\"><strong><span style=\"line-height: 106%;\"><span style=\"color: #212529;\"><span style=\"font-weight: normal;\">Projekto \u012fgyvendinimo terminas:<\/span><\/span><\/span><\/strong><span style=\"line-height: 106%;\"><span style=\"color: #212529;\"> 2021-01-01 \u2013 2023-12-31<\/span><\/span><\/span><\/p>\n<p style=\"margin-bottom: 8.0pt;\"><span style=\"line-height: 106%;\"><b><span style=\"line-height: 106%;\"><span style=\"color: #000000;\">Working together for a <\/span><span style=\"color: #339933;\">green<\/span>, <span style=\"color: red;\">competitive <\/span><span style=\"color: #000000;\">and <\/span><span style=\"color: #2f5496;\">inclusive <\/span><span style=\"color: #000000;\">Europe<\/span><\/span><\/b><\/span><\/p>\n<p style=\"margin-bottom: 8.0pt;\">Daugiau informacijos apie program\u0105 galite rasti \u010dia:\u00a0<a href=\"http:\/\/www.eeagrants.org\/\" target=\"_blank\" rel=\"noopener noreferrer\" data-auth=\"NotApplicable\" data-linkindex=\"2\" data-safelink=\"true\">www.eeagrants.org<\/a><\/p>\n","protected":false},"excerpt":{"rendered":"<p>Nuo 1990 m. \u0160iaur\u0117s ir Baltijos regiono integracija palaipsniui augo ir 2004 m. sulauk\u0117 naujo post\u016bmio per ES pl\u0117tr\u0105, suteikdama Baltijos pilie\u010diams galimyb\u0119 patekti \u012f \u0160vedijos (2004 m.), Suomijos ir Islandijos (2006 m.), Danijoje ir Norvegijoje (2009 m.) darbo rinkas. &#8230;<\/p>\n","protected":false},"author":254,"featured_media":0,"parent":0,"menu_order":0,"comment_status":"closed","ping_status":"closed","template":"","meta":{"_acf_changed":false,"inline_featured_image":false,"footnotes":""},"class_list":["post-19","page","type-page","status-publish","hentry"],"acf":[],"_links":{"self":[{"href":"https:\/\/sisu.ut.ee\/lift\/wp-json\/wp\/v2\/pages\/19","targetHints":{"allow":["GET"]}}],"collection":[{"href":"https:\/\/sisu.ut.ee\/lift\/wp-json\/wp\/v2\/pages"}],"about":[{"href":"https:\/\/sisu.ut.ee\/lift\/wp-json\/wp\/v2\/types\/page"}],"author":[{"embeddable":true,"href":"https:\/\/sisu.ut.ee\/lift\/wp-json\/wp\/v2\/users\/254"}],"replies":[{"embeddable":true,"href":"https:\/\/sisu.ut.ee\/lift\/wp-json\/wp\/v2\/comments?post=19"}],"version-history":[{"count":2,"href":"https:\/\/sisu.ut.ee\/lift\/wp-json\/wp\/v2\/pages\/19\/revisions"}],"predecessor-version":[{"id":168,"href":"https:\/\/sisu.ut.ee\/lift\/wp-json\/wp\/v2\/pages\/19\/revisions\/168"}],"wp:attachment":[{"href":"https:\/\/sisu.ut.ee\/lift\/wp-json\/wp\/v2\/media?parent=19"}],"curies":[{"name":"wp","href":"https:\/\/api.w.org\/{rel}","templated":true}]}}