{"id":18,"date":"2024-04-04T07:11:45","date_gmt":"2024-04-04T04:11:45","guid":{"rendered":"https:\/\/sisu.ut.ee\/lift\/media\/"},"modified":"2024-04-30T12:59:27","modified_gmt":"2024-04-30T09:59:27","slug":"media","status":"publish","type":"page","link":"https:\/\/sisu.ut.ee\/lift\/media\/?lang=lt","title":{"rendered":"\u017diniasklaida"},"content":{"rendered":"<h4><\/h4>\n<h2>SOCIALINIAI TINKLAI<\/h2>\n<ul>\n<li>Mihails Hazan\u2019s post on LinkedIn, with 21 reactions and 539 impressions.\u00a0<span class=\"file media-element file-os-files-link\" data-file_info=\"%7B%22fid%22:%2281328%22,%22view_mode%22:%22os_files_link%22,%22type%22:%22media%22%7D\"><img decoding=\"async\" class=\"file-icon\" src=\"\/profiles\/openscholar\/modules\/os\/modules\/os_files\/icons\/application-pdf.svg\" alt=\"\"> <a href=\"https:\/\/sisu.ut.ee\/wp-content\/uploads\/sites\/491\/linkedin_post_on_hazans_masso_maurseth.pdf\">linkedin_post_on_hazans_masso_maurseth.pdf<\/a><\/span><\/li>\n<li>European Social Survey FB Post.\u00a0<span class=\"file media-element file-os-files-link\" data-file_info=\"%7B%22fid%22:81329,%22view_mode%22:%22os_files_link%22,%22type%22:%22media%22%7D\"><img decoding=\"async\" class=\"file-icon\" src=\"\/profiles\/openscholar\/modules\/os\/modules\/os_files\/icons\/application-pdf.svg\" alt=\"\"> <a href=\"https:\/\/sisu.ut.ee\/wp-content\/uploads\/sites\/491\/european_social_survey_fb_post_on_hazans_masso_maurseth.pdf\">european_social_survey_fb_post_on_hazans_masso_maurseth.pdf<\/a><\/span><\/li>\n<li>European Social Survey LinkedIn Post.\u00a0<span class=\"file media-element file-os-files-link\" data-file_info=\"%7B%22fid%22:81330,%22view_mode%22:%22os_files_link%22,%22type%22:%22media%22%7D\"><img decoding=\"async\" class=\"file-icon\" src=\"\/profiles\/openscholar\/modules\/os\/modules\/os_files\/icons\/application-pdf.svg\" alt=\"\"> <a href=\"https:\/\/sisu.ut.ee\/wp-content\/uploads\/sites\/491\/european_social_survey_linkedin_post_on_hazans_masso_maurseth.pdf\">european_social_survey_linkedin_post_on_hazans_masso_maurseth.pdf<\/a><\/span><\/li>\n<li><span class=\"file media-element file-os-files-link\" data-file_info=\"%7B%22fid%22:81330,%22view_mode%22:%22os_files_link%22,%22type%22:%22media%22%7D\"><a href=\"https:\/\/sisu.ut.ee\/wp-content\/uploads\/sites\/491\/european_social_survey_linkedin_post_on_hazans_masso_maurseth.pdf\">\u200b\u200b\u200b\u200b\u200b<\/a><\/span><span class=\"file media-element file-os-files-link\" data-file_info=\"%7B%22fid%22:81329,%22view_mode%22:%22os_files_link%22,%22type%22:%22media%22%7D\"><a href=\"https:\/\/sisu.ut.ee\/wp-content\/uploads\/sites\/491\/european_social_survey_fb_post_on_hazans_masso_maurseth.pdf\">\u200b\u200b\u200b\u200b\u200b<\/a><\/span><span style=\"color: #000000;\">Juhiks saab sagedamini saavutushimuline loovhing (in English: The leader is more often a creative soul eager to achieve). Facebook page of the School of Economic Administration and Communications, University of Tartu. <\/span><a title=\"\" href=\"https:\/\/www.facebook.com\/profile\/100063732693206\/search\/?q=Juhiks%20saab%20sagedamini%20saavutushimuline%20loovhing\" target=\"_blank\" rel=\"noopener\" data-url=\"https:\/\/www.facebook.com\/profile\/100063732693206\/search\/?q=Juhiks%20saab%20sagedamini%20saavutushimuline%20loovhing\">https:\/\/www.facebook.com\/profile\/100063732693206\/search\/?q=Juhiks%20saab%20sagedamini%20saavutushimuline%20loovhing<\/a><span style=\"color: #000000;\">. 13.12.2023.<\/span><\/li>\n<li><span style=\"color: #000000;\">Project Conference: The economic integration of the Nordic-Baltic region through Labour, innovation, investments, trade \u2013\u00a0LIFT Facebook page of the School of Economic Administration and Communications, University of Tartu. <\/span><a title=\"\" href=\"https:\/\/www.facebook.com\/profile\/100063732693206\/search\/?q=integration\" target=\"_blank\" rel=\"noopener\" data-url=\"https:\/\/www.facebook.com\/profile\/100063732693206\/search\/?q=integration\">https:\/\/www.facebook.com\/profile\/100063732693206\/search\/?q=integration.<\/a><span style=\"color: #000000;\"> 23.11.2022.<\/span><\/li>\n<li><span style=\"background: white;\"><span style=\"line-height: normal;\"><span style=\"color: #000000;\">LIFT projektas Vilniaus Gedimino technikos universitete (Facebook)<\/span> <a href=\"https:\/\/bit.ly\/3dhbADW?fbclid=IwAR26JKH8qOy7a4XpieXf5Fb0HYxnQFrYJHV0PgB-k8Dymb1rlZ95eYrIIwo\"><span style=\"color: #000099;\">https:\/\/tinyurl.com\/33usx42k<\/span><\/a><\/span><\/span><\/li>\n<li style=\"text-align: left;\"><span style=\"background: white;\"><span style=\"line-height: normal;\"><span style=\"color: #000000;\">Transporto ekonomikos institutas apie LIFT projekto prad\u017ei\u0105 (Twitter) <\/span><a href=\"https:\/\/twitter.com\/RasmusBHolmen\/status\/1386685782413426692?s=20\"><span style=\"color: #000099;\">https:\/\/twitter.com\/RasmusBHolmen\/status\/1386685782413426692?s=20<\/span><\/a> <\/span><\/span><\/li>\n<li style=\"text-align: left;\"><span style=\"background: white;\"><span style=\"line-height: normal;\"><span style=\"color: #000000;\">Baltijos tarptautinis ekonomin\u0117s politikos studij\u0173 centras apie LIFT projekto prad\u017ei\u0105 (Facebook) <\/span><a href=\"https:\/\/www.facebook.com\/BSEPSC\/posts\/2021474891347194\"><span style=\"color: #000099;\">https:\/\/www.facebook.com\/BSEPSC\/posts\/2021474891347194<\/span><\/a> <\/span><\/span><\/li>\n<li style=\"text-align: left;\"><span style=\"color: #000000;\"><span style=\"background: white;\"><span style=\"line-height: normal;\">Tartu universitetas: \u201eKaks majandusteaduskonnaga seotud projekti said EMP Balti teaduskoost\u00f6\u00f6 programmis positiivne rahastusotsuse\u201c (Buvo finansuoti du projektai, susij\u0119 su Ekonomikos ir verslo administravimo mokykla) (\u201eFacebook\u201c ir institucijos pagrindinis puslapis).<\/span><\/span><\/span><span style=\"color: #000099;\"><span style=\"background: white;\"><span style=\"line-height: normal;\">\u00a0<\/span><\/span><\/span><a title=\"\" href=\"https:\/\/majandus.ut.ee\/et\/sisu\/kaks-majandusteaduskonnaga-seotud-projekti-said-emp-balti-teaduskoostoo-programmis-positiivse\" target=\"_blank\" rel=\"noopener\" data-url=\"https:\/\/majandus.ut.ee\/et\/sisu\/kaks-majandusteaduskonnaga-seotud-projekti-said-emp-balti-teaduskoostoo-programmis-positiivse\"><span style=\"color: #000099;\">https:\/\/majandus.ut.ee\/et\/sisu\/kaks-majandusteaduskonnaga-seotud-projekti-said-emp-balti-teaduskoostoo-programmis-positiivse<\/span><\/a><\/li>\n<li style=\"text-align: left;\"><span style=\"background: white;\"><span style=\"line-height: normal;\"><span style=\"color: #000000;\">IZA Darbo ekonomikos instituto \u201eTwitter\u201c \u012fra\u0161as apie LIFT projekto dokument\u0105 \u201eAsmenyb\u0117s bruo\u017eai, nuotolinis darbas ir produktyvumas\u201c, kur\u012f para\u0161\u0117 Nicolas Gavoille ir Mihails Hazans: <\/span><a href=\"https:\/\/twitter.com\/iza_bonn\/status\/1561990512801976320\"><span style=\"color: #000099;\">https:\/\/twitter.com\/iza_bonn\/status\/1561990512801976320<\/span><\/a> <\/span><\/span><\/li>\n<\/ul>\n<h2>LIFT PROJEKTAS INSTITUCIJ\u0172 TINKLAPIUOSE<\/h2>\n<ul>\n<li><span style=\"background: white;\"><span lang=\"EN-US\" style=\"border: nonewindowtext1.0pt; color: #242424; padding: 0cm;\">Project Conference: The economic integration of the Nordic-Baltic region through Labour, innovation, investments, trade \u2013 LIFT December 16 2022 <\/span><a href=\"https:\/\/majandus.ut.ee\/en\/sisu\/economic-integration-nordic-baltic-region-through-labour-innovation-investments-trade-lift\" target=\"_blank\" rel=\"noopener\"><span style=\"border: nonewindowtext1.0pt; padding: 0cm;\">https:\/\/majandus.ut.ee\/en\/sisu\/economic-integration-nordic-baltic-region-through-labour-innovation-investments-trade-lift<\/span><\/a><\/span><\/li>\n<li><span style=\"background: white;\"><span style=\"line-height: normal;\"><span style=\"color: #000000;\">Projektas \u201c\u0160iaur\u0117s ir Baltijos regiono ekonomin\u0117 integracija pasitelkiant u\u017eimtum\u0105, inovacijas, investicijas ir prekyb\u0105 (LIFT)\u201d.<\/span><a href=\"https:\/\/tinyurl.com\/yy83d4vr\" target=\"_blank\" rel=\"noopener\"><span style=\"color: #000099;\"><span style=\"text-decoration: none;\">https:\/\/tinyurl.com\/yy83d4vr<\/span><\/span><\/a><\/span><\/span><\/li>\n<li><span style=\"background: white;\"><span style=\"line-height: normal;\"><span style=\"color: #000000;\">Vilniaus Gedimino technikos universiteto LIFT projekto puslapis. <\/span><a href=\"https:\/\/vilniustech.lt\/business-management\/research-and-innovation\/research-projects\/111131?lang=2#342496\"><span style=\"color: #000099;\"><span style=\"background: white;\">https:\/\/vilniustech.lt\/business-management\/research-and-innovation\/research-projects\/111131?lang=2#342496<\/span><\/span><\/a><span style=\"color: #000099;\">\u00a0<\/span><\/span><\/span><\/li>\n<li><span style=\"background: white;\"><span style=\"line-height: normal;\"><span style=\"color: #000000;\">\u201eVilniusTech vykdo EEE ir Norvegijos finansini\u0173 mechanizm\u0173 finansuojam\u0105 projekt\u0105\u201c.<\/span> <a href=\"https:\/\/vilniustech.lt\/verslo-vadybos-fakultetas\/apie-fakulteta\/naujausia-informacija\/vilniustech-vykdo-eee-ir-norvegijos-finansiniu-mechanizmu-finansuojama-projekta\/53629?nid=327455&amp;fbclid=IwAR2IiNCiwTm_2U0JkTm5pTTzUalmaAaRWhHPqKYqRGT655EVySvPgzRiE2s\"><span style=\"color: #000099;\">https:\/\/vilniustech.lt\/verslo-vadybos-fakultetas\/apie-fakulteta\/naujausia-informacija\/vilniustech-vykdo-eee-ir-norvegijos-finansiniu-mechanizmu-finansuojama-projekta\/53629?nid=327455&amp;fbclid=IwAR2IiNCiwTm_2U0JkTm5pTTzUalmaAaRWhHPqKYqRGT655EVySvPgzRiE2s<\/span><\/a><\/span><\/span><\/li>\n<li><span style=\"background: white;\"><span style=\"line-height: normal;\"><span style=\"color: #000000;\">Transporto ekonomikos institutas \u2013 LIFT projekto puslapis <\/span><a href=\"https:\/\/www.toi.no\/LIFT\/\"><span style=\"color: #000099;\">https:\/\/www.toi.no\/LIFT\/<\/span><\/a> <\/span><\/span><\/li>\n<li><span style=\"background: white;\"><span style=\"line-height: normal;\"><span style=\"color: #000000;\">\u201eForskningsprosjekt: LIFT\u201c <\/span><a href=\"https:\/\/www.toi.no\/LIFT-prosjektet\/\"><span style=\"color: #000099;\">https:\/\/www.toi.no\/LIFT-prosjektet\/<\/span><\/a> <\/span><\/span><\/li>\n<li><span style=\"background: white;\"><span style=\"line-height: normal;\"><span style=\"color: #000000;\">\u201eTransporto ekonomikos institutas yra partneris naujame \u0160iaur\u0117s ir Baltijos \u0161ali\u0173 integracijos projekte\u201c.<\/span> <a href=\"https:\/\/tinyurl.com\/2p8p7yej\"><span style=\"color: #000099;\">https:\/\/tinyurl.com\/2p8p7ye<\/span><span style=\"color: #000000;\">j<\/span><\/a> <\/span><\/span><\/li>\n<li><span style=\"background: white;\"><span style=\"line-height: normal;\"><span style=\"color: #000000;\">Latvijos universitetas \u2013 LIFT projekto puslapis. <\/span><a href=\"https:\/\/tinyurl.com\/49n7t82j\"><span style=\"color: #000099;\">https:\/\/tinyurl.com\/49n7t82j<\/span><\/a> <\/span><\/span><\/li>\n<li><span style=\"background: white;\"><span style=\"line-height: normal;\"><span style=\"color: #000000;\">Latvijos universitetas \u2013 prane\u0161imas apie projekto prad\u017ei\u0105:<\/span> <a href=\"https:\/\/tinyurl.com\/5dves7am\"><span style=\"color: #000099;\">https:\/\/tinyurl.com\/5dves7am<\/span><\/a> <\/span><\/span><\/li>\n<li><span style=\"background: white;\"><span style=\"line-height: normal;\"><span style=\"color: #000000;\">Baltijos tarptautinis ekonomin\u0117s politikos studij\u0173 centras \u2013 LIFT projekto puslapis <\/span><a href=\"https:\/\/biceps.org\/en\/LIFT.html\"><span style=\"color: #000099;\">https:\/\/biceps.org\/en\/LIFT.html<\/span><\/a> <\/span><\/span><\/li>\n<li><span style=\"background: white;\"><span style=\"line-height: normal;\"><span style=\"color: #000000;\">\u201eKaks majandusteaduskonnaga seotud projekti said\u00a0EMP Balti teaduskoost\u00f6\u00f6 programmis positiivne rahastusotsuse\u201c (Buvo finansuoti du projektai, susij\u0119 su Ekonomikos ir verslo administravimo mokykla).\u00a0<\/span><\/span><\/span><a title=\"\" href=\"https:\/\/majandus.ut.ee\/et\/sisu\/kaks-majandusteaduskonnaga-seotud-projekti-said-emp-balti-teaduskoostoo-programmis-positiivse\" target=\"_blank\" rel=\"noopener\" data-url=\"https:\/\/majandus.ut.ee\/et\/sisu\/kaks-majandusteaduskonnaga-seotud-projekti-said-emp-balti-teaduskoostoo-programmis-positiivse\"><span style=\"color: #000099;\">https:\/\/majandus.ut.ee\/et\/sisu\/kaks-majandusteaduskonnaga-seotud-projekti-said-emp-balti-teaduskoostoo-programmis-positiivse<\/span><\/a><\/li>\n<li><span style=\"background: white;\"><span style=\"line-height: normal;\"><span style=\"color: #000000;\">\u201cTeadlased kutsuvad jagama oma kogemust kaugt\u00f6\u00f6tamisest\u201c (tyr\u0117jai kvie\u010diami pasidalinti nuotolinio darbo patirtimi).\u00a0<\/span><\/span><\/span><a title=\"\" href=\"https:\/\/majandus.ut.ee\/et\/sisu\/teadlased-kutsuvad-jagama-oma-kogemust-kaugtootamisest\" target=\"_blank\" rel=\"noopener\" data-url=\"https:\/\/majandus.ut.ee\/et\/sisu\/teadlased-kutsuvad-jagama-oma-kogemust-kaugtootamisest\"><span style=\"color: #000099;\">https:\/\/majandus.ut.ee\/et\/sisu\/teadlased-kutsuvad-jagama-oma-kogemust-kaugtootamisest<\/span><\/a><span style=\"color: #000099;\"><span style=\"background: white;\"><span style=\"line-height: normal;\">\u00a0<\/span><\/span><\/span><\/li>\n<\/ul>\n<div style=\"margin-top: 0cm; margin-right: 0cm; margin-bottom: .0001pt; text-align: justify;\"><\/div>\n<h2>KITOS \u017dINIASKLAIDOS PRIEMON\u0116S<\/h2>\n<ul>\n<li><b>Jaan Masso, Mihails Hazans, Per Botolf Maurseth.<\/b>\u00a0\u201e<a title=\"\" href=\"https:\/\/novaator.err.ee\/1609192423\/juhiks-saab-sagedamini-saavutushimuline-loovhing\" target=\"_blank\" rel=\"noopener\">Juhiks saab sagedamini saavutushimuline loovhing<\/a>\u201c (In English: \u201eThe leader is more often a creative soul eager to achieve \u201c), 12.12.2023. ERR Novaator.<\/li>\n<li><b>Anastasia Sinitsyna, Tiiu Paas, Jaan Masso.<\/b>\u00a0\u201e<a title=\"\" href=\"https:\/\/novaator.err.ee\/1608796618\/virtuaalne-koostooruum-voib-asendada-kergekaelise-tooreisi\" target=\"_blank\" rel=\"noopener\">Virtuaalne koost\u00f6\u00f6ruum v\u00f5ib asendada kergek\u00e4elise t\u00f6\u00f6reisi<\/a>\u201c (In English: \u201eA virtual co-working space can replace the frivolous business trip\u201c), 22.11.2022.\u00a0ERR Novaator.<\/li>\n<li><span style=\"line-height: normal;\"><span lang=\"EN-GB\"><strong>Kristina Hudenko<\/strong>, <\/span><\/span><a title=\"\" href=\"https:\/\/www.delfi.lv\/delfi-plus\/latvija\/piemaksajiet-500-brauksu-uz-darbu-profesors-hazans-verte-attalinato-stradasanu.d?id=53702565\" target=\"_blank\" rel=\"noopener\" data-url=\"https:\/\/www.delfi.lv\/delfi-plus\/latvija\/piemaksajiet-500-brauksu-uz-darbu-profesors-hazans-verte-attalinato-stradasanu.d?id=53702565\">\u201cPiemaks\u0101jiet 500, brauk\u0161u uz darbu! Profesors Hazans v\u0113rt\u0113 att\u0101lin\u0101to str\u0101d\u0101\u0161anu\u201d<\/a><span style=\"color: #000000;\"><span style=\"line-height: normal;\"><span lang=\"EN-GB\"> (<\/span><\/span>Sumok\u0117k 500 papildomai, eisiu \u012f darb\u0105! Profesorius Hazanas vertina nuotolin\u012f darb\u0105<span style=\"line-height: normal;\"><span lang=\"EN-GB\">).\u00a0<\/span><\/span><\/span><\/li>\n<li><span style=\"line-height: normal;\"><span lang=\"EN-GB\"><strong>Kristina Hudenko<\/strong>, <\/span><\/span><a title=\"\" href=\"https:\/\/www.delfi.lv\/delfi-plus\/latvija\/darbs-no-majam-kurs-rupejas-par-darbinieku-vairak-un-ka-kontrole.d?id=53706185\" target=\"_blank\" rel=\"noopener\" data-url=\"https:\/\/www.delfi.lv\/delfi-plus\/latvija\/darbs-no-majam-kurs-rupejas-par-darbinieku-vairak-un-ka-kontrole.d?id=53706185\">\u201cDarbs no m\u0101j\u0101m: kur\u0161 r\u016bp\u0113jas par darbinieku vair\u0101k un k\u0101 kontrol\u0113\u201d<\/a><span style=\"line-height: normal;\"><span lang=\"EN-GB\"> (<\/span><\/span><span style=\"color: #000000;\">Darbas i\u0161 nam\u0173: kam labiau r\u016bpi darbuotojas ir kaip j\u012f kontroliuoti<\/span><span style=\"line-height: normal;\"><span lang=\"EN-GB\"><span style=\"color: #000000;\">)<\/span>.\u00a0<\/span><\/span><\/li>\n<li><span style=\"line-height: normal;\"><span lang=\"EN-GB\"><strong>Mihails Hazans<\/strong>, <\/span><\/span><a title=\"\" href=\"https:\/\/www.postimees.ee\/7292856\/kodutoo-ajutiselt-voi-alaliselt-ankeet-jagage-oma-kogemust-kaugjuhtimise-kohta?preview_token=60f02d62480ef\" target=\"_blank\" rel=\"noopener\" data-url=\"https:\/\/www.postimees.ee\/7292856\/kodutoo-ajutiselt-voi-alaliselt-ankeet-jagage-oma-kogemust-kaugjuhtimise-kohta?preview_token=60f02d62480ef\">\u201cKodut\u00f6\u00f6 \u2014 ajutiselt v\u00f5i alaliselt? Ankeet: jagage oma kogemust \u201ekaugjuhtimise\u201c kohta!\u201d<\/a><span style=\"line-height: normal;\"><span lang=\"EN-GB\"> <span style=\"color: #000000;\">(<\/span><\/span><\/span><span style=\"color: #000000;\">Nam\u0173 darbai \u2013 laikinai ar visam laikui? Klausimynas: pasidalinkite savo \u201enuotolinio valdymo\u201c patirtimi!<\/span><span style=\"line-height: normal;\"><span lang=\"EN-GB\"><span style=\"color: #000000;\">)<\/span>, Postimees<\/span><\/span><\/li>\n<li><a title=\"\" href=\"https:\/\/rus.delfi.lv\/delfi-plus\/latvija\/priplatite-500-evro-priedu-na-rabotu-professor-hazan-rasskazal-o-plyusah-i-minusah-udalennogo-truda.d?id=53629327\" target=\"_blank\" rel=\"noopener\" data-url=\"https:\/\/rus.delfi.lv\/delfi-plus\/latvija\/priplatite-500-evro-priedu-na-rabotu-professor-hazan-rasskazal-o-plyusah-i-minusah-udalennogo-truda.d?id=53629327\">\u201c\u041f\u0440\u0438\u043f\u043b\u0430\u0442\u0438\u0442\u0435 500 \u0435\u0432\u0440\u043e \u2014 \u043f\u0440\u0438\u0435\u0434\u0443 \u043d\u0430 \u0440\u0430\u0431\u043e\u0442\u0443! \u041f\u0440\u043e\u0444\u0435\u0441\u0441\u043e\u0440 \u0425\u0430\u0437\u0430\u043d \u0440\u0430\u0441\u0441\u043a\u0430\u0437\u0430\u043b \u043e \u043f\u043b\u044e\u0441\u0430\u0445 \u0438 \u043c\u0438\u043d\u0443\u0441\u0430\u0445 \u201c\u0443\u0434\u0430\u043b\u0435\u043d\u043d\u043e\u0433\u043e\u201d \u0442\u0440\u0443\u0434\u0430\u201d<\/a><span style=\"line-height: normal;\"><span lang=\"EN-GB\"> (<\/span><\/span><span style=\"color: #000000;\">Mok\u0117kite 500 eur\u0173 \u2013 ateisiu \u012f darb\u0105! Profesorius Hazanas kalb\u0117jo apie \u201enuotolinio\u201c darbo privalumus ir tr\u016bkumus<\/span><span style=\"line-height: normal;\"><span lang=\"EN-GB\">)<\/span><\/span><\/li>\n<li><span style=\"line-height: normal;\"><span lang=\"EN-GB\"><strong>\u041a\u0440\u0438\u0441\u0442\u0438\u043d\u0430 \u0425\u0443\u0434\u0435\u043d\u043a\u043e<\/strong>, <\/span><\/span><a title=\"\" href=\"https:\/\/rus.delfi.lv\/delfi-plus\/latvija\/vse-ravno-ot-zvonka-do-zvonka-chto-daet-rabotodatel-podchinennomu-na-udalenke-a-chto-hochet-vzamen.d?id=53631073\" target=\"_blank\" rel=\"noopener\" data-url=\"https:\/\/rus.delfi.lv\/delfi-plus\/latvija\/vse-ravno-ot-zvonka-do-zvonka-chto-daet-rabotodatel-podchinennomu-na-udalenke-a-chto-hochet-vzamen.d?id=53631073\">\u201c\u0412\u0441\u0435 \u0440\u0430\u0432\u043d\u043e \u043e\u0442 \u0437\u0432\u043e\u043d\u043a\u0430 \u0434\u043e \u0437\u0432\u043e\u043d\u043a\u0430? \u0427\u0442\u043e \u0434\u0430\u0435\u0442 \u0440\u0430\u0431\u043e\u0442\u043e\u0434\u0430\u0442\u0435\u043b\u044c \u043f\u043e\u0434\u0447\u0438\u043d\u0435\u043d\u043d\u043e\u043c\u0443 \u043d\u0430 \u201c\u0443\u0434\u0430\u043b\u0435\u043d\u043a\u0435\u201d, \u0430 \u0447\u0442\u043e \u0445\u043e\u0447\u0435\u0442 \u0432\u0437\u0430\u043c\u0435\u043d\u201d<\/a><span style=\"line-height: normal;\"><span lang=\"EN-GB\"> (<\/span><\/span><span style=\"color: #000000;\">Vis dar nuo skambu\u010dio iki skambu\u010dio? K\u0105 darbdavys duoda pavaldiniui dirbant \u201enuotolin\u012f darb\u0105\u201c, ir ko jis nori mainais<\/span><span style=\"line-height: normal;\"><span lang=\"EN-GB\">), Delfi plus.\u00a0<\/span><\/span><\/li>\n<li><span style=\"line-height: normal;\"><span lang=\"EN-GB\"><strong>\u041c\u0438\u0445\u0430\u0438\u043b \u0425\u0430\u0437\u0430\u043d<\/strong>, <\/span><\/span><a title=\"\" href=\"https:\/\/rus.postimees.ee\/7292884\/rabota-iz-doma-vremenno-ili-navsegda-anketa-podelites-svoim-opytom-udalenki?preview_token=60f02f1b1eb83\" target=\"_blank\" rel=\"noopener\" data-url=\"https:\/\/rus.postimees.ee\/7292884\/rabota-iz-doma-vremenno-ili-navsegda-anketa-podelites-svoim-opytom-udalenki?preview_token=60f02f1b1eb83\">\u201c\u0420\u0430\u0431\u043e\u0442\u0430 \u0438\u0437 \u0434\u043e\u043c\u0430 \u2014 \u0432\u0440\u0435\u043c\u0435\u043d\u043d\u043e \u0438\u043b\u0438 \u043d\u0430\u0432\u0441\u0435\u0433\u0434\u0430? \u0410\u043d\u043a\u0435\u0442\u0430: \u043f\u043e\u0434\u0435\u043b\u0438\u0442\u0435\u0441\u044c \u0441\u0432\u043e\u0438\u043c \u043e\u043f\u044b\u0442\u043e\u043c \u00ab\u0443\u0434\u0430\u043b\u0435\u043d\u043a\u0438\u00bb!\u201d <\/a><span style=\"line-height: normal;\"><span lang=\"EN-GB\">(<\/span><\/span><span style=\"color: #000000;\">Darbas i\u0161 nam\u0173 \u2013 laikinas ar nuolatinis? Klausimynas: pasidalinkite savo nuotolinio darbo patirtimi!<span style=\"line-height: normal;\"><span lang=\"EN-GB\">)<\/span><\/span><\/span><\/li>\n<li><span style=\"color: #000000;\">IZA Darbo ekonomikos institutas savo IZA naujien\u0173 kambaryje (2022 m. rugpj\u016b\u010dio 23 d.) paskelb\u0117 netechnin\u0119 LIFT projekto straipsnio \u201eAsmenyb\u0117s bruo\u017eai, darbas nuotoliniu b\u016bdu ir produktyvumas\u201c, kur\u012f para\u0161\u0117 <strong>Nicolas Gavoille ir Mihails Hazans<\/strong>, santrauk\u0105 angl\u0173 ir vokie\u010di\u0173 kalbomis. ): \u201cKas yra produktyvesnis namuose? Nauji tyrimo duomenys rodo, kad asmenyb\u0117s bruo\u017eai yra svarb\u016bs (labai)\u201d\u00a0<span style=\"background: #f8f8f8;\">,\u00a0<\/span><\/span> <a href=\"https:\/\/newsroom.iza.org\/en\/archive\/research\/who-is-more-productive-from-home\/\" target=\"_blank\" rel=\"noopener\"><span style=\"color: #3366cc;\">https:\/\/newsroom.iza.org\/en\/archive\/research\/who-is-more-productive-from-home\/<\/span><\/a><span style=\"color: #3366cc;\"> ; <\/span><a href=\"https:\/\/newsroom.iza.org\/de\/archive\/research\/who-is-more-productive-from-home\/\"><span style=\"color: #3366cc;\">https:\/\/newsroom.iza.org\/de\/archive\/research\/who-is-more-productive-from-home\/<\/span><\/a><\/li>\n<li><span style=\"background: white;\"><span style=\"line-height: normal;\"><span style=\"color: #565656;\">Pagrindinis Vokietijos verslo laikra\u0161tis \u201eWirtschafts Woche\u201c (WIWO) paskelb\u0117 LIFT projekto straipsn\u012f \u201eAsmenyb\u0117s bruo\u017eai, nuotolinis darbas ir produktyvumas\u201c, kur\u012f para\u0161\u0117 <strong>Nicolas Gavoille ir Mihails Hazans<\/strong>: Dominik Reintjes. Diesen Mitarbeitern k\u00f6nnen Chefs im Homeoffice blind vertrauen. Wirtschafts Woche, 2022 m. rugpj\u016b\u010dio 24 d. [Bosai gali aklai pasitik\u0117ti \u0161iais darbuotojais, dirban\u010diais namuose]<\/span><\/span><\/span>\u00a0<span style=\"background-image: initial;\"><span style=\"background-position: initial;\"><span style=\"background-size: initial;\">\u00a0<\/span><\/span><\/span><span class=\"file media-element file-os-files-link\" data-file_info=\"%7B%22fid%22:%2272472%22,%22view_mode%22:%22os_files_link%22,%22type%22:%22media%22%7D\"><img decoding=\"async\" class=\"file-icon\" src=\"\/profiles\/openscholar\/modules\/os\/modules\/os_files\/icons\/application-pdf.svg\" alt=\"\"> <a href=\"https:\/\/sisu.ut.ee\/wp-content\/uploads\/sites\/491\/de_home_office_how_productive_employees_are_depends_on_their_personality.pdf\">DE_Diesen Mitarbeiternk\u00f6nnen Chefs im Homeoffice blindvertrauen.pdf<\/a>\u00a0 \u00a0<\/span><span class=\"file media-element file-os-files-link\" data-file_info=\"%7B%22fid%22:%2272474%22,%22view_mode%22:%22os_files_link%22,%22type%22:%22media%22%7D\"><img decoding=\"async\" class=\"file-icon\" src=\"\/profiles\/openscholar\/modules\/os\/modules\/os_files\/icons\/application-pdf.svg\" alt=\"\"> <a href=\"https:\/\/sisu.ut.ee\/wp-content\/uploads\/sites\/491\/en_home_office_how_productive_employees_are_depends_on_their_personality.pdf\">EN_Bosses can blindly trust these employees working from home.pdf<\/a><\/span><\/li>\n<\/ul>\n<p style=\"margin-top: 0cm; margin-right: 0cm; margin-bottom: 0.0001pt;\">\n<\/p><p style=\"margin-top: 0cm; margin-right: 0cm; margin-bottom: 0.0001pt;\">\n<\/p><p style=\"margin-bottom: .0001pt;\">\n<\/p>","protected":false},"excerpt":{"rendered":"<p>SOCIALINIAI TINKLAI Mihails Hazan\u2019s post on LinkedIn, with 21 reactions and 539 impressions.\u00a0 linkedin_post_on_hazans_masso_maurseth.pdf European Social Survey FB Post.\u00a0 european_social_survey_fb_post_on_hazans_masso_maurseth.pdf European Social Survey LinkedIn Post.\u00a0 european_social_survey_linkedin_post_on_hazans_masso_maurseth.pdf \u200b\u200b\u200b\u200b\u200b\u200b\u200b\u200b\u200b\u200bJuhiks saab sagedamini saavutushimuline loovhing (in English: The leader is more often a creative &#8230;<\/p>\n","protected":false},"author":254,"featured_media":0,"parent":0,"menu_order":0,"comment_status":"closed","ping_status":"closed","template":"","meta":{"_acf_changed":false,"inline_featured_image":false,"footnotes":""},"class_list":["post-18","page","type-page","status-publish","hentry"],"acf":[],"_links":{"self":[{"href":"https:\/\/sisu.ut.ee\/lift\/wp-json\/wp\/v2\/pages\/18","targetHints":{"allow":["GET"]}}],"collection":[{"href":"https:\/\/sisu.ut.ee\/lift\/wp-json\/wp\/v2\/pages"}],"about":[{"href":"https:\/\/sisu.ut.ee\/lift\/wp-json\/wp\/v2\/types\/page"}],"author":[{"embeddable":true,"href":"https:\/\/sisu.ut.ee\/lift\/wp-json\/wp\/v2\/users\/254"}],"replies":[{"embeddable":true,"href":"https:\/\/sisu.ut.ee\/lift\/wp-json\/wp\/v2\/comments?post=18"}],"version-history":[{"count":2,"href":"https:\/\/sisu.ut.ee\/lift\/wp-json\/wp\/v2\/pages\/18\/revisions"}],"predecessor-version":[{"id":309,"href":"https:\/\/sisu.ut.ee\/lift\/wp-json\/wp\/v2\/pages\/18\/revisions\/309"}],"wp:attachment":[{"href":"https:\/\/sisu.ut.ee\/lift\/wp-json\/wp\/v2\/media?parent=18"}],"curies":[{"name":"wp","href":"https:\/\/api.w.org\/{rel}","templated":true}]}}