{"id":13,"date":"2024-04-04T07:11:46","date_gmt":"2024-04-04T04:11:46","guid":{"rendered":"https:\/\/sisu.ut.ee\/lift\/wp-3\/"},"modified":"2024-04-30T12:53:00","modified_gmt":"2024-04-30T09:53:00","slug":"wp-3","status":"publish","type":"page","link":"https:\/\/sisu.ut.ee\/lift\/wp-3\/?lang=lt","title":{"rendered":"DP 3. Tiesiogin\u0117s u\u017esienio investicijos ir kapitalo jud\u0117jimas"},"content":{"rendered":"<p style=\"text-align: justify;\"><span style=\"color: #000000;\"><span style=\"line-height: 107%;\">DP 3 <\/span><span lang=\"LT\"><span style=\"line-height: 107%;\">suformuluotas pagal tai, kaip \u0160iaur\u0117s \u0161ali\u0173 TUI ir vie\u0161osios dotacijos Baltijos \u0161alyse prisideda prie \u0160iaur\u0117s ir Baltijos regiono integracijos per pastaruosius tris de\u0161imtme\u010dius (pvz., pagal Norvegijos statistik\u0105 <\/span><\/span><span style=\"line-height: 107%;\">2016 m. Norvegijos TUI Baltijos \u0161alyse siek\u0117 2,5 mlrd. Eur<\/span><span lang=\"LT\"><span style=\"line-height: 107%;\">). \u0160iaur\u0117s \u0161ali\u0173 TUI ir dotacijos gali sukelti teigiam\u0173 impuls\u0173 ir paskirstymo poveik\u012f Baltijos \u0161ali\u0173 ekonomikai, didindamos produktyvum\u0105, darbo rinkos rezultatus, socialin\u0119 gerov\u0119 ir vie\u0161\u0173j\u0173 paslaug\u0173 teikim\u0105. \u0160iaur\u0117s ir Baltijos \u0161ali\u0173 \u012fmoni\u0173 rezultatai bus lyginami su vidaus ir kit\u0173 tarptautini\u0173 konsolidacij\u0173 su investuotojais pana\u0161ios pl\u0117tros \u0161alyse. Mes \u017ei\u016brime ir \u012f plyno lauko investicijas ir \u012f per\u0117mimus. <\/span><\/span><\/span><\/p>\n<p><strong><span style=\"color: #000000;\"><span lang=\"ET\"><span style=\"line-height: 107%;\">DP <\/span><\/span><span style=\"line-height: 107%;\">3 <\/span><span lang=\"LT\"><span style=\"line-height: 107%;\">apima \u0161ias u\u017eduotis <\/span><\/span><\/span><\/strong><\/p>\n<p><span style=\"color: #000000;\"><span lang=\"ET\"><span style=\"line-height: 107%;\">3.1 <\/span><\/span><span lang=\"LT\"><span style=\"line-height: 107%;\">u\u017eduotis. Norvegijos nuosavyb\u0117s Baltijos \u0161alyse poveikis Baltijos \u0161ali\u0173 dukterini\u0173 \u012fmoni\u0173 ir \u0160iaur\u0117s \u0161ali\u0173 motinini\u0173 \u012fmoni\u0173 rezultatams.<\/span><\/span><\/span><\/p>\n<p><span style=\"color: #000000;\"><span lang=\"ET\"><span style=\"line-height: 107%;\">3.2 <\/span><\/span><span lang=\"LT\"><span style=\"line-height: 107%;\">u\u017eduotis. TUI poveikis darbo u\u017emokes\u010dio skirtumams, darbo sud\u0117\u010diai (profesijoms ir i\u0161silavinimui) ir darbuotoj\u0173 mobilumui tarp konsolidacij\u0173 \/ konsolidacij\u0173 viduje.<\/span><\/span><\/span><\/p>\n<p><span style=\"color: #000000;\"><span lang=\"ET\"><span style=\"line-height: 107%;\">3.3 <\/span><\/span><span lang=\"LT\"><span style=\"line-height: 107%;\">u\u017eduotis.\u0160iaur\u0117s \u0161ali\u0173 TUI ir vie\u0161osios dotacijos prisideda prie geresnio vie\u0161\u0173j\u0173 vietini\u0173 paslaug\u0173 teikimo Baltijos \u0161alyse.<\/span><\/span><\/span><\/p>\n<p><span style=\"color: #000000;\"><b><span lang=\"ET\"><span style=\"line-height: 107%;\">Kontaktai<\/span><\/span><\/b><\/span><\/p>\n<p><span style=\"color: #000000;\"><span style=\"line-height: 107%;\">Dr. Rasmus B\u00f8gh Holmen<\/span><\/span><\/p>\n<p><span style=\"color: #000000;\"><span style=\"line-height: 107%;\">Vyresnysis mokslini\u0173 tyrim\u0173 ekonomistas<\/span><\/span><\/p>\n<p><span style=\"color: #000000;\"><span style=\"line-height: 107%;\">Transporto ekonomikos institutas, Norvegija<\/span><\/span><\/p>\n<p><span style=\"color: #000000;\"><span style=\"line-height: 107%;\">El. pa\u0161tas: <\/span><\/span><a href=\"mailto:rbh@toi.no\"><span style=\"color: #000000;\"><span lang=\"ET\"><span style=\"line-height: 107%;\">rbh@toi.no<\/span><\/span><\/span><\/a><\/p>\n<p style=\"text-align: justify;\">\n<\/p>","protected":false},"excerpt":{"rendered":"<p>DP 3 suformuluotas pagal tai, kaip \u0160iaur\u0117s \u0161ali\u0173 TUI ir vie\u0161osios dotacijos Baltijos \u0161alyse prisideda prie \u0160iaur\u0117s ir Baltijos regiono integracijos per pastaruosius tris de\u0161imtme\u010dius (pvz., pagal Norvegijos statistik\u0105 2016 m. Norvegijos TUI Baltijos \u0161alyse siek\u0117 2,5 mlrd. Eur). \u0160iaur\u0117s &#8230;<\/p>\n","protected":false},"author":254,"featured_media":0,"parent":0,"menu_order":0,"comment_status":"closed","ping_status":"closed","template":"","meta":{"_acf_changed":false,"inline_featured_image":false,"footnotes":""},"class_list":["post-13","page","type-page","status-publish","hentry"],"acf":[],"_links":{"self":[{"href":"https:\/\/sisu.ut.ee\/lift\/wp-json\/wp\/v2\/pages\/13","targetHints":{"allow":["GET"]}}],"collection":[{"href":"https:\/\/sisu.ut.ee\/lift\/wp-json\/wp\/v2\/pages"}],"about":[{"href":"https:\/\/sisu.ut.ee\/lift\/wp-json\/wp\/v2\/types\/page"}],"author":[{"embeddable":true,"href":"https:\/\/sisu.ut.ee\/lift\/wp-json\/wp\/v2\/users\/254"}],"replies":[{"embeddable":true,"href":"https:\/\/sisu.ut.ee\/lift\/wp-json\/wp\/v2\/comments?post=13"}],"version-history":[{"count":2,"href":"https:\/\/sisu.ut.ee\/lift\/wp-json\/wp\/v2\/pages\/13\/revisions"}],"predecessor-version":[{"id":304,"href":"https:\/\/sisu.ut.ee\/lift\/wp-json\/wp\/v2\/pages\/13\/revisions\/304"}],"wp:attachment":[{"href":"https:\/\/sisu.ut.ee\/lift\/wp-json\/wp\/v2\/media?parent=13"}],"curies":[{"name":"wp","href":"https:\/\/api.w.org\/{rel}","templated":true}]}}