{"id":12,"date":"2024-04-04T07:11:46","date_gmt":"2024-04-04T04:11:46","guid":{"rendered":"https:\/\/sisu.ut.ee\/lift\/wp-2\/"},"modified":"2024-04-30T12:51:53","modified_gmt":"2024-04-30T09:51:53","slug":"wp-2","status":"publish","type":"page","link":"https:\/\/sisu.ut.ee\/lift\/wp-2\/?lang=lt","title":{"rendered":"DP 2. Inovacijos ir technologij\u0173 perdavimas"},"content":{"rendered":"<p style=\"text-align: justify;\"><span lang=\"EN-GB\"><span style=\"line-height: 107%;\"><span style=\"color: black;\">DP <\/span><\/span><\/span><span style=\"line-height: 107%;\"><span style=\"color: black;\">2 analizuojama kaip <\/span><\/span><span lang=\"LT\"><span style=\"line-height: 107%;\"><span style=\"color: black;\">\u017eini\u0173 perdavimas i\u0161 \u0160iaur\u0117s \u0161ali\u0173 \u012f Baltijos \u0161alis sektori\u0173, \u012fmoni\u0173 lygiu prisideda prie socialini\u0173 ir ekonomini\u0173 inovacij\u0173, kuriant naujus verslo modelius, sprend\u017eiant socialines problemas ir kuriant socialin\u0119 bei ekonomin\u0119 vert\u0119. Did\u017eiausias d\u0117mesys bus skiriamas socialin\u0117ms inovacijoms \u0161vietimo, socialini\u0173 paslaug\u0173, darbo rinkos srityse. Mes paai\u0161kiname, kaip \u0160iaur\u0117s ir Baltijos \u0161ali\u0173 kapitalas paveik\u0117 \u017eini\u0173 perdavim\u0105 i\u0161 \u0160iaur\u0117s \u0161ali\u0173 \u012f Baltijos \u0161alis ir atvirk\u0161\u010diai; kas lemia \u0160iaur\u0117s \u0161ali\u0173 atsilikim\u0105; kaip \u017eini\u0173 perdavimas prisideda prie tvaraus ekonomikos augimo regione; kokias \u012f\u017evalgas galima pasi\u016blyti politikos formuotojams diegiant socialin\u0117s politikos inovacijas ir susiejant socialini\u0173 inovacij\u0173 politik\u0105 su prioritetais. <\/span><\/span><\/span><span lang=\"EN-GB\"><span style=\"line-height: 107%;\"><span style=\"color: black;\">DP <\/span><\/span><\/span><span style=\"line-height: 107%;\"><span style=\"color: black;\">2 analizuojama kaip <\/span><\/span><span lang=\"LT\"><span style=\"line-height: 107%;\"><span style=\"color: black;\">\u017eini\u0173 perdavimas i\u0161 \u0160iaur\u0117s \u0161ali\u0173 \u012f Baltijos \u0161alis sektori\u0173, \u012fmoni\u0173 lygiu prisideda prie socialini\u0173 ir ekonomini\u0173 inovacij\u0173, kuriant naujus verslo modelius, sprend\u017eiant socialines problemas ir kuriant socialin\u0119 bei ekonomin\u0119 vert\u0119. Did\u017eiausias d\u0117mesys bus skiriamas socialin\u0117ms inovacijoms \u0161vietimo, socialini\u0173 paslaug\u0173, darbo rinkos srityse. Mes paai\u0161kiname, kaip \u0160iaur\u0117s ir Baltijos \u0161ali\u0173 kapitalas paveik\u0117 \u017eini\u0173 perdavim\u0105 i\u0161 \u0160iaur\u0117s \u0161ali\u0173 \u012f Baltijos \u0161alis ir atvirk\u0161\u010diai; kas lemia \u0160iaur\u0117s \u0161ali\u0173 atsilikim\u0105; kaip \u017eini\u0173 perdavimas prisideda prie tvaraus ekonomikos augimo regione; kokias \u012f\u017evalgas galima pasi\u016blyti politikos formuotojams diegiant socialin\u0117s politikos inovacijas ir susiejant socialini\u0173 inovacij\u0173 politik\u0105 su prioritetais. <\/span><\/span><\/span><\/p>\n<p><strong><span lang=\"ET\"><span style=\"line-height: 107%;\">DP <\/span><\/span><span style=\"line-height: 107%;\">2 <\/span><span lang=\"LT\"><span style=\"line-height: 107%;\">apima \u0161ias u\u017eduotis <\/span><\/span><\/strong><\/p>\n<p><span lang=\"LT\"><span style=\"line-height: 107%;\">2.1 u\u017eduotis. \u017dini\u0173 ir technologij\u0173 perdavimas \u0161alies mastu vykdant kapitalo srautus ir mokslin\u012f bendradarbiavim\u0105 skiriant \u0160iaur\u0117s ir Baltijos \u0161ali\u0173 stipendijas ir H<\/span><\/span><span style=\"line-height: 107%;\">2020.<\/span><\/p>\n<p><span lang=\"LT\"><span style=\"line-height: 107%;\">2.2 u\u017eduotis. Socialin\u0117s inovacijos ir technologij\u0173 perdavimas per \u0160iaur\u0117s \u0161ali\u0173 kapital\u0105 pagrindiniuose sektoriuose ir j\u0173 poveikis verslo modeliams.<\/span><\/span><\/p>\n<p><span lang=\"LT\"><span style=\"line-height: 107%;\">2.3 u\u017eduotis. Dvipusis technologij\u0173 perdavimas per \u0160iaur\u0117s ir Baltijos \u0161ali\u0173 \u012fmoni\u0173 nuosavyb\u0117s ry\u0161ius.<\/span><\/span><\/p>\n<p><b><span style=\"line-height: 107%;\"><span style=\"color: black;\">Kontaktai<\/span><\/span><\/b><\/p>\n<p style=\"text-align: justify;\"><span style=\"line-height: 107%;\"><span style=\"color: black;\">Prof. dr. Manuela Tvaronavi\u010dien\u0117<\/span><\/span><\/p>\n<p style=\"text-align: justify;\"><span style=\"line-height: 107%;\"><span style=\"color: black;\">Vilniaus Gedimino technikos universitetas<\/span><\/span><\/p>\n<p style=\"text-align: justify;\"><span style=\"line-height: 107%;\"><span style=\"color: black;\">Verslo technologij\u0173 ir verslininkyst\u0117s katedra<\/span><\/span><\/p>\n<p style=\"text-align: justify;\"><span style=\"line-height: 107%;\"><span style=\"color: black;\">El. pa\u0161tas: <\/span><\/span><a href=\"mailto:manuela.tvaronaviciene@vilniustech.lt\"><span style=\"line-height: 107%;\">manuela.tvaronaviciene@vilniustech.lt<\/span><\/a><\/p>\n","protected":false},"excerpt":{"rendered":"<p>DP 2 analizuojama kaip \u017eini\u0173 perdavimas i\u0161 \u0160iaur\u0117s \u0161ali\u0173 \u012f Baltijos \u0161alis sektori\u0173, \u012fmoni\u0173 lygiu prisideda prie socialini\u0173 ir ekonomini\u0173 inovacij\u0173, kuriant naujus verslo modelius, sprend\u017eiant socialines problemas ir kuriant socialin\u0119 bei ekonomin\u0119 vert\u0119. Did\u017eiausias d\u0117mesys bus skiriamas socialin\u0117ms inovacijoms &#8230;<\/p>\n","protected":false},"author":254,"featured_media":0,"parent":0,"menu_order":0,"comment_status":"closed","ping_status":"closed","template":"","meta":{"_acf_changed":false,"inline_featured_image":false,"footnotes":""},"class_list":["post-12","page","type-page","status-publish","hentry"],"acf":[],"_links":{"self":[{"href":"https:\/\/sisu.ut.ee\/lift\/wp-json\/wp\/v2\/pages\/12","targetHints":{"allow":["GET"]}}],"collection":[{"href":"https:\/\/sisu.ut.ee\/lift\/wp-json\/wp\/v2\/pages"}],"about":[{"href":"https:\/\/sisu.ut.ee\/lift\/wp-json\/wp\/v2\/types\/page"}],"author":[{"embeddable":true,"href":"https:\/\/sisu.ut.ee\/lift\/wp-json\/wp\/v2\/users\/254"}],"replies":[{"embeddable":true,"href":"https:\/\/sisu.ut.ee\/lift\/wp-json\/wp\/v2\/comments?post=12"}],"version-history":[{"count":2,"href":"https:\/\/sisu.ut.ee\/lift\/wp-json\/wp\/v2\/pages\/12\/revisions"}],"predecessor-version":[{"id":303,"href":"https:\/\/sisu.ut.ee\/lift\/wp-json\/wp\/v2\/pages\/12\/revisions\/303"}],"wp:attachment":[{"href":"https:\/\/sisu.ut.ee\/lift\/wp-json\/wp\/v2\/media?parent=12"}],"curies":[{"name":"wp","href":"https:\/\/api.w.org\/{rel}","templated":true}]}}