{"id":10,"date":"2024-04-04T07:11:45","date_gmt":"2024-04-04T04:11:45","guid":{"rendered":"https:\/\/sisu.ut.ee\/lift\/darbo-paketai\/"},"modified":"2024-04-30T12:48:09","modified_gmt":"2024-04-30T09:48:09","slug":"darbo-paketai","status":"publish","type":"page","link":"https:\/\/sisu.ut.ee\/lift\/darbo-paketai\/?lang=lt","title":{"rendered":"Darbo paketai"},"content":{"rendered":"<p><span lang=\"EN-GB\">Akronimas LIFT (angl. lift \u2013 pakelti) atspindi pagrindines m\u016bs\u0173 hipotezes \u2013 integracija \u0160iaur\u0117s ir Baltijos regione pak\u0117l\u0117 vietos ekonomik\u0105 ir prisid\u0117jo prie efektyvesnio i\u0161tekli\u0173 paskirstymo. LIFT projekt\u0105 sudaro keturi glaud\u017eiai susij\u0119 darbo paketai (DP), kuri\u0173 pirmosios \u017eod\u017ei\u0173 raid\u0117s sudaro akronim\u0105: darbas (Labour), inovacijos (Innovation), TUI (FDI), prekyba (Trade). Kiekvienas DP skirtas sutelkti d\u0117mes\u012f \u012f tam tikr\u0105 integracijos aspekt\u0105. <\/span><\/p>\n<p><strong>DP 1. Nauji darbo rinkos poky\u010diai skaitmeninimo ir socialin\u0117s\u00a0kaitos kontekste.<\/strong><\/p>\n<p><strong><span lang=\"ET\">DP <\/span>2.\u00a0<span lang=\"LT\">Inovacijos ir technologij\u0173 perdavimas.<\/span><\/strong><\/p>\n<p><strong><span lang=\"ET\">DP <\/span>3.\u00a0<span lang=\"LT\">Tiesiogin\u0117s u\u017esienio investicijos ir kapitalo jud\u0117jimas.<\/span><\/strong><\/p>\n<p><strong><span lang=\"ET\">DP <\/span>4.\u00a0<span lang=\"LT\">Prekyba prek\u0117mis ir paslaugomis.<\/span><\/strong><\/p>\n","protected":false},"excerpt":{"rendered":"<p>Akronimas LIFT (angl. lift \u2013 pakelti) atspindi pagrindines m\u016bs\u0173 hipotezes \u2013 integracija \u0160iaur\u0117s ir Baltijos regione pak\u0117l\u0117 vietos ekonomik\u0105 ir prisid\u0117jo prie efektyvesnio i\u0161tekli\u0173 paskirstymo. LIFT projekt\u0105 sudaro keturi glaud\u017eiai susij\u0119 darbo paketai (DP), kuri\u0173 pirmosios \u017eod\u017ei\u0173 raid\u0117s sudaro akronim\u0105: &#8230;<\/p>\n","protected":false},"author":254,"featured_media":0,"parent":0,"menu_order":0,"comment_status":"closed","ping_status":"closed","template":"","meta":{"_acf_changed":false,"inline_featured_image":false,"footnotes":""},"class_list":["post-10","page","type-page","status-publish","hentry"],"acf":[],"_links":{"self":[{"href":"https:\/\/sisu.ut.ee\/lift\/wp-json\/wp\/v2\/pages\/10","targetHints":{"allow":["GET"]}}],"collection":[{"href":"https:\/\/sisu.ut.ee\/lift\/wp-json\/wp\/v2\/pages"}],"about":[{"href":"https:\/\/sisu.ut.ee\/lift\/wp-json\/wp\/v2\/types\/page"}],"author":[{"embeddable":true,"href":"https:\/\/sisu.ut.ee\/lift\/wp-json\/wp\/v2\/users\/254"}],"replies":[{"embeddable":true,"href":"https:\/\/sisu.ut.ee\/lift\/wp-json\/wp\/v2\/comments?post=10"}],"version-history":[{"count":2,"href":"https:\/\/sisu.ut.ee\/lift\/wp-json\/wp\/v2\/pages\/10\/revisions"}],"predecessor-version":[{"id":297,"href":"https:\/\/sisu.ut.ee\/lift\/wp-json\/wp\/v2\/pages\/10\/revisions\/297"}],"wp:attachment":[{"href":"https:\/\/sisu.ut.ee\/lift\/wp-json\/wp\/v2\/media?parent=10"}],"curies":[{"name":"wp","href":"https:\/\/api.w.org\/{rel}","templated":true}]}}