{"id":8,"date":"2024-04-29T17:07:08","date_gmt":"2024-04-29T14:07:08","guid":{"rendered":"https:\/\/sisu.ut.ee\/lexfr\/avaleht\/"},"modified":"2024-04-29T17:07:09","modified_gmt":"2024-04-29T14:07:09","slug":"avaleht","status":"publish","type":"page","link":"https:\/\/sisu.ut.ee\/lexfr\/","title":{"rendered":"Sissejuhatus"},"content":{"rendered":"<p>\n\t\u00a0\n<\/p>\n<p>\n\t<span style=\"font-size:16px\"><em>Siit lehek\u00fcljelt leiab prantsuse keele tudeng, \u00f5petaja, t\u00f5lkija ja huviline uurija <\/em><\/span>\n<\/p>\n<p>\n\t<span style=\"font-size:16px\"><em>mitmesuguseid viiteid <\/em><\/span><span style=\"font-size:16px\"><em>t\u00f6\u00f6ks prantsuse keele s\u00f5navaraga. <\/em><\/span>\n<\/p>\n<p>\n\t<span style=\"font-size:16px\"><em>P\u00fc\u00fcan siia koondada eri loengukursustel tutvustatud ja tutvustatavaid viiteid lehek\u00fclgedele, keskkondadele jm, millest v\u00f5ib abi v\u00f5i inspiratsiooni leida. Enamus tutvustatavatest linkidest viib seega prantsusekeelsetele lehek\u00fclgedele, a<span style=\"font-family:Arial,Helvetica,sans-serif\">ga G<\/span><\/em><span style=\"font-family:Arial,Helvetica,sans-serif\"><em>oogle\u2019id<\/em>\u017e<em>unglis <\/em><\/span><em>orienteerumisel on m\u00f5nikord abi ka teejuhist, kes soovitaks, kust ja mida \u00fcldse otsida\u2026<\/em><\/span>\n<\/p>\n<p>\n\t<span style=\"font-size:16px\"><em>Samas pole ma kindlasti \u00fcles leidnud k\u00f5iki h\u00e4id allikaid. Andke lahkesti teada ka oma eelistustest ja leidudest, vahendan neid j\u00f5udum\u00f6\u00f6da kindlasti ka teistele !\u00a0 <\/em><\/span>\n<\/p>\n<p>\n\t\u00a0\n<\/p>\n<blockquote><p>\n\t<font size=\"3\"><font color=\"black\"><a class=\"lienmot\" href=\"https:\/\/dicocitations.lemonde.fr\/citation_auteur_ajout\/98887.php\" title=\"Lien permanent citation n\u00b0 : 98887\">Parce que les mots, une fois qu\u2019on les a lus, on ne peut pas revenir en arri\u00e8re, \u00e7a se plante dans la mati\u00e8re grise, les mots sont les racines des arbres de nos pens\u00e9es, et nul ne peut savoir jusqu\u2019o\u00f9 ils vont grandir, et si un arbre ne donnera pas, un jour, une for\u00eat.<\/a><\/font><\/font>\n<\/p><\/blockquote>\n<blockquote style=\"text-align: right\"><p>\n\t(<font size=\"3\"><font color=\"black\">Maxime Chattam<strong> <\/strong><\/font><\/font>\u201cLe Coma des mortels\u201d)\n<\/p><\/blockquote>\n<blockquote><p>\n\t<span style=\"font-size:13px\">Lehek\u00fclje on loonud Marge K\u00e4sper Haridus-ja noorteameti IT-akadeemia toetusel arendusprojektis \u201cV\u00f5\u00f5rkeeltega seotud erialaste digip\u00e4devuste arendamine Tartu \u00dclikooli maailma keelte ja kultuuride kolled\u017eis\u201d (2020-2021). <\/span>\n<\/p><\/blockquote>\n<blockquote><p>\n\t<img loading=\"lazy\" decoding=\"async\" width=\"1883\" height=\"614\" class=\"alignnone wp-image-17\" src=\"https:\/\/sisu.ut.ee\/wp-content\/uploads\/sites\/410\/haridus-_ja_noorteamet_vapp_est_rgb.jpg\" title=\"haridus-_ja_noorteamet_vapp_est_rgb.jpg\" alt=\"s\" srcset=\"https:\/\/sisu.ut.ee\/wp-content\/uploads\/sites\/410\/haridus-_ja_noorteamet_vapp_est_rgb.jpg 1883w, https:\/\/sisu.ut.ee\/wp-content\/uploads\/sites\/410\/haridus-_ja_noorteamet_vapp_est_rgb-300x98.jpg 300w, https:\/\/sisu.ut.ee\/wp-content\/uploads\/sites\/410\/haridus-_ja_noorteamet_vapp_est_rgb-1024x334.jpg 1024w, https:\/\/sisu.ut.ee\/wp-content\/uploads\/sites\/410\/haridus-_ja_noorteamet_vapp_est_rgb-768x250.jpg 768w, https:\/\/sisu.ut.ee\/wp-content\/uploads\/sites\/410\/haridus-_ja_noorteamet_vapp_est_rgb-1536x501.jpg 1536w\" sizes=\"auto, (max-width: 1883px) 100vw, 1883px\"><img loading=\"lazy\" decoding=\"async\" width=\"1000\" height=\"292\" class=\"alignnone wp-image-18\" src=\"https:\/\/sisu.ut.ee\/wp-content\/uploads\/sites\/410\/it_akadeemia_logo_rgb.jpg\" title=\"it_akadeemia_logo_rgb.jpg\" alt=\"s\" srcset=\"https:\/\/sisu.ut.ee\/wp-content\/uploads\/sites\/410\/it_akadeemia_logo_rgb.jpg 1000w, https:\/\/sisu.ut.ee\/wp-content\/uploads\/sites\/410\/it_akadeemia_logo_rgb-300x88.jpg 300w, https:\/\/sisu.ut.ee\/wp-content\/uploads\/sites\/410\/it_akadeemia_logo_rgb-768x224.jpg 768w\" sizes=\"auto, (max-width: 1000px) 100vw, 1000px\">\n<\/p><\/blockquote>\n<div align=\"right\">\n<h1>\n\t\t\u00a0<br>\n\t<\/h1>\n<\/div>\n","protected":false},"excerpt":{"rendered":"<p>\u00a0 Siit lehek\u00fcljelt leiab prantsuse keele tudeng, \u00f5petaja, t\u00f5lkija ja huviline uurija mitmesuguseid viiteid t\u00f6\u00f6ks prantsuse keele s\u00f5navaraga. P\u00fc\u00fcan siia koondada eri loengukursustel tutvustatud ja tutvustatavaid viiteid lehek\u00fclgedele, keskkondadele jm, millest v\u00f5ib abi v\u00f5i inspiratsiooni leida. Enamus tutvustatavatest linkidest viib &#8230;<\/p>\n","protected":false},"author":215,"featured_media":0,"parent":0,"menu_order":0,"comment_status":"closed","ping_status":"closed","template":"","meta":{"_acf_changed":false,"inline_featured_image":false,"footnotes":""},"class_list":["post-8","page","type-page","status-publish","hentry"],"acf":[],"_links":{"self":[{"href":"https:\/\/sisu.ut.ee\/lexfr\/wp-json\/wp\/v2\/pages\/8","targetHints":{"allow":["GET"]}}],"collection":[{"href":"https:\/\/sisu.ut.ee\/lexfr\/wp-json\/wp\/v2\/pages"}],"about":[{"href":"https:\/\/sisu.ut.ee\/lexfr\/wp-json\/wp\/v2\/types\/page"}],"author":[{"embeddable":true,"href":"https:\/\/sisu.ut.ee\/lexfr\/wp-json\/wp\/v2\/users\/215"}],"replies":[{"embeddable":true,"href":"https:\/\/sisu.ut.ee\/lexfr\/wp-json\/wp\/v2\/comments?post=8"}],"version-history":[{"count":1,"href":"https:\/\/sisu.ut.ee\/lexfr\/wp-json\/wp\/v2\/pages\/8\/revisions"}],"predecessor-version":[{"id":32,"href":"https:\/\/sisu.ut.ee\/lexfr\/wp-json\/wp\/v2\/pages\/8\/revisions\/32"}],"wp:attachment":[{"href":"https:\/\/sisu.ut.ee\/lexfr\/wp-json\/wp\/v2\/media?parent=8"}],"curies":[{"name":"wp","href":"https:\/\/api.w.org\/{rel}","templated":true}]}}