{"id":10,"date":"2024-04-04T05:47:10","date_gmt":"2024-04-04T02:47:10","guid":{"rendered":"https:\/\/sisu.ut.ee\/lexfr\/korpused\/"},"modified":"2024-04-04T05:47:14","modified_gmt":"2024-04-04T02:47:14","slug":"korpused","status":"publish","type":"page","link":"https:\/\/sisu.ut.ee\/lexfr\/korpused\/","title":{"rendered":"Keelekorpustest"},"content":{"rendered":"<p>\n\tS\u00f5na k\u00f5iki v\u00f5imalikke t\u00e4hendusi, kasutusi ja vasteid ei saa kirja panna \u00fckski s\u00f5nastik. T\u00fc\u00fcpkasutusi aitavad modelleerida ja keelekasutuse paljususest annavad l\u00e4bil\u00f5ike keelekorpused. \u00a0\n<\/p>\n<p>\n\t\u00a0\n<\/p>\n<p>\n\t\u2013 Eesti ja prantsuse keele vahel toimetades on asendamatu abimees Eesti-Prantsuse Leksikograafia\u00fchingu <strong>Eesti-prantsuse paralleelkorpus (CoPEF)<\/strong> <a data-url=\"https:\/\/corpus.estfra.ee\/ee\" href=\"https:\/\/corpus.estfra.ee\/ee\" target=\"_blank\" title=\"\" rel=\"noopener\">http:\/\/corpus.estfra.ee<\/a><i>.<\/i>\n<\/p>\n<p>\n\tEesti v\u00f5i prantsuse keelt l\u00e4htekeeleks valides on kokku 65 miljoni s\u00f5ne hulgast v\u00f5imalik kiirelt ja \u00fclevaatlikult k\u00f5rvutada otsingus\u00f5na kasutusi ja selle t\u00f5lkeid ilukirjanduses, esseistikas, Euroopa Liidus seadustes, Euroopa Parlamendi istungite stenogrammides v\u00f5i ka Piiblis. \u00a0\n<\/p>\n<p>\n\t\u00a0\n<\/p>\n<p>\n\t\u2013 S\u00f5na kasutuskontekste v\u00e4ga mitmes keelekombinatsionis, k.a. eesti-prantsuse, v\u00f5imaldab <strong>peamiselt EL t\u00f6\u00f6dokumentide p\u00f5hjal <\/strong>t\u00f6\u00f6tav t\u00f5lkeotsingumootor Linguee:<a href=\"https:\/\/www.linguee.fr\/francais-anglais\/search?source=auto&amp;query=dictionnaire\" target=\"_blank\" rel=\"noopener\"> linguee<\/a>\n<\/p>\n<p>\n\t\u00a0\n<\/p>\n<p>\n\t\u2013 Inglise ja prantsuse jm keeli, kuid mitte eesti keelt v\u00f5imaldab k\u00f5rvutada ka pigem ettev\u00f5tlusele suunatud tehisintellektip\u00f5hine keelematerjali, automaatt\u00f5lke jm portaal <a href=\"https:\/\/context.reverso.net\/traduction\/francais-anglais\/dictionnaire\" target=\"_blank\" rel=\"noopener\">Reverso<\/a>\n<\/p>\n<p>\n\t\u00a0\n<\/p>\n<p>\n\t\u2013 <strong>Uurimist\u00f6\u00f6ks kasutatavate k\u00f5ikv\u00f5imalike prantsuse keele kasutust illustreerivate keelekorpuste kohta<\/strong> leiab \u00fcldist infot <a href=\"https:\/\/corli.huma-num.fr\/\" target=\"_blank\" title=\"\" rel=\"noopener\"><span style=\"color:#008080\">CORLI konsortsiumi lehelt<\/span><\/a> ning rikkaliku kataloogi kogutud korpustest keeleressursside kogu <a href=\"https:\/\/www.ortolang.fr\/market\/corpora\" target=\"_blank\" title=\"\" rel=\"noopener\"><span style=\"color:#008080\">ORTOLANG lehelt<\/span><\/a>\n<\/p>\n<p>\n\t\u00a0\n<\/p>\n<p>\n\t\u2013 <strong>P\u00f5hjalikke otsinguid v\u00e4ga rikkalike materjalide pealt v\u00f5imaldab aga v\u00e4ga kasutajas\u00f5bralikult <\/strong>keelekasutuse kohta teha rahvusvaheline korpusp\u00e4ringus\u00fcsteem\u00a0 <a data-url=\"https:\/\/sisu.ut.ee\/lexfr\/korpusp%C3%A4ringus%C3%BCsteem-sketchengine\" href=\"https:\/\/sisu.ut.ee\/lexfr\/korpusp%C3%A4ringus%C3%BCsteem-sketchengine\" target=\"_blank\" title=\"\" rel=\"noopener\">SketchEngine,\u00a0 <\/a>mille tutvustamisele on siin lehel p\u00fchendatud j\u00e4rgnev alapeat\u00fckk\n<\/p>\n<p>\n\t<!--break--><\/p>\n","protected":false},"excerpt":{"rendered":"<p>S\u00f5na k\u00f5iki v\u00f5imalikke t\u00e4hendusi, kasutusi ja vasteid ei saa kirja panna \u00fckski s\u00f5nastik. T\u00fc\u00fcpkasutusi aitavad modelleerida ja keelekasutuse paljususest annavad l\u00e4bil\u00f5ike keelekorpused. \u00a0 \u00a0 \u2013 Eesti ja prantsuse keele vahel toimetades on asendamatu abimees Eesti-Prantsuse Leksikograafia\u00fchingu Eesti-prantsuse paralleelkorpus (CoPEF) http:\/\/corpus.estfra.ee. &#8230;<\/p>\n","protected":false},"author":215,"featured_media":0,"parent":0,"menu_order":0,"comment_status":"closed","ping_status":"closed","template":"","meta":{"_acf_changed":false,"inline_featured_image":false,"footnotes":""},"class_list":["post-10","page","type-page","status-publish","hentry"],"acf":[],"_links":{"self":[{"href":"https:\/\/sisu.ut.ee\/lexfr\/wp-json\/wp\/v2\/pages\/10","targetHints":{"allow":["GET"]}}],"collection":[{"href":"https:\/\/sisu.ut.ee\/lexfr\/wp-json\/wp\/v2\/pages"}],"about":[{"href":"https:\/\/sisu.ut.ee\/lexfr\/wp-json\/wp\/v2\/types\/page"}],"author":[{"embeddable":true,"href":"https:\/\/sisu.ut.ee\/lexfr\/wp-json\/wp\/v2\/users\/215"}],"replies":[{"embeddable":true,"href":"https:\/\/sisu.ut.ee\/lexfr\/wp-json\/wp\/v2\/comments?post=10"}],"version-history":[{"count":1,"href":"https:\/\/sisu.ut.ee\/lexfr\/wp-json\/wp\/v2\/pages\/10\/revisions"}],"predecessor-version":[{"id":34,"href":"https:\/\/sisu.ut.ee\/lexfr\/wp-json\/wp\/v2\/pages\/10\/revisions\/34"}],"wp:attachment":[{"href":"https:\/\/sisu.ut.ee\/lexfr\/wp-json\/wp\/v2\/media?parent=10"}],"curies":[{"name":"wp","href":"https:\/\/api.w.org\/{rel}","templated":true}]}}