{"id":6,"date":"2024-04-04T08:15:08","date_gmt":"2024-04-04T05:15:08","guid":{"rendered":"https:\/\/sisu.ut.ee\/lexest\/teiste-keelte-testid\/"},"modified":"2025-01-08T22:31:31","modified_gmt":"2025-01-08T20:31:31","slug":"teiste-keelte-testid","status":"publish","type":"page","link":"https:\/\/sisu.ut.ee\/lexest\/teiste-keelte-testid\/","title":{"rendered":"Teiste keelte testid"},"content":{"rendered":"<p>Siit leiad nimekirja erinevate keelte jaoks koostatud testidest. Esimesena koostati <strong><a href=\"https:\/\/www.lextale.com\/\">LexTALE<\/a><\/strong>, mis oli m\u00f5eldud edasj\u00f5udnud inglise keele \u00f5ppijatele. LexTALE\u2019i eeskujul hakati sarnast testi koostama ka teiste keelte jaoks. <\/p>\n\n\n\n<p>LexTALE testi inglise, saksa, taani ja hiina keele p\u00f5hjal saad proovida <strong><a href=\"https:\/\/gasparl.github.io\/lextale\/\">siit<\/a><\/strong>. Soome ja rootsi keele test on saadaval <strong><a href=\"https:\/\/lexize.org\/\">siin<\/a><\/strong>.<\/p>\n\n\n\n<p><strong>Loe t\u00e4psemalt iga keele kohta siit:<\/strong><\/p>\n\n\n\n<p>Amenta, S., Badan, L., &amp; Brysbaert, M. (2021). LexITA: A Quick and Reliable Assessment Tool for Italian L2 Receptive Vocabulary Size. <i>Applied Linguistics<\/i>, <i>42<\/i>(2), 292\u2013314. <a href=\"https:\/\/doi.org\/10.1093\/applin\/amaa020\">https:\/\/doi.org\/10.1093\/applin\/amaa020<\/a><\/p>\n\n\n\n<p>Brysbaert, M. (2013). Lextale_FR A Fast, Free, and Efficient Test to Measure Language Proficiency in French. <i>Psychologica Belgica<\/i>, <i>53<\/i>(1), 23\u201337. <a href=\"https:\/\/doi.org\/10.5334\/pb-53-1-23\">https:\/\/doi.org\/10.5334\/pb-53-1-23<\/a><\/p>\n\n\n\n<p>Chan, I. L., &amp; Chang, C. B. (2018). LEXTALE_CH: A quick, character-based proficiency test for Mandarin Chinese. <i>Proceedings of the 42nd Annual Boston University Conference on Language Development<\/i>, <i>1<\/i>, 114\u2013130. <a href=\"https:\/\/doi.org\/DOI%2010.17605\/OSF.IO\/QDY4N\" data-wplink-url-error=\"true\">https:\/\/doi.org\/DOI 10.17605\/OSF.IO\/QDY4N<\/a><\/p>\n\n\n\n<p>Izura, C., Cuetos, F., &amp; Brysbaert, M. (2014). Lextale-Esp: A test to rapidly and efficiently assess the Spanish vocabulary size. <i>Psicol\u00f3gica<\/i>, <i>35<\/i>(1), 49\u201366. <a href=\"https:\/\/doi.org\/10.1037\/t47086-000\">https:\/\/doi.org\/10.1037\/t47086-000<\/a><\/p>\n\n\n\n<p>Lee, S. T., van Heuven, W. J. B., Price, J. M., &amp; Leong, C. X. R. (2023). LexMAL: A quick and reliable lexical test for Malay speakers. <i>Behavior Research Methods<\/i>. <a href=\"https:\/\/doi.org\/10.3758\/s13428-023-02202-5\">https:\/\/doi.org\/10.3758\/s13428-023-02202-5<\/a><\/p>\n\n\n\n<p>Lemh\u00f6fer, K., &amp; Broersma, M. (2012). Introducing LexTALE: A quick and valid Lexical Test for Advanced Learners of English. <i>Behavior Research Methods<\/i>, <i>44<\/i>(2), 325\u2013343. <a href=\"https:\/\/doi.org\/10.3758\/s13428-011-0146-0\">https:\/\/doi.org\/10.3758\/s13428-011-0146-0<\/a><\/p>\n\n\n\n<p>Salmela, R., Lehtonen, M., Garusi, S., &amp; Bertram, R. (2021). Lexize: A test to quickly assess vocabulary knowledge in Finnish. <i>Scandinavian Journal of Psychology<\/i>, <i>62<\/i>(6), 806\u2013819. <a href=\"https:\/\/doi.org\/10.1111\/sjop.12768\">https:\/\/doi.org\/10.1111\/sjop.12768<\/a><\/p>\n\n\n\n<p>Wen, Y., Qiu, Y., Leong, C. X. R., &amp; van Heuven, W. J. B. (2024). LexCHI: A quick lexical test for estimating language proficiency in Chinese. <i>Behavior Research Methods<\/i>, <i>56<\/i>(3), 2333\u20132352. <a href=\"https:\/\/doi.org\/10.3758\/s13428-023-02151-z\">https:\/\/doi.org\/10.3758\/s13428-023-02151-z<\/a><\/p>\n\n\n\n<p>Zhou, C., &amp; Li, X. (2022). LextPT: A reliable and efficient vocabulary size test for L2 Portuguese proficiency. <i>Behavior Research Methods<\/i>, <i>54<\/i>(6), 2625\u20132639. <a href=\"https:\/\/doi.org\/10.3758\/s13428-021-01731-1\">https:\/\/doi.org\/10.3758\/s13428-021-01731-1<\/a><\/p>\n","protected":false},"excerpt":{"rendered":"<p>Siit leiad nimekirja erinevate keelte jaoks koostatud testidest. Esimesena koostati LexTALE, mis oli m\u00f5eldud edasj\u00f5udnud inglise keele \u00f5ppijatele. LexTALE\u2019i eeskujul hakati sarnast testi koostama ka teiste keelte jaoks. LexTALE testi inglise, saksa, taani ja hiina keele p\u00f5hjal saad proovida siit. &#8230;<\/p>\n","protected":false},"author":290,"featured_media":0,"parent":0,"menu_order":0,"comment_status":"closed","ping_status":"closed","template":"","meta":{"_acf_changed":false,"inline_featured_image":false,"footnotes":""},"class_list":["post-6","page","type-page","status-publish","hentry"],"acf":[],"_links":{"self":[{"href":"https:\/\/sisu.ut.ee\/lexest\/wp-json\/wp\/v2\/pages\/6","targetHints":{"allow":["GET"]}}],"collection":[{"href":"https:\/\/sisu.ut.ee\/lexest\/wp-json\/wp\/v2\/pages"}],"about":[{"href":"https:\/\/sisu.ut.ee\/lexest\/wp-json\/wp\/v2\/types\/page"}],"author":[{"embeddable":true,"href":"https:\/\/sisu.ut.ee\/lexest\/wp-json\/wp\/v2\/users\/290"}],"replies":[{"embeddable":true,"href":"https:\/\/sisu.ut.ee\/lexest\/wp-json\/wp\/v2\/comments?post=6"}],"version-history":[{"count":6,"href":"https:\/\/sisu.ut.ee\/lexest\/wp-json\/wp\/v2\/pages\/6\/revisions"}],"predecessor-version":[{"id":106,"href":"https:\/\/sisu.ut.ee\/lexest\/wp-json\/wp\/v2\/pages\/6\/revisions\/106"}],"wp:attachment":[{"href":"https:\/\/sisu.ut.ee\/lexest\/wp-json\/wp\/v2\/media?parent=6"}],"curies":[{"name":"wp","href":"https:\/\/api.w.org\/{rel}","templated":true}]}}