{"id":5,"date":"2024-04-04T08:15:08","date_gmt":"2024-04-04T05:15:08","guid":{"rendered":"https:\/\/sisu.ut.ee\/lexest\/hindamine\/"},"modified":"2025-12-18T11:57:53","modified_gmt":"2025-12-18T09:57:53","slug":"hindamine","status":"publish","type":"page","link":"https:\/\/sisu.ut.ee\/lexest\/hindamine\/","title":{"rendered":"Testi koostamine ja tulemused"},"content":{"rendered":"<p>LexEsti l\u00f5pliku s\u00f5nadevaliku kinnitamiseks viisime l\u00e4bi valideerimise, kus osales 274 eesti keele emakeelena k\u00f5nelejat ja 226 eesti keele \u00f5ppijat. Tulemuste p\u00f5hjal kirjutasime artiklit, mis on saadaval <a href=\"https:\/\/www.cambridge.org\/core\/journals\/applied-psycholinguistics\/article\/introducing-lexest-a-quick-and-efficient-vocabulary-test-for-assessing-vocabulary-knowledge-in-l2-estonian\/02ACE5A14CB7A7C92740CF5A73229C5B\" data-type=\"link\" data-id=\"https:\/\/www.cambridge.org\/core\/journals\/applied-psycholinguistics\/article\/introducing-lexest-a-quick-and-efficient-vocabulary-test-for-assessing-vocabulary-knowledge-in-l2-estonian\/02ACE5A14CB7A7C92740CF5A73229C5B\">siit<\/a>. Leidsime, et LexEsti skoor eristab h\u00e4sti erinevate keeletasemete \u00f5ppijaid ning korreleerub ka nende enesehinnangutega oma eesti keele osaoskustele (lugemine, kirjutamine, r\u00e4\u00e4kimine, arusaamine).<\/p>\n\n\n\n<p>Artiklile viitamine:<\/p>\n\n\n\n<p>L\u00f5o K, Leppik K, Malmi A, Bleive A, Bertram R. Introducing LexEst: a quick and efficient vocabulary test for assessing vocabulary knowledge in L2 Estonian.\u00a0<em>Applied Psycholinguistics<\/em>. 2025;46:e39. doi:10.1017\/S0142716425100301<\/p>\n\n\n\n<p><\/p>\n","protected":false},"excerpt":{"rendered":"<p>LexEsti l\u00f5pliku s\u00f5nadevaliku kinnitamiseks viisime l\u00e4bi valideerimise, kus osales 274 eesti keele emakeelena k\u00f5nelejat ja 226 eesti keele \u00f5ppijat. Tulemuste p\u00f5hjal kirjutasime artiklit, mis on saadaval siit. Leidsime, et LexEsti skoor eristab h\u00e4sti erinevate keeletasemete \u00f5ppijaid ning korreleerub ka nende &#8230;<\/p>\n","protected":false},"author":290,"featured_media":0,"parent":0,"menu_order":0,"comment_status":"closed","ping_status":"closed","template":"","meta":{"_acf_changed":false,"inline_featured_image":false,"footnotes":""},"class_list":["post-5","page","type-page","status-publish","hentry"],"acf":[],"_links":{"self":[{"href":"https:\/\/sisu.ut.ee\/lexest\/wp-json\/wp\/v2\/pages\/5","targetHints":{"allow":["GET"]}}],"collection":[{"href":"https:\/\/sisu.ut.ee\/lexest\/wp-json\/wp\/v2\/pages"}],"about":[{"href":"https:\/\/sisu.ut.ee\/lexest\/wp-json\/wp\/v2\/types\/page"}],"author":[{"embeddable":true,"href":"https:\/\/sisu.ut.ee\/lexest\/wp-json\/wp\/v2\/users\/290"}],"replies":[{"embeddable":true,"href":"https:\/\/sisu.ut.ee\/lexest\/wp-json\/wp\/v2\/comments?post=5"}],"version-history":[{"count":11,"href":"https:\/\/sisu.ut.ee\/lexest\/wp-json\/wp\/v2\/pages\/5\/revisions"}],"predecessor-version":[{"id":140,"href":"https:\/\/sisu.ut.ee\/lexest\/wp-json\/wp\/v2\/pages\/5\/revisions\/140"}],"wp:attachment":[{"href":"https:\/\/sisu.ut.ee\/lexest\/wp-json\/wp\/v2\/media?parent=5"}],"curies":[{"name":"wp","href":"https:\/\/api.w.org\/{rel}","templated":true}]}}