{"id":3,"date":"2024-04-04T08:15:08","date_gmt":"2024-04-04T05:15:08","guid":{"rendered":"https:\/\/sisu.ut.ee\/lexest\/kontaktid\/"},"modified":"2025-01-07T12:50:29","modified_gmt":"2025-01-07T10:50:29","slug":"kontaktid","status":"publish","type":"page","link":"https:\/\/sisu.ut.ee\/lexest\/kontaktid\/","title":{"rendered":"Kontaktid"},"content":{"rendered":"<p>Test on loodud Tartu \u00dclikoolis, eesti ja \u00fcldkeeleteaduse instituudis koost\u00f6\u00f6s Turu \u00dclikooliga, Soomes.<\/p>\n<p>Kaidi L\u00f5o, Katrin Leppik, Anton Malmi, Agu Bleive, Tomi Rautaoja, Raymond Bertram<\/p>\n<p><strong><strong>K\u00fcsimuste korral kirjuta:<\/strong><\/strong> lexest@lists.ut.ee<\/p>\n","protected":false},"excerpt":{"rendered":"<p>Test on loodud Tartu \u00dclikoolis, eesti ja \u00fcldkeeleteaduse instituudis koost\u00f6\u00f6s Turu \u00dclikooliga, Soomes. Kaidi L\u00f5o, Katrin Leppik, Anton Malmi, Agu Bleive, Tomi Rautaoja, Raymond Bertram K\u00fcsimuste korral kirjuta: lexest@lists.ut.ee<\/p>\n","protected":false},"author":290,"featured_media":0,"parent":0,"menu_order":0,"comment_status":"closed","ping_status":"closed","template":"","meta":{"_acf_changed":false,"inline_featured_image":false,"footnotes":""},"class_list":["post-3","page","type-page","status-publish","hentry"],"acf":[],"_links":{"self":[{"href":"https:\/\/sisu.ut.ee\/lexest\/wp-json\/wp\/v2\/pages\/3","targetHints":{"allow":["GET"]}}],"collection":[{"href":"https:\/\/sisu.ut.ee\/lexest\/wp-json\/wp\/v2\/pages"}],"about":[{"href":"https:\/\/sisu.ut.ee\/lexest\/wp-json\/wp\/v2\/types\/page"}],"author":[{"embeddable":true,"href":"https:\/\/sisu.ut.ee\/lexest\/wp-json\/wp\/v2\/users\/290"}],"replies":[{"embeddable":true,"href":"https:\/\/sisu.ut.ee\/lexest\/wp-json\/wp\/v2\/comments?post=3"}],"version-history":[{"count":6,"href":"https:\/\/sisu.ut.ee\/lexest\/wp-json\/wp\/v2\/pages\/3\/revisions"}],"predecessor-version":[{"id":85,"href":"https:\/\/sisu.ut.ee\/lexest\/wp-json\/wp\/v2\/pages\/3\/revisions\/85"}],"wp:attachment":[{"href":"https:\/\/sisu.ut.ee\/lexest\/wp-json\/wp\/v2\/media?parent=3"}],"curies":[{"name":"wp","href":"https:\/\/api.w.org\/{rel}","templated":true}]}}