{"id":118,"date":"2025-04-01T12:59:37","date_gmt":"2025-04-01T09:59:37","guid":{"rendered":"https:\/\/sisu.ut.ee\/lexest\/?page_id=118"},"modified":"2025-04-14T17:58:38","modified_gmt":"2025-04-14T14:58:38","slug":"lexest-test-paberil","status":"publish","type":"page","link":"https:\/\/sisu.ut.ee\/lexest\/lexest-test-paberil\/","title":{"rendered":"LexEst test paberil"},"content":{"rendered":"<p>Testi on v\u00f5imalik ka teha paberil. Selleks lae alla testileht <a href=\"https:\/\/sisu.ut.ee\/wp-content\/uploads\/sites\/585\/PenPaper-Est-Eng-The-Test.pdf\">siit<\/a>, prindi see v\u00e4lja ning t\u00e4ida \u00e4ra. Juhised punktide arvutamiseks on <a href=\"https:\/\/sisu.ut.ee\/wp-content\/uploads\/sites\/585\/PenPaper-scoring-Est.pdf\">siin <\/a>ja vastusev\u00f5ti on saadaval <a href=\"https:\/\/sisu.ut.ee\/wp-content\/uploads\/sites\/585\/PenPaper-Est-Eng-Vastused_Answers.pdf\">siin<\/a>.<\/p>\n","protected":false},"excerpt":{"rendered":"<p>Testi on v\u00f5imalik ka teha paberil. Selleks lae alla testileht siit, prindi see v\u00e4lja ning t\u00e4ida \u00e4ra. Juhised punktide arvutamiseks on siin ja vastusev\u00f5ti on saadaval siin.<\/p>\n","protected":false},"author":348,"featured_media":0,"parent":0,"menu_order":0,"comment_status":"closed","ping_status":"closed","template":"","meta":{"_acf_changed":false,"inline_featured_image":false,"footnotes":""},"class_list":["post-118","page","type-page","status-publish","hentry"],"acf":[],"_links":{"self":[{"href":"https:\/\/sisu.ut.ee\/lexest\/wp-json\/wp\/v2\/pages\/118","targetHints":{"allow":["GET"]}}],"collection":[{"href":"https:\/\/sisu.ut.ee\/lexest\/wp-json\/wp\/v2\/pages"}],"about":[{"href":"https:\/\/sisu.ut.ee\/lexest\/wp-json\/wp\/v2\/types\/page"}],"author":[{"embeddable":true,"href":"https:\/\/sisu.ut.ee\/lexest\/wp-json\/wp\/v2\/users\/348"}],"replies":[{"embeddable":true,"href":"https:\/\/sisu.ut.ee\/lexest\/wp-json\/wp\/v2\/comments?post=118"}],"version-history":[{"count":3,"href":"https:\/\/sisu.ut.ee\/lexest\/wp-json\/wp\/v2\/pages\/118\/revisions"}],"predecessor-version":[{"id":131,"href":"https:\/\/sisu.ut.ee\/lexest\/wp-json\/wp\/v2\/pages\/118\/revisions\/131"}],"wp:attachment":[{"href":"https:\/\/sisu.ut.ee\/lexest\/wp-json\/wp\/v2\/media?parent=118"}],"curies":[{"name":"wp","href":"https:\/\/api.w.org\/{rel}","templated":true}]}}