{"id":8,"date":"2024-04-04T08:05:09","date_gmt":"2024-04-04T05:05:09","guid":{"rendered":"https:\/\/sisu.ut.ee\/lenz\/raamatuesitlusbuchprasentation\/"},"modified":"2024-04-04T08:05:12","modified_gmt":"2024-04-04T05:05:12","slug":"raamatuesitlusbuchprasentation","status":"publish","type":"page","link":"https:\/\/sisu.ut.ee\/lenz\/raamatuesitlusbuchprasentation\/","title":{"rendered":"Raamatuesitlus\/Buchpr\u00e4sentation"},"content":{"rendered":"<p style=\"margin:0cm\">\n\t<span style=\"color:#000000\"><span style=\"font-size:14px\"><span style=\"font-family:Arial,Helvetica,sans-serif\"><span style=\"line-height:normal\"><span lang=\"ET\">Liebe Kolleginnen und Kollegen, head kolleegid!<\/span><\/span><\/span><\/span><\/span>\n<\/p>\n<p style=\"margin:0cm\">\n\t\u00a0\n<\/p>\n<p style=\"margin:0cm\">\n\t<span style=\"color:#000000\"><span style=\"font-size:14px\"><span style=\"font-family:Arial,Helvetica,sans-serif\"><span style=\"line-height:normal\"><span lang=\"ET\">Wir laden Sie herzlich ein zur Pr\u00e4sentation unserer j\u00fcngst erschienenen B\u00fccher zur baltischen Literatur- und Kulturgeschichte!<\/span><\/span><\/span><\/span><\/span>\n<\/p>\n<p style=\"margin:0cm\">\n\t\u00a0\n<\/p>\n<p style=\"margin:0cm\">\n\t<span style=\"color:#000000\"><span style=\"font-size:14px\"><span style=\"font-family:Arial,Helvetica,sans-serif\"><span style=\"line-height:normal\"><span lang=\"ET\">Olete oodatud kahe hiljuti ilmunud Balti kirjandus- ja kultuurilugu k\u00e4sitleva raamatu esitlusele!<\/span><\/span><\/span><\/span><\/span>\n<\/p>\n<p style=\"margin:0cm\">\n\t\u00a0\n<\/p>\n<p style=\"margin:0cm\">\n\t<strong><span style=\"font-size:14px\"><span style=\"font-family:Arial,Helvetica,sans-serif\"><a data-url=\"https:\/\/doi.org\/10.1515\/9783110774399\" href=\"https:\/\/doi.org\/10.1515\/9783110774399\" target=\"_blank\" title=\"\" rel=\"noopener\"><span style=\"color:#000000\">Medien der Aufkl\u00e4rung \u2013 Aufkl\u00e4rung der Medien.\u00a0Die baltische Aufkl\u00e4rung im europ\u00e4ischen Kontext<\/span><\/a><\/span><\/span><\/strong>\n<\/p>\n<p style=\"margin:0cm\">\n\t<span style=\"color:#000000\"><span style=\"font-size:14px\"><span style=\"font-family:Arial,Helvetica,sans-serif\"><span style=\"line-height:normal\"><span lang=\"ET\">Herausgegeben von Liina Lukas, Silke Pasewalck, Vinzenz Hoppe und Kaspar Renner<\/span><\/span><\/span><\/span><\/span>\n<\/p>\n<p style=\"margin:0cm\">\n\t<span style=\"color:#000000\"><span style=\"font-size:14px\"><span style=\"font-family:Arial,Helvetica,sans-serif\"><span style=\"line-height:normal\"><span lang=\"ET\">Berlin-Boston: De Gruyter Oldenbourg 2021<\/span><\/span><\/span><\/span><\/span>\n<\/p>\n<p style=\"margin:0cm\">\n\t<span style=\"font-size:14px\"><span style=\"font-family:Arial,Helvetica,sans-serif\"><span style=\"line-height:normal\"><span lang=\"ET\"><span style=\"color:#000000\">Band 86 der Reihe <\/span><a href=\"https:\/\/www.degruyter.com\/serial\/okg-b\/html\" target=\"_blank\" rel=\"noopener\"><span style=\"color:#000000\">Schriften des Bundesinstituts f\u00fcr Kultur und Geschichte der Deutschen im \u00f6stlichen Europa<\/span><\/a><\/span><\/span><\/span><\/span>\n<\/p>\n<p style=\"margin:0cm\">\n\t\u00a0\n<\/p>\n<p style=\"margin:0cm\">\n\t<span style=\"color:#000000\"><span style=\"font-size:14px\"><span style=\"font-family:Arial,Helvetica,sans-serif\"><span style=\"line-height:normal\"><span lang=\"ET\">Die Aufkl\u00e4rung als Epoche und Denkbewegung ist eng an einen neuen Gebrauch der Medien gebunden. Erwerb, Vermittlung und Vertrieb von Wissen m\u00f6gen zun\u00e4chst nur das Privileg weniger gelehrter K\u00f6pfe gewesen sein, im Kern intendierte die Aufkl\u00e4rung jedoch eine \u00d6ffnung der <i>respublica litteraria<\/i> f\u00fcr alle Menschen. Diese Ausformung der Medien fand nicht nur in den Zentren der Aufkl\u00e4rung statt, sondern auch in deren Peripherien, wie etwa dem Baltikum. Auch dort entstanden und etablierten sich Medien der Aufkl\u00e4rung. Welches waren die wirkm\u00e4chtigsten Medienpraktiken? Wer waren die wichtigsten Tr\u00e4ger und an wen richtete sich die Aufkl\u00e4rung in Estland, Livland und Kurland? Welche Funktionen hatten die unterschiedlichen Sprachen? Das Buch stellt das Baltikum als eine exemplarische europ\u00e4ische Aufkl\u00e4rungsregion vor und zeigt durch verschiedene disziplin\u00e4re Zugriffe (Germanistik, Geschichte, Komparatistik, Kunstgeschichte, Theologie) die Wirksamkeit aufkl\u00e4rerischer Medienformate in dieser Region.<\/span><\/span><\/span><\/span><\/span>\n<\/p>\n<p style=\"margin:0cm\">\n\t\u00a0\n<\/p>\n<p style=\"margin:0cm\">\n\t<span style=\"color:#000000\"><span style=\"font-size:14px\"><span style=\"font-family:Arial,Helvetica,sans-serif\"><span style=\"line-height:normal\"><span lang=\"ET\">Valgustus kui ajastu ja m\u00f5ttevool on tihedalt seotud uut laadi massiteabevahendite kasutusega. Teadmist omandamine, vahendamine ja levitamine v\u00f5isid algselt olla k\u00fcll v\u00e4heste \u00f5petatud peade privileeg, kuid olemuslikult taotles valgustus \u00f5petlaste vabariigi avamist k\u00f5igile inimestele. See massiteabevahendite v\u00e4ljakujunemine ei leidnud aset vaid valgustuse keskustes, vaid ka \u00e4\u00e4realadel nagu Balti provintsid. Ka seal tekkisid ja kinnitasid nad kanda. Millised olid k\u00f5ige m\u00f5juv\u00f5imsamad meediapraktikad? Kes olid nende k\u00f5ige olulisemad kandjad ja kelle poole p\u00f6\u00f6rdus valgustus Eesti-, Liivi- ja Kuramaal? Millist funktsiooni t\u00e4itsid erinevad keeled? Raamat esitleb Balti provintse kui Euroopa valgustuse n\u00e4idisregiooni ja n\u00e4itab l\u00e4bi erinevate erialade (germanistika, ajalugu, v\u00f5rdlev kirjandusteadus, kunstiajalugu, usuteadus) l\u00e4henemiste valgustuslike meediaformaatide m\u00f5ju selles piirkonnas. <\/span><\/span><\/span><\/span><\/span>\n<\/p>\n<p style=\"margin:0cm;text-align:justify\">\n\t\u00a0\n<\/p>\n<p style=\"margin:0cm\">\n\t\u00a0\n<\/p>\n<p style=\"margin:0cm\">\n\t<strong><span style=\"font-size:14px\"><span style=\"font-family:Arial,Helvetica,sans-serif\"><a data-url=\"https:\/\/doi.org\/10.1515\/9783110987133\" href=\"https:\/\/doi.org\/10.1515\/9783110987133\" target=\"_blank\" title=\"\" rel=\"noopener\"><span style=\"color:#000000\">Baltische Bildungsgeschichte(n)<\/span><\/a><\/span><\/span><\/strong>\n<\/p>\n<p style=\"margin:0cm\">\n\t<span style=\"color:#000000\"><span style=\"font-size:14px\"><span style=\"font-family:Arial,Helvetica,sans-serif\"><span style=\"line-height:normal\"><span lang=\"ET\">Herausgegeben von Silke Pasewalck, R\u016bta Eidukevi\u010dien\u0117, Antje Johanning-Rad\u017eien\u0117 und Martin Kl\u00f6ker<\/span><\/span><\/span><\/span><\/span>\n<\/p>\n<p style=\"margin:0cm\">\n\t<span style=\"color:#000000\"><span style=\"font-size:14px\"><span style=\"font-family:Arial,Helvetica,sans-serif\"><span style=\"line-height:normal\"><span lang=\"ET\">Berlin-Boston (De Gruyter Oldenbourg) 2022<\/span><\/span><\/span><\/span><\/span>\n<\/p>\n<p style=\"margin:0cm\">\n\t<span style=\"font-size:14px\"><span style=\"font-family:Arial,Helvetica,sans-serif\"><span style=\"line-height:normal\"><span lang=\"ET\"><span style=\"color:#000000\">Band 78 der Reihe <\/span><a href=\"https:\/\/www.degruyter.com\/serial\/okg-b\/html\" target=\"_blank\" rel=\"noopener\"><span style=\"color:#000000\">Schriften des Bundesinstituts f\u00fcr Kultur und Geschichte der Deutschen im \u00f6stlichen Europa<\/span><\/a><\/span><\/span><\/span><\/span>\n<\/p>\n<p style=\"margin:0cm;text-align:justify\">\n\t\u00a0\n<\/p>\n<p style=\"margin:0cm;text-align:justify\">\n\t<span style=\"color:#000000\"><span style=\"font-size:14px\"><span style=\"font-family:Arial,Helvetica,sans-serif\"><span style=\"line-height:normal\"><span lang=\"ET\">F\u00fcr die baltischen L\u00e4nder ist Bildung ein Schl\u00fcsselthema, das ihre Geschichte und ihr Selbstverst\u00e4ndnis sowohl im Hinblick auf die Fremdbestimmung als auch auf die eigene Staatenbildung betrifft. Im Zuge von Handelskontakten, Christianisierung, Ordenskriegen und Rechtsimport gerieten die autochthonen V\u00f6lkerschaften des baltischen Raums unter kulturelle, sprachliche und politische Einfl\u00fcsse unterschiedlichen Gewichts. Sie waren dadurch zum Teil gewaltvollen Formierungsprozessen ausgesetzt. Im vorliegenden Band wird das Baltikum in Geschichte und Gegenwart aus der Perspektive eines weit gefassten Bildungsbegriffs untersucht. Die Beitr\u00e4ge stammen aus der Feder von Wissenschaftlerinnen und Wissenschaftlern aus Estland, Lettland, Litauen und Deutschland, insbesondere der Germanistik, aber auch der Geschichte, Bildungsgeschichte, Rechtsgeschichte, Slavistik und Komparatistik. Der Band zeigt wesentliche Aspekte der baltischen Bildungsgeschichte und ihrer Narrationen an beispielhaften Analysen und Fallstudien f\u00fcr alle drei baltischen L\u00e4nder auf.<\/span><\/span><\/span><\/span><\/span>\n<\/p>\n<p style=\"margin:0cm;text-align:justify\">\n\t\u00a0\n<\/p>\n<p style=\"margin:0cm;text-align:justify\">\n\t<span style=\"color:#000000\"><span style=\"font-size:14px\"><span style=\"font-family:Arial,Helvetica,sans-serif\"><span style=\"line-height:normal\"><span lang=\"ET\">Baltimaade jaoks on haridus \u00fcks v\u00f5tmeteemadest, mis puudutab nende ajaloo- ja enesek\u00e4sitlust nii v\u00e4lise kontrolli kui ka omaenda riigiloome seisukohast. Kaubanduskontaktide, ristiusustamise, ordus\u00f5dade ja \u00f5igusimpordi k\u00e4igus sattusid Balti ruumi kohalikud rahvad erinevat kaalu kultuuriliste, keeleliste ja poliitiliste m\u00f5jutuste m\u00f5juv\u00e4lja. Nad olid osalt v\u00e4givaldsete kujunemisprotsesside m\u00f5ju all. K\u00e4esolevas k\u00f6ites uuritakse Balti\u00a0ajalugu ja olevikku laialt m\u00f5istetud haridusm\u00f5istest l\u00e4htuvalt. Artiklid p\u00e4rinevad Eesti, L\u00e4ti, Leedu ja Saksa teadlaste sulest, eelk\u00f5ige germanistika, kuid ka ajaloo, haridusloo, \u00f5igusajaloo, slavistika ja v\u00f5rdleva kirjandusteaduse valdkondadest. Raamat osutab k\u00f5igi kolme Baltimaa haridusloo ja selle jutustamise olulistele aspektidele n\u00e4itlike anal\u00fc\u00fcside ja juhtumiuuringute abil.<\/span><\/span><\/span><\/span><\/span>\n<\/p>\n<p style=\"margin:0cm;text-align:justify\">\n\t\u00a0\n<\/p>\n<p style=\"margin:0cm;text-align:justify\">\n\t<span style=\"color:#000000\"><span style=\"font-size:14px\"><span style=\"font-family:Arial,Helvetica,sans-serif\"><span style=\"line-height:normal\"><b><span lang=\"ET\">Wann und wo:<\/span><\/b><span lang=\"ET\"> Am <b>17. September<\/b> um <b>18 Uhr<\/b> im <b>Deutschen Kulturinstitut in Tartu (DKI)<\/b><\/span><\/span><\/span><\/span><\/span>\n<\/p>\n<p style=\"margin:0cm;text-align:justify\">\n\t<span style=\"color:#000000\"><span style=\"font-size:14px\"><span style=\"font-family:Arial,Helvetica,sans-serif\"><span style=\"line-height:normal\"><b><span lang=\"ET\">Millal ja kus: 17. septembril<\/span><\/b><span lang=\"ET\"> kl <b>18<\/b> Tartu Saksa Kultuuri Instituudis (<b>SKI<\/b>)<\/span><\/span><\/span><\/span><\/span>\n<\/p>\n<p style=\"margin:0cm;text-align:justify\">\n\t\u00a0\n<\/p>\n<p style=\"margin:0cm;text-align:justify\">\n\t<span style=\"color:#000000\"><span style=\"font-size:14px\"><span style=\"font-family:Arial,Helvetica,sans-serif\"><span style=\"line-height:normal\"><span lang=\"ET\">Wir freuen uns auf Ihr\/Euer Kommen und auf das Gespr\u00e4ch!<\/span><\/span><\/span><\/span><\/span>\n<\/p>\n<p style=\"margin:0cm;text-align:justify\">\n\t<span style=\"color:#000000\"><span style=\"font-size:14px\"><span style=\"font-family:Arial,Helvetica,sans-serif\"><span style=\"line-height:normal\"><span lang=\"ET\">R\u00f5\u00f5mustame Teie tuleku ja arutelu \u00fcle!<\/span><\/span><\/span><\/span><\/span>\n<\/p>\n<p style=\"margin:0cm;text-align:justify\">\n\t\u00a0\n<\/p>\n<p style=\"margin:0cm0cm5pt;text-align:justify\">\n\t<span style=\"color:#000000\"><span style=\"font-size:14px\"><span style=\"font-family:Arial,Helvetica,sans-serif\"><span style=\"line-height:normal\"><span lang=\"ET\">Silke Pasewalck, Liina Lukas, Martin Kl\u00f6ker<\/span><\/span><\/span><\/span><\/span>\n<\/p>\n<p style=\"margin:0cm0cm8pt\">\n\t\u00a0<\/p>\n","protected":false},"excerpt":{"rendered":"<p>Liebe Kolleginnen und Kollegen, head kolleegid! \u00a0 Wir laden Sie herzlich ein zur Pr\u00e4sentation unserer j\u00fcngst erschienenen B\u00fccher zur baltischen Literatur- und Kulturgeschichte! \u00a0 Olete oodatud kahe hiljuti ilmunud Balti kirjandus- ja kultuurilugu k\u00e4sitleva raamatu esitlusele! \u00a0 Medien der Aufkl\u00e4rung &#8230;<\/p>\n","protected":false},"author":99,"featured_media":0,"parent":0,"menu_order":0,"comment_status":"closed","ping_status":"closed","template":"","meta":{"_acf_changed":false,"inline_featured_image":false,"footnotes":""},"class_list":["post-8","page","type-page","status-publish","hentry"],"acf":[],"_links":{"self":[{"href":"https:\/\/sisu.ut.ee\/lenz\/wp-json\/wp\/v2\/pages\/8","targetHints":{"allow":["GET"]}}],"collection":[{"href":"https:\/\/sisu.ut.ee\/lenz\/wp-json\/wp\/v2\/pages"}],"about":[{"href":"https:\/\/sisu.ut.ee\/lenz\/wp-json\/wp\/v2\/types\/page"}],"author":[{"embeddable":true,"href":"https:\/\/sisu.ut.ee\/lenz\/wp-json\/wp\/v2\/users\/99"}],"replies":[{"embeddable":true,"href":"https:\/\/sisu.ut.ee\/lenz\/wp-json\/wp\/v2\/comments?post=8"}],"version-history":[{"count":1,"href":"https:\/\/sisu.ut.ee\/lenz\/wp-json\/wp\/v2\/pages\/8\/revisions"}],"predecessor-version":[{"id":21,"href":"https:\/\/sisu.ut.ee\/lenz\/wp-json\/wp\/v2\/pages\/8\/revisions\/21"}],"wp:attachment":[{"href":"https:\/\/sisu.ut.ee\/lenz\/wp-json\/wp\/v2\/media?parent=8"}],"curies":[{"name":"wp","href":"https:\/\/api.w.org\/{rel}","templated":true}]}}