{"id":5,"date":"2024-04-04T08:05:09","date_gmt":"2024-04-04T05:05:09","guid":{"rendered":"https:\/\/sisu.ut.ee\/lenz\/programm\/"},"modified":"2024-04-04T08:05:12","modified_gmt":"2024-04-04T05:05:12","slug":"programm","status":"publish","type":"page","link":"https:\/\/sisu.ut.ee\/lenz\/programm\/","title":{"rendered":"Programm"},"content":{"rendered":"<h2 style=\"margin-bottom:0cm\">\n\t<span style=\"color:#006400\"><span style=\"font-family:Book Antiqua\"><span style=\"line-height:normal\"><b><span lang=\"DE\">16. September<\/span><\/b><\/span><\/span><\/span><br>\n<\/h2>\n<h4 style=\"margin-bottom:0cm\">\n\t<span style=\"font-size:15px\"><span style=\"color:#006400\"><span style=\"font-family:Book Antiqua\"><span style=\"line-height:normal\"><span lang=\"DE\"><strong>10.00-12.30 Vortr\u00e4ge I<\/strong><\/span><\/span><\/span><\/span><\/span><br>\n<\/h4>\n<address style=\"margin-bottom:0cm\">\n\t<em><span style=\"font-family:Arial,Helvetica,sans-serif\"><span style=\"line-height:normal\"><span lang=\"DE\"><span style=\"color:#00000a\">Ort: Johanniskirche (Jaani 5)<\/span><\/span><\/span><\/span><\/em><br>\n<\/address>\n<address style=\"margin-bottom:0cm\">\n\t\u00a0<br>\n<\/address>\n<p>\n\t<span style=\"font-family:Arial,Helvetica,sans-serif\"><span style=\"line-height:normal\"><span lang=\"DE\"><span style=\"color:#00000a\">10.00 Gru\u00dfworte und Rundgang in der Johanniskirche<\/span><\/span><\/span><\/span><br><span style=\"font-family:Arial,Helvetica,sans-serif\"><span lang=\"DE\"><span style=\"line-height:17.1200008392334px\"><span style=\"color:#00000a\">10.30 Heinrich Bosse:\u00a0<\/span><\/span><\/span><span lang=\"ET\"><span style=\"line-height:17.1200008392334px\"><span style=\"color:#00000a\">Lenz in Dorpat 1759-1768<\/span><\/span><\/span><\/span><br><span style=\"font-family:Arial,Helvetica,sans-serif\"><span style=\"line-height:normal\"><span lang=\"DE\"><span style=\"color:#00000a\">11.30 <\/span><\/span><span lang=\"ET\"><span style=\"color:#00000a\">Beata Pa\u0161kevica:\u00a0David Lenz und das Herrnhutertum in Livland<\/span><\/span><\/span><\/span><br><span style=\"font-family:Arial,Helvetica,sans-serif\"><span style=\"line-height:normal\"><span lang=\"ET\"><span style=\"color:#00000a\">12.00 Tiina-Erika Friedenthal:\u00a0<i>Der Vers\u00f6hnungstod Jesu Christi<\/i><\/span><\/span><\/span><\/span>\n<\/p>\n<p>\n\t\u00a0\n<\/p>\n<h4 style=\"margin-bottom:0cm\">\n\t<span style=\"font-size:15px\"><strong><span style=\"color:#006400\"><span style=\"font-family:Book Antiqua\"><span style=\"line-height:normal\"><span lang=\"DE\">14.00-15.30 Vortr\u00e4ge II<\/span><\/span><\/span><\/span><\/strong><\/span><br>\n<\/h4>\n<address style=\"margin-bottom:0cm\">\n\t<em><span style=\"color:#000000\"><span style=\"font-family:Arial,Helvetica,sans-serif\"><span style=\"line-height:normal\"><span lang=\"DE\">Ort: \u00dclikooli 16-109 (Eingang von der R\u00fcckseite des Hauses)<\/span><\/span><\/span><\/span><\/em><br>\n<\/address>\n<address style=\"margin-bottom:0cm\">\n\t\u00a0<br>\n<\/address>\n<p style=\"margin-bottom:0cm\">\n\t<span style=\"font-family:Arial,Helvetica,sans-serif\"><span style=\"line-height:normal\"><span lang=\"DE\"><span style=\"color:#00000a\">14.00 Martin Kl\u00f6ker:\u00a0Lenz und der (baltische) Adel<\/span><\/span><\/span><\/span><br><span style=\"font-family:Arial,Helvetica,sans-serif\"><span style=\"line-height:normal\"><span lang=\"DE\"><span style=\"color:#00000a\">14.30 Martin Pabst:\u00a0Der baltische Literatenstand. Eine Einf\u00fchrung<\/span><\/span><\/span><\/span><br><span style=\"font-family:Arial,Helvetica,sans-serif\"><span style=\"line-height:normal\"><span lang=\"DE\"><span style=\"color:#00000a\">15.00 Liina Lukas:\u00a0Transgression im Werk von Jakob Michael Reinhold Lenz<\/span><\/span><\/span><\/span>\n<\/p>\n<p style=\"margin-bottom:0cm\">\n\t\u00a0\n<\/p>\n<h4 style=\"margin-bottom:0cm\">\n\t<span style=\"font-size:15px\"><strong><span style=\"color:#006400\"><span style=\"font-family:Book Antiqua\"><span style=\"line-height:normal\"><span lang=\"DE\">16.00-17.30 Vortr\u00e4ge III<\/span><\/span><\/span><\/span><\/strong><\/span><br>\n<\/h4>\n<address style=\"margin-bottom:0cm\">\n\t<em><span style=\"color:#000000\"><span><span style=\"line-height:normal\"><span lang=\"DE\">Ort: \u00dclikooli 16-109 (Eingang von der R\u00fcckseite des Hauses)<\/span><\/span><\/span><\/span><\/em><br>\n<\/address>\n<address style=\"margin-bottom:0cm\">\n\t<br><span style=\"font-family:Arial,Helvetica,sans-serif\"><span style=\"color:#000000\"><span style=\"font-size:14px\"><span style=\"line-height:normal\"><span lang=\"DE\">16.00 Julia Freytag:\u00a0<\/span><\/span>Das \u201aGenie auf dem Gipfel\u2018 und \u201adas\u00a0B\u00fcbgen\u00a0im Winkel\u2018: Parodie der Autorschaft\u00a0in J. M. R. Lenz\u2019 dramatischer Skizze\u00a0Pand\u00e4monium Germanikum\u00a0(1775)<\/span><\/span><\/span><br>\n<\/address>\n<address style=\"margin-bottom:0cm\">\n\t\u00a0<br>\n<\/address>\n<h2 style=\"margin-bottom:0cm\">\n\t<span style=\"color:#006400\"><span style=\"font-family:Book Antiqua\"><span style=\"line-height:normal\"><b><span lang=\"DE\">17. September<\/span><\/b><\/span><\/span><\/span><br>\n<\/h2>\n<h4 style=\"margin-bottom:0cm\">\n\t<span style=\"font-size:15px\"><strong><span style=\"color:#006400\"><span style=\"font-family:Book Antiqua\"><span style=\"line-height:normal\"><span lang=\"DE\">10.00-11.30 Vortr\u00e4ge IV<\/span><\/span><\/span><\/span><\/strong><\/span><br>\n<\/h4>\n<address style=\"margin-bottom:0cm\">\n\t<em><span style=\"color:#000000\"><span><span style=\"line-height:normal\"><span lang=\"DE\">Ort: \u00dclikooli 16-109 (Eingang von der R\u00fcckseite des Hauses)<\/span><\/span><\/span><\/span><\/em><br>\n<\/address>\n<address style=\"margin-bottom:0cm\">\n\t\u00a0<br>\n<\/address>\n<p style=\"margin-bottom:0cm\">\n\t<span style=\"font-family:Arial,Helvetica,sans-serif\"><span style=\"line-height:normal\"><span lang=\"DE\"><span style=\"color:#00000a\">10.00 Reet Bender:\u00a0Familie Lenz und Estland \u2013 Nachleben und kulturgeschichtliche Bedeutung <\/span><\/span><\/span><\/span><br><span style=\"font-family:Arial,Helvetica,sans-serif\"><span style=\"line-height:normal\"><span lang=\"DE\"><span style=\"color:#00000a\">10.30 Maris Saagpakk:\u00a0Fr\u00fche \u00dcbersetzungen der Autoren des Sturm und Drang ins Estnische. Kulturhistorische Dynamiken und Fallbeispiele<\/span><\/span><\/span><\/span><br><span style=\"font-family:Arial,Helvetica,sans-serif\"><span style=\"line-height:15.693333625793457px\"><span lang=\"DE\"><span style=\"line-height:17.1200008392334px\"><span style=\"color:#00000a\">11.00 Kairit Kaur:\u00a0Lenz, Boehlendorff, Liiv: \u00fcber das Schicksal dreier baltischer Dichter<\/span><\/span><\/span><\/span><\/span>\n<\/p>\n<p style=\"margin-bottom:0cm\">\n\t\u00a0\n<\/p>\n<h4 style=\"margin-bottom:0cm\">\n\t<span style=\"font-size:15px\"><strong><span style=\"color:#006400\"><span style=\"font-family:Book Antiqua\"><span style=\"line-height:normal\"><span lang=\"DE\">12.00-13.30 Vortr\u00e4ge V<\/span><\/span><\/span><\/span><\/strong><\/span><br>\n<\/h4>\n<address style=\"margin-bottom:0cm\">\n\t<em><span style=\"color:#000000\"><span><span style=\"line-height:normal\"><span lang=\"DE\">Ort: \u00dclikooli 16-109 (Eingang von der R\u00fcckseite des Hauses)<\/span><\/span><\/span><\/span><\/em><br>\n<\/address>\n<address style=\"margin-bottom:0cm\">\n\t\u00a0<br>\n<\/address>\n<p>\n\t<span style=\"font-family:Arial,Helvetica,sans-serif\"><span style=\"line-height:15.693333625793457px\"><span lang=\"DE\"><span style=\"line-height:17.1200008392334px\"><span style=\"color:#00000a\">12.00 Silke Pasewalck:\u00a0Lenz im deutsc<\/span><span style=\"color:#000000\">hsprachigen H\u00f6rspiel nach 1945 <\/span><\/span><\/span><\/span><\/span><br><span style=\"color:#000000\"><span style=\"font-family:Arial,Helvetica,sans-serif\"><span style=\"line-height:15.693333625793457px\"><span lang=\"DE\"><span style=\"line-height:17.1200008392334px\">12.30 Kristel Pappel:\u00a0Jakob Lenz in der Musik<\/span><\/span><\/span><\/span><br><span style=\"font-family:Arial,Helvetica,sans-serif\"><span style=\"line-height:15.693333625793457px\"><span lang=\"DE\"><span style=\"line-height:17.1200008392334px\">13.00 <\/span><\/span><\/span><\/span>Kole Graeme Galbraith und Marko Pajevi\u0107: Wie Lenz die Achtundsechziger zur Kunst zur\u00fcckf\u00fchrte, vermittelt von Peter Schneider \u00fcber Georg B\u00fcchner<\/span>\n<\/p>\n<p>\n\t\u00a0\n<\/p>\n<p style=\"margin-bottom:0cm\">\n\t<span style=\"font-size:15px\"><strong><span style=\"color:#006400\"><span style=\"font-family:Book Antiqua\"><span style=\"line-height:normal\"><span lang=\"DE\">15.00-16.30 Vortr\u00e4ge VI<\/span><\/span><\/span><\/span><\/strong><\/span><br><em><span style=\"color:#000000\"><span><span style=\"line-height:normal\"><span lang=\"DE\">Ort: \u00dclikooli 16-109 (Eingang von der R\u00fcckseite des Hauses)<\/span><\/span><\/span><\/span><\/em>\n<\/p>\n<p style=\"margin-bottom:0cm\">\n\t<span style=\"font-family:Arial,Helvetica,sans-serif\"><span style=\"color:#000000\"><span style=\"line-height:normal\"><span lang=\"DE\">15.00 Inge\u00a0Stephan:\u00a0<\/span><\/span>Verweigerte M\u00e4nnlichkeit J.M.R. Lenz und sein Drama \u00a0\u201eDer Engl\u00e4nder\u201c<\/span><br><span style=\"line-height:normal\"><span lang=\"DE\"><span style=\"color:#00000a\">16.00\u00a0<\/span><\/span><\/span><span style=\"line-height:normal\"><span lang=\"DE\"><span style=\"color:#00000a\">Vahur Aabrams: Katastrophenliteratur aus Livland<br>16.30\u00a0<\/span><\/span><\/span><\/span><span><span style=\"line-height:normal\"><span lang=\"DE\"><span style=\"color:#00000a\">Iwan d\u2019Aprile:\u00a0Lenz und die politische \u00d6ffentlichkeit der Sp\u00e4taufkl\u00e4rung<\/span><\/span><\/span><\/span>\n<\/p>\n<p style=\"margin-bottom:0cm\">\n\t\u00a0\n<\/p>\n<p dir=\"ltr\">\n\t<span style=\"font-size:15px\"><span style=\"font-family:Book Antiqua\"><strong><span style=\"color:#006400\">18.00 <\/span><a data-url=\"https:\/\/sisu.ut.ee\/lenz\/raamatuesitlusbuchprasentation\" href=\"https:\/\/sisu.ut.ee\/lenz\/raamatuesitlusbuchprasentation\" target=\"_blank\" title=\"\" rel=\"noopener\"><span style=\"color:#006400\">Buchpr\u00e4sentation\u00a0und Rundtischgespr\u00e4ch<\/span><\/a><span style=\"color:#006400\">\u00a0<\/span><\/strong><\/span><\/span><br><em><span style=\"color:#000000\"><span style=\"font-size:14px\"><span style=\"font-family:Arial,Helvetica,sans-serif\">Ort: Kastani 1 (Deutsches Kulturinstitut)<\/span><\/span><\/span><\/em><br>\u00a0\n<\/p>\n<p dir=\"ltr\">\n\t<span style=\"color:#000000\"><span style=\"font-size:14px\"><span style=\"font-family:Arial,Helvetica,sans-serif\">B\u00fccher:<\/span><\/span><\/span>\n<\/p>\n<p dir=\"ltr\">\n\t<span style=\"color:#000000\"><span style=\"font-size:14px\"><span style=\"font-family:Arial,Helvetica,sans-serif\">Medien der Aufkl\u00e4rung \u2013 Aufkl\u00e4rung der Medien.\u00a0Die baltische Aufkl\u00e4rung im europ\u00e4ischen Kontext.\u00a0Herausgegeben von Liina Lukas, Silke Pasewalck, Vinzenz Hoppe und Kaspar Renner.\u00a0Berlin-Boston: De Gruyter Oldenbourg 2021.\u00a0Band 86 der Reihe\u00a0Schriften des Bundesinstituts f\u00fcr Kultur und Geschichte der Deutschen im \u00f6stlichen Europa.<\/span><\/span><\/span>\n<\/p>\n<p>\n\t<span style=\"color:#000000\"><span style=\"font-size:14px\"><span style=\"font-family:Arial,Helvetica,sans-serif\">Baltische Bildungsgeschichte(n).\u00a0Herausgegeben von Silke Pasewalck, R\u016bta Eidukevi\u010dien\u0117, Antje Johanning-Rad\u017eien\u0117 und Martin Kl\u00f6ker.\u00a0Berlin-Boston (De Gruyter Oldenbourg) 2022.\u00a0Band 78 der Reihe\u00a0Schriften des Bundesinstituts f\u00fcr Kultur und Geschichte der Deutschen im \u00f6stlichen Europa.<\/span><\/span><\/span>\n<\/p>\n<p>\n\t<span style=\"color:#000000\"><span style=\"font-size:14px\"><span style=\"font-family:Arial,Helvetica,sans-serif\">Rundtisch:\u00a0Inge Stephan, Julia Freytag, Heinrich Bosse Moderation: Liina Lukas\u00a0<\/span><\/span><\/span>\n<\/p>\n<p>\n\t\u00a0\n<\/p>\n<p dir=\"ltr\">\n\t\u00a0\n<\/p>\n<p style=\"margin-bottom:0cm\">\n\t\u00a0<\/p>\n","protected":false},"excerpt":{"rendered":"<p>16. September 10.00-12.30 Vortr\u00e4ge I Ort: Johanniskirche (Jaani 5) \u00a0 10.00 Gru\u00dfworte und Rundgang in der Johanniskirche10.30 Heinrich Bosse:\u00a0Lenz in Dorpat 1759-176811.30 Beata Pa\u0161kevica:\u00a0David Lenz und das Herrnhutertum in Livland12.00 Tiina-Erika Friedenthal:\u00a0Der Vers\u00f6hnungstod Jesu Christi \u00a0 14.00-15.30 Vortr\u00e4ge II Ort: &#8230;<\/p>\n","protected":false},"author":99,"featured_media":0,"parent":0,"menu_order":0,"comment_status":"closed","ping_status":"closed","template":"","meta":{"_acf_changed":false,"inline_featured_image":false,"footnotes":""},"class_list":["post-5","page","type-page","status-publish","hentry"],"acf":[],"_links":{"self":[{"href":"https:\/\/sisu.ut.ee\/lenz\/wp-json\/wp\/v2\/pages\/5","targetHints":{"allow":["GET"]}}],"collection":[{"href":"https:\/\/sisu.ut.ee\/lenz\/wp-json\/wp\/v2\/pages"}],"about":[{"href":"https:\/\/sisu.ut.ee\/lenz\/wp-json\/wp\/v2\/types\/page"}],"author":[{"embeddable":true,"href":"https:\/\/sisu.ut.ee\/lenz\/wp-json\/wp\/v2\/users\/99"}],"replies":[{"embeddable":true,"href":"https:\/\/sisu.ut.ee\/lenz\/wp-json\/wp\/v2\/comments?post=5"}],"version-history":[{"count":1,"href":"https:\/\/sisu.ut.ee\/lenz\/wp-json\/wp\/v2\/pages\/5\/revisions"}],"predecessor-version":[{"id":24,"href":"https:\/\/sisu.ut.ee\/lenz\/wp-json\/wp\/v2\/pages\/5\/revisions\/24"}],"wp:attachment":[{"href":"https:\/\/sisu.ut.ee\/lenz\/wp-json\/wp\/v2\/media?parent=5"}],"curies":[{"name":"wp","href":"https:\/\/api.w.org\/{rel}","templated":true}]}}