{"id":9,"date":"2024-04-04T03:18:25","date_gmt":"2024-04-04T00:18:25","guid":{"rendered":"https:\/\/sisu.ut.ee\/latikeel\/ii-kaandkond\/"},"modified":"2024-04-04T03:18:35","modified_gmt":"2024-04-04T00:18:35","slug":"ii-kaandkond","status":"publish","type":"page","link":"https:\/\/sisu.ut.ee\/latikeel\/ii-kaandkond\/","title":{"rendered":"II k\u00e4\u00e4ndkond (II deklin\u0101cija)"},"content":{"rendered":"<p>\n\tII k\u00e4\u00e4ndkonda kuuluvad\u00a0<strong><strong><strong><em>is<\/em>\u2013<\/strong>l\u00f5pulised meessoost s\u00f5nad<\/strong><\/strong>, nt<em> br\u0101lis <\/em>\u2018vend\u2019<em>,\u00a0akmens<\/em>\u00a0\u2018kivi\u2019.\u00a0\n<\/p>\n<table class=\"table table-hover\" border=\"0\">\n<tbody>\n<tr>\n<td>\n\t\t\t\t<strong>K\u00e4\u00e4ne<\/strong>\n\t\t\t<\/td>\n<td colspan=\"2\">\n\t\t\t\t<strong>Ainsus<\/strong>\n\t\t\t<\/td>\n<td colspan=\"2\">\n\t\t\t\t<strong>Mitmus<\/strong>\n\t\t\t<\/td>\n<\/tr>\n<tr>\n<td>\n\t\t\t\t<strong>N. kas?<\/strong>\n\t\t\t<\/td>\n<td>\n\t\t\t\tbr\u0101lis\n\t\t\t<\/td>\n<td>\n\t\t\t\takmens**\n\t\t\t<\/td>\n<td>\n\t\t\t\tbr\u0101\u013ci*\n\t\t\t<\/td>\n<td>\n\t\t\t\takme\u0146i*\n\t\t\t<\/td>\n<\/tr>\n<tr>\n<td>\n\t\t\t\t<strong>\u0122. k\u0101?<\/strong>\n\t\t\t<\/td>\n<td>\n\t\t\t\tbr\u0101\u013ca*\n\t\t\t<\/td>\n<td>\n\t\t\t\takmens**\n\t\t\t<\/td>\n<td>\n\t\t\t\tbr\u0101\u013cu*\n\t\t\t<\/td>\n<td>\n\t\t\t\takme\u0146u*\n\t\t\t<\/td>\n<\/tr>\n<tr>\n<td>\n\t\t\t\t<strong>D. kam?<\/strong>\n\t\t\t<\/td>\n<td>\n\t\t\t\tbr\u0101lim\n\t\t\t<\/td>\n<td>\n\t\t\t\takmenim\n\t\t\t<\/td>\n<td>\n\t\t\t\tbr\u0101\u013ciem*\n\t\t\t<\/td>\n<td>\n\t\t\t\takme\u0146iem*\n\t\t\t<\/td>\n<\/tr>\n<tr>\n<td>\n\t\t\t\t<strong>A. ko?<\/strong>\n\t\t\t<\/td>\n<td>\n\t\t\t\tbr\u0101li\n\t\t\t<\/td>\n<td>\n\t\t\t\takmeni\n\t\t\t<\/td>\n<td>\n\t\t\t\tbr\u0101\u013cus*\n\t\t\t<\/td>\n<td>\n\t\t\t\takme\u0146us*\n\t\t\t<\/td>\n<\/tr>\n<tr>\n<td>\n\t\t\t\t<strong>I. ar ko?<\/strong>\n\t\t\t<\/td>\n<td>\n\t\t\t\tar br\u0101li\n\t\t\t<\/td>\n<td>\n\t\t\t\tar akmeni\n\t\t\t<\/td>\n<td>\n\t\t\t\tar br\u0101\u013ciem\n\t\t\t<\/td>\n<td>\n\t\t\t\tar akme\u0146iem\n\t\t\t<\/td>\n<\/tr>\n<tr>\n<td>\n\t\t\t\t<strong>L. kur?<\/strong>\n\t\t\t<\/td>\n<td>\n\t\t\t\tbr\u0101l\u012b\n\t\t\t<\/td>\n<td>\n\t\t\t\takmen\u012b\n\t\t\t<\/td>\n<td>\n\t\t\t\tbr\u0101\u013cos*\n\t\t\t<\/td>\n<td>\n\t\t\t\takme\u0146os*\n\t\t\t<\/td>\n<\/tr>\n<tr>\n<td>\n\t\t\t\t<strong>V. \u2013<\/strong>\n\t\t\t<\/td>\n<td>\n\t\t\t\tbr\u0101l(i)!\n\t\t\t<\/td>\n<td>\n\t\t\t\takmen(i)!\n\t\t\t<\/td>\n<td>\n\t\t\t\tbr\u0101\u013ci!*\n\t\t\t<\/td>\n<td>\n\t\t\t\takme\u0146i!\n\t\t\t<\/td>\n<\/tr>\n<\/tbody>\n<\/table>\n<p>\n\t* Vt <a data-url=\"https:\/\/sisu.ut.ee\/latikeel\/palatalisatsioon\" href=\"https:\/\/sisu.ut.ee\/latikeel\/palatalisatsioon\" target=\"_blank\" title=\"\" rel=\"noopener\">kaash\u00e4\u00e4likute palatalisatsioon<\/a>\n<\/p>\n<p>\n\t<strong><div class=\"accordion mb-3\">\n        <div class=\"accordion-item accordion-item--white\">\n        <h2 class=\"accordion-header\" id=\"accordion-69df5602ae021-heading\">\n            <button class=\"accordion-button collapsed\" type=\"button\" data-bs-toggle=\"collapse\" data-bs-target=\"#accordion-69df5602ae021-collapse\" aria-expanded=\"true\" aria-controls=\"accordion-69df5602ae021-collapse\"> **II k\u00e4\u00e4ndkonna erandid <\/button>\n        <\/h2>\n        <div id=\"accordion-69df5602ae021-collapse\" class=\"accordion-collapse collapse\" aria-labelledby=\"accordion-69df5602ae021-heading\">\n            <div class=\"accordion-body\"> S\u00f5nad, millel on s\u00f5nal\u00f5pp -s, kuid kuuluvad teise k\u00e4\u00e4ndkonda: <em>akmen<strong>s<\/strong><\/em><strong><em>\u00a0<\/em><\/strong>\u2018kivi\u2019, <em>asmen<strong>s <\/strong><\/em>\u2018l\u00f5iketera\u2019, <em>m\u0113nes<strong>s <\/strong><\/em>\u2018Kuu\u2019, <em>\u016bden<strong>s <\/strong><\/em>\u2018vesi\u2019, <em>ruden<strong>s<\/strong><\/em>\u00a0\u2018s\u00fcgis\u2019, <em>ziben<strong>s<\/strong>\u00a0<\/em>\u2018v\u00e4lk\u2019,\u00a0<em>s\u0101l<strong>s <\/strong><\/em>\u2018sool\u2019, <em>sun<strong>s\u00a0<\/strong><\/em>\u2018koer\u2019. Lisaks on nendel s\u00f5nadel\u00a0ainsuses nominatiivi ja genitiivi vorm sama.\u00a0NB! Erandiks on\u00a0<em>sun<strong>s<\/strong><\/em>\u00a0\u2018koer\u2019<em>\u00a0<\/em>-&gt; genitiiv:\u00a0<em>su<strong>\u0146<\/strong>a\u00a0<\/em><\/div>\n        <\/div>\n        <\/div>\n    <\/div><\/strong><\/p>\n","protected":false},"excerpt":{"rendered":"<p>II k\u00e4\u00e4ndkonda kuuluvad\u00a0is\u2013l\u00f5pulised meessoost s\u00f5nad, nt br\u0101lis \u2018vend\u2019,\u00a0akmens\u00a0\u2018kivi\u2019.\u00a0 K\u00e4\u00e4ne Ainsus Mitmus N. kas? br\u0101lis akmens** br\u0101\u013ci* akme\u0146i* \u0122. k\u0101? br\u0101\u013ca* akmens** br\u0101\u013cu* akme\u0146u* D. kam? br\u0101lim akmenim br\u0101\u013ciem* akme\u0146iem* A. ko? br\u0101li akmeni br\u0101\u013cus* akme\u0146us* I. ar ko? ar br\u0101li &#8230;<\/p>\n","protected":false},"author":77,"featured_media":0,"parent":0,"menu_order":0,"comment_status":"closed","ping_status":"closed","template":"","meta":{"_acf_changed":false,"inline_featured_image":false,"footnotes":""},"class_list":["post-9","page","type-page","status-publish","hentry"],"acf":[],"_links":{"self":[{"href":"https:\/\/sisu.ut.ee\/latikeel\/wp-json\/wp\/v2\/pages\/9","targetHints":{"allow":["GET"]}}],"collection":[{"href":"https:\/\/sisu.ut.ee\/latikeel\/wp-json\/wp\/v2\/pages"}],"about":[{"href":"https:\/\/sisu.ut.ee\/latikeel\/wp-json\/wp\/v2\/types\/page"}],"author":[{"embeddable":true,"href":"https:\/\/sisu.ut.ee\/latikeel\/wp-json\/wp\/v2\/users\/77"}],"replies":[{"embeddable":true,"href":"https:\/\/sisu.ut.ee\/latikeel\/wp-json\/wp\/v2\/comments?post=9"}],"version-history":[{"count":1,"href":"https:\/\/sisu.ut.ee\/latikeel\/wp-json\/wp\/v2\/pages\/9\/revisions"}],"predecessor-version":[{"id":111,"href":"https:\/\/sisu.ut.ee\/latikeel\/wp-json\/wp\/v2\/pages\/9\/revisions\/111"}],"wp:attachment":[{"href":"https:\/\/sisu.ut.ee\/latikeel\/wp-json\/wp\/v2\/media?parent=9"}],"curies":[{"name":"wp","href":"https:\/\/api.w.org\/{rel}","templated":true}]}}