{"id":8,"date":"2024-04-04T03:18:25","date_gmt":"2024-04-04T00:18:25","guid":{"rendered":"https:\/\/sisu.ut.ee\/latikeel\/i-kaandkond\/"},"modified":"2024-04-04T03:18:35","modified_gmt":"2024-04-04T00:18:35","slug":"i-kaandkond","status":"publish","type":"page","link":"https:\/\/sisu.ut.ee\/latikeel\/i-kaandkond\/","title":{"rendered":"I k\u00e4\u00e4ndkond (I deklin\u0101cija)"},"content":{"rendered":"<p>\n\tI k\u00e4\u00e4ndkonda kuuluvad\u00a0<strong><strong><strong><em>s<\/em>\u2013 ja <em>\u0161<\/em>-l\u00f5pulised meessoost s\u00f5nad\u00a0<\/strong><\/strong><\/strong>nt <em>t\u0113vs<\/em>\u00a0\u2019isa\u2019, <em>ce\u013c\u0161<\/em>\u00a0\u2018(s\u00f5idu)tee\u2019.\n<\/p>\n<table class=\"table table-hover\" border=\"0\">\n<tbody>\n<tr>\n<td>\n\t\t\t\t<strong>K\u00e4\u00e4ne<\/strong>\n\t\t\t<\/td>\n<td colspan=\"2\">\n\t\t\t\t<strong>Ainsus<\/strong>\n\t\t\t<\/td>\n<td colspan=\"2\">\n\t\t\t\t<strong>Mitmus<\/strong>\n\t\t\t<\/td>\n<\/tr>\n<tr>\n<td>\n\t\t\t\t<strong>N. kas?<\/strong>\n\t\t\t<\/td>\n<td>\n\t\t\t\tt\u0113vs\n\t\t\t<\/td>\n<td>\n\t\t\t\tce\u013c\u0161\n\t\t\t<\/td>\n<td>\n\t\t\t\tt\u0113vi\n\t\t\t<\/td>\n<td>\n\t\t\t\tce\u013ci\n\t\t\t<\/td>\n<\/tr>\n<tr>\n<td>\n\t\t\t\t<strong>\u0122. k\u0101?<\/strong>\n\t\t\t<\/td>\n<td>\n\t\t\t\tt\u0113va\n\t\t\t<\/td>\n<td>\n\t\t\t\tce\u013ca\n\t\t\t<\/td>\n<td>\n\t\t\t\tt\u0113vu\n\t\t\t<\/td>\n<td>\n\t\t\t\tce\u013cu\n\t\t\t<\/td>\n<\/tr>\n<tr>\n<td>\n\t\t\t\t<strong>D. kam?<\/strong>\n\t\t\t<\/td>\n<td>\n\t\t\t\tt\u0113vam\n\t\t\t<\/td>\n<td>\n\t\t\t\tce\u013cam\n\t\t\t<\/td>\n<td>\n\t\t\t\tt\u0113viem\n\t\t\t<\/td>\n<td>\n\t\t\t\tce\u013ciem\n\t\t\t<\/td>\n<\/tr>\n<tr>\n<td>\n\t\t\t\t<strong>A. ko?<\/strong>\n\t\t\t<\/td>\n<td>\n\t\t\t\tt\u0113vu\n\t\t\t<\/td>\n<td>\n\t\t\t\tce\u013cu\n\t\t\t<\/td>\n<td>\n\t\t\t\tt\u0113vus\n\t\t\t<\/td>\n<td>\n\t\t\t\tce\u013cus\n\t\t\t<\/td>\n<\/tr>\n<tr>\n<td>\n\t\t\t\t<strong>I. ar ko?<\/strong>\n\t\t\t<\/td>\n<td>\n\t\t\t\tar t\u0113vu\n\t\t\t<\/td>\n<td>\n\t\t\t\tar ce\u013cu\n\t\t\t<\/td>\n<td>\n\t\t\t\tar t\u0113viem\n\t\t\t<\/td>\n<td>\n\t\t\t\tar ce\u013ciem\n\t\t\t<\/td>\n<\/tr>\n<tr>\n<td>\n\t\t\t\t<strong>L. kur?<\/strong>\n\t\t\t<\/td>\n<td>\n\t\t\t\tt\u0113v\u0101\n\t\t\t<\/td>\n<td>\n\t\t\t\tce\u013c\u0101\n\t\t\t<\/td>\n<td>\n\t\t\t\tt\u0113vos\n\t\t\t<\/td>\n<td>\n\t\t\t\tce\u013cos\n\t\t\t<\/td>\n<\/tr>\n<tr>\n<td>\n\t\t\t\t<strong>V. \u2013 <\/strong>\n\t\t\t<\/td>\n<td>\n\t\t\t\tt\u0113v(s)!\n\t\t\t<\/td>\n<td>\n\t\t\t\tce\u013c\u0161!\n\t\t\t<\/td>\n<td>\n\t\t\t\tt\u0113vi!\n\t\t\t<\/td>\n<td>\n\t\t\t\tce\u013ci!\n\t\t\t<\/td>\n<\/tr>\n<\/tbody>\n<\/table>\n","protected":false},"excerpt":{"rendered":"<p>I k\u00e4\u00e4ndkonda kuuluvad\u00a0s\u2013 ja \u0161-l\u00f5pulised meessoost s\u00f5nad\u00a0nt t\u0113vs\u00a0\u2019isa\u2019, ce\u013c\u0161\u00a0\u2018(s\u00f5idu)tee\u2019. K\u00e4\u00e4ne Ainsus Mitmus N. kas? t\u0113vs ce\u013c\u0161 t\u0113vi ce\u013ci \u0122. k\u0101? t\u0113va ce\u013ca t\u0113vu ce\u013cu D. kam? t\u0113vam ce\u013cam t\u0113viem ce\u013ciem A. ko? t\u0113vu ce\u013cu t\u0113vus ce\u013cus I. ar ko? ar &#8230;<\/p>\n","protected":false},"author":77,"featured_media":0,"parent":0,"menu_order":0,"comment_status":"closed","ping_status":"closed","template":"","meta":{"_acf_changed":false,"inline_featured_image":false,"footnotes":""},"class_list":["post-8","page","type-page","status-publish","hentry"],"acf":[],"_links":{"self":[{"href":"https:\/\/sisu.ut.ee\/latikeel\/wp-json\/wp\/v2\/pages\/8","targetHints":{"allow":["GET"]}}],"collection":[{"href":"https:\/\/sisu.ut.ee\/latikeel\/wp-json\/wp\/v2\/pages"}],"about":[{"href":"https:\/\/sisu.ut.ee\/latikeel\/wp-json\/wp\/v2\/types\/page"}],"author":[{"embeddable":true,"href":"https:\/\/sisu.ut.ee\/latikeel\/wp-json\/wp\/v2\/users\/77"}],"replies":[{"embeddable":true,"href":"https:\/\/sisu.ut.ee\/latikeel\/wp-json\/wp\/v2\/comments?post=8"}],"version-history":[{"count":1,"href":"https:\/\/sisu.ut.ee\/latikeel\/wp-json\/wp\/v2\/pages\/8\/revisions"}],"predecessor-version":[{"id":110,"href":"https:\/\/sisu.ut.ee\/latikeel\/wp-json\/wp\/v2\/pages\/8\/revisions\/110"}],"wp:attachment":[{"href":"https:\/\/sisu.ut.ee\/latikeel\/wp-json\/wp\/v2\/media?parent=8"}],"curies":[{"name":"wp","href":"https:\/\/api.w.org\/{rel}","templated":true}]}}