{"id":7,"date":"2024-04-04T03:18:25","date_gmt":"2024-04-04T00:18:25","guid":{"rendered":"https:\/\/sisu.ut.ee\/latikeel\/palatalisatsioon\/"},"modified":"2024-04-04T03:18:35","modified_gmt":"2024-04-04T00:18:35","slug":"palatalisatsioon","status":"publish","type":"page","link":"https:\/\/sisu.ut.ee\/latikeel\/palatalisatsioon\/","title":{"rendered":"Palatalisatsioon (L\u012bdzska\u0146u mija)"},"content":{"rendered":"<p>\n\tKaash\u00e4\u00e4liku peenendus ehk palatalisatsioon\u00a0on iseloomulik <a data-url=\"https:\/\/sisu.ut.ee\/latikeel\/ii-kaandkond\" href=\"https:\/\/sisu.ut.ee\/latikeel\/ii-kaandkond\" title=\"\">teise k\u00e4\u00e4ndkonna<\/a>\u00a0nimisonadel ainsuse genitiivis ja k\u00f5igis mitmuse vormis ning <a data-url=\"https:\/\/sisu.ut.ee\/latikeel\/v-kaandkond\" href=\"https:\/\/sisu.ut.ee\/latikeel\/v-kaandkond\" title=\"\">viienda <\/a>ja <a data-url=\"https:\/\/sisu.ut.ee\/latikeel\/vi-kaandkond\" href=\"https:\/\/sisu.ut.ee\/latikeel\/vi-kaandkond\" title=\"\">kuuenda<\/a> k\u00e4\u00e4ndkonna nimisonadel mitmuse genitiivis.\n<\/p>\n<table class=\"table table-hover\" border=\"0\" width=\"355\">\n<tbody>\n<tr>\n<td>\n\t\t\t\t\u00a0\n\t\t\t<\/td>\n<td>\n\t\t\t\t<strong>N\u00e4ide<\/strong>\n\t\t\t<\/td>\n<td>\n\t\t\t\t\u00a0\n\t\t\t<\/td>\n<td>\n\t\t\t\t\u00a0\n\t\t\t<\/td>\n<\/tr>\n<tr>\n<td>\n\t\t\t\t<strong>b &gt; bj<\/strong>\n\t\t\t<\/td>\n<td>\n\t\t\t\t<em>gulbis <\/em>\u2018luik\u2019\u00a0&gt; <em>gulbji<\/em><br><em>irbe<\/em> \u2018p\u00fc\u00fc\u2019 &gt; <em>irbju<\/em>\n\t\t\t<\/td>\n<td>\n\t\t\t\t<strong>c &gt; \u010d<\/strong>\n\t\t\t<\/td>\n<td>\n\t\t\t\t<em>l\u0101cis <\/em>\u2018karu\u2019\u00a0&gt; <em>l\u0101\u010di<\/em><br><em>prece <\/em>\u2018kaup\u2019\u00a0&gt; <em>pre\u010du<\/em>\n\t\t\t<\/td>\n<\/tr>\n<tr>\n<td>\n\t\t\t\t<strong><strong>d &gt; \u017e<\/strong><\/strong>\n\t\t\t<\/td>\n<td>\n\t\t\t\t<em>briedis <\/em>\u2018hirv\u2019 &gt; <em>brie\u017ei<\/em><br><em>sirds<\/em> \u2018s\u00fcda\u2019 &gt; <em>sir\u017eu<\/em><br><em>atbilde\u00a0<\/em>\u2018vastus\u2019<em>\u00a0<\/em>&gt; <em>atbil\u017eu<\/em>\n\t\t\t<\/td>\n<td>\n\t\t\t\t<strong><strong>l &gt; \u013c <\/strong><\/strong>\n\t\t\t<\/td>\n<td>\n\t\t\t\t<em>br\u0101lis<\/em> \u2018vend\u2019 &gt; <em>br\u0101\u013ci<\/em><br><em>pele <\/em>\u2018hiir\u2019 &gt; <em>pe\u013cu<\/em><br><em>pils <\/em>\u2018loss\u2019\u00a0&gt; <em>pi\u013cu<\/em>\n\t\t\t<\/td>\n<\/tr>\n<tr>\n<td>\n\t\t\t\t<strong><strong><strong>dz &gt; d\u017e<\/strong><\/strong><\/strong>\n\t\t\t<\/td>\n<td>\n\t\t\t\t<em>dadzis <\/em>\u2018takjas\u2019\u00a0&gt; <em>dad\u017ei<\/em><br><em>paaudze <\/em>\u2018p\u00f5lvkond\u2019 &gt; <em>paaud\u017eu<\/em>\n\t\t\t<\/td>\n<td>\n\t\t\t\t<strong>ll <strong>&gt;<\/strong> \u013c\u013c<\/strong>\n\t\t\t<\/td>\n<td>\n\t\t\t\t<em>lelle <\/em>\u2018nukk\u2019 &gt; <em>le\u013c\u013cu<\/em>\n\t\t\t<\/td>\n<\/tr>\n<tr>\n<td>\n\t\t\t\t<strong>ln &gt; \u013c\u0146<\/strong>\n\t\t\t<\/td>\n<td>\n\t\t\t\t<em>vilnis <\/em>\u2018laine\u2019\u00a0&gt; <em>vi\u013c\u0146i<\/em>\n\t\t\t<\/td>\n<td>\n\t\t\t\t<strong>m &gt; mj<\/strong>\n\t\t\t<\/td>\n<td>\n\t\t\t\t<em>pr\u0101mis <\/em>\u2018praam\u2019 &gt; <em>pr\u0101mji<\/em><br><em>v\u0113lme\u00a0<\/em>\u2018soov\u2019<em>\u00a0<\/em>&gt; <em>v\u0113lmju<\/em>\n\t\t\t<\/td>\n<\/tr>\n<tr>\n<td>\n\t\t\t\t<strong>n &gt; \u0146<\/strong>\n\t\t\t<\/td>\n<td>\n\t\t\t\t<em>igaunis<\/em> \u2018eestlane\u2019 &gt; <em>igau\u0146i<\/em><br><em>s\u0113ne <\/em>\u2018seen\u2019\u00a0&gt; <em>s\u0113\u0146u<\/em><br><em>uguns <\/em>\u2018tuli\u2019 &gt; <em>ugu\u0146u<\/em>\n\t\t\t<\/td>\n<td>\n\t\t\t\t<strong>p &gt; pj<\/strong>\n\t\t\t<\/td>\n<td>\n\t\t\t\t<em>skapis\u00a0<\/em>\u2018kapp\u2019<em>\u00a0<\/em>&gt; <em>skapji<\/em><br><em>piepe\u00a0<\/em>\u2018puuseen\u2019<em>\u00a0<\/em>&gt; <em>piepju<\/em>\n\t\t\t<\/td>\n<\/tr>\n<tr>\n<td>\n\t\t\t\t<strong>s &gt; \u0161 <\/strong>\n\t\t\t<\/td>\n<td>\n\t\t\t\t<em>\u0137irsis <\/em>\u2018kirss\u2019 &gt; <em>\u0137ir\u0161i<\/em><br><em>l\u0101se <\/em>\u2018piisk\u2019\u00a0&gt; <em>l\u0101\u0161u<\/em><br><em>ilkss <\/em>\u2018ais\u2019 &gt; <em>ilk\u0161u<\/em>\n\t\t\t<\/td>\n<td>\n\t\t\t\t<strong><strong>sl &gt; \u0161\u013c<\/strong><\/strong>\n\t\t\t<\/td>\n<td>\n\t\t\t\t<em>gr\u012bslis <\/em>\u2018tarn\u2019 &gt; <em>gr\u012b\u0161\u013ci<\/em>\n\t\t\t<\/td>\n<\/tr>\n<tr>\n<td>\n\t\t\t\t<strong><strong>sn &gt; \u0161\u0146<\/strong><\/strong>\n\t\t\t<\/td>\n<td>\n\t\t\t\t<em>alksnis <\/em>\u2018lepp\u2019\u00a0&gt; <em>alk\u0161\u0146i<\/em><br><em>augsne <\/em>\u2018pinnas\u2019 &gt; <em>aug\u0161\u0146u<\/em><br><em>kr\u0101sns <\/em>\u2018ahi\u2019\u00a0&gt; <em>kr\u0101\u0161\u0146u<\/em>\n\t\t\t<\/td>\n<td>\n\t\t\t\t<strong><strong>st <strong>&gt;<\/strong> \u0161<\/strong><\/strong>\n\t\t\t<\/td>\n<td>\n\t\t\t\tb\u0101rksts \u2018narmas\u2019 &gt; b\u0101rk\u0161u\n\t\t\t<\/td>\n<\/tr>\n<tr>\n<td>\n\t\t\t\t<strong><strong><strong><strong>t &gt; \u0161<\/strong><\/strong><\/strong><\/strong>\n\t\t\t<\/td>\n<td>\n\t\t\t\t<em>latvietis <\/em>\u2018l\u00e4tlane\u2019\u00a0&gt; <em>latvie\u0161i<\/em><br><em>m\u0101te\u00a0<\/em>\u2018ema\u2019<em>\u00a0<\/em>&gt; <em>m\u0101\u0161u<\/em><br><em>nakts <\/em>\u2018\u00f6\u00f6\u2019\u00a0&gt; <em>nak\u0161u<\/em>\n\t\t\t<\/td>\n<td>\n\t\t\t\t<strong><strong><strong><strong>v &gt; vj<\/strong><\/strong><\/strong><\/strong>\n\t\t\t<\/td>\n<td>\n\t\t\t\t<em>\u0161\u0137\u012bvis<\/em> \u2018taldrik\u2019 &gt; <em>\u0161\u0137\u012bvju<\/em><br><em>dz\u012bve <\/em>\u2018elu\u2019\u00a0&gt; <em>dz\u012bvju<\/em><br><em>zivs <\/em>\u2018kala\u2019\u00a0&gt; <em>zivju<\/em>\n\t\t\t<\/td>\n<\/tr>\n<tr>\n<td>\n\t\t\t\t<strong><strong>z &gt; \u017e <\/strong><\/strong>\n\t\t\t<\/td>\n<td>\n\t\t\t\t<em>nazis <\/em>\u2018nuga\u2019 &gt; <em>na\u017ei<\/em><br><em>roze <\/em>\u2018roos \u2018 &gt; <em>ro\u017eu<\/em><br><em>birzs<\/em> \u2018kaasik\u2019 &gt; <em>bir\u017eu<\/em>\n\t\t\t<\/td>\n<td>\n\t\t\t\t<strong><strong>zl &gt; \u017e\u013c<\/strong><\/strong>\n\t\t\t<\/td>\n<td>\n\t\t\t\t<em>zizlis <\/em>\u2018sau\u2019 &gt; zi\u017e\u013ci\n\t\t\t<\/td>\n<\/tr>\n<tr>\n<td>\n\t\t\t\t<strong><strong>zn <strong>&gt;<\/strong> \u017e\u0146<\/strong><\/strong>\n\t\t\t<\/td>\n<td>\n\t\t\t\t<em>zvaigzne\u00a0<\/em>\u2018taevat\u00e4ht\u2019\u00a0&gt; <em>zvaig\u017e\u0146u<\/em>\n\t\t\t<\/td>\n<td>\n\t\t\t\t\u00a0\n\t\t\t<\/td>\n<td>\n\t\t\t\t\u00a0\n\t\t\t<\/td>\n<\/tr>\n<\/tbody>\n<\/table>\n<p>\n\t\u00a0\n<\/p>\n<p>\n\tNB! Heak\u00f5la v\u00f5i vormide kokkulangemise t\u00f5ttu puudub\u00a0osadel s\u00f5nadel kaash\u00e4\u00e4likute palatalisatsioon: nt\n<\/p>\n<p>\n\t<em>acs <\/em>\u2018silm\u2019&gt; <em>acu<\/em>,\u00a0<br><em>auss <\/em>\u2018k\u00f5rv\u2019 &gt; <em>ausu<\/em>,<br><em>debess <\/em>\u2018taevas\u2019 &gt; <em>debesu<\/em>,\u00a0<br><em>mute\u00a0<\/em>\u2018suu\u2019&gt; <em>mutu<\/em>,\u00a0<br><em>pase\u00a0<\/em>\u2018pass\u2019 &gt; <em>pasu<\/em>,<br><em>valsts <\/em>\u2018riik\u2019&gt; <em>valstu<\/em>,<br><em>viesis <\/em>\u2018k\u00fclaline\u2019\u00a0&gt; <em>viesu<\/em>,\u00a0<br>isikunimi <em>Valdis, Gatis<\/em>\u00a0jne.<\/p>\n","protected":false},"excerpt":{"rendered":"<p>Kaash\u00e4\u00e4liku peenendus ehk palatalisatsioon\u00a0on iseloomulik teise k\u00e4\u00e4ndkonna\u00a0nimisonadel ainsuse genitiivis ja k\u00f5igis mitmuse vormis ning viienda ja kuuenda k\u00e4\u00e4ndkonna nimisonadel mitmuse genitiivis. \u00a0 N\u00e4ide \u00a0 \u00a0 b &gt; bj gulbis \u2018luik\u2019\u00a0&gt; gulbjiirbe \u2018p\u00fc\u00fc\u2019 &gt; irbju c &gt; \u010d l\u0101cis \u2018karu\u2019\u00a0&gt; l\u0101\u010diprece &#8230;<\/p>\n","protected":false},"author":77,"featured_media":0,"parent":0,"menu_order":0,"comment_status":"closed","ping_status":"closed","template":"","meta":{"_acf_changed":false,"inline_featured_image":false,"footnotes":""},"class_list":["post-7","page","type-page","status-publish","hentry"],"acf":[],"_links":{"self":[{"href":"https:\/\/sisu.ut.ee\/latikeel\/wp-json\/wp\/v2\/pages\/7","targetHints":{"allow":["GET"]}}],"collection":[{"href":"https:\/\/sisu.ut.ee\/latikeel\/wp-json\/wp\/v2\/pages"}],"about":[{"href":"https:\/\/sisu.ut.ee\/latikeel\/wp-json\/wp\/v2\/types\/page"}],"author":[{"embeddable":true,"href":"https:\/\/sisu.ut.ee\/latikeel\/wp-json\/wp\/v2\/users\/77"}],"replies":[{"embeddable":true,"href":"https:\/\/sisu.ut.ee\/latikeel\/wp-json\/wp\/v2\/comments?post=7"}],"version-history":[{"count":1,"href":"https:\/\/sisu.ut.ee\/latikeel\/wp-json\/wp\/v2\/pages\/7\/revisions"}],"predecessor-version":[{"id":109,"href":"https:\/\/sisu.ut.ee\/latikeel\/wp-json\/wp\/v2\/pages\/7\/revisions\/109"}],"wp:attachment":[{"href":"https:\/\/sisu.ut.ee\/latikeel\/wp-json\/wp\/v2\/media?parent=7"}],"curies":[{"name":"wp","href":"https:\/\/api.w.org\/{rel}","templated":true}]}}