{"id":6,"date":"2024-04-04T03:18:25","date_gmt":"2024-04-04T00:18:25","guid":{"rendered":"https:\/\/sisu.ut.ee\/latikeel\/kaandkonnad\/"},"modified":"2024-04-04T03:18:35","modified_gmt":"2024-04-04T00:18:35","slug":"kaandkonnad","status":"publish","type":"page","link":"https:\/\/sisu.ut.ee\/latikeel\/kaandkonnad\/","title":{"rendered":"K\u00e4\u00e4ndkonnad (Deklin\u0101cijas)"},"content":{"rendered":"<p>\n\tL\u00e4ti keeles on kuus k\u00e4\u00e4ndkonda.\u00a0\n<\/p>\n<p>\n\t<a data-url=\"https:\/\/sisu.ut.ee\/latikeel\/i-kaandkond\" href=\"https:\/\/sisu.ut.ee\/latikeel\/i-kaandkond\" title=\"\">I k\u00e4\u00e4ndkonda<\/a> kuuluvad <strong>s<\/strong>\u2013 ja <strong>\u0161<\/strong>-l\u00f5pulised meessoost s\u00f5nad.<br><a data-url=\"https:\/\/sisu.ut.ee\/latikeel\/ii-kaandkond\" href=\"https:\/\/sisu.ut.ee\/latikeel\/ii-kaandkond\" title=\"\">II k\u00e4\u00e4ndkonda<\/a> kuuluvad <strong>is<\/strong>-l\u00f5pulised meessoost s\u00f5nad.<br><a data-url=\"https:\/\/sisu.ut.ee\/latikeel\/iii-kaandkond\" href=\"https:\/\/sisu.ut.ee\/latikeel\/iii-kaandkond\" title=\"\">III k\u00e4\u00e4ndkonda<\/a> kuuluvad <strong>us<\/strong>-l\u00f5pulised meessoost s\u00f5nad.\n<\/p>\n<p>\n\t<br><a data-url=\"https:\/\/sisu.ut.ee\/latikeel\/iv-kaandkond\" href=\"https:\/\/sisu.ut.ee\/latikeel\/iv-kaandkond\" title=\"\">IV k\u00e4\u00e4ndkonda<\/a> kuuluvad <strong>a<\/strong>-l\u00f5pulised naissoost s\u00f5nad.<br><a data-url=\"https:\/\/sisu.ut.ee\/latikeel\/v-kaandkond\" href=\"https:\/\/sisu.ut.ee\/latikeel\/v-kaandkond\" title=\"\">V k\u00e4\u00e4ndkonda<\/a> kuuluvad <strong>e<\/strong>-l\u00f5pulised naissoost s\u00f5nad.<br><a data-url=\"https:\/\/sisu.ut.ee\/latikeel\/vi-kaandkond\" href=\"https:\/\/sisu.ut.ee\/latikeel\/vi-kaandkond\" title=\"\">VI k\u00e4\u00e4ndkonda<\/a> kuuluvad <strong>s<\/strong>-l\u00f5pulised naissoost s\u00f5nad.<\/p>\n","protected":false},"excerpt":{"rendered":"<p>L\u00e4ti keeles on kuus k\u00e4\u00e4ndkonda.\u00a0 I k\u00e4\u00e4ndkonda kuuluvad s\u2013 ja \u0161-l\u00f5pulised meessoost s\u00f5nad.II k\u00e4\u00e4ndkonda kuuluvad is-l\u00f5pulised meessoost s\u00f5nad.III k\u00e4\u00e4ndkonda kuuluvad us-l\u00f5pulised meessoost s\u00f5nad. IV k\u00e4\u00e4ndkonda kuuluvad a-l\u00f5pulised naissoost s\u00f5nad.V k\u00e4\u00e4ndkonda kuuluvad e-l\u00f5pulised naissoost s\u00f5nad.VI k\u00e4\u00e4ndkonda kuuluvad s-l\u00f5pulised naissoost s\u00f5nad.<\/p>\n","protected":false},"author":77,"featured_media":0,"parent":0,"menu_order":0,"comment_status":"closed","ping_status":"closed","template":"","meta":{"_acf_changed":false,"inline_featured_image":false,"footnotes":""},"class_list":["post-6","page","type-page","status-publish","hentry"],"acf":[],"_links":{"self":[{"href":"https:\/\/sisu.ut.ee\/latikeel\/wp-json\/wp\/v2\/pages\/6","targetHints":{"allow":["GET"]}}],"collection":[{"href":"https:\/\/sisu.ut.ee\/latikeel\/wp-json\/wp\/v2\/pages"}],"about":[{"href":"https:\/\/sisu.ut.ee\/latikeel\/wp-json\/wp\/v2\/types\/page"}],"author":[{"embeddable":true,"href":"https:\/\/sisu.ut.ee\/latikeel\/wp-json\/wp\/v2\/users\/77"}],"replies":[{"embeddable":true,"href":"https:\/\/sisu.ut.ee\/latikeel\/wp-json\/wp\/v2\/comments?post=6"}],"version-history":[{"count":1,"href":"https:\/\/sisu.ut.ee\/latikeel\/wp-json\/wp\/v2\/pages\/6\/revisions"}],"predecessor-version":[{"id":108,"href":"https:\/\/sisu.ut.ee\/latikeel\/wp-json\/wp\/v2\/pages\/6\/revisions\/108"}],"wp:attachment":[{"href":"https:\/\/sisu.ut.ee\/latikeel\/wp-json\/wp\/v2\/media?parent=6"}],"curies":[{"name":"wp","href":"https:\/\/api.w.org\/{rel}","templated":true}]}}