{"id":5,"date":"2024-04-04T03:18:25","date_gmt":"2024-04-04T00:18:25","guid":{"rendered":"https:\/\/sisu.ut.ee\/latikeel\/kaanded\/"},"modified":"2024-04-04T03:18:35","modified_gmt":"2024-04-04T00:18:35","slug":"kaanded","status":"publish","type":"page","link":"https:\/\/sisu.ut.ee\/latikeel\/kaanded\/","title":{"rendered":"K\u00e4\u00e4nded (Loc\u012bjumi)"},"content":{"rendered":"<p>\n\tL\u00e4ti keeles on seitse k\u00e4\u00e4net: nominatiiv, genitiiv, daativ, akusatiiv, instrumentaal, lokatiiv ja vokatiiv.\u00a0\n<\/p>\n<p>\n\t\u00a0\n<\/p>\n<table class=\"table table-hover\" border=\"0\">\n<tbody>\n<tr>\n<td>\n\t\t\t\t<strong>K\u00e4\u00e4ne (<em>Loc\u012bjums<\/em>)<\/strong>\n\t\t\t<\/td>\n<td>\n\t\t\t\t<strong>K\u00e4\u00e4nde k\u00fcsimus (<em>Jaut\u0101jums<\/em>)<\/strong>\n\t\t\t<\/td>\n<\/tr>\n<tr>\n<td>\n\t\t\t\t1. Nominatiiv (<em>Nominat\u012bvs<\/em>)\n\t\t\t<\/td>\n<td>\n\t\t\t\tkas?\n\t\t\t<\/td>\n<\/tr>\n<tr>\n<td>\n\t\t\t\t2. Genitiiv (<em>\u0122enit\u012bvs<\/em>)\n\t\t\t<\/td>\n<td>\n\t\t\t\tk\u0101?\n\t\t\t<\/td>\n<\/tr>\n<tr>\n<td>\n\t\t\t\t3. Daativ (<em>Dat\u012bvs<\/em>)\n\t\t\t<\/td>\n<td>\n\t\t\t\tkam?\n\t\t\t<\/td>\n<\/tr>\n<tr>\n<td>\n\t\t\t\t4. Akusatiiv (<em>Akuzat\u012bvs<\/em>)\n\t\t\t<\/td>\n<td>\n\t\t\t\tko?\n\t\t\t<\/td>\n<\/tr>\n<tr>\n<td>\n\t\t\t\t5. Instrumentaal (<em>Instrument\u0101lis<\/em>)\n\t\t\t<\/td>\n<td>\n\t\t\t\tar ko?\n\t\t\t<\/td>\n<\/tr>\n<tr>\n<td>\n\t\t\t\t6. Lokatiiv (<em>Lokat\u012bvs<\/em>)\n\t\t\t<\/td>\n<td>\n\t\t\t\tkur?\n\t\t\t<\/td>\n<\/tr>\n<tr>\n<td>\n\t\t\t\t7. Vokatiiv (<em>Vokat\u012bvs<\/em>)\n\t\t\t<\/td>\n<td>\n\t\t\t\t-*\n\t\t\t<\/td>\n<\/tr>\n<\/tbody>\n<\/table>\n<p>\n\t<br>*Vokatiiv\u00a0on ilma k\u00fcsimuseta ja seda\u00a0kasutatakse kellegi poole p\u00f6\u00f6rdumiseks.\n<\/p>\n<p>\n\t\u00a0<\/p>\n","protected":false},"excerpt":{"rendered":"<p>L\u00e4ti keeles on seitse k\u00e4\u00e4net: nominatiiv, genitiiv, daativ, akusatiiv, instrumentaal, lokatiiv ja vokatiiv.\u00a0 \u00a0 K\u00e4\u00e4ne (Loc\u012bjums) K\u00e4\u00e4nde k\u00fcsimus (Jaut\u0101jums) 1. Nominatiiv (Nominat\u012bvs) kas? 2. Genitiiv (\u0122enit\u012bvs) k\u0101? 3. Daativ (Dat\u012bvs) kam? 4. Akusatiiv (Akuzat\u012bvs) ko? 5. Instrumentaal (Instrument\u0101lis) ar ko? &#8230;<\/p>\n","protected":false},"author":77,"featured_media":0,"parent":0,"menu_order":0,"comment_status":"closed","ping_status":"closed","template":"","meta":{"_acf_changed":false,"inline_featured_image":false,"footnotes":""},"class_list":["post-5","page","type-page","status-publish","hentry"],"acf":[],"_links":{"self":[{"href":"https:\/\/sisu.ut.ee\/latikeel\/wp-json\/wp\/v2\/pages\/5","targetHints":{"allow":["GET"]}}],"collection":[{"href":"https:\/\/sisu.ut.ee\/latikeel\/wp-json\/wp\/v2\/pages"}],"about":[{"href":"https:\/\/sisu.ut.ee\/latikeel\/wp-json\/wp\/v2\/types\/page"}],"author":[{"embeddable":true,"href":"https:\/\/sisu.ut.ee\/latikeel\/wp-json\/wp\/v2\/users\/77"}],"replies":[{"embeddable":true,"href":"https:\/\/sisu.ut.ee\/latikeel\/wp-json\/wp\/v2\/comments?post=5"}],"version-history":[{"count":2,"href":"https:\/\/sisu.ut.ee\/latikeel\/wp-json\/wp\/v2\/pages\/5\/revisions"}],"predecessor-version":[{"id":126,"href":"https:\/\/sisu.ut.ee\/latikeel\/wp-json\/wp\/v2\/pages\/5\/revisions\/126"}],"wp:attachment":[{"href":"https:\/\/sisu.ut.ee\/latikeel\/wp-json\/wp\/v2\/media?parent=5"}],"curies":[{"name":"wp","href":"https:\/\/api.w.org\/{rel}","templated":true}]}}