{"id":419,"date":"2025-01-13T10:45:18","date_gmt":"2025-01-13T08:45:18","guid":{"rendered":"https:\/\/sisu.ut.ee\/latikeel\/?page_id=419"},"modified":"2026-02-26T13:50:50","modified_gmt":"2026-02-26T11:50:50","slug":"latviesu-valodas-celvedis-audiofailid","status":"publish","type":"page","link":"https:\/\/sisu.ut.ee\/latikeel\/latviesu-valodas-celvedis-audiofailid\/","title":{"rendered":"&#8220;Latvie\u0161u valodas ce\u013cvedis&#8221; audiofailid"},"content":{"rendered":"<p><\/p>\n\n\n\n<ol class=\"wp-block-list\">\n<li><strong>noda\u013ca<\/strong><\/li>\n<\/ol>\n\n\n\n<p><strong>1. Alfab\u0113ts. <\/strong><em>T\u00e4hestik. <\/em><\/p>\n\n\n\n<figure class=\"wp-block-audio\"><audio controls src=\"https:\/\/sisu.ut.ee\/wp-content\/uploads\/sites\/206\/4.Alfabets-2.mp3\"><\/audio><\/figure>\n\n\n\n<p><strong>2. Patska\u0146i un l\u012bdzska\u0146i.<\/strong> <em>T\u00e4is- ja kaash\u00e4\u00e4likud. <\/em><\/p>\n\n\n\n<p><strong>2.1. Patska\u0146i<\/strong><em>. T\u00e4ish\u00e4\u00e4likud. <\/em><\/p>\n\n\n\n<figure class=\"wp-block-audio\"><audio controls src=\"https:\/\/sisu.ut.ee\/wp-content\/uploads\/sites\/206\/2.patskani.mp3\"><\/audio><\/figure>\n\n\n\n<p><strong>2.2. L\u012bdzska\u0146i<\/strong>. <em>Kaash\u00e4\u00e4likud. <\/em><\/p>\n\n\n\n<figure class=\"wp-block-audio\"><audio controls src=\"https:\/\/sisu.ut.ee\/wp-content\/uploads\/sites\/206\/2.lidzskani.mp3\"><\/audio><\/figure>\n\n\n\n<p><strong>8. Uzsvars ir uz pirm\u0101s zilbes.<\/strong> <em>S\u00f5nar\u00f5hk on esimesel silbil. <\/em><\/p>\n\n\n\n<figure class=\"wp-block-audio\"><audio controls src=\"https:\/\/sisu.ut.ee\/wp-content\/uploads\/sites\/206\/8.uzsvars.mp3\"><\/audio><\/figure>\n\n\n\n<p><strong>9. Sve\u0161v\u0101rdi. <\/strong><em>V\u00f5\u00f5rs\u00f5nad<\/em><\/p>\n\n\n\n<figure class=\"wp-block-audio\"><audio controls src=\"https:\/\/sisu.ut.ee\/wp-content\/uploads\/sites\/206\/9.svesvardi.mp3\"><\/audio><\/figure>\n\n\n\n<p><strong>10. Latvie\u0161u-igau\u0146u viltus draugi.<\/strong> <em>L\u00e4ti-eesti v\u00f5ltss\u00f5brad<\/em><\/p>\n\n\n\n<figure class=\"wp-block-audio\"><audio controls src=\"https:\/\/sisu.ut.ee\/wp-content\/uploads\/sites\/206\/2.Latviesu_igaunu_viltus_draugi.mp3\"><\/audio><\/figure>\n\n\n\n<p><strong>10. Izruna (k, t, s, p).<\/strong> <em>H\u00e4\u00e4ldus. <\/em><\/p>\n\n\n\n<figure class=\"wp-block-audio\"><audio controls src=\"https:\/\/sisu.ut.ee\/wp-content\/uploads\/sites\/206\/10.Izrunakk-tt-ss-pp.mp3\"><\/audio><\/figure>\n\n\n\n<p><strong>13. Sveiki! <\/strong><em>Tere!<\/em><\/p>\n\n\n\n<figure class=\"wp-block-audio\"><audio controls src=\"https:\/\/sisu.ut.ee\/wp-content\/uploads\/sites\/206\/1.-Sveiki-Klausies-Runa.mp3\"><\/audio><\/figure>\n\n\n\n<p><strong>14. Sveiki. Sasveicin\u0101\u0161an\u0101s un atvad\u012b\u0161an\u0101s.<\/strong> <em>Tere! Tervitamine ja h\u00fcvastij\u00e4tmine. <\/em><\/p>\n\n\n\n<figure class=\"wp-block-audio\"><audio controls src=\"https:\/\/sisu.ut.ee\/wp-content\/uploads\/sites\/206\/11.Sveiki.Sasveicinasanas.Atvadisanas.mp3\"><\/audio><\/figure>\n\n\n\n<p><strong>16. K\u0101 iet?<\/strong> <em>Kuidas l\u00e4heb?<\/em><\/p>\n\n\n\n<figure class=\"wp-block-audio\"><audio controls src=\"https:\/\/sisu.ut.ee\/wp-content\/uploads\/sites\/206\/12.Ka_iet.mp3\"><\/audio><\/figure>\n\n\n\n<p><strong>15.2. Dialogs. Alberts un M\u0101ra. <\/strong><em>Dialoog. Albert ja M\u0101ra<\/em><\/p>\n\n\n\n<figure class=\"wp-block-audio\"><audio controls src=\"https:\/\/sisu.ut.ee\/wp-content\/uploads\/sites\/206\/13.2.Alberts_Mara.mp3\"><\/audio><\/figure>\n\n\n\n<p><strong>17. Dialogs. Alberts un M\u0101ra.<\/strong> <em>Dialoog. Albert ja M\u0101ra. <\/em><\/p>\n\n\n\n<figure class=\"wp-block-audio\"><audio controls src=\"https:\/\/sisu.ut.ee\/wp-content\/uploads\/sites\/206\/13.3.Alberts_Mara.mp3\"><\/audio><\/figure>\n\n\n\n<p><\/p>\n\n\n\n<p><\/p>\n\n\n\n<p><\/p>\n\n\n\n<p><\/p>\n\n\n\n<p><\/p>\n\n\n\n<p><\/p>\n\n\n\n<p><\/p>\n","protected":false},"excerpt":{"rendered":"<p>1. Alfab\u0113ts. T\u00e4hestik. 2. Patska\u0146i un l\u012bdzska\u0146i. T\u00e4is- ja kaash\u00e4\u00e4likud. 2.1. Patska\u0146i. T\u00e4ish\u00e4\u00e4likud. 2.2. L\u012bdzska\u0146i. Kaash\u00e4\u00e4likud. 8. Uzsvars ir uz pirm\u0101s zilbes. S\u00f5nar\u00f5hk on esimesel silbil. 9. Sve\u0161v\u0101rdi. V\u00f5\u00f5rs\u00f5nad 10. Latvie\u0161u-igau\u0146u viltus draugi. L\u00e4ti-eesti v\u00f5ltss\u00f5brad 10. Izruna (k, t, s, &#8230;<\/p>\n","protected":false},"author":77,"featured_media":0,"parent":0,"menu_order":0,"comment_status":"closed","ping_status":"closed","template":"","meta":{"_acf_changed":false,"inline_featured_image":false,"footnotes":""},"class_list":["post-419","page","type-page","status-publish","hentry"],"acf":[],"_links":{"self":[{"href":"https:\/\/sisu.ut.ee\/latikeel\/wp-json\/wp\/v2\/pages\/419","targetHints":{"allow":["GET"]}}],"collection":[{"href":"https:\/\/sisu.ut.ee\/latikeel\/wp-json\/wp\/v2\/pages"}],"about":[{"href":"https:\/\/sisu.ut.ee\/latikeel\/wp-json\/wp\/v2\/types\/page"}],"author":[{"embeddable":true,"href":"https:\/\/sisu.ut.ee\/latikeel\/wp-json\/wp\/v2\/users\/77"}],"replies":[{"embeddable":true,"href":"https:\/\/sisu.ut.ee\/latikeel\/wp-json\/wp\/v2\/comments?post=419"}],"version-history":[{"count":8,"href":"https:\/\/sisu.ut.ee\/latikeel\/wp-json\/wp\/v2\/pages\/419\/revisions"}],"predecessor-version":[{"id":497,"href":"https:\/\/sisu.ut.ee\/latikeel\/wp-json\/wp\/v2\/pages\/419\/revisions\/497"}],"wp:attachment":[{"href":"https:\/\/sisu.ut.ee\/latikeel\/wp-json\/wp\/v2\/media?parent=419"}],"curies":[{"name":"wp","href":"https:\/\/api.w.org\/{rel}","templated":true}]}}