{"id":39,"date":"2024-04-04T03:18:27","date_gmt":"2024-04-04T00:18:27","guid":{"rendered":"https:\/\/sisu.ut.ee\/latikeel\/avaleht\/"},"modified":"2024-04-24T08:02:30","modified_gmt":"2024-04-24T05:02:30","slug":"avaleht","status":"publish","type":"page","link":"https:\/\/sisu.ut.ee\/latikeel\/","title":{"rendered":"Avaleht"},"content":{"rendered":"<p>Leht \u201cL\u00e4ti grammatika tabelid\u201d on Tartu \u00dclikoolis v\u00e4ljat\u00f6\u00f6tatud l\u00e4ti keele abimaterjal, mis on m\u00f5eldud algajaile.\u00a0<\/p>\n\n\n\n<p><strong>Raamatu \u201cR\u00e4\u00e4gime l\u00e4ti keelest\u201d audion\u00e4iteid saad kuulata <a href=\"https:\/\/sisu.ut.ee\/latikeel\/raagime-lati-keelest-audiofailid\/\">SIIT<\/a>.<\/strong> <\/p>\n\n\n\n<figure class=\"wp-block-image size-full\"><a href=\"https:\/\/sisu.ut.ee\/latikeel\/raagime-lati-keelest-audiofailid\/\"><img loading=\"lazy\" decoding=\"async\" width=\"200\" height=\"234\" src=\"https:\/\/sisu.ut.ee\/wp-content\/uploads\/sites\/206\/Raagime-lati-keelest_kaas_vaike.jpg\" alt=\"\" class=\"wp-image-412\"><\/a><\/figure>\n\n\n","protected":false},"excerpt":{"rendered":"<p>Leht \u201cL\u00e4ti grammatika tabelid\u201d on Tartu \u00dclikoolis v\u00e4ljat\u00f6\u00f6tatud l\u00e4ti keele abimaterjal, mis on m\u00f5eldud algajaile.\u00a0 Raamatu \u201cR\u00e4\u00e4gime l\u00e4ti keelest\u201d audion\u00e4iteid saad kuulata SIIT.<\/p>\n","protected":false},"author":77,"featured_media":0,"parent":0,"menu_order":0,"comment_status":"closed","ping_status":"closed","template":"","meta":{"_acf_changed":false,"inline_featured_image":false,"footnotes":""},"class_list":["post-39","page","type-page","status-publish","hentry"],"acf":[],"_links":{"self":[{"href":"https:\/\/sisu.ut.ee\/latikeel\/wp-json\/wp\/v2\/pages\/39","targetHints":{"allow":["GET"]}}],"collection":[{"href":"https:\/\/sisu.ut.ee\/latikeel\/wp-json\/wp\/v2\/pages"}],"about":[{"href":"https:\/\/sisu.ut.ee\/latikeel\/wp-json\/wp\/v2\/types\/page"}],"author":[{"embeddable":true,"href":"https:\/\/sisu.ut.ee\/latikeel\/wp-json\/wp\/v2\/users\/77"}],"replies":[{"embeddable":true,"href":"https:\/\/sisu.ut.ee\/latikeel\/wp-json\/wp\/v2\/comments?post=39"}],"version-history":[{"count":8,"href":"https:\/\/sisu.ut.ee\/latikeel\/wp-json\/wp\/v2\/pages\/39\/revisions"}],"predecessor-version":[{"id":414,"href":"https:\/\/sisu.ut.ee\/latikeel\/wp-json\/wp\/v2\/pages\/39\/revisions\/414"}],"wp:attachment":[{"href":"https:\/\/sisu.ut.ee\/latikeel\/wp-json\/wp\/v2\/media?parent=39"}],"curies":[{"name":"wp","href":"https:\/\/api.w.org\/{rel}","templated":true}]}}