{"id":38,"date":"2024-04-04T03:18:27","date_gmt":"2024-04-04T00:18:27","guid":{"rendered":"https:\/\/sisu.ut.ee\/latikeel\/kaskiv-koneviis\/"},"modified":"2024-04-04T03:18:34","modified_gmt":"2024-04-04T00:18:34","slug":"kaskiv-koneviis","status":"publish","type":"page","link":"https:\/\/sisu.ut.ee\/latikeel\/kaskiv-koneviis\/","title":{"rendered":"K\u00e4skiv k\u00f5neviis (Pav\u0113les izteiksme)"},"content":{"rendered":"<p>\n\tAinsuse 2. isiku vorm on k\u00e4skivas k\u00f5neviisis t\u00e4pselt samasugune nagu kindlas k\u00f5neviisis (<em>tu run\u0101\u00a0<\/em>\u2018sa r\u00e4\u00e4gid\u00b4, run\u0101! \u00b4r\u00e4\u00e4gi!`). Mitmuse 1. isiku vorm on kas kindla k\u00f5neviisi oleviku (<em>run\u0101jam <\/em>\u2018r\u00e4\u00e4gime\u00b4) v\u00f5i tuleviku vormis (<em>run\u0101sim <\/em>\u2018r\u00e4\u00e4gime\u00b4).\u00a0\u00a0Mitmuse 2. isiku vorm moodustatakse ainsuse 2. isiku vormist. Ainsuse ja mitmuse 3. isiku vorm moodustatakse abis\u00f5naga\u00a0<em>lai\u00a0<\/em>\u00b4las\u00b4.\u00a0\n<\/p>\n<p>\n\tK\u00e4skivas k\u00f5neviisis verbid\u00a0<em>run\u0101t\u00a0<\/em><i>\u2013<b>\u00a0<\/b><\/i>r\u00e4\u00e4kima,\u00a0<i>run<\/i><i>\u0101ties \u2013<b>\u00a0<\/b><\/i>juttu ajama.\n<\/p>\n<table class=\"table table-hover\" border=\"0\">\n<tbody>\n<tr>\n<td>\n\t\t\t\t\u00a0\n\t\t\t<\/td>\n<td>\n\t\t\t\t1. isik\u00a0\n\t\t\t<\/td>\n<td>\n\t\t\t\tes\n\t\t\t<\/td>\n<td colspan=\"1\">\n\t\t\t\t\u2013\n\t\t\t<\/td>\n<\/tr>\n<tr>\n<td>\n\t\t\t\tainsus\n\t\t\t<\/td>\n<td>\n\t\t\t\t2. isik\n\t\t\t<\/td>\n<td>\n\t\t\t\ttu\n\t\t\t<\/td>\n<td colspan=\"1\">\n\t\t\t\trun\u0101! run\u0101jies!\n\t\t\t<\/td>\n<\/tr>\n<tr>\n<td>\n\t\t\t\t\u00a0\n\t\t\t<\/td>\n<td>\n\t\t\t\t3. isik\n\t\t\t<\/td>\n<td>\n<p>\n\t\t\t\t\tvi\u0146\u0161, vi\u0146a\n\t\t\t\t<\/p>\n<\/td>\n<td colspan=\"1\">\n<p>\n\t\t\t\t\tlai run\u0101!\u00a0lai run\u0101jas!\n\t\t\t\t<\/p>\n<\/td>\n<\/tr>\n<tr>\n<td>\n\t\t\t\t\u00a0\n\t\t\t<\/td>\n<td>\n\t\t\t\t1. isik\u00a0\n\t\t\t<\/td>\n<td>\n\t\t\t\tm\u0113s\n\t\t\t<\/td>\n<td colspan=\"1\">\n\t\t\t\trun\u0101sim!\u00a0run\u0101simies! \/ run\u0101jam! run\u0101jamies!\n\t\t\t<\/td>\n<\/tr>\n<tr>\n<td>\n\t\t\t\tmitmus\n\t\t\t<\/td>\n<td>\n\t\t\t\t2. isik\n\t\t\t<\/td>\n<td>\n\t\t\t\tj\u016bs\n\t\t\t<\/td>\n<td colspan=\"1\">\n\t\t\t\trun\u0101jiet!\u00a0run\u0101jieties!\n\t\t\t<\/td>\n<\/tr>\n<tr>\n<td>\n\t\t\t\t\u00a0\n\t\t\t<\/td>\n<td>\n\t\t\t\t3. isik\n\t\t\t<\/td>\n<td>\n\t\t\t\tvi\u0146i, vi\u0146as\n\t\t\t<\/td>\n<td colspan=\"1\">\n\t\t\t\tlai run\u0101!\u00a0lai run\u0101jas!\n\t\t\t<\/td>\n<\/tr>\n<\/tbody>\n<\/table>\n<p>\n\tN\u00e4iteid p\u00f6\u00f6rdkondade\u00a0kaupa:\n<\/p>\n<table class=\"table table-hover\" border=\"0\">\n<tbody>\n<tr>\n<td>\n\t\t\t\t\u00a0\n\t\t\t<\/td>\n<td>\n\t\t\t\t\u00a0\n\t\t\t<\/td>\n<td>\n\t\t\t\t2. isik ainsuses (<em>tu<\/em>)\n\t\t\t<\/td>\n<td colspan=\"1\">\n\t\t\t\t2. isik mitmuses (<em>j\u016bs<\/em>)\n\t\t\t<\/td>\n<\/tr>\n<tr>\n<td>\n\t\t\t\tebareeglip\u00e4rane\n\t\t\t<\/td>\n<td>\n\t\t\t\tb\u016bt\u00a0\n\t\t\t<\/td>\n<td>\n\t\t\t\tesi!\n\t\t\t<\/td>\n<td colspan=\"1\">\n\t\t\t\tesiet!\n\t\t\t<\/td>\n<\/tr>\n<tr>\n<td>\n\t\t\t\tI p\u00f6\u00f6rdkond\n\t\t\t<\/td>\n<td>\n\t\t\t\tbraukt\n\t\t\t<\/td>\n<td>\n<p>\n\t\t\t\t\tbrauc!\n\t\t\t\t<\/p>\n<\/td>\n<td colspan=\"1\">\n<p>\n\t\t\t\t\tbrauciet!\n\t\t\t\t<\/p>\n<\/td>\n<\/tr>\n<tr>\n<td>\n\t\t\t\tII p\u00f6\u00f6rdkond\n\t\t\t<\/td>\n<td>\n\t\t\t\tdejot\n\t\t\t<\/td>\n<td>\n\t\t\t\tdejo!\n\t\t\t<\/td>\n<td colspan=\"1\">\n\t\t\t\tdejojiet!\n\t\t\t<\/td>\n<\/tr>\n<tr>\n<td>\n\t\t\t\t\u00a0\n\t\t\t<\/td>\n<td>\n\t\t\t\tstr\u0101d\u0101t\n\t\t\t<\/td>\n<td>\n\t\t\t\tstr\u0101d\u0101!\u00a0\u00a0\n\t\t\t<\/td>\n<td colspan=\"1\">\n\t\t\t\tstr\u0101d\u0101jiet!\n\t\t\t<\/td>\n<\/tr>\n<tr>\n<td>\n\t\t\t\t\u00a0\n\t\t\t<\/td>\n<td>\n\t\t\t\tmekl\u0113t\n\t\t\t<\/td>\n<td>\n\t\t\t\tmekl\u0113!\u00a0\u00a0\n\t\t\t<\/td>\n<td colspan=\"1\">\n\t\t\t\tmekl\u0113jiet!\n\t\t\t<\/td>\n<\/tr>\n<tr>\n<td>\n\t\t\t\tIII p\u00f6\u00f6rdkond\n\t\t\t<\/td>\n<td>\n\t\t\t\trakst\u012bt\n\t\t\t<\/td>\n<td>\n\t\t\t\traksti!\u00a0\n\t\t\t<\/td>\n<td colspan=\"1\">\n\t\t\t\trakstiet!\n\t\t\t<\/td>\n<\/tr>\n<tr>\n<td>\n\t\t\t\t\u00a0\n\t\t\t<\/td>\n<td>\n\t\t\t\tm\u0101c\u012bties\n\t\t\t<\/td>\n<td>\n\t\t\t\tm\u0101cies!\n\t\t\t<\/td>\n<td colspan=\"1\">\n\t\t\t\tm\u0101cieties!\n\t\t\t<\/td>\n<\/tr>\n<tr>\n<td>\n\t\t\t\t\u00a0\n\t\t\t<\/td>\n<td>\n\t\t\t\tiepaz\u012bties\n\t\t\t<\/td>\n<td>\n\t\t\t\tiepaz\u012bsties!\n\t\t\t<\/td>\n<td colspan=\"1\">\n\t\t\t\tiepaz\u012bstieties!\n\t\t\t<\/td>\n<\/tr>\n<tr>\n<td>\n\t\t\t\t\u00a0\n\t\t\t<\/td>\n<td>\n\t\t\t\tdzied\u0101t\n\t\t\t<\/td>\n<td>\n\t\t\t\tdziedi!\u00a0\u00a0\n\t\t\t<\/td>\n<td colspan=\"1\">\n\t\t\t\tdziediet!\n\t\t\t<\/td>\n<\/tr>\n<tr>\n<td>\n\t\t\t\t\u00a0\n\t\t\t<\/td>\n<td>\n\t\t\t\tgul\u0113t\n\t\t\t<\/td>\n<td>\n\t\t\t\tguli!\u00a0\u00a0\n\t\t\t<\/td>\n<td colspan=\"1\">\n\t\t\t\tguliet!\n\t\t\t<\/td>\n<\/tr>\n<\/tbody>\n<\/table>\n","protected":false},"excerpt":{"rendered":"<p>Ainsuse 2. isiku vorm on k\u00e4skivas k\u00f5neviisis t\u00e4pselt samasugune nagu kindlas k\u00f5neviisis (tu run\u0101\u00a0\u2018sa r\u00e4\u00e4gid\u00b4, run\u0101! \u00b4r\u00e4\u00e4gi!`). Mitmuse 1. isiku vorm on kas kindla k\u00f5neviisi oleviku (run\u0101jam \u2018r\u00e4\u00e4gime\u00b4) v\u00f5i tuleviku vormis (run\u0101sim \u2018r\u00e4\u00e4gime\u00b4).\u00a0\u00a0Mitmuse 2. isiku vorm moodustatakse ainsuse 2. isiku &#8230;<\/p>\n","protected":false},"author":77,"featured_media":0,"parent":0,"menu_order":0,"comment_status":"closed","ping_status":"closed","template":"","meta":{"_acf_changed":false,"inline_featured_image":false,"footnotes":""},"class_list":["post-38","page","type-page","status-publish","hentry"],"acf":[],"_links":{"self":[{"href":"https:\/\/sisu.ut.ee\/latikeel\/wp-json\/wp\/v2\/pages\/38","targetHints":{"allow":["GET"]}}],"collection":[{"href":"https:\/\/sisu.ut.ee\/latikeel\/wp-json\/wp\/v2\/pages"}],"about":[{"href":"https:\/\/sisu.ut.ee\/latikeel\/wp-json\/wp\/v2\/types\/page"}],"author":[{"embeddable":true,"href":"https:\/\/sisu.ut.ee\/latikeel\/wp-json\/wp\/v2\/users\/77"}],"replies":[{"embeddable":true,"href":"https:\/\/sisu.ut.ee\/latikeel\/wp-json\/wp\/v2\/comments?post=38"}],"version-history":[{"count":1,"href":"https:\/\/sisu.ut.ee\/latikeel\/wp-json\/wp\/v2\/pages\/38\/revisions"}],"predecessor-version":[{"id":88,"href":"https:\/\/sisu.ut.ee\/latikeel\/wp-json\/wp\/v2\/pages\/38\/revisions\/88"}],"wp:attachment":[{"href":"https:\/\/sisu.ut.ee\/latikeel\/wp-json\/wp\/v2\/media?parent=38"}],"curies":[{"name":"wp","href":"https:\/\/api.w.org\/{rel}","templated":true}]}}