{"id":37,"date":"2024-04-04T03:18:27","date_gmt":"2024-04-04T00:18:27","guid":{"rendered":"https:\/\/sisu.ut.ee\/latikeel\/vajaduse-koneviis\/"},"modified":"2024-04-04T03:18:34","modified_gmt":"2024-04-04T00:18:34","slug":"vajaduse-koneviis","status":"publish","type":"page","link":"https:\/\/sisu.ut.ee\/latikeel\/vajaduse-koneviis\/","title":{"rendered":"Vajaduse k\u00f5neviis (Vajadz\u012bbas izteiksme)"},"content":{"rendered":"<p>\n\tVajaduse k\u00f5neviisi p\u00f5hivorm moodustatakse tegus\u00f5na kindla k\u00f5neviisi kolmanda p\u00f6\u00f6rde vormist eesliitega <em>j\u0101<\/em>-. Vajaliku ajavormi saab lisades alusvormile tegus\u00f5na <em>b\u016bt <\/em>\u00b4olema\u00b4 vastava aja kolmanda p\u00f6\u00f6rde vormi. Lihtolevikus ei kasutata tavaliselt s\u00f5na <em>ir <\/em>\u2018on\u2019.\u00a0\n<\/p>\n<p>\n\tVajaduse k\u00f5neviis verbidega\u00a0<em>run\u0101t\u00a0<\/em><i>\u2013<b>\u00a0<\/b><\/i>r\u00e4\u00e4kima, <i>run<\/i><i>\u0101ties \u2013<\/i>\u00a0juttu ajama\u00a0\n<\/p>\n<table class=\"table table-hover\" border=\"0\">\n<tbody>\n<tr>\n<td>\n\t\t\t\t\u00a0\n\t\t\t<\/td>\n<td>\n\t\t\t\t<strong>olevik<\/strong>\n\t\t\t<\/td>\n<td>\n\t\t\t\t<strong>minevik<\/strong>\n\t\t\t<\/td>\n<td>\n\t\t\t\t<strong>tulevik<\/strong>\n\t\t\t<\/td>\n<td>\n\t\t\t\t\u00a0\n\t\t\t<\/td>\n<\/tr>\n<tr>\n<td>\n\t\t\t\tman\n\t\t\t<\/td>\n<td>\n\t\t\t\t\u00a0\n\t\t\t<\/td>\n<td>\n\t\t\t\t\u00a0\n\t\t\t<\/td>\n<td>\n\t\t\t\t\u00a0\n\t\t\t<\/td>\n<td colspan=\"1\" rowspan=\"2\">\n\t\t\t\t\u00a0\n\t\t\t<\/td>\n<\/tr>\n<tr>\n<td>\n\t\t\t\ttev\n\t\t\t<\/td>\n<td>\n\t\t\t\t\u00a0\n\t\t\t<\/td>\n<td>\n\t\t\t\t\u00a0\n\t\t\t<\/td>\n<td>\n\t\t\t\t\u00a0\n\t\t\t<\/td>\n<\/tr>\n<tr>\n<td>\n<p>\n\t\t\t\t\tvi\u0146am, vi\u0146ai\n\t\t\t\t<\/p>\n<\/td>\n<td>\n\t\t\t\t(ir)\n\t\t\t<\/td>\n<td>\n\t\t\t\tbija\n\t\t\t<\/td>\n<td>\n\t\t\t\tb\u016bs\n\t\t\t<\/td>\n<td colspan=\"1\">\n<p>\n\t\t\t\t\tj\u0101run\u0101<br>j\u0101run\u0101jas\n\t\t\t\t<\/p>\n<\/td>\n<\/tr>\n<tr>\n<td>\n\t\t\t\tmums\n\t\t\t<\/td>\n<td>\n\t\t\t\t\u00a0\n\t\t\t<\/td>\n<td>\n\t\t\t\t\u00a0\n\t\t\t<\/td>\n<td>\n\t\t\t\t\u00a0\n\t\t\t<\/td>\n<td colspan=\"1\" rowspan=\"3\">\n\t\t\t\t\u00a0\n\t\t\t<\/td>\n<\/tr>\n<tr>\n<td>\n\t\t\t\tjums\n\t\t\t<\/td>\n<td>\n\t\t\t\t\u00a0\n\t\t\t<\/td>\n<td>\n\t\t\t\t\u00a0\n\t\t\t<\/td>\n<td>\n\t\t\t\t\u00a0\n\t\t\t<\/td>\n<\/tr>\n<tr>\n<td>\n\t\t\t\tvi\u0146iem, vi\u0146\u0101m\n\t\t\t<\/td>\n<td>\n\t\t\t\t\u00a0\n\t\t\t<\/td>\n<td>\n\t\t\t\t\u00a0\n\t\t\t<\/td>\n<td>\n\t\t\t\t\u00a0\n\t\t\t<\/td>\n<\/tr>\n<\/tbody>\n<\/table>\n","protected":false},"excerpt":{"rendered":"<p>Vajaduse k\u00f5neviisi p\u00f5hivorm moodustatakse tegus\u00f5na kindla k\u00f5neviisi kolmanda p\u00f6\u00f6rde vormist eesliitega j\u0101-. Vajaliku ajavormi saab lisades alusvormile tegus\u00f5na b\u016bt \u00b4olema\u00b4 vastava aja kolmanda p\u00f6\u00f6rde vormi. Lihtolevikus ei kasutata tavaliselt s\u00f5na ir \u2018on\u2019.\u00a0 Vajaduse k\u00f5neviis verbidega\u00a0run\u0101t\u00a0\u2013\u00a0r\u00e4\u00e4kima, run\u0101ties \u2013\u00a0juttu ajama\u00a0 \u00a0 olevik &#8230;<\/p>\n","protected":false},"author":77,"featured_media":0,"parent":0,"menu_order":0,"comment_status":"closed","ping_status":"closed","template":"","meta":{"_acf_changed":false,"inline_featured_image":false,"footnotes":""},"class_list":["post-37","page","type-page","status-publish","hentry"],"acf":[],"_links":{"self":[{"href":"https:\/\/sisu.ut.ee\/latikeel\/wp-json\/wp\/v2\/pages\/37","targetHints":{"allow":["GET"]}}],"collection":[{"href":"https:\/\/sisu.ut.ee\/latikeel\/wp-json\/wp\/v2\/pages"}],"about":[{"href":"https:\/\/sisu.ut.ee\/latikeel\/wp-json\/wp\/v2\/types\/page"}],"author":[{"embeddable":true,"href":"https:\/\/sisu.ut.ee\/latikeel\/wp-json\/wp\/v2\/users\/77"}],"replies":[{"embeddable":true,"href":"https:\/\/sisu.ut.ee\/latikeel\/wp-json\/wp\/v2\/comments?post=37"}],"version-history":[{"count":1,"href":"https:\/\/sisu.ut.ee\/latikeel\/wp-json\/wp\/v2\/pages\/37\/revisions"}],"predecessor-version":[{"id":87,"href":"https:\/\/sisu.ut.ee\/latikeel\/wp-json\/wp\/v2\/pages\/37\/revisions\/87"}],"wp:attachment":[{"href":"https:\/\/sisu.ut.ee\/latikeel\/wp-json\/wp\/v2\/media?parent=37"}],"curies":[{"name":"wp","href":"https:\/\/api.w.org\/{rel}","templated":true}]}}