{"id":36,"date":"2024-04-04T03:18:27","date_gmt":"2024-04-04T00:18:27","guid":{"rendered":"https:\/\/sisu.ut.ee\/latikeel\/tingiv-koneviis\/"},"modified":"2024-04-04T03:18:34","modified_gmt":"2024-04-04T00:18:34","slug":"tingiv-koneviis","status":"publish","type":"page","link":"https:\/\/sisu.ut.ee\/latikeel\/tingiv-koneviis\/","title":{"rendered":"Tingiv k\u00f5neviis (V\u0113l\u0113juma izteiksme)"},"content":{"rendered":"<p>\n\tTingiv k\u00f5neviis moodustatakse infinitiivi vormist, millele lisatakse l\u00f5pp<strong>\u00a0<em>-tu, -tos<\/em><\/strong><em>.<\/em>\n<\/p>\n<p>\n\tTingiv k\u00f5neviis\u00a0<strong>lihtolevikus<\/strong>, nt <em>run\u0101t\u00a0<\/em><i>\u2013<b>\u00a0<\/b><\/i>r\u00e4\u00e4kima, <i>run<\/i><i>\u0101ties \u2013<\/i>\u00a0juttu ajama.\u00a0\n<\/p>\n<table class=\"table table-hover\" border=\"0\">\n<tbody>\n<tr>\n<td>\n\t\t\t\tes, tu, vi\u0146\u0161, vi\u0146a, m\u0113s, j\u016bs, vi\u0146i, vi\u0146as\n\t\t\t<\/td>\n<td colspan=\"1\" rowspan=\"1\">\n<p>\n\t\t\t\t\trun\u0101tu<br>run\u0101tos\n\t\t\t\t<\/p>\n<\/td>\n<\/tr>\n<\/tbody>\n<\/table>\n<p>\n\tTingiv k\u00f5neviis <strong>t\u00e4isminevikus,<\/strong>\u00a0nt <em>run\u0101t\u00a0<\/em><i>\u2013<b>\u00a0<\/b><\/i>r\u00e4\u00e4kima, <i>run<\/i><i>\u0101ties \u2013<\/i>\u00a0juttu ajama\u00a0\n<\/p>\n<table class=\"table table-hover\" border=\"0\">\n<tbody>\n<tr>\n<td>\n\t\t\t\t\u00a0\n\t\t\t<\/td>\n<td colspan=\"1\">\n\t\t\t\t\u00a0\n\t\t\t<\/td>\n<td>\n\t\t\t\tmeessugu\n\t\t\t<\/td>\n<td>\n\t\t\t\tnaissugu\n\t\t\t<\/td>\n<\/tr>\n<tr>\n<td>\n\t\t\t\tes, tu, vi\u0146\u0161, vi\u0146a, m\u0113s, j\u016bs, vi\u0146i, vi\u0146as\n\t\t\t<\/td>\n<td colspan=\"1\" rowspan=\"1\">\n<p>\n\t\t\t\t\tb\u016btu\n\t\t\t\t<\/p>\n<\/td>\n<td rowspan=\"1\">\n<p>\n\t\t\t\t\trun\u0101jis\n\t\t\t\t<\/p>\n<p>\n\t\t\t\t\trun\u0101jies\n\t\t\t\t<\/p>\n<\/td>\n<td rowspan=\"1\">\n<p>\n\t\t\t\t\trun\u0101jusi\n\t\t\t\t<\/p>\n<p>\n\t\t\t\t\trun\u0101jusies\n\t\t\t\t<\/p>\n<\/td>\n<\/tr>\n<\/tbody>\n<\/table>\n","protected":false},"excerpt":{"rendered":"<p>Tingiv k\u00f5neviis moodustatakse infinitiivi vormist, millele lisatakse l\u00f5pp\u00a0-tu, -tos. Tingiv k\u00f5neviis\u00a0lihtolevikus, nt run\u0101t\u00a0\u2013\u00a0r\u00e4\u00e4kima, run\u0101ties \u2013\u00a0juttu ajama.\u00a0 es, tu, vi\u0146\u0161, vi\u0146a, m\u0113s, j\u016bs, vi\u0146i, vi\u0146as run\u0101turun\u0101tos Tingiv k\u00f5neviis t\u00e4isminevikus,\u00a0nt run\u0101t\u00a0\u2013\u00a0r\u00e4\u00e4kima, run\u0101ties \u2013\u00a0juttu ajama\u00a0 \u00a0 \u00a0 meessugu naissugu es, tu, vi\u0146\u0161, vi\u0146a, &#8230;<\/p>\n","protected":false},"author":77,"featured_media":0,"parent":0,"menu_order":0,"comment_status":"closed","ping_status":"closed","template":"","meta":{"_acf_changed":false,"inline_featured_image":false,"footnotes":""},"class_list":["post-36","page","type-page","status-publish","hentry"],"acf":[],"_links":{"self":[{"href":"https:\/\/sisu.ut.ee\/latikeel\/wp-json\/wp\/v2\/pages\/36","targetHints":{"allow":["GET"]}}],"collection":[{"href":"https:\/\/sisu.ut.ee\/latikeel\/wp-json\/wp\/v2\/pages"}],"about":[{"href":"https:\/\/sisu.ut.ee\/latikeel\/wp-json\/wp\/v2\/types\/page"}],"author":[{"embeddable":true,"href":"https:\/\/sisu.ut.ee\/latikeel\/wp-json\/wp\/v2\/users\/77"}],"replies":[{"embeddable":true,"href":"https:\/\/sisu.ut.ee\/latikeel\/wp-json\/wp\/v2\/comments?post=36"}],"version-history":[{"count":1,"href":"https:\/\/sisu.ut.ee\/latikeel\/wp-json\/wp\/v2\/pages\/36\/revisions"}],"predecessor-version":[{"id":86,"href":"https:\/\/sisu.ut.ee\/latikeel\/wp-json\/wp\/v2\/pages\/36\/revisions\/86"}],"wp:attachment":[{"href":"https:\/\/sisu.ut.ee\/latikeel\/wp-json\/wp\/v2\/media?parent=36"}],"curies":[{"name":"wp","href":"https:\/\/api.w.org\/{rel}","templated":true}]}}