{"id":35,"date":"2024-04-04T03:18:27","date_gmt":"2024-04-04T00:18:27","guid":{"rendered":"https:\/\/sisu.ut.ee\/latikeel\/kaudne-koneviis\/"},"modified":"2024-04-04T03:18:34","modified_gmt":"2024-04-04T00:18:34","slug":"kaudne-koneviis","status":"publish","type":"page","link":"https:\/\/sisu.ut.ee\/latikeel\/kaudne-koneviis\/","title":{"rendered":"Kaudne k\u00f5neviis (Atst\u0101st\u012bjuma izteiksme)"},"content":{"rendered":"<p>\n\tKaudne\u00a0k\u00f5neviis\u00a0moodustatakse kindla k\u00f5neviisi lihtoleviku ja -tuleviku t\u00fcvedest, millele lisatakse l\u00f5pp\u00a0<em><strong>-ot<\/strong>\u00a0<\/em>v\u00f5i\u00a0<em>\u2013<strong>oties<\/strong>.\u00a0<\/em>\n<\/p>\n<p>\n\tKaudne\u00a0k\u00f5neviis\u00a0<b>lihtaegades<\/b>, nt <em>run\u0101t\u00a0<\/em><i>\u2013<b>\u00a0<\/b><\/i>r\u00e4\u00e4kima, <i>run<\/i><i>\u0101ties \u2013<b> <\/b><\/i>juttu ajama\u00a0\n<\/p>\n<table class=\"table table-hover\" border=\"0\">\n<tbody>\n<tr>\n<td>\n\t\t\t\t\u00a0\n\t\t\t<\/td>\n<td colspan=\"1\">\n\t\t\t\tolevik\n\t\t\t<\/td>\n<td>\n\t\t\t\ttulevik\n\t\t\t<\/td>\n<\/tr>\n<tr>\n<td>\n\t\t\t\tes\n\t\t\t<\/td>\n<td colspan=\"1\" rowspan=\"2\">\n\t\t\t\t\u00a0\n\t\t\t<\/td>\n<td rowspan=\"2\">\n\t\t\t\t\u00a0\n\t\t\t<\/td>\n<\/tr>\n<tr>\n<td>\n\t\t\t\ttu\n\t\t\t<\/td>\n<\/tr>\n<tr>\n<td>\n<p>\n\t\t\t\t\tvi\u0146\u0161, vi\u0146a\n\t\t\t\t<\/p>\n<\/td>\n<td colspan=\"1\">\n<p>\n\t\t\t\t\trun\u0101jot<br>run\u0101joties\n\t\t\t\t<\/p>\n<\/td>\n<td>\n<p>\n\t\t\t\t\trun\u0101\u0161ot<br>run\u0101\u0161oties\n\t\t\t\t<\/p>\n<\/td>\n<\/tr>\n<tr>\n<td>\n\t\t\t\tm\u0113s\n\t\t\t<\/td>\n<td colspan=\"1\" rowspan=\"3\">\n\t\t\t\t\u00a0\n\t\t\t<\/td>\n<td rowspan=\"3\">\n\t\t\t\t\u00a0\n\t\t\t<\/td>\n<\/tr>\n<tr>\n<td>\n\t\t\t\tj\u016bs\n\t\t\t<\/td>\n<\/tr>\n<tr>\n<td>\n\t\t\t\tvi\u0146i, vi\u0146as\n\t\t\t<\/td>\n<\/tr>\n<\/tbody>\n<\/table>\n<p>\n\t\u00a0\n<\/p>\n<p>\n\tKaudne\u00a0k\u00f5neviis\u00a0<b>liitaegades<\/b>, nt <em>run\u0101t\u00a0<\/em><i>\u2013<b>\u00a0<\/b><\/i>r\u00e4\u00e4kima, <i>run<\/i><i>\u0101ties \u2013<b> <\/b><\/i>juttu ajama\u00a0\n<\/p>\n<table class=\"table table-hover\" border=\"0\">\n<tbody>\n<tr>\n<td>\n\t\t\t\t\u00a0\n\t\t\t<\/td>\n<td colspan=\"1\" rowspan=\"1\">\n\t\t\t\t<strong>olevik<\/strong>\n\t\t\t<\/td>\n<td rowspan=\"1\">\n\t\t\t\t<strong>tulevik<\/strong>\n\t\t\t<\/td>\n<td rowspan=\"1\">\n\t\t\t\t\u00a0\n\t\t\t<\/td>\n<td rowspan=\"1\">\n\t\t\t\t\u00a0\n\t\t\t<\/td>\n<\/tr>\n<tr>\n<td>\n\t\t\t\t\u00a0\n\t\t\t<\/td>\n<td colspan=\"1\">\n\t\t\t\t\u00a0\n\t\t\t<\/td>\n<td colspan=\"1\">\n\t\t\t\t\u00a0\n\t\t\t<\/td>\n<td colspan=\"1\">\n\t\t\t\tmeessugu\n\t\t\t<\/td>\n<td>\n\t\t\t\tnaissugu\n\t\t\t<\/td>\n<\/tr>\n<tr>\n<td>\n\t\t\t\tes\n\t\t\t<\/td>\n<td colspan=\"1\" rowspan=\"2\">\n\t\t\t\t\u00a0\n\t\t\t<\/td>\n<td colspan=\"1\" rowspan=\"2\">\n\t\t\t\t\u00a0\n\t\t\t<\/td>\n<td colspan=\"1\">\n\t\t\t\t\u00a0\n\t\t\t<\/td>\n<td>\n\t\t\t\t\u00a0\n\t\t\t<\/td>\n<\/tr>\n<tr>\n<td>\n\t\t\t\ttu\n\t\t\t<\/td>\n<td colspan=\"1\">\n<p>\n\t\t\t\t\trun\u0101jis\n\t\t\t\t<\/p>\n<p>\n\t\t\t\t\trun\u0101jies\n\t\t\t\t<\/p>\n<\/td>\n<td>\n<p>\n\t\t\t\t\trun\u0101jusi\n\t\t\t\t<\/p>\n<p>\n\t\t\t\t\trun\u0101jusies\n\t\t\t\t<\/p>\n<\/td>\n<\/tr>\n<tr>\n<td>\n\t\t\t\tvi\u0146\u0161, vi\u0146a\n\t\t\t<\/td>\n<td colspan=\"1\">\n\t\t\t\tesot\n\t\t\t<\/td>\n<td colspan=\"1\">\n\t\t\t\tb\u016b\u0161ot\n\t\t\t<\/td>\n<td colspan=\"1\">\n\t\t\t\t\u00a0\n\t\t\t<\/td>\n<td>\n\t\t\t\t\u00a0\n\t\t\t<\/td>\n<\/tr>\n<tr>\n<td>\n\t\t\t\tm\u0113s\n\t\t\t<\/td>\n<td colspan=\"1\" rowspan=\"3\">\n\t\t\t\t\u00a0\n\t\t\t<\/td>\n<td colspan=\"1\" rowspan=\"3\">\n\t\t\t\t\u00a0\n\t\t\t<\/td>\n<td colspan=\"1\">\n\t\t\t\t\u00a0\n\t\t\t<\/td>\n<td>\n\t\t\t\t\u00a0\n\t\t\t<\/td>\n<\/tr>\n<tr>\n<td>\n\t\t\t\tj\u016bs\n\t\t\t<\/td>\n<td colspan=\"1\">\n<p>\n\t\t\t\t\trun\u0101ju\u0161i\n\t\t\t\t<\/p>\n<p>\n\t\t\t\t\trun\u0101ju\u0161ies\n\t\t\t\t<\/p>\n<\/td>\n<td>\n<p>\n\t\t\t\t\trun\u0101ju\u0161as\n\t\t\t\t<\/p>\n<p>\n\t\t\t\t\trun\u0101ju\u0161\u0101s\n\t\t\t\t<\/p>\n<\/td>\n<\/tr>\n<tr>\n<td>\n\t\t\t\tvi\u0146i, vi\u0146as\n\t\t\t<\/td>\n<td colspan=\"1\">\n\t\t\t\t\u00a0\n\t\t\t<\/td>\n<td>\n\t\t\t\t\u00a0\n\t\t\t<\/td>\n<\/tr>\n<\/tbody>\n<\/table>\n","protected":false},"excerpt":{"rendered":"<p>Kaudne\u00a0k\u00f5neviis\u00a0moodustatakse kindla k\u00f5neviisi lihtoleviku ja -tuleviku t\u00fcvedest, millele lisatakse l\u00f5pp\u00a0-ot\u00a0v\u00f5i\u00a0\u2013oties.\u00a0 Kaudne\u00a0k\u00f5neviis\u00a0lihtaegades, nt run\u0101t\u00a0\u2013\u00a0r\u00e4\u00e4kima, run\u0101ties \u2013 juttu ajama\u00a0 \u00a0 olevik tulevik es \u00a0 \u00a0 tu vi\u0146\u0161, vi\u0146a run\u0101jotrun\u0101joties run\u0101\u0161otrun\u0101\u0161oties m\u0113s \u00a0 \u00a0 j\u016bs vi\u0146i, vi\u0146as \u00a0 Kaudne\u00a0k\u00f5neviis\u00a0liitaegades, nt run\u0101t\u00a0\u2013\u00a0r\u00e4\u00e4kima, run\u0101ties \u2013 &#8230;<\/p>\n","protected":false},"author":77,"featured_media":0,"parent":0,"menu_order":0,"comment_status":"closed","ping_status":"closed","template":"","meta":{"_acf_changed":false,"inline_featured_image":false,"footnotes":""},"class_list":["post-35","page","type-page","status-publish","hentry"],"acf":[],"_links":{"self":[{"href":"https:\/\/sisu.ut.ee\/latikeel\/wp-json\/wp\/v2\/pages\/35","targetHints":{"allow":["GET"]}}],"collection":[{"href":"https:\/\/sisu.ut.ee\/latikeel\/wp-json\/wp\/v2\/pages"}],"about":[{"href":"https:\/\/sisu.ut.ee\/latikeel\/wp-json\/wp\/v2\/types\/page"}],"author":[{"embeddable":true,"href":"https:\/\/sisu.ut.ee\/latikeel\/wp-json\/wp\/v2\/users\/77"}],"replies":[{"embeddable":true,"href":"https:\/\/sisu.ut.ee\/latikeel\/wp-json\/wp\/v2\/comments?post=35"}],"version-history":[{"count":1,"href":"https:\/\/sisu.ut.ee\/latikeel\/wp-json\/wp\/v2\/pages\/35\/revisions"}],"predecessor-version":[{"id":85,"href":"https:\/\/sisu.ut.ee\/latikeel\/wp-json\/wp\/v2\/pages\/35\/revisions\/85"}],"wp:attachment":[{"href":"https:\/\/sisu.ut.ee\/latikeel\/wp-json\/wp\/v2\/media?parent=35"}],"curies":[{"name":"wp","href":"https:\/\/api.w.org\/{rel}","templated":true}]}}