{"id":34,"date":"2024-04-04T03:18:27","date_gmt":"2024-04-04T00:18:27","guid":{"rendered":"https:\/\/sisu.ut.ee\/latikeel\/kindel-koneviis\/"},"modified":"2024-04-04T03:18:34","modified_gmt":"2024-04-04T00:18:34","slug":"kindel-koneviis","status":"publish","type":"page","link":"https:\/\/sisu.ut.ee\/latikeel\/kindel-koneviis\/","title":{"rendered":"Kindel k\u00f5neviis (\u012asten\u012bbas izteiksme)"},"content":{"rendered":"<p>\n\tKindla k\u00f5neviisi <strong>lihtajad<\/strong>, nt <em>run\u0101t\u00a0<\/em><i>\u2013<b>\u00a0<\/b><\/i>r\u00e4\u00e4kima, <i>run<\/i><i>\u0101ties \u2013<\/i>\u00a0juttu ajama\u00a0\n<\/p>\n<table class=\"table table-hover\" border=\"0\">\n<tbody>\n<tr>\n<td>\n\t\t\t\t\u00a0\n\t\t\t<\/td>\n<td>\n\t\t\t\t<strong>olevik<\/strong>\n\t\t\t<\/td>\n<td>\n\t\t\t\t<strong>minevik<\/strong>\n\t\t\t<\/td>\n<td>\n\t\t\t\t<strong>tulevik<\/strong>\n\t\t\t<\/td>\n<\/tr>\n<tr>\n<td>\n\t\t\t\tes\n\t\t\t<\/td>\n<td>\n\t\t\t\trun\u0101-ju<br>run\u0101-jos\n\t\t\t<\/td>\n<td>\n\t\t\t\trun\u0101-ju<br>run\u0101-jos\n\t\t\t<\/td>\n<td>\n\t\t\t\trun\u0101-\u0161u<br>run\u0101-\u0161os\n\t\t\t<\/td>\n<\/tr>\n<tr>\n<td>\n\t\t\t\ttu\n\t\t\t<\/td>\n<td>\n\t\t\t\trun\u0101<br>run\u0101-jies\n\t\t\t<\/td>\n<td>\n\t\t\t\trun\u0101-ji<br>run\u0101-jies\n\t\t\t<\/td>\n<td>\n\t\t\t\trun\u0101-si<br>run\u0101-sies\n\t\t\t<\/td>\n<\/tr>\n<tr>\n<td>\n\t\t\t\tvi\u0146\u0161, vi\u0146a<br>vi\u0146i, vi\u0146as\n\t\t\t<\/td>\n<td>\n\t\t\t\trun\u0101<br>run\u0101-jas\n\t\t\t<\/td>\n<td>\n\t\t\t\trun\u0101-ja<br>run\u0101-j\u0101s\n\t\t\t<\/td>\n<td>\n\t\t\t\trun\u0101-s<br>run\u0101-sies\n\t\t\t<\/td>\n<\/tr>\n<tr>\n<td>\n\t\t\t\tm\u0113s\n\t\t\t<\/td>\n<td>\n\t\t\t\trun\u0101-jam<br>run\u0101-jamies\n\t\t\t<\/td>\n<td>\n\t\t\t\trun\u0101-j\u0101m<br>run\u0101-j\u0101mies\n\t\t\t<\/td>\n<td>\n\t\t\t\trun\u0101-sim<br>run\u0101-simies\n\t\t\t<\/td>\n<\/tr>\n<tr>\n<td>\n\t\t\t\tj\u016bs\n\t\t\t<\/td>\n<td>\n\t\t\t\trun\u0101-jat<br>run\u0101-jaties\n\t\t\t<\/td>\n<td>\n\t\t\t\trun\u0101-j\u0101t<br>run\u0101-j\u0101ties\n\t\t\t<\/td>\n<td>\n\t\t\t\trun\u0101-siet<br>run\u0101-sieties\n\t\t\t<\/td>\n<\/tr>\n<\/tbody>\n<\/table>\n<p>\n\t\u00a0\n<\/p>\n<p>\n\tKindla k\u00f5neviisi <strong>liitajad<\/strong>, nt <em>run\u0101t\u00a0<\/em><i>\u2013<b>\u00a0<\/b><\/i>r\u00e4\u00e4kima, <i>run<\/i><i>\u0101ties \u2013<b> <\/b><\/i>\u00a0juttu ajama.\n<\/p>\n<p>\n\tLiitaeg moodustatakse verbi mineviku t\u00fcvest.\u00a0\n<\/p>\n<table class=\"table table-hover\" border=\"0\">\n<tbody>\n<tr>\n<td>\n\t\t\t\t\u00a0\n\t\t\t<\/td>\n<td>\n\t\t\t\t<strong>olevik<\/strong>\n\t\t\t<\/td>\n<td>\n\t\t\t\t<strong>minevik<\/strong>\n\t\t\t<\/td>\n<td>\n\t\t\t\t<strong>tulevik<\/strong>\n\t\t\t<\/td>\n<td>\n\t\t\t\t\u00a0\n\t\t\t<\/td>\n<td>\n\t\t\t\t\u00a0\n\t\t\t<\/td>\n<\/tr>\n<tr>\n<td>\n\t\t\t\t\u00a0\n\t\t\t<\/td>\n<td>\n\t\t\t\t\u00a0\n\t\t\t<\/td>\n<td>\n\t\t\t\t\u00a0\n\t\t\t<\/td>\n<td>\n\t\t\t\t\u00a0\n\t\t\t<\/td>\n<td colspan=\"1\" style=\"text-align: center\">\n\t\t\t\tmeessugu\n\t\t\t<\/td>\n<td style=\"text-align: center\">\n\t\t\t\tnaissugu\n\t\t\t<\/td>\n<\/tr>\n<tr>\n<td>\n\t\t\t\tes\n\t\t\t<\/td>\n<td>\n\t\t\t\tesmu\n\t\t\t<\/td>\n<td>\n\t\t\t\tbiju\n\t\t\t<\/td>\n<td>\n\t\t\t\tb\u016b\u0161u\n\t\t\t<\/td>\n<td colspan=\"1\" style=\"text-align: center\">\n\t\t\t\t\u00a0\n\t\t\t<\/td>\n<td style=\"text-align: center\">\n\t\t\t\t\u00a0\n\t\t\t<\/td>\n<\/tr>\n<tr>\n<td>\n\t\t\t\ttu\n\t\t\t<\/td>\n<td>\n\t\t\t\tesi\n\t\t\t<\/td>\n<td>\n\t\t\t\tbiji\n\t\t\t<\/td>\n<td>\n\t\t\t\tb\u016bsi\n\t\t\t<\/td>\n<td colspan=\"1\">\n<p>\n\t\t\t\t\trun\u0101jis\n\t\t\t\t<\/p>\n<p>\n\t\t\t\t\trun\u0101jies\n\t\t\t\t<\/p>\n<\/td>\n<td>\n<p>\n\t\t\t\t\trun\u0101jusi\n\t\t\t\t<\/p>\n<p>\n\t\t\t\t\trun\u0101jusies\n\t\t\t\t<\/p>\n<\/td>\n<\/tr>\n<tr>\n<td>\n\t\t\t\tvi\u0146\u0161, vi\u0146a\n\t\t\t<\/td>\n<td>\n\t\t\t\tir\n\t\t\t<\/td>\n<td>\n\t\t\t\tbija\n\t\t\t<\/td>\n<td>\n\t\t\t\tb\u016bs\n\t\t\t<\/td>\n<td colspan=\"1\">\n\t\t\t\t\u00a0\n\t\t\t<\/td>\n<td>\n\t\t\t\t\u00a0\n\t\t\t<\/td>\n<\/tr>\n<tr>\n<td>\n\t\t\t\t\u00a0\n\t\t\t<\/td>\n<td>\n\t\t\t\t\u00a0\n\t\t\t<\/td>\n<td>\n\t\t\t\t\u00a0\n\t\t\t<\/td>\n<td>\n\t\t\t\t\u00a0\n\t\t\t<\/td>\n<td colspan=\"1\">\n\t\t\t\t\u00a0\n\t\t\t<\/td>\n<td>\n\t\t\t\t\u00a0\n\t\t\t<\/td>\n<\/tr>\n<tr>\n<td>\n\t\t\t\tm\u0113s\n\t\t\t<\/td>\n<td>\n\t\t\t\tesam\n\t\t\t<\/td>\n<td>\n\t\t\t\tbij\u0101m\n\t\t\t<\/td>\n<td>\n\t\t\t\tb\u016bsim\n\t\t\t<\/td>\n<td colspan=\"1\">\n<p>\n\t\t\t\t\t\u00a0\n\t\t\t\t<\/p>\n<\/td>\n<td>\n\t\t\t\t\u00a0\n\t\t\t<\/td>\n<\/tr>\n<tr>\n<td>\n\t\t\t\tj\u016bs\n\t\t\t<\/td>\n<td>\n\t\t\t\tesat\n\t\t\t<\/td>\n<td>\n\t\t\t\tbij\u0101t\n\t\t\t<\/td>\n<td>\n\t\t\t\tb\u016bsiet\n\t\t\t<\/td>\n<td colspan=\"1\">\n<p>\n\t\t\t\t\trun\u0101ju\u0161i\n\t\t\t\t<\/p>\n<p>\n\t\t\t\t\trun\u0101ju\u0161ies\n\t\t\t\t<\/p>\n<\/td>\n<td>\n<p>\n\t\t\t\t\trun\u0101ju\u0161as\n\t\t\t\t<\/p>\n<p>\n\t\t\t\t\trun\u0101ju\u0161\u0101s\n\t\t\t\t<\/p>\n<\/td>\n<\/tr>\n<tr>\n<td>\n\t\t\t\tvi\u0146i, vi\u0146as\n\t\t\t<\/td>\n<td>\n\t\t\t\tir\n\t\t\t<\/td>\n<td>\n\t\t\t\tbija\n\t\t\t<\/td>\n<td>\n\t\t\t\tb\u016bs\n\t\t\t<\/td>\n<td colspan=\"1\">\n\t\t\t\t\u00a0\n\t\t\t<\/td>\n<td>\n\t\t\t\t\u00a0\n\t\t\t<\/td>\n<\/tr>\n<\/tbody>\n<\/table>\n","protected":false},"excerpt":{"rendered":"<p>Kindla k\u00f5neviisi lihtajad, nt run\u0101t\u00a0\u2013\u00a0r\u00e4\u00e4kima, run\u0101ties \u2013\u00a0juttu ajama\u00a0 \u00a0 olevik minevik tulevik es run\u0101-jurun\u0101-jos run\u0101-jurun\u0101-jos run\u0101-\u0161urun\u0101-\u0161os tu run\u0101run\u0101-jies run\u0101-jirun\u0101-jies run\u0101-sirun\u0101-sies vi\u0146\u0161, vi\u0146avi\u0146i, vi\u0146as run\u0101run\u0101-jas run\u0101-jarun\u0101-j\u0101s run\u0101-srun\u0101-sies m\u0113s run\u0101-jamrun\u0101-jamies run\u0101-j\u0101mrun\u0101-j\u0101mies run\u0101-simrun\u0101-simies j\u016bs run\u0101-jatrun\u0101-jaties run\u0101-j\u0101trun\u0101-j\u0101ties run\u0101-sietrun\u0101-sieties \u00a0 Kindla k\u00f5neviisi liitajad, nt run\u0101t\u00a0\u2013\u00a0r\u00e4\u00e4kima, &#8230;<\/p>\n","protected":false},"author":77,"featured_media":0,"parent":0,"menu_order":0,"comment_status":"closed","ping_status":"closed","template":"","meta":{"_acf_changed":false,"inline_featured_image":false,"footnotes":""},"class_list":["post-34","page","type-page","status-publish","hentry"],"acf":[],"_links":{"self":[{"href":"https:\/\/sisu.ut.ee\/latikeel\/wp-json\/wp\/v2\/pages\/34","targetHints":{"allow":["GET"]}}],"collection":[{"href":"https:\/\/sisu.ut.ee\/latikeel\/wp-json\/wp\/v2\/pages"}],"about":[{"href":"https:\/\/sisu.ut.ee\/latikeel\/wp-json\/wp\/v2\/types\/page"}],"author":[{"embeddable":true,"href":"https:\/\/sisu.ut.ee\/latikeel\/wp-json\/wp\/v2\/users\/77"}],"replies":[{"embeddable":true,"href":"https:\/\/sisu.ut.ee\/latikeel\/wp-json\/wp\/v2\/comments?post=34"}],"version-history":[{"count":1,"href":"https:\/\/sisu.ut.ee\/latikeel\/wp-json\/wp\/v2\/pages\/34\/revisions"}],"predecessor-version":[{"id":84,"href":"https:\/\/sisu.ut.ee\/latikeel\/wp-json\/wp\/v2\/pages\/34\/revisions\/84"}],"wp:attachment":[{"href":"https:\/\/sisu.ut.ee\/latikeel\/wp-json\/wp\/v2\/media?parent=34"}],"curies":[{"name":"wp","href":"https:\/\/api.w.org\/{rel}","templated":true}]}}