{"id":33,"date":"2024-04-04T03:18:27","date_gmt":"2024-04-04T00:18:27","guid":{"rendered":"https:\/\/sisu.ut.ee\/latikeel\/koneviisid\/"},"modified":"2024-04-04T03:18:34","modified_gmt":"2024-04-04T00:18:34","slug":"koneviisid","status":"publish","type":"page","link":"https:\/\/sisu.ut.ee\/latikeel\/koneviisid\/","title":{"rendered":"K\u00f5neviisid (Izteiksmes)"},"content":{"rendered":"<p>\n\tL\u00e4ti keeles on viis k\u00f5neviisi:\n<\/p>\n<p>\n\t<a data-url=\"https:\/\/sisu.ut.ee\/latikeel\/kindel-koneviis\" href=\"https:\/\/sisu.ut.ee\/latikeel\/kindel-koneviis\" title=\"\">kindel k\u00f5neviis<\/a> (\u012bsten\u012bbas izteiksme)<br><a data-url=\"https:\/\/sisu.ut.ee\/latikeel\/kaudne-koneviis\" href=\"https:\/\/sisu.ut.ee\/latikeel\/kaudne-koneviis\" title=\"\">kaudne k\u00f5neviis<\/a> (atst\u0101st\u012bjuma izteiksme)<br><a data-url=\"https:\/\/sisu.ut.ee\/latikeel\/tingiv-koneviis\" href=\"https:\/\/sisu.ut.ee\/latikeel\/tingiv-koneviis\" title=\"\">tingiv k\u00f5neviis<\/a> (v\u0113l\u0113juma izteiksme)<br><a data-url=\"https:\/\/sisu.ut.ee\/latikeel\/vajaduse-koneviis\" href=\"https:\/\/sisu.ut.ee\/latikeel\/vajaduse-koneviis\" title=\"\">vajaduse k\u00f5neviis<\/a> (vajadz\u012bbas izteiksme)<br><a data-url=\"https:\/\/sisu.ut.ee\/latikeel\/kaskiv-koneviis\" href=\"https:\/\/sisu.ut.ee\/latikeel\/kaskiv-koneviis\" title=\"\">k\u00e4skiv k\u00f5neviis<\/a> (pav\u0113les izteiksme)<\/p>\n","protected":false},"excerpt":{"rendered":"<p>L\u00e4ti keeles on viis k\u00f5neviisi: kindel k\u00f5neviis (\u012bsten\u012bbas izteiksme)kaudne k\u00f5neviis (atst\u0101st\u012bjuma izteiksme)tingiv k\u00f5neviis (v\u0113l\u0113juma izteiksme)vajaduse k\u00f5neviis (vajadz\u012bbas izteiksme)k\u00e4skiv k\u00f5neviis (pav\u0113les izteiksme)<\/p>\n","protected":false},"author":77,"featured_media":0,"parent":0,"menu_order":0,"comment_status":"closed","ping_status":"closed","template":"","meta":{"_acf_changed":false,"inline_featured_image":false,"footnotes":""},"class_list":["post-33","page","type-page","status-publish","hentry"],"acf":[],"_links":{"self":[{"href":"https:\/\/sisu.ut.ee\/latikeel\/wp-json\/wp\/v2\/pages\/33","targetHints":{"allow":["GET"]}}],"collection":[{"href":"https:\/\/sisu.ut.ee\/latikeel\/wp-json\/wp\/v2\/pages"}],"about":[{"href":"https:\/\/sisu.ut.ee\/latikeel\/wp-json\/wp\/v2\/types\/page"}],"author":[{"embeddable":true,"href":"https:\/\/sisu.ut.ee\/latikeel\/wp-json\/wp\/v2\/users\/77"}],"replies":[{"embeddable":true,"href":"https:\/\/sisu.ut.ee\/latikeel\/wp-json\/wp\/v2\/comments?post=33"}],"version-history":[{"count":1,"href":"https:\/\/sisu.ut.ee\/latikeel\/wp-json\/wp\/v2\/pages\/33\/revisions"}],"predecessor-version":[{"id":83,"href":"https:\/\/sisu.ut.ee\/latikeel\/wp-json\/wp\/v2\/pages\/33\/revisions\/83"}],"wp:attachment":[{"href":"https:\/\/sisu.ut.ee\/latikeel\/wp-json\/wp\/v2\/media?parent=33"}],"curies":[{"name":"wp","href":"https:\/\/api.w.org\/{rel}","templated":true}]}}