{"id":32,"date":"2024-04-04T03:18:27","date_gmt":"2024-04-04T00:18:27","guid":{"rendered":"https:\/\/sisu.ut.ee\/latikeel\/ebareegliparased-verbid\/"},"modified":"2024-04-04T03:18:34","modified_gmt":"2024-04-04T00:18:34","slug":"ebareegliparased-verbid","status":"publish","type":"page","link":"https:\/\/sisu.ut.ee\/latikeel\/ebareegliparased-verbid\/","title":{"rendered":"Ebareeglip\u00e4rased tegus\u00f5nad (Nek\u0101rtnie darb\u012bbas v\u0101rdi)"},"content":{"rendered":"<p>\n\tL\u00e4ti keeles on kolm ebareeglip\u00e4rast tegus\u00f5na: <em>b\u016bt <\/em>\u2018olema\u2019, <em>iet <\/em>\u2018minema, k\u00f5ndima\u2019 ning <em>dot <\/em>\u2018andma\u2019.\n<\/p>\n<p>\n\t<strong>B\u016aT (olema)<\/strong>\n<\/p>\n<table class=\"table table-hover\" border=\"0\">\n<tbody>\n<tr>\n<td>\n\t\t\t\t\u00a0\n\t\t\t<\/td>\n<td>\n\t\t\t\t<strong>olevik<\/strong>\n\t\t\t<\/td>\n<td>\n\t\t\t\t<strong>minevik<\/strong>\n\t\t\t<\/td>\n<td>\n\t\t\t\t<strong>tulevik<\/strong>\n\t\t\t<\/td>\n<\/tr>\n<tr>\n<td>\n\t\t\t\t<strong>es<\/strong>\n\t\t\t<\/td>\n<td>\n\t\t\t\tesmu\n\t\t\t<\/td>\n<td>\n\t\t\t\tbiju\n\t\t\t<\/td>\n<td>\n\t\t\t\tb\u016b\u0161u\n\t\t\t<\/td>\n<\/tr>\n<tr>\n<td>\n\t\t\t\t<strong>tu<\/strong>\n\t\t\t<\/td>\n<td>\n\t\t\t\tesi\n\t\t\t<\/td>\n<td>\n\t\t\t\tbiji\n\t\t\t<\/td>\n<td>\n\t\t\t\tb\u016bsi\n\t\t\t<\/td>\n<\/tr>\n<tr>\n<td>\n\t\t\t\t<strong>vi\u0146\u0161, vi\u0146a<\/strong><br><strong>vi\u0146i, vi\u0146as<\/strong>\n\t\t\t<\/td>\n<td>\n\t\t\t\tir\n\t\t\t<\/td>\n<td>\n\t\t\t\tbija\n\t\t\t<\/td>\n<td>\n\t\t\t\tb\u016bs\n\t\t\t<\/td>\n<\/tr>\n<tr>\n<td>\n\t\t\t\t<strong>m\u0113s<\/strong>\n\t\t\t<\/td>\n<td>\n\t\t\t\tesam\n\t\t\t<\/td>\n<td>\n\t\t\t\tbij\u0101m\n\t\t\t<\/td>\n<td>\n\t\t\t\tb\u016bsim\n\t\t\t<\/td>\n<\/tr>\n<tr>\n<td>\n\t\t\t\t<strong>j\u016bs<\/strong>\n\t\t\t<\/td>\n<td>\n\t\t\t\tesat\n\t\t\t<\/td>\n<td>\n\t\t\t\tbij\u0101t\n\t\t\t<\/td>\n<td>\n\t\t\t\tb\u016bsiet\n\t\t\t<\/td>\n<\/tr>\n<\/tbody>\n<\/table>\n<p>\n\t\u00a0\n<\/p>\n<p>\n\t<strong>IET (minema, k\u00f5ndima)<\/strong>\n<\/p>\n<table class=\"table table-hover\" border=\"0\">\n<tbody>\n<tr>\n<td>\n\t\t\t\t\u00a0\n\t\t\t<\/td>\n<td>\n\t\t\t\t<strong>olevik<\/strong>\n\t\t\t<\/td>\n<td>\n\t\t\t\t<strong>minevik<\/strong>\n\t\t\t<\/td>\n<td>\n\t\t\t\t<strong>tulevik<\/strong>\n\t\t\t<\/td>\n<\/tr>\n<tr>\n<td>\n\t\t\t\t<strong>es<\/strong>\n\t\t\t<\/td>\n<td>\n\t\t\t\teju\n\t\t\t<\/td>\n<td>\n\t\t\t\tg\u0101ju\n\t\t\t<\/td>\n<td>\n\t\t\t\tie\u0161u\n\t\t\t<\/td>\n<\/tr>\n<tr>\n<td>\n\t\t\t\t<strong>tu<\/strong>\n\t\t\t<\/td>\n<td>\n\t\t\t\tej\n\t\t\t<\/td>\n<td>\n\t\t\t\tg\u0101ji\n\t\t\t<\/td>\n<td>\n\t\t\t\tiesi\n\t\t\t<\/td>\n<\/tr>\n<tr>\n<td>\n\t\t\t\t<strong>vi\u0146\u0161, vi\u0146a<\/strong><br><strong>vi\u0146i, vi\u0146as<\/strong>\n\t\t\t<\/td>\n<td>\n\t\t\t\tiet\n\t\t\t<\/td>\n<td>\n\t\t\t\tg\u0101ja\n\t\t\t<\/td>\n<td>\n\t\t\t\ties\n\t\t\t<\/td>\n<\/tr>\n<tr>\n<td>\n\t\t\t\t<strong>m\u0113s<\/strong>\n\t\t\t<\/td>\n<td>\n\t\t\t\tejam\n\t\t\t<\/td>\n<td>\n\t\t\t\tg\u0101j\u0101m\n\t\t\t<\/td>\n<td>\n\t\t\t\tiesim\n\t\t\t<\/td>\n<\/tr>\n<tr>\n<td>\n\t\t\t\t<strong>j\u016bs<\/strong>\n\t\t\t<\/td>\n<td>\n\t\t\t\tejat\n\t\t\t<\/td>\n<td>\n\t\t\t\tg\u0101j\u0101t\n\t\t\t<\/td>\n<td>\n\t\t\t\tiesiet\n\t\t\t<\/td>\n<\/tr>\n<\/tbody>\n<\/table>\n<p>\n\t\u00a0\n<\/p>\n<p>\n\t<strong>DOT (andma)<\/strong>\n<\/p>\n<table class=\"table table-hover\" border=\"0\">\n<tbody>\n<tr>\n<td>\n\t\t\t\t\u00a0\n\t\t\t<\/td>\n<td>\n\t\t\t\t<strong>olevik<\/strong>\n\t\t\t<\/td>\n<td>\n\t\t\t\t<strong>minevik<\/strong>\n\t\t\t<\/td>\n<td>\n\t\t\t\t<strong>tulevik<\/strong>\n\t\t\t<\/td>\n<\/tr>\n<tr>\n<td>\n\t\t\t\t<strong>es<\/strong>\n\t\t\t<\/td>\n<td>\n\t\t\t\tdodu\n\t\t\t<\/td>\n<td>\n\t\t\t\tdevu\n\t\t\t<\/td>\n<td>\n\t\t\t\tdo\u0161u\n\t\t\t<\/td>\n<\/tr>\n<tr>\n<td>\n\t\t\t\t<strong>tu<\/strong>\n\t\t\t<\/td>\n<td>\n\t\t\t\tdod\n\t\t\t<\/td>\n<td>\n\t\t\t\tdevi\n\t\t\t<\/td>\n<td>\n\t\t\t\tdosi\n\t\t\t<\/td>\n<\/tr>\n<tr>\n<td>\n\t\t\t\t<strong>vi\u0146\u0161, vi\u0146a<\/strong><br><strong>vi\u0146i, vi\u0146as<\/strong>\n\t\t\t<\/td>\n<td>\n\t\t\t\tdod\n\t\t\t<\/td>\n<td>\n\t\t\t\tdeva\n\t\t\t<\/td>\n<td>\n\t\t\t\tdos\n\t\t\t<\/td>\n<\/tr>\n<tr>\n<td>\n\t\t\t\t<strong>m\u0113s<\/strong>\n\t\t\t<\/td>\n<td>\n\t\t\t\tdodam\n\t\t\t<\/td>\n<td>\n\t\t\t\tdev\u0101m\n\t\t\t<\/td>\n<td>\n\t\t\t\tdosim\n\t\t\t<\/td>\n<\/tr>\n<tr>\n<td>\n\t\t\t\t<strong>j\u016bs<\/strong>\n\t\t\t<\/td>\n<td>\n\t\t\t\tdodat\n\t\t\t<\/td>\n<td>\n\t\t\t\tdev\u0101t\n\t\t\t<\/td>\n<td>\n\t\t\t\tdosiet\n\t\t\t<\/td>\n<\/tr>\n<\/tbody>\n<\/table>\n","protected":false},"excerpt":{"rendered":"<p>L\u00e4ti keeles on kolm ebareeglip\u00e4rast tegus\u00f5na: b\u016bt \u2018olema\u2019, iet \u2018minema, k\u00f5ndima\u2019 ning dot \u2018andma\u2019. B\u016aT (olema) \u00a0 olevik minevik tulevik es esmu biju b\u016b\u0161u tu esi biji b\u016bsi vi\u0146\u0161, vi\u0146avi\u0146i, vi\u0146as ir bija b\u016bs m\u0113s esam bij\u0101m b\u016bsim j\u016bs esat &#8230;<\/p>\n","protected":false},"author":77,"featured_media":0,"parent":0,"menu_order":0,"comment_status":"closed","ping_status":"closed","template":"","meta":{"_acf_changed":false,"inline_featured_image":false,"footnotes":""},"class_list":["post-32","page","type-page","status-publish","hentry"],"acf":[],"_links":{"self":[{"href":"https:\/\/sisu.ut.ee\/latikeel\/wp-json\/wp\/v2\/pages\/32","targetHints":{"allow":["GET"]}}],"collection":[{"href":"https:\/\/sisu.ut.ee\/latikeel\/wp-json\/wp\/v2\/pages"}],"about":[{"href":"https:\/\/sisu.ut.ee\/latikeel\/wp-json\/wp\/v2\/types\/page"}],"author":[{"embeddable":true,"href":"https:\/\/sisu.ut.ee\/latikeel\/wp-json\/wp\/v2\/users\/77"}],"replies":[{"embeddable":true,"href":"https:\/\/sisu.ut.ee\/latikeel\/wp-json\/wp\/v2\/comments?post=32"}],"version-history":[{"count":1,"href":"https:\/\/sisu.ut.ee\/latikeel\/wp-json\/wp\/v2\/pages\/32\/revisions"}],"predecessor-version":[{"id":82,"href":"https:\/\/sisu.ut.ee\/latikeel\/wp-json\/wp\/v2\/pages\/32\/revisions\/82"}],"wp:attachment":[{"href":"https:\/\/sisu.ut.ee\/latikeel\/wp-json\/wp\/v2\/media?parent=32"}],"curies":[{"name":"wp","href":"https:\/\/api.w.org\/{rel}","templated":true}]}}