{"id":31,"date":"2024-04-04T03:18:27","date_gmt":"2024-04-04T00:18:27","guid":{"rendered":"https:\/\/sisu.ut.ee\/latikeel\/iii-poordkond\/"},"modified":"2024-04-04T03:18:34","modified_gmt":"2024-04-04T00:18:34","slug":"iii-poordkond","status":"publish","type":"page","link":"https:\/\/sisu.ut.ee\/latikeel\/iii-poordkond\/","title":{"rendered":"III p\u00f6\u00f6rdkond (III konjug\u0101cija)"},"content":{"rendered":"<p>\n\t\u00a0\n<\/p>\n<p style=\"text-align:justify\">\n\t<span lang=\"ET\" style=\",serif\">III p\u00f6\u00f6rdkonda kuuluvad verbid, millel on k\u00f5igis p\u00f6\u00f6rdes oleviku vormis silpide arv v\u00e4iksem kui mineviku vormis, nt <i>es dzied-u (olevik) -&gt; es dzied-\u0101-ju <\/i>(minevik). Siia kuuluvad verbid, millel on j\u00e4rgmised infinitiivil\u00f5pud:\u00a0<\/span>\n<\/p>\n<ul>\n<li style=\"text-align: justify\">\n\t\t<i><span lang=\"LV\" style=\",serif\">-\u012bt<\/span><\/i><span lang=\"LV\" style=\",serif\">,\u00a0<i>-in\u0101t\u00a0<\/i><\/span><span lang=\"LV\" style=\",serif\">(<i>rakst\u012bt <\/i>\u2018kirjutama\u2019, <i>modin\u0101t <\/i>\u2018<\/span><span lang=\"ET\" style=\",serif\">\u00e4ratama<\/span><span lang=\"LV\" style=\",serif\">)\u00a0<\/span>(3.1.1.)<span lang=\"LV\" style=\",serif\">\u00a0<\/span>ja enesekohased vormid <span lang=\"LV\" style=\",serif\"><i>-\u012bties,\u00a0<\/i>\u2013<i>in\u0101ties <\/i>(<i>sarakst\u012bties<\/i> \u2018kirjavahetust pidama\u2019,\u00a0<\/span><span lang=\"ET\" style=\",serif\"><i>sazin<\/i><\/span><i><span lang=\"LV\" style=\",serif\">\u0101ties <\/span><\/i><span lang=\"LV\" style=\",serif\">\u2018<\/span><span lang=\"ET\" style=\",serif\">\u00fchendust v\u00f5tma\u2019) <\/span>(3.1.2.)\n\t<\/li>\n<li style=\"text-align: justify\">\n\t\t<span lang=\"ET\" style=\",serif\">\u2013<i>\u0101t, <\/i>\u2013<i>\u0113t,\u00a0<\/i>(<i>dzied\u0101t<\/i> <\/span><span lang=\"LV\" style=\",serif\">\u2018<\/span><span lang=\"ET\" style=\",serif\">laulma\u2019,\u00a0<i>m\u012bl\u0113t<\/i> <\/span><span lang=\"LV\" style=\",serif\">\u2018<\/span><span lang=\"ET\" style=\",serif\">armastama\u2019<\/span><span lang=\"LV\" style=\",serif\">)\u00a0<\/span>(3.2.1.)<span lang=\"LV\" style=\",serif\">\u00a0<\/span>ja enesekohased vormid<span lang=\"ET\" style=\",serif\"><i>\u00a0-\u0101ties, -\u0113ties<\/i> (<i>sadzied\u0101ties <\/i><\/span><span lang=\"LV\" style=\",serif\">\u2018kokku laulma\u2019,\u00a0<\/span><span lang=\"ET\" style=\",serif\"><i>v<\/i><\/span><i><span lang=\"LV\" style=\",serif\">\u0113l<\/span><\/i><i><span lang=\"ET\" style=\",serif\">\u0113ties <\/span><\/i><span lang=\"LV\" style=\",serif\">\u2018soovima (endale)\u2019)\u00a0<\/span>(3.2.2.)\n\t<\/li>\n<\/ul>\n<p>\n\t\u00a0\n<\/p>\n<p>\n\t\u00a0\n<\/p>\n<p>\n\t<strong>3.1.1. P\u00d6\u00d6RDEL\u00d5PUD <em>-\u012bt, -in\u0101t<\/em><\/strong>\n<\/p>\n<p>\n\tOleviku vormis on \u00fcks silp v\u00e4hem kui mineviku vormis. Oleviku 2. ja 3. p\u00f6\u00f6rdel mitmuses on pikk <strong>\u0101<\/strong>.\n<\/p>\n<p>\n\t<strong>nt <em>rakst<\/em><u><em>\u012bt <\/em><\/u>\u2018kirjutama\u2019, <em>mod<u>in\u0101t<\/u> <\/em>\u2018\u00e4ratama\u2019\u00a0(*-in\u0101t verbil\u00f5pust v\u00f5etakse \u00e4ra \u00fcksnes -\u0101t (sufiks -in j\u00e4\u00e4b alles))\u00a0<\/strong>\n<\/p>\n<table class=\"table table-hover\" border=\"0\">\n<tbody>\n<tr>\n<td>\n\t\t\t\t\u00a0\n\t\t\t<\/td>\n<td>\n\t\t\t\t<strong>olevik<\/strong>\n\t\t\t<\/td>\n<td>\n\t\t\t\t<strong>minevik<\/strong>\n\t\t\t<\/td>\n<td>\n\t\t\t\t<strong>tulevik<\/strong>\n\t\t\t<\/td>\n<\/tr>\n<tr>\n<td>\n\t\t\t\tes\n\t\t\t<\/td>\n<td>\n\t\t\t\trakst-u<br>modin-u\n\t\t\t<\/td>\n<td>\n\t\t\t\trakst-\u012b-ju<br>modin-\u0101-ju\n\t\t\t<\/td>\n<td>\n\t\t\t\trakst-\u012b-\u0161u<br>modin-\u0101-\u0161u\n\t\t\t<\/td>\n<\/tr>\n<tr>\n<td>\n\t\t\t\ttu\n\t\t\t<\/td>\n<td>\n\t\t\t\trakst-i<br>modin-i\n\t\t\t<\/td>\n<td>\n\t\t\t\trakst-\u012b-ji<br>modin-\u0101-ji\n\t\t\t<\/td>\n<td>\n\t\t\t\trakst-\u012b-si<br>modin-\u0101-si\n\t\t\t<\/td>\n<\/tr>\n<tr>\n<td>\n\t\t\t\tvi\u0146\u0161, vi\u0146a<br>vi\u0146i, vi\u0146as\n\t\t\t<\/td>\n<td>\n\t\t\t\trakst-a<br>modin-a\n\t\t\t<\/td>\n<td>\n\t\t\t\trakst\u012b-ja<br>modin-\u0101-ja\n\t\t\t<\/td>\n<td>\n\t\t\t\trakst-\u012b-s<br>modin-\u0101-s\n\t\t\t<\/td>\n<\/tr>\n<tr>\n<td>\n\t\t\t\tm\u0113s\n\t\t\t<\/td>\n<td>\n\t\t\t\trakst-\u0101m<br>modin-\u0101m\n\t\t\t<\/td>\n<td>\n\t\t\t\trakst\u012b-j\u0101m<br>modin-\u0101-j\u0101m\n\t\t\t<\/td>\n<td>\n\t\t\t\trakst-\u012b-sim<br>modin-\u0101-sim\n\t\t\t<\/td>\n<\/tr>\n<tr>\n<td>\n\t\t\t\tj\u016bs\n\t\t\t<\/td>\n<td>\n\t\t\t\trakst-\u0101t<br>modin-\u0101t\n\t\t\t<\/td>\n<td>\n\t\t\t\trakst\u012b-j\u0101t<br>modin-\u0101-j\u0101t\n\t\t\t<\/td>\n<td>\n\t\t\t\trakst-\u012b-siet<br>modin-\u0101-siet\n\t\t\t<\/td>\n<\/tr>\n<\/tbody>\n<\/table>\n<p>\n\tVeel verbe:\u00a0<em>aicin\u0101t <\/em>\u2013 kutsuma,\u00a0<em>baud\u012bt <\/em>\u2013 nautima,\u00a0<em>dar\u012bt <\/em>\u2013 tegema,\u00a0<em>d\u0101vin\u0101t <\/em>\u2013 kinkima,\u00a0<em>dibin\u0101t <\/em>\u2013 asutama,\u00a0<em>gaid\u012bt <\/em>\u2013 ootama,\u00a0<em>las\u012bt <\/em>\u2013 lugema, korjama,\u00a0<em>m\u0113\u0123in\u0101t <\/em>\u2013 proovima, \u00fcritama,\u00a0<em>pas\u016bt\u012bt <\/em>\u2013 tellima, saatma,\u00a0<em>rakst\u012bt <\/em>\u2013 kirjutama,\u00a0<em>smaid\u012bt <\/em>\u2013 naeratama,\u00a0<em>st\u0101st\u012bt <\/em>\u2013 jutustama,\u00a0<em>s\u016bt\u012bt <\/em>\u2013 saatma,\u00a0<em>tais\u012bt <\/em>\u2013 tegema, valmistama,\u00a0\u00a0<em>zin\u0101t <\/em>\u2013 teadma,\u00a0<em>zvan\u012bt <\/em>\u2013 helistama.\u00a0\n<\/p>\n<p>\n\t<strong>3.1.2. ENESEKOHASED L\u00d5PUD:<\/strong><em><strong> <\/strong><em><strong>-\u012bties, -in\u0101ties<\/strong> <\/em><\/em>\n<\/p>\n<p>\n\t<em>nt <strong>sarakst<u>\u012bties<\/u> <\/strong><\/em><strong>\u2018kirjavahetust pidama\u2019, <em>saz<u>in\u0101ties<\/u> <\/em>\u2018\u00fchendust v\u00f5tma\u2019\u00a0(*-in\u0101ties verbil\u00f5pust v\u00f5etakse \u00e4ra \u00fcksnes -\u0101ties (sufiks -in j\u00e4\u00e4b alles))\u00a0<\/strong>\n<\/p>\n<table class=\"table table-hover\" border=\"0\">\n<tbody>\n<tr>\n<td>\n\t\t\t\t\u00a0\n\t\t\t<\/td>\n<td>\n\t\t\t\t<strong>olevik<\/strong>\n\t\t\t<\/td>\n<td>\n\t\t\t\t<strong>minevik<\/strong>\n\t\t\t<\/td>\n<td>\n\t\t\t\t<strong>tulevik<\/strong>\n\t\t\t<\/td>\n<\/tr>\n<tr>\n<td>\n\t\t\t\tes\n\t\t\t<\/td>\n<td>\n\t\t\t\tsarakst-os<br>sazin-os\n\t\t\t<\/td>\n<td>\n\t\t\t\tsarakst-\u012b-jos<br>sazin-\u0101-jos\n\t\t\t<\/td>\n<td>\n\t\t\t\tsarakst-\u012b-\u0161os<br>sazin-\u0101-\u0161os\n\t\t\t<\/td>\n<\/tr>\n<tr>\n<td>\n\t\t\t\ttu\n\t\t\t<\/td>\n<td>\n\t\t\t\tsarakst-ies<br>sazin-ies\n\t\t\t<\/td>\n<td>\n\t\t\t\tsarakst-\u012b-jies<br>sazin-\u0101-jies\n\t\t\t<\/td>\n<td>\n\t\t\t\tsarakst-\u012b-sies<br>sazin-\u0101-sies\n\t\t\t<\/td>\n<\/tr>\n<tr>\n<td>\n\t\t\t\tvi\u0146\u0161, vi\u0146a<br>vi\u0146i, vi\u0146as\n\t\t\t<\/td>\n<td>\n\t\t\t\tsarakst-\u0101s<br>sazin-\u0101s\n\t\t\t<\/td>\n<td>\n\t\t\t\tsarakst-\u012b-j\u0101s<br>sazin-\u0101-j\u0101s\n\t\t\t<\/td>\n<td>\n\t\t\t\tsarakst-\u012b-sies<br>sazin-\u0101-sies\n\t\t\t<\/td>\n<\/tr>\n<tr>\n<td>\n\t\t\t\tm\u0113s\n\t\t\t<\/td>\n<td>\n\t\t\t\tsarakst-\u0101mies<br>sazin-\u0101mies\n\t\t\t<\/td>\n<td>\n\t\t\t\tsarakst-\u012b-j\u0101mies<br>sazin-\u0101-j\u0101mies\n\t\t\t<\/td>\n<td>\n\t\t\t\tsarakst-\u012b-simies<br>sazin-\u0101-simies\n\t\t\t<\/td>\n<\/tr>\n<tr>\n<td>\n\t\t\t\tj\u016bs\n\t\t\t<\/td>\n<td>\n\t\t\t\tsarakst-\u0101ties<br>sazin-\u0101ties\n\t\t\t<\/td>\n<td>\n\t\t\t\tsarakst-\u012b-j\u0101ties<br>sazin-\u0101-j\u0101ties\n\t\t\t<\/td>\n<td>\n\t\t\t\tsarakst-\u012b-si(e)ties<br>sazin-\u0101-si(e)ties\n\t\t\t<\/td>\n<\/tr>\n<\/tbody>\n<\/table>\n<p>\n\tVeel verbe:\u00a0<em>izskat\u012bties <\/em>\u2013 v\u00e4lja n\u00e4gema,\u00a0<em>klaus\u012bties <\/em>\u2013 kuulama,\u00a0<em>m\u0101c\u012bties <\/em>\u2013 \u00f5ppima,\u00a0<em>skat\u012bties <\/em>\u2013 vaatama.\u00a0\n<\/p>\n<h3>\n\t<strong>3.2.1. P\u00d6\u00d6RDEL\u00d5PUD \u2013<\/strong><em><em><strong><em><em><em>\u0101t, -\u0113t<\/em><\/em><\/em><\/strong><\/em><\/em><br>\n<\/h3>\n<p>\n\tOleviku vormis on \u00fcks silp v\u00e4hem kui mineviku vormis. Oleviku 2. ja 3. p\u00f6\u00f6rdel mitmuses on l\u00fchike <strong>a<\/strong>.\n<\/p>\n<p>\n\t<strong>nt <em>dzied<u>\u0101<\/u><\/em><u><em>t<\/em><\/u><em> <\/em>\u2018laulma\u2019, <em>m\u012bl<u>\u0113t<\/u> <\/em>\u2018armastama\u2019, <em>gul<\/em><em><u>\u0113t<\/u> <\/em>\u2018magama\u2019<\/strong>\n<\/p>\n<table class=\"table table-hover\" border=\"0\">\n<tbody>\n<tr>\n<td>\n\t\t\t\t\u00a0\n\t\t\t<\/td>\n<td>\n\t\t\t\t<strong>olevik<\/strong>\n\t\t\t<\/td>\n<td>\n\t\t\t\t<strong>minevik<\/strong>\n\t\t\t<\/td>\n<td>\n\t\t\t\t<strong>tulevik<\/strong>\n\t\t\t<\/td>\n<\/tr>\n<tr>\n<td>\n\t\t\t\tes\n\t\t\t<\/td>\n<td>\n\t\t\t\tdzied-u<br>m\u012bl-u<br>gu\u013c-u\n\t\t\t<\/td>\n<td>\n\t\t\t\tdzied-\u0101-ju<br>m\u012bl-\u0113-ju<br>gul-\u0113-ju\n\t\t\t<\/td>\n<td>\n\t\t\t\tdzied-\u0101-\u0161u<br>m\u012bl-\u0113-\u0161u<br>gul-\u0113-\u0161u\n\t\t\t<\/td>\n<\/tr>\n<tr>\n<td>\n\t\t\t\ttu\n\t\t\t<\/td>\n<td>\n\t\t\t\tdzied-i<br>m\u012bl-i<br>gul-i\n\t\t\t<\/td>\n<td>\n\t\t\t\tdzied-\u0101-ji<br>m\u012bl-\u0113-ji<br>gul-\u0113-ji\n\t\t\t<\/td>\n<td>\n\t\t\t\tdzied-\u0101-si<br>m\u012bl-\u0113-si<br>gul-\u0113-si\n\t\t\t<\/td>\n<\/tr>\n<tr>\n<td>\n\t\t\t\tvi\u0146\u0161, vi\u0146a<br>vi\u0146i, vi\u0146as\n\t\t\t<\/td>\n<td>\n\t\t\t\tdzied<br>m\u012bl<br>gu\u013c\n\t\t\t<\/td>\n<td>\n\t\t\t\tdzied-\u0101-ja<br>m\u012bl-\u0113-ja<br>gul-\u0113-ja\n\t\t\t<\/td>\n<td>\n\t\t\t\tdzied-\u0101-s<br>m\u012bl-\u0113-s<br>gul-\u0113-s\n\t\t\t<\/td>\n<\/tr>\n<tr>\n<td>\n\t\t\t\tm\u0113s\n\t\t\t<\/td>\n<td>\n\t\t\t\tdzied-am<br>m\u012bl-am<br>gu\u013c-am\n\t\t\t<\/td>\n<td>\n\t\t\t\tdzied-\u0101-j\u0101m<br>m\u012bl-\u0113-j\u0101m<br>gul-\u0113-j\u0101m\n\t\t\t<\/td>\n<td>\n\t\t\t\tdzied-\u0101-sim<br>m\u012bl-\u0113-sim<br>gul-\u0113-sim\n\t\t\t<\/td>\n<\/tr>\n<tr>\n<td>\n\t\t\t\tj\u016bs\n\t\t\t<\/td>\n<td>\n\t\t\t\tdzied-at<br>m\u012bl-at<br>gu\u013c-at\n\t\t\t<\/td>\n<td>\n\t\t\t\tdzied-\u0101-j\u0101t<br>m\u012bl-\u0113-j\u0101t<br>gul-\u0113-j\u0101t\n\t\t\t<\/td>\n<td>\n\t\t\t\tdzied-\u0101-siet<br>m\u012bl-\u0113-siet<br>gul-\u0113-siet\n\t\t\t<\/td>\n<\/tr>\n<\/tbody>\n<\/table>\n<p>\n\tVeel verbe: <em>dr\u012bkst\u0113t<\/em> \u2013 tohtima,\u00a0<em>dzird\u0113t <\/em>\u2013 kuulma,\u00a0<em>grib\u0113t<\/em> \u2013 tahtma,\u00a0<em>pal\u012bdz\u0113t<\/em> \u2013 aitama,\u00a0<em>peld\u0113t <\/em>\u2013 ujuma,\u00a0<em>s\u0101p\u0113t<\/em> \u2013 valutama,\u00a0<em>s\u0113d\u0113t <\/em>\u2013 istuma,\u00a0<em>sp\u012bd\u0113t <\/em>\u2013 paistma (valgus),\u00a0<em>svin\u0113t <\/em>\u2013 t\u00e4histama,\u00a0<em>vajadz\u0113t<\/em> (<em>vajag<\/em>) \u2013 vajama,\u00a0<em>var\u0113t<\/em> \u2013 suutma, saama.\u00a0\n<\/p>\n<p>\n\t<strong>3.2.2. ENESEKOHASED L\u00d5PUD:<em><em><em><em><em>-\u0101ties, -\u0113ties<\/em><\/em><\/em><\/em><\/em><\/strong>\n<\/p>\n<p>\n\t<em>nt <\/em><strong><em>sadzied<u>\u0101ties<\/u>\u00a0<\/em>\u2018kokku laulma\u2019,\u00a0<\/strong><em><strong>v\u0113l<u>\u0113ties<\/u> <\/strong><\/em><strong>\u2018soovima\u2019<\/strong>\n<\/p>\n<table class=\"table table-hover\" border=\"0\">\n<tbody>\n<tr>\n<td>\n\t\t\t\t\u00a0\n\t\t\t<\/td>\n<td>\n\t\t\t\t<strong>olevik<\/strong>\n\t\t\t<\/td>\n<td>\n\t\t\t\t<strong>minevik<\/strong>\n\t\t\t<\/td>\n<td>\n\t\t\t\t<strong>tulevik<\/strong>\n\t\t\t<\/td>\n<\/tr>\n<tr>\n<td>\n\t\t\t\tes\n\t\t\t<\/td>\n<td>\n\t\t\t\tsadzied-os<br>v\u0113l-os\n\t\t\t<\/td>\n<td>\n\t\t\t\tsadzied-\u0101-jos<br>v\u0113l-\u0113-jos\n\t\t\t<\/td>\n<td>\n\t\t\t\tsadzied-\u0101-\u0161os<br>v\u0113l-\u0113-\u0161os\n\t\t\t<\/td>\n<\/tr>\n<tr>\n<td>\n\t\t\t\ttu\n\t\t\t<\/td>\n<td>\n\t\t\t\tsadzied-ies<br>v\u0113l-ies\n\t\t\t<\/td>\n<td>\n\t\t\t\tsadzied-\u0101-jies<br>v\u0113l-\u0113-jies\n\t\t\t<\/td>\n<td>\n\t\t\t\tsadzied-\u0101-sies<br>v\u0113l-\u0113-sies\n\t\t\t<\/td>\n<\/tr>\n<tr>\n<td>\n\t\t\t\tvi\u0146\u0161, vi\u0146a<br>vi\u0146i, vi\u0146as\n\t\t\t<\/td>\n<td>\n\t\t\t\tsadzied-as<br>v\u0113l-as\n\t\t\t<\/td>\n<td>\n\t\t\t\tsadzied-\u0101-j\u0101s<br>v\u0113l-\u0113-j\u0101s\n\t\t\t<\/td>\n<td>\n\t\t\t\tsadzied-\u0101-sies<br>v\u0113l-\u0113-sies\n\t\t\t<\/td>\n<\/tr>\n<tr>\n<td>\n\t\t\t\tm\u0113s\n\t\t\t<\/td>\n<td>\n\t\t\t\tsadzied-amies<br>v\u0113l-amies\n\t\t\t<\/td>\n<td>\n\t\t\t\tsadzied-\u0101-j\u0101mies<br>v\u0113l-\u0113-j\u0101mies\n\t\t\t<\/td>\n<td>\n\t\t\t\tsadzied-\u0101-simies<br>v\u0113l-\u0113-simies\n\t\t\t<\/td>\n<\/tr>\n<tr>\n<td>\n\t\t\t\tj\u016bs\n\t\t\t<\/td>\n<td>\n\t\t\t\tsadzied-aties<br>v\u0113l-aties\n\t\t\t<\/td>\n<td>\n\t\t\t\tsadzied-\u0101-j\u0101ties<br>v\u0113l-\u0113-j\u0101ties\n\t\t\t<\/td>\n<td>\n\t\t\t\tsadzied-\u0101-sieties<br>v\u0113l-\u0113-sieties\n\t\t\t<\/td>\n<\/tr>\n<\/tbody>\n<\/table>\n<p>\n\tVeel verbe:\u00a0<em>ies\u0101p\u0113ties <\/em>\u2013<em>\u00a0<\/em>valutama hakkama,\u00a0<em>peld\u0113ties <\/em>\u2013<em>\u00a0<\/em>suplema<\/p>\n","protected":false},"excerpt":{"rendered":"<p>\u00a0 III p\u00f6\u00f6rdkonda kuuluvad verbid, millel on k\u00f5igis p\u00f6\u00f6rdes oleviku vormis silpide arv v\u00e4iksem kui mineviku vormis, nt es dzied-u (olevik) -&gt; es dzied-\u0101-ju (minevik). Siia kuuluvad verbid, millel on j\u00e4rgmised infinitiivil\u00f5pud:\u00a0 -\u012bt,\u00a0-in\u0101t\u00a0(rakst\u012bt \u2018kirjutama\u2019, modin\u0101t \u2018\u00e4ratama)\u00a0(3.1.1.)\u00a0ja enesekohased vormid -\u012bties,\u00a0\u2013in\u0101ties (sarakst\u012bties &#8230;<\/p>\n","protected":false},"author":77,"featured_media":0,"parent":0,"menu_order":0,"comment_status":"closed","ping_status":"closed","template":"","meta":{"_acf_changed":false,"inline_featured_image":false,"footnotes":""},"class_list":["post-31","page","type-page","status-publish","hentry"],"acf":[],"_links":{"self":[{"href":"https:\/\/sisu.ut.ee\/latikeel\/wp-json\/wp\/v2\/pages\/31","targetHints":{"allow":["GET"]}}],"collection":[{"href":"https:\/\/sisu.ut.ee\/latikeel\/wp-json\/wp\/v2\/pages"}],"about":[{"href":"https:\/\/sisu.ut.ee\/latikeel\/wp-json\/wp\/v2\/types\/page"}],"author":[{"embeddable":true,"href":"https:\/\/sisu.ut.ee\/latikeel\/wp-json\/wp\/v2\/users\/77"}],"replies":[{"embeddable":true,"href":"https:\/\/sisu.ut.ee\/latikeel\/wp-json\/wp\/v2\/comments?post=31"}],"version-history":[{"count":1,"href":"https:\/\/sisu.ut.ee\/latikeel\/wp-json\/wp\/v2\/pages\/31\/revisions"}],"predecessor-version":[{"id":81,"href":"https:\/\/sisu.ut.ee\/latikeel\/wp-json\/wp\/v2\/pages\/31\/revisions\/81"}],"wp:attachment":[{"href":"https:\/\/sisu.ut.ee\/latikeel\/wp-json\/wp\/v2\/media?parent=31"}],"curies":[{"name":"wp","href":"https:\/\/api.w.org\/{rel}","templated":true}]}}