{"id":30,"date":"2024-04-04T03:18:27","date_gmt":"2024-04-04T00:18:27","guid":{"rendered":"https:\/\/sisu.ut.ee\/latikeel\/ii-poordkond\/"},"modified":"2024-04-04T03:18:34","modified_gmt":"2024-04-04T00:18:34","slug":"ii-poordkond","status":"publish","type":"page","link":"https:\/\/sisu.ut.ee\/latikeel\/ii-poordkond\/","title":{"rendered":"II p\u00f6\u00f6rdkond (II konjug\u0101cija)"},"content":{"rendered":"<p>\n\tII p\u00f6\u00f6rdkonda kuuluvad verbid, millel on 1. p\u00f6\u00f6rdes oleviku ja mineviku vormis silpide arv\u00a0ja vorm sama, nt <em>es stud-\u0113-ju<\/em> (olevik) -&gt; <em>es stud-\u0113-ju <\/em>(minevik). Siia r\u00fchma kuuluvad verbid, millel\u00a0on j\u00e4rgmised infinitiivil\u00f5pud:\u00a0\n<\/p>\n<ul>\n<li>\n\t\t<em>-ot, -oties<\/em> (<em>dz\u012bvot\u00a0<\/em>\u2018elama\u2019,\u00a0<em>atdz\u012bvoties\u00a0<\/em>\u2018elavnema\u2019),\n\t<\/li>\n<li>\n\t\t<em>-\u0101t, -\u0101ties<\/em> (<em>run\u0101t\u00a0<\/em>\u2018r\u00e4\u00e4kima\u2019, <em>run\u0101ties <\/em>\u2018vestlema\u2019),\n\t<\/li>\n<li>\n\t\t<em>-\u0113t, -\u0113ties<\/em> (<em>sp\u0113l\u0113t <\/em>\u2018m\u00e4ngima\u2019, <em>sp\u0113l\u0113ties <\/em>\u2018m\u00e4ngima\u00a0omavahel\u2019).\u00a0\n\t<\/li>\n<\/ul>\n<p>\n\t\u00a0\n<\/p>\n<p>\n\t<u><strong>2.1.1. P\u00f6\u00f6rdel\u00f5pud<\/strong> <em><strong>-OT, -\u0100T, -\u0112T<\/strong><\/em><\/u>\n<\/p>\n<p>\n\t<strong>nt<\/strong><em><strong> dz\u012bv<u>ot<\/u>\u00a0<\/strong><\/em><strong>\u2018elama\u2019,\u00a0<em>run<u>\u0101t\u00a0<\/u><\/em>\u2018r\u00e4\u00e4kima\u2019,\u00a0<em>sp\u0113l<u>\u0113t<\/u>\u00a0<\/em>\u2018m\u00e4ngima\u2019<\/strong>\n<\/p>\n<table class=\"table table-hover\" border=\"0\">\n<tbody>\n<tr>\n<td>\n\t\t\t\t\u00a0\n\t\t\t<\/td>\n<td>\n\t\t\t\t<strong>olevik<\/strong>\n\t\t\t<\/td>\n<td>\n\t\t\t\t<strong>minevik<\/strong>\n\t\t\t<\/td>\n<td>\n\t\t\t\t<strong>tulevik<\/strong>\n\t\t\t<\/td>\n<\/tr>\n<tr>\n<td>\n\t\t\t\tes\n\t\t\t<\/td>\n<td>\n\t\t\t\tdz\u012bvo-ju<br>run\u0101-ju<br>sp\u0113l\u0113-ju\n\t\t\t<\/td>\n<td>\n\t\t\t\tdz\u012bvo-ju<br>run\u0101-ju<br>sp\u0113l\u0113-ju\n\t\t\t<\/td>\n<td>\n\t\t\t\tdz\u012bvo-\u0161u<br>run\u0101-\u0161u<br>sp\u0113l\u0113-\u0161u\n\t\t\t<\/td>\n<\/tr>\n<tr>\n<td>\n\t\t\t\ttu\n\t\t\t<\/td>\n<td>\n\t\t\t\tdz\u012bvo<br>run\u0101<br>sp\u0113l\u0113\n\t\t\t<\/td>\n<td>\n\t\t\t\tdz\u012bvo-ji<br>run\u0101-ji<br>sp\u0113l\u0113-ji\n\t\t\t<\/td>\n<td>\n\t\t\t\tdz\u012bvo-si<br>run\u0101-si<br>sp\u0113l\u0113-si\n\t\t\t<\/td>\n<\/tr>\n<tr>\n<td>\n\t\t\t\tvi\u0146\u0161, vi\u0146a<br>vi\u0146i, vi\u0146as\n\t\t\t<\/td>\n<td>\n\t\t\t\tdz\u012bvo<br>run\u0101<br>sp\u0113l\u0113\n\t\t\t<\/td>\n<td>\n\t\t\t\tdz\u012bvo-ja<br>run\u0101-ja<br>sp\u0113l\u0113-ja\n\t\t\t<\/td>\n<td>\n\t\t\t\tdz\u012bvo-s<br>run\u0101-s<br>sp\u0113l\u0113-s\n\t\t\t<\/td>\n<\/tr>\n<tr>\n<td>\n\t\t\t\tm\u0113s\n\t\t\t<\/td>\n<td>\n\t\t\t\tdz\u012bvo-jam<br>run\u0101-jam<br>sp\u0113l\u0113-jam\n\t\t\t<\/td>\n<td>\n\t\t\t\tdz\u012bvo-j\u0101m<br>run\u0101-j\u0101m<br>sp\u0113l\u0113-j\u0101m\n\t\t\t<\/td>\n<td>\n\t\t\t\tdz\u012bvo-sim<br>run\u0101-sim<br>sp\u0113l\u0113-sim\n\t\t\t<\/td>\n<\/tr>\n<tr>\n<td>\n\t\t\t\tj\u016bs\n\t\t\t<\/td>\n<td>\n\t\t\t\tdz\u012bvo-jat<br>run\u0101-jat<br>sp\u0113l\u0113-jat\n\t\t\t<\/td>\n<td>\n\t\t\t\tdz\u012bvo-j\u0101t<br>run\u0101-j\u0101t<br>sp\u0113l\u0113-j\u0101t\n\t\t\t<\/td>\n<td>\n\t\t\t\tdz\u012bvo-siet<br>run\u0101-siet<br>sp\u0113l\u0113-siet\n\t\t\t<\/td>\n<\/tr>\n<\/tbody>\n<\/table>\n<p>\n\tVeel verbe:\u00a0<em>\u0101rst\u0113t <\/em>\u2013 ravima,\u00a0<em>b\u016bv\u0113t <\/em>\u2013 ehitama, <em>ce\u013cot <\/em>\u2013 reisima,\u00a0<em>dancot <\/em>\u2013 tantsima,\u00a0<em>dejot <\/em>\u2013 tantsima,\u00a0<em>dom\u0101t <\/em>\u2013 m\u00f5tlema, arvama,\u00a0<em>gar\u0161ot <\/em>\u2013 maitsma,\u00a0<em>gatavot <\/em>\u2013 valmistama,\u00a0<em>iek\u0101rtot <\/em>\u2013 sisutama,\u00a0<em>izmantot <\/em>\u2013 kasutama,\u00a0<em>izrun\u0101t <\/em>\u2013 h\u00e4\u00e4ldama,\u00a0<em>jaut\u0101t <\/em>\u2013 k\u00fcsima,\u00a0<em>k\u0101rtot <\/em>\u2013 koristama, korda seadma,\u00a0<em>lidot <\/em>\u2013 lendama,\u00a0<em>lietot <\/em>\u2013 kasutama,\u00a0<em>maks\u0101t <\/em>\u2013 maksma,\u00a0<em>mazg\u0101t <\/em>\u2013 pesema,\u00a0<em>mekl\u0113t <\/em>\u2013 otsima,\u00a0<em>pied\u0101v\u0101t <\/em>\u2013 pakkuma,\u00a0<em>pusdienot <\/em>\u2013 l\u00f5unatama,\u00a0<em>reklam\u0113t <\/em>\u2013 reklaamima,\u00a0<em>sl\u0113pot <\/em>\u2013 suusatama,\u00a0<em>str\u0101d\u0101t <\/em>\u2013 t\u00f6\u00f6tama,\u00a0<em>stud\u0113t <\/em>\u2013 tudeerima,\u00a0<em>\u017e\u0101v\u0113t <\/em>\u2013 kuivatama.\u00a0\n<\/p>\n<p>\n\t<strong>2.1.2. Enesekohased l\u00f5pud:<\/strong>\u00a0<em><strong>-OTIES, -\u0100TIES, -\u0112TIES<\/strong><\/em>\n<\/p>\n<p>\n\t<em><strong><strong>nt<\/strong><em><strong>\u00a0dz\u012bv<u>oties<\/u><\/strong><\/em><\/strong><\/em><strong><strong>\u00a0\u2018elama\u2019<\/strong><\/strong><em><strong><strong>,\u00a0<em>run<u>\u0101ties<\/u>\u00a0<\/em><\/strong><\/strong><\/em><strong><strong>\u2018vestlema\u2019<\/strong><\/strong><em><strong><strong>,\u00a0<em>sp\u0113l<u>\u0113ties<\/u>\u00a0<\/em><\/strong><\/strong><\/em><strong><strong>\u2018m\u00e4ngima (omavahel)\u2019<\/strong><\/strong>\n<\/p>\n<table class=\"table table-hover\" border=\"0\">\n<tbody>\n<tr>\n<td>\n\t\t\t\t\u00a0\n\t\t\t<\/td>\n<td>\n\t\t\t\t<strong>olevik<\/strong>\n\t\t\t<\/td>\n<td>\n\t\t\t\t<strong>minevik<\/strong>\n\t\t\t<\/td>\n<td>\n\t\t\t\t<strong>tulevik<\/strong>\n\t\t\t<\/td>\n<\/tr>\n<tr>\n<td>\n\t\t\t\tes\n\t\t\t<\/td>\n<td>\n\t\t\t\tdz\u012bvo-jos<br>run\u0101-jos<br>sp\u0113l\u0113-jos\n\t\t\t<\/td>\n<td>\n\t\t\t\tdz\u012bvo-jos<br>run\u0101-jos<br>sp\u0113l\u0113-jos\n\t\t\t<\/td>\n<td>\n\t\t\t\tdz\u012bvo-\u0161os<br>run\u0101-\u0161os<br>sp\u0113l\u0113-\u0161os\n\t\t\t<\/td>\n<\/tr>\n<tr>\n<td>\n\t\t\t\ttu\n\t\t\t<\/td>\n<td>\n\t\t\t\tdz\u012bvo-jies<br>run\u0101-jies<br>sp\u0113l\u0113-jies\n\t\t\t<\/td>\n<td>\n\t\t\t\tdz\u012bvo-jies<br>run\u0101-jies<br>sp\u0113l\u0113-jies\n\t\t\t<\/td>\n<td>\n\t\t\t\tdz\u012bvo-sies<br>run\u0101-sies<br>sp\u0113l\u0113-sies\n\t\t\t<\/td>\n<\/tr>\n<tr>\n<td>\n\t\t\t\tvi\u0146\u0161, vi\u0146a<br>vi\u0146i, vi\u0146as\n\t\t\t<\/td>\n<td>\n\t\t\t\tdz\u012bvo-jas<br>run\u0101-jas<br>sp\u0113l\u0113-jas\n\t\t\t<\/td>\n<td>\n\t\t\t\tdz\u012bvo-j\u0101s<br>run\u0101-j\u0101s<br>sp\u0113l\u0113-j\u0101s\n\t\t\t<\/td>\n<td>\n\t\t\t\tdz\u012bvo-sies<br>run\u0101-sies<br>sp\u0113l\u0113-sies\n\t\t\t<\/td>\n<\/tr>\n<tr>\n<td>\n\t\t\t\tm\u0113s\n\t\t\t<\/td>\n<td>\n\t\t\t\tdz\u012bvo-jamies<br>run\u0101-jamies<br>sp\u0113l\u0113-jamies\n\t\t\t<\/td>\n<td>\n\t\t\t\tdz\u012bvo-j\u0101mies<br>run\u0101-j\u0101mies<br>sp\u0113l\u0113-j\u0101mies\n\t\t\t<\/td>\n<td>\n\t\t\t\tdz\u012bvo-simies<br>run\u0101-simies<br>sp\u0113l\u0113-simies\n\t\t\t<\/td>\n<\/tr>\n<tr>\n<td>\n\t\t\t\tj\u016bs\n\t\t\t<\/td>\n<td>\n\t\t\t\tdz\u012bvo-jaties<br>run\u0101-jaties<br>sp\u0113l\u0113-jaties\n\t\t\t<\/td>\n<td>\n\t\t\t\tdz\u012bvo-j\u0101ties<br>run\u0101-j\u0101ties<br>sp\u0113l\u0113-j\u0101ties\n\t\t\t<\/td>\n<td>\n\t\t\t\tdz\u012bvo-sieties<br>run\u0101-sieties<br>sp\u0113l\u0113-sieties\n\t\t\t<\/td>\n<\/tr>\n<\/tbody>\n<\/table>\n<p>\n\tVeel verbe:\u00a0<em>\u0101rst\u0113ties <\/em>\u2013 end ravima,\u00a0<em>gatavoties\u00a0<\/em>\u2013 valmistuma,\u00a0<em>mazg\u0101ties <\/em>\u2013 end pesema,\u00a0<em>reklam\u0113ties<\/em> \u2013 end reklaamima,\u00a0<em>\u017e\u0101v\u0113ties\u00a0<\/em>\u2013 kuivama.\u00a0<\/p>\n","protected":false},"excerpt":{"rendered":"<p>II p\u00f6\u00f6rdkonda kuuluvad verbid, millel on 1. p\u00f6\u00f6rdes oleviku ja mineviku vormis silpide arv\u00a0ja vorm sama, nt es stud-\u0113-ju (olevik) -&gt; es stud-\u0113-ju (minevik). Siia r\u00fchma kuuluvad verbid, millel\u00a0on j\u00e4rgmised infinitiivil\u00f5pud:\u00a0 -ot, -oties (dz\u012bvot\u00a0\u2018elama\u2019,\u00a0atdz\u012bvoties\u00a0\u2018elavnema\u2019), -\u0101t, -\u0101ties (run\u0101t\u00a0\u2018r\u00e4\u00e4kima\u2019, run\u0101ties \u2018vestlema\u2019), -\u0113t, &#8230;<\/p>\n","protected":false},"author":77,"featured_media":0,"parent":0,"menu_order":0,"comment_status":"closed","ping_status":"closed","template":"","meta":{"_acf_changed":false,"inline_featured_image":false,"footnotes":""},"class_list":["post-30","page","type-page","status-publish","hentry"],"acf":[],"_links":{"self":[{"href":"https:\/\/sisu.ut.ee\/latikeel\/wp-json\/wp\/v2\/pages\/30","targetHints":{"allow":["GET"]}}],"collection":[{"href":"https:\/\/sisu.ut.ee\/latikeel\/wp-json\/wp\/v2\/pages"}],"about":[{"href":"https:\/\/sisu.ut.ee\/latikeel\/wp-json\/wp\/v2\/types\/page"}],"author":[{"embeddable":true,"href":"https:\/\/sisu.ut.ee\/latikeel\/wp-json\/wp\/v2\/users\/77"}],"replies":[{"embeddable":true,"href":"https:\/\/sisu.ut.ee\/latikeel\/wp-json\/wp\/v2\/comments?post=30"}],"version-history":[{"count":1,"href":"https:\/\/sisu.ut.ee\/latikeel\/wp-json\/wp\/v2\/pages\/30\/revisions"}],"predecessor-version":[{"id":80,"href":"https:\/\/sisu.ut.ee\/latikeel\/wp-json\/wp\/v2\/pages\/30\/revisions\/80"}],"wp:attachment":[{"href":"https:\/\/sisu.ut.ee\/latikeel\/wp-json\/wp\/v2\/media?parent=30"}],"curies":[{"name":"wp","href":"https:\/\/api.w.org\/{rel}","templated":true}]}}