{"id":29,"date":"2024-04-04T03:18:27","date_gmt":"2024-04-04T00:18:27","guid":{"rendered":"https:\/\/sisu.ut.ee\/latikeel\/i-poordkond\/"},"modified":"2024-04-04T03:18:34","modified_gmt":"2024-04-04T00:18:34","slug":"i-poordkond","status":"publish","type":"page","link":"https:\/\/sisu.ut.ee\/latikeel\/i-poordkond\/","title":{"rendered":"I p\u00f6\u00f6rdkond (I konjug\u0101cija)"},"content":{"rendered":"<p>I p\u00f6\u00f6rdkonda kuuluvad \u00fchesilbilised algelised verbid (nt <em>cept <\/em>\u2018k\u00fcpsetama, praadima\u2019, <em>\u0113st\u00a0<\/em>\u2018s\u00f6\u00f6ma\u2019, <em>braukt <\/em>\u2018s\u00f5itma\u2019) v\u00f5i prefiksitega tuletatud \u00fchesilbilised verbid (nt <em>aizv\u0113rt\u00a0<\/em>\u2018sulgema\u2019, <em>notikt <\/em>\u2018toimuma\u2019, <em>aizmirst <\/em>\u2018unustama\u2019).<\/p>\n<p>\n\t<strong>1. Infinitiivi l\u00f5pp\u00a0<em>-t<\/em><\/strong>\n<\/p>\n<table class=\"table table-hover\" border=\"0\">\n<tbody>\n<tr>\n<td>\n\t\t\t\t\u00a0\n\t\t\t<\/td>\n<td>\n\t\t\t\t<strong>olevik<\/strong>\n\t\t\t<\/td>\n<td>\n\t\t\t\t<strong>minevik<\/strong>\n\t\t\t<\/td>\n<td>\n\t\t\t\t<strong>tulevik\u00a0<\/strong>\n\t\t\t<\/td>\n<\/tr>\n<tr>\n<td>\n\t\t\t\t<strong>es<\/strong>\n\t\t\t<\/td>\n<td>\n\t\t\t\t-u\n\t\t\t<\/td>\n<td>\n\t\t\t\t-u\n\t\t\t<\/td>\n<td>\n\t\t\t\t-\u0161u\n\t\t\t<\/td>\n<\/tr>\n<tr>\n<td>\n\t\t\t\t<strong>tu<\/strong>\n\t\t\t<\/td>\n<td>\n\t\t\t\t-\/-i\n\t\t\t<\/td>\n<td>\n\t\t\t\t-i\n\t\t\t<\/td>\n<td>\n\t\t\t\t-si\n\t\t\t<\/td>\n<\/tr>\n<tr>\n<td>\n<p>\n\t\t\t\t\t<strong>vi\u0146\u0161, vi\u0146a, <\/strong>\n\t\t\t\t<\/p>\n<p>\n\t\t\t\t\t<strong>vi\u0146i, vi\u0146as<\/strong>\n\t\t\t\t<\/p>\n<\/td>\n<td>\n\t\t\t\t\u2013\n\t\t\t<\/td>\n<td>\n\t\t\t\t-a\n\t\t\t<\/td>\n<td>\n\t\t\t\t-s\n\t\t\t<\/td>\n<\/tr>\n<tr>\n<td>\n\t\t\t\t<strong>m\u0113s<\/strong>\n\t\t\t<\/td>\n<td>\n\t\t\t\t-am\n\t\t\t<\/td>\n<td>\n\t\t\t\t-\u0101m\n\t\t\t<\/td>\n<td>\n\t\t\t\t-sim\n\t\t\t<\/td>\n<\/tr>\n<tr>\n<td>\n\t\t\t\t<strong>j\u016bs<\/strong>\n\t\t\t<\/td>\n<td>\n\t\t\t\t-at\n\t\t\t<\/td>\n<td>\n\t\t\t\t-\u0101t\n\t\t\t<\/td>\n<td>\n\t\t\t\t-siet\n\t\t\t<\/td>\n<\/tr>\n<\/tbody>\n<\/table>\n<p>\n\t\u00a0\n<\/p>\n<p>\n\t<strong>2. Infinitiivi l\u00f5pp <i>-ties <\/i>(enesekohane verb)<\/strong>\n<\/p>\n<table class=\"table table-hover\" border=\"0\">\n<tbody>\n<tr>\n<td>\n\t\t\t\t\u00a0\n\t\t\t<\/td>\n<td>\n\t\t\t\t<strong>olevik<\/strong>\n\t\t\t<\/td>\n<td>\n\t\t\t\t<strong>minevik<\/strong>\n\t\t\t<\/td>\n<td>\n\t\t\t\t<strong>tulevik<\/strong>\n\t\t\t<\/td>\n<\/tr>\n<tr>\n<td>\n\t\t\t\t<strong>es<\/strong>\n\t\t\t<\/td>\n<td>\n\t\t\t\t-os\n\t\t\t<\/td>\n<td>\n\t\t\t\t-os\n\t\t\t<\/td>\n<td>\n\t\t\t\t-\u0161os\n\t\t\t<\/td>\n<\/tr>\n<tr>\n<td>\n\t\t\t\t<strong>tu<\/strong>\n\t\t\t<\/td>\n<td>\n\t\t\t\t-ies\n\t\t\t<\/td>\n<td>\n\t\t\t\t-ies\n\t\t\t<\/td>\n<td>\n\t\t\t\t-sies\n\t\t\t<\/td>\n<\/tr>\n<tr>\n<td>\n<p>\n\t\t\t\t\t<strong>vi\u0146\u0161, vi\u0146a,\u00a0<\/strong>\n\t\t\t\t<\/p>\n<p>\n\t\t\t\t\t<strong>vi\u0146i, vi\u0146as<\/strong>\n\t\t\t\t<\/p>\n<\/td>\n<td>\n\t\t\t\t-as\n\t\t\t<\/td>\n<td>\n\t\t\t\t-\u0101s\n\t\t\t<\/td>\n<td>\n\t\t\t\t-sies\n\t\t\t<\/td>\n<\/tr>\n<tr>\n<td>\n\t\t\t\t<strong>m\u0113s<\/strong>\n\t\t\t<\/td>\n<td>\n\t\t\t\t-amies\n\t\t\t<\/td>\n<td>\n\t\t\t\t-\u0101mies\n\t\t\t<\/td>\n<td>\n\t\t\t\t-simies\n\t\t\t<\/td>\n<\/tr>\n<tr>\n<td>\n\t\t\t\t<strong>j\u016bs<\/strong>\n\t\t\t<\/td>\n<td>\n\t\t\t\t-aties\n\t\t\t<\/td>\n<td>\n\t\t\t\t-\u0101ties\n\t\t\t<\/td>\n<td>\n\t\t\t\t-si(e)ties\n\t\t\t<\/td>\n<\/tr>\n<\/tbody>\n<\/table>\n<p>\n\t\u00a0\n<\/p>\n<p>\n\t<strong>3. M\u00f5ned\u00a0esimese p\u00f6\u00f6rdkonna tegus\u00f5nad ja nende p\u00f6\u00f6ramine<\/strong>\n<\/p>\n<table class=\"table table-hover\" border=\"0\">\n<tbody>\n<tr>\n<td>\n\t\t\t\t<strong>Infinitiiv<\/strong>\n\t\t\t<\/td>\n<td colspan=\"6\" rowspan=\"1\">\n\t\t\t\t<strong>oleviku 1.p, 2.p, 3.p<\/strong>\n\t\t\t<\/td>\n<td rowspan=\"1\">\n\t\t\t\t<strong>mineviku 3.p<\/strong>\n\t\t\t<\/td>\n<td rowspan=\"1\">\n\t\t\t\t<strong>tuleviku 3.p<\/strong>\n\t\t\t<\/td>\n<\/tr>\n<tr>\n<td>\n\t\t\t\t<em>aizmirst <\/em>\u2018unustama\u2019\n\t\t\t<\/td>\n<td colspan=\"6\">\n\t\t\t\taizmirst-u, aizmirst-i, aizmirst\n\t\t\t<\/td>\n<td>\n\t\t\t\taizmirs-a\n\t\t\t<\/td>\n<td>\n\t\t\t\taizmirs-\u012b-s\n\t\t\t<\/td>\n<\/tr>\n<tr>\n<td>\n\t\t\t\t<em>aizv\u0113rt<\/em> \u2018sulgema\u2019\n\t\t\t<\/td>\n<td colspan=\"6\">\n\t\t\t\taizv<strong>e<\/strong>r-u, aizver, aizv<strong>e<\/strong>r\n\t\t\t<\/td>\n<td>\n\t\t\t\taizv\u0113r-a\n\t\t\t<\/td>\n<td>\n\t\t\t\taizv\u0113r-s\n\t\t\t<\/td>\n<\/tr>\n<tr>\n<td>\n\t\t\t\t<em>(ap)s\u0113sties<\/em>\u00a0\u2018maha istuma\u2019\n\t\t\t<\/td>\n<td colspan=\"6\" rowspan=\"1\">\n\t\t\t\taps\u0113\u017e-os, aps\u0113d-ies, aps\u0113\u017e-as\n\t\t\t<\/td>\n<td rowspan=\"1\">\n\t\t\t\taps\u0113d-\u0101s\n\t\t\t<\/td>\n<td rowspan=\"1\">\n\t\t\t\taps\u0113-d\u012b-sies\n\t\t\t<\/td>\n<\/tr>\n<tr>\n<td>\n\t\t\t\t<em>(ap)sveikt<\/em> \u2018\u00f5nnitlema\u2019\n\t\t\t<\/td>\n<td colspan=\"6\" rowspan=\"1\">\n\t\t\t\tapsveic-u, apsveic, apsveic\n\t\t\t<\/td>\n<td rowspan=\"1\">\n\t\t\t\tapsveic-a\n\t\t\t<\/td>\n<td rowspan=\"1\">\n\t\t\t\tapsveik-s\n\t\t\t<\/td>\n<\/tr>\n<tr>\n<td>\n\t\t\t\t<em>atrast <\/em>\u2018leidma\u2019\n\t\t\t<\/td>\n<td colspan=\"6\">\n\t\t\t\tatrod-u, atrod, atrod\n\t\t\t<\/td>\n<td>\n\t\t\t\tatrad-a\n\t\t\t<\/td>\n<td>\n\t\t\t\tatra-d\u012b-s\n\t\t\t<\/td>\n<\/tr>\n<tr>\n<td>\n\t\t\t\t<em>atrasties\u00a0<\/em>\u2018asuma\u2019\n\t\t\t<\/td>\n<td colspan=\"6\">\n\t\t\t\tatrod-os, atrod-ies, atrod-as\n\t\t\t<\/td>\n<td>\n\t\t\t\tatrad-\u0101s\n\t\t\t<\/td>\n<td>\n\t\t\t\tatra-d\u012b-sies\n\t\t\t<\/td>\n<\/tr>\n<tr>\n<td>\n\t\t\t\t<em>atv\u0113rt\u00a0<\/em>\u2018avama\u2019\n\t\t\t<\/td>\n<td colspan=\"6\">\n\t\t\t\tatv<strong>e<\/strong>r-u, atver, atv<strong>e<\/strong>r\n\t\t\t<\/td>\n<td>\n\t\t\t\tatv\u0113r-a\n\t\t\t<\/td>\n<td>\n\t\t\t\tatv\u0113r-s\n\t\t\t<\/td>\n<\/tr>\n<tr>\n<td>\n\t\t\t\t<em>augt\u00a0<\/em>\u2018kasvama\u2019\n\t\t\t<\/td>\n<td colspan=\"6\">\n\t\t\t\taug-u, audz, aug\n\t\t\t<\/td>\n<td>\n\t\t\t\taug-a\n\t\t\t<\/td>\n<td>\n\t\t\t\taug-s\n\t\t\t<\/td>\n<\/tr>\n<tr>\n<td>\n\t\t\t\t<em>beigties\u00a0<\/em>\u2018l\u00f5ppema\u2019\n\t\t\t<\/td>\n<td colspan=\"6\">\n\t\t\t\tbeidz-os, beidz-ies, beidz-as\n\t\t\t<\/td>\n<td>\n\t\t\t\tbeidz-\u0101s\n\t\t\t<\/td>\n<td>\n\t\t\t\tbeig-sies\n\t\t\t<\/td>\n<\/tr>\n<tr>\n<td>\n\t\t\t\t<em>braukt <\/em>\u2018s\u00f5itma\u2019\n\t\t\t<\/td>\n<td colspan=\"6\">\n\t\t\t\tbrauc-u, brauc, brauc\n\t\t\t<\/td>\n<td>\n\t\t\t\tbrauc-a\n\t\t\t<\/td>\n<td>\n\t\t\t\tbrauk-s\n\t\t\t<\/td>\n<\/tr>\n<tr>\n<td>\n\t\t\t\t<em>celt\u00a0<\/em>\u2018t\u00f5stma, ehitama\u2019\n\t\t\t<\/td>\n<td colspan=\"6\">\n\t\t\t\tce\u013c-u, cel, ce\u013c\n\t\t\t<\/td>\n<td>\n\t\t\t\tc\u0113l-a\n\t\t\t<\/td>\n<td>\n\t\t\t\tcel-s\n\t\t\t<\/td>\n<\/tr>\n<tr>\n<td>\n\t\t\t\t<em>cept <\/em>\u2018k\u00fcpsetama, praadima\u2019\n\t\t\t<\/td>\n<td colspan=\"6\">\n\t\t\t\tcep-u, cep, cep\n\t\t\t<\/td>\n<td>\n\t\t\t\tcep-a\n\t\t\t<\/td>\n<td>\n\t\t\t\tcep-s\n\t\t\t<\/td>\n<\/tr>\n<tr>\n<td>\n\t\t\t\t<em>dzimt\u00a0<\/em>\u2018s\u00fcndima\u2019\n\t\t\t<\/td>\n<td colspan=\"6\">\n\t\t\t\tdzimst-u, dzimst-i, dzimst\n\t\t\t<\/td>\n<td>\n\t\t\t\tdzim-a\n\t\t\t<\/td>\n<td>\n\t\t\t\tdzim-s\n\t\t\t<\/td>\n<\/tr>\n<tr>\n<td>\n\t\t\t\t<em>dzert\u00a0<\/em>\u2018jooma\u2019\n\t\t\t<\/td>\n<td colspan=\"6\">\n\t\t\t\tdz<strong>e<\/strong>r-u,\u00a0dzer, dz<strong>e<\/strong>r\n\t\t\t<\/td>\n<td>\n\t\t\t\tdz\u0113r-a\n\t\t\t<\/td>\n<td>\n\t\t\t\tdzer-s\n\t\t\t<\/td>\n<\/tr>\n<tr>\n<td>\n\t\t\t\t<em>\u0113st\u00a0<\/em>\u2018s\u00f6\u00f6ma\u2019\n\t\t\t<\/td>\n<td colspan=\"6\">\n\t\t\t\t<strong>\u0113<\/strong>d-u,\u00a0\u0113d,\u00a0<strong>\u0113<\/strong>d\n\t\t\t<\/td>\n<td>\n\t\t\t\t\u0113d-a\n\t\t\t<\/td>\n<td>\n\t\t\t\t\u0113-d\u012b-s\n\t\t\t<\/td>\n<\/tr>\n<tr>\n<td>\n\t\t\t\t<em>iepaz\u012bties\u00a0<\/em>\u2018tutvuma\u2019\n\t\t\t<\/td>\n<td colspan=\"6\">\n\t\t\t\tiepaz\u012bst-os, iepaz\u012bst-ies, iepaz\u012bst-as\n\t\t\t<\/td>\n<td>\n\t\t\t\tiepazin-\u0101s\n\t\t\t<\/td>\n<td>\n\t\t\t\tiepaz\u012b-sies\n\t\t\t<\/td>\n<\/tr>\n<tr>\n<td>\n\t\t\t\t<em>(ie)sist<\/em> \u2018(sisse)\u00a0l\u00f6\u00f6ma\u2019\n\t\t\t<\/td>\n<td colspan=\"6\">\n\t\t\t\tiesit-u, iesit, iesit\n\t\t\t<\/td>\n<td>\n\t\t\t\tiesit-a\n\t\t\t<\/td>\n<td>\n\t\t\t\tiesi-t\u012b-s\n\t\t\t<\/td>\n<\/tr>\n<tr>\n<td>\n\t\t\t\t<em>just\u00a0<\/em>\u2018tundma\u2019\n\t\t\t<\/td>\n<td colspan=\"6\">\n\t\t\t\tj\u016bt-u, j\u016bt-i, j\u016bt\n\t\t\t<\/td>\n<td>\n\t\t\t\tjut-a\n\t\t\t<\/td>\n<td>\n\t\t\t\tju-t\u012b-s\n\t\t\t<\/td>\n<\/tr>\n<tr>\n<td>\n\t\t\t\t<em>justies\u00a0<\/em>\u2018end tundma\u2019\n\t\t\t<\/td>\n<td colspan=\"6\">\n\t\t\t\tj\u016bt-os, j\u016bt-ies, j\u016bt-as\n\t\t\t<\/td>\n<td>\n\t\t\t\tjut-\u0101s\n\t\t\t<\/td>\n<td>\n\t\t\t\tju-t\u012b-sies\n\t\t\t<\/td>\n<\/tr>\n<tr>\n<td>\n\t\t\t\t<em>kl\u0101t\u00a0<\/em>\u2018katma\u2019\n\t\t\t<\/td>\n<td colspan=\"6\">\n\t\t\t\tkl\u0101j-u, kl\u0101j, kl\u0101j\n\t\t\t<\/td>\n<td>\n\t\t\t\tkl\u0101j-a\n\t\t\t<\/td>\n<td>\n\t\t\t\tkl\u0101-s\n\t\t\t<\/td>\n<\/tr>\n<tr>\n<td>\n\t\t\t\t<em>k\u013c\u016bt\u00a0<\/em>\u2018saama (kellekski)\u2019\n\t\t\t<\/td>\n<td colspan=\"6\">\n\t\t\t\tk\u013c\u016bst-u, k\u013c\u016bst-i, k\u013c\u016bst\n\t\t\t<\/td>\n<td>\n\t\t\t\tk\u013cuv-a\n\t\t\t<\/td>\n<td>\n\t\t\t\tk\u013c\u016b-s\n\t\t\t<\/td>\n<\/tr>\n<tr>\n<td>\n\t\t\t\t<em>liet\u00a0<\/em>\u2018valama, kallama\u2019\n\t\t\t<\/td>\n<td colspan=\"6\">\n\t\t\t\tlej-u, lej, lej\n\t\t\t<\/td>\n<td>\n\t\t\t\tl\u0113j-a\n\t\t\t<\/td>\n<td>\n\t\t\t\tlie-s\n\t\t\t<\/td>\n<\/tr>\n<tr>\n<td>\n\t\t\t\t<em>l\u016bgt\u00a0<\/em>\u2018paluma\u2019\n\t\t\t<\/td>\n<td colspan=\"6\">\n\t\t\t\tl\u016bdz-u, l\u016bdz, l\u016bdz\n\t\t\t<\/td>\n<td>\n\t\t\t\tl\u016bdz-a\n\t\t\t<\/td>\n<td>\n\t\t\t\tl\u016bg-s\n\t\t\t<\/td>\n<\/tr>\n<tr>\n<td>\n\t\t\t\t<em>n\u0101kt<\/em>\u00a0\u2018tulema\u2019\n\t\t\t<\/td>\n<td colspan=\"6\">\n\t\t\t\tn\u0101k-u, n\u0101c, n\u0101k\n\t\t\t<\/td>\n<td>\n\t\t\t\tn\u0101c-a\n\t\t\t<\/td>\n<td>\n\t\t\t\tn\u0101k-s\n\t\t\t<\/td>\n<\/tr>\n<tr>\n<td>\n\t\t\t\t<em>notikt\u00a0<\/em>\u2018toimuma\u2019\n\t\t\t<\/td>\n<td colspan=\"6\">\n\t\t\t\tnotiek-u, notiec, notiek\n\t\t\t<\/td>\n<td>\n\t\t\t\tnotik-a\n\t\t\t<\/td>\n<td>\n\t\t\t\tnotik-s\n\t\t\t<\/td>\n<\/tr>\n<tr>\n<td>\n\t\t\t\t<em>palikt\u00a0<\/em>\u2018j\u00e4\u00e4ma\u2019\n\t\t\t<\/td>\n<td colspan=\"6\">\n\t\t\t\tpaliek-u, paliec, paliek\n\t\t\t<\/td>\n<td>\n\t\t\t\tpalik-a\n\t\t\t<\/td>\n<td>\n\t\t\t\tpalik-s\n\t\t\t<\/td>\n<\/tr>\n<tr>\n<td>\n\t\t\t\t<em>pasniegt <\/em>\u2018andma, ulatama\u2019\n\t\t\t<\/td>\n<td colspan=\"6\">\n\t\t\t\tpasniedz-u, pasniedz, pasniedz\n\t\t\t<\/td>\n<td>\n\t\t\t\tpasniedz-a\n\t\t\t<\/td>\n<td>\n\t\t\t\tpasnieg-s\n\t\t\t<\/td>\n<\/tr>\n<tr>\n<td>\n\t\t\t\t<em>patikt <\/em>\u2018meeldima\u2019\n\t\t\t<\/td>\n<td colspan=\"6\">\n\t\t\t\tpat\u012bk-u, pat\u012bc, pat\u012bk\n\t\t\t<\/td>\n<td>\n\t\t\t\tpatik-a\n\t\t\t<\/td>\n<td>\n\t\t\t\tpatik-s\n\t\t\t<\/td>\n<\/tr>\n<tr>\n<td>\n\t\t\t\t<em>pirkt <\/em>\u2018ostma\u2019\n\t\t\t<\/td>\n<td colspan=\"6\">\n\t\t\t\tp<strong>\u0113<\/strong>rk-u, p\u0113rc, p<strong>\u0113<\/strong>rk\n\t\t\t<\/td>\n<td>\n\t\t\t\tpirk-u\n\t\t\t<\/td>\n<td>\n\t\t\t\tpirk-s\n\t\t\t<\/td>\n<\/tr>\n<tr>\n<td>\n\t\t\t\t<em>prast\u00a0<\/em>\u2018oskama\u2019\n\t\t\t<\/td>\n<td colspan=\"6\">\n\t\t\t\tprot-u, prot-i, prot\n\t\t\t<\/td>\n<td>\n\t\t\t\tprat-a\n\t\t\t<\/td>\n<td>\n\t\t\t\tpra-t\u012b-s\n\t\t\t<\/td>\n<\/tr>\n<tr>\n<td>\n\t\t\t\t<em>s\u0101kt\u00a0<\/em>\u2018alustama\u2019\n\t\t\t<\/td>\n<td colspan=\"6\">\n\t\t\t\ts\u0101k-u, s\u0101c, s\u0101k\n\t\t\t<\/td>\n<td>\n\t\t\t\ts\u0101k-a\n\t\t\t<\/td>\n<td>\n\t\t\t\ts\u0101k-s\n\t\t\t<\/td>\n<\/tr>\n<tr>\n<td>\n\t\t\t\t<em>s\u0101kties\u00a0<\/em>\u2018algama\u2019\n\t\t\t<\/td>\n<td colspan=\"6\">\n\t\t\t\ts\u0101k-os, s\u0101c-ies, s\u0101k-as\n\t\t\t<\/td>\n<td>\n\t\t\t\ts\u0101k-\u0101s\n\t\t\t<\/td>\n<td>\n\t\t\t\ts\u0101k-sies\n\t\t\t<\/td>\n<\/tr>\n<tr>\n<td>\n\t\t\t\tsaprast\u00a0<em>aru saama<\/em>\n\t\t\t<\/td>\n<td colspan=\"6\">\n\t\t\t\tsaprot-u,\u00a0saprot-i, saprot\n\t\t\t<\/td>\n<td>\n\t\t\t\tsaprat-a\n\t\t\t<\/td>\n<td>\n\t\t\t\tsapra-t\u012b-s\n\t\t\t<\/td>\n<\/tr>\n<tr>\n<td>\n\t\t\t\tsatikties\u00a0<em>kohtuma<\/em>\n\t\t\t<\/td>\n<td colspan=\"6\">\n\t\t\t\tsatiek-os, satiec-ies, satiek-as\n\t\t\t<\/td>\n<td>\n\t\t\t\tsatik-\u0101s\n\t\t\t<\/td>\n<td>\n\t\t\t\tsatik-sies\n\t\t\t<\/td>\n<\/tr>\n<tr>\n<td>\n\t\t\t\tsaukt\u00a0<em>kutsuma<\/em>\n\t\t\t<\/td>\n<td colspan=\"6\">\n\t\t\t\tsauc-u, sauc, sauc\n\t\t\t<\/td>\n<td>\n\t\t\t\tsauc-a\n\t\t\t<\/td>\n<td>\n\t\t\t\tsauk-s\n\t\t\t<\/td>\n<\/tr>\n<tr>\n<td>\n\t\t\t\tskriet <em>j<\/em><em>ooksma<\/em>\n\t\t\t<\/td>\n<td colspan=\"6\">\n\t\t\t\tskrienu, skrien, skrien\n\t\t\t<\/td>\n<td>\n\t\t\t\tskr\u0113j-a\n\t\t\t<\/td>\n<td>\n\t\t\t\tskrie-s\n\t\t\t<\/td>\n<\/tr>\n<tr>\n<td>\n\t\t\t\tsl\u0113gt\u00a0<em>lukustama<\/em>\n\t\t\t<\/td>\n<td colspan=\"6\">\n\t\t\t\tsl<strong>\u0113<\/strong>dz-u, sl\u0113dz, sl<strong>\u0113<\/strong>dz\n\t\t\t<\/td>\n<td>\n\t\t\t\tsl\u0113dz-a\n\t\t\t<\/td>\n<td>\n\t\t\t\tsl\u0113g-s\n\t\t\t<\/td>\n<\/tr>\n<tr>\n<td>\n\t\t\t\tvilkt\u00a0<em>t\u00f5mbama<\/em>\n\t\t\t<\/td>\n<td colspan=\"6\">\n\t\t\t\tv<strong>e<\/strong>lk-u, velc, v<strong>e<\/strong>lk\n\t\t\t<\/td>\n<td>\n\t\t\t\tvilk-a\n\t\t\t<\/td>\n<td>\n\t\t\t\tvilk-s\n\t\t\t<\/td>\n<\/tr>\n<\/tbody>\n<\/table>\n","protected":false},"excerpt":{"rendered":"<p>I p\u00f6\u00f6rdkonda kuuluvad \u00fchesilbilised algelised verbid (nt cept \u2018k\u00fcpsetama, praadima\u2019, \u0113st\u00a0\u2018s\u00f6\u00f6ma\u2019, braukt \u2018s\u00f5itma\u2019) v\u00f5i prefiksitega tuletatud \u00fchesilbilised verbid (nt aizv\u0113rt\u00a0\u2018sulgema\u2019, notikt \u2018toimuma\u2019, aizmirst \u2018unustama\u2019). 1. Infinitiivi l\u00f5pp\u00a0-t \u00a0 olevik minevik tulevik\u00a0 es -u -u -\u0161u tu -\/-i -i -si vi\u0146\u0161, &#8230;<\/p>\n","protected":false},"author":77,"featured_media":0,"parent":0,"menu_order":0,"comment_status":"closed","ping_status":"closed","template":"","meta":{"_acf_changed":false,"inline_featured_image":false,"footnotes":""},"class_list":["post-29","page","type-page","status-publish","hentry"],"acf":[],"_links":{"self":[{"href":"https:\/\/sisu.ut.ee\/latikeel\/wp-json\/wp\/v2\/pages\/29","targetHints":{"allow":["GET"]}}],"collection":[{"href":"https:\/\/sisu.ut.ee\/latikeel\/wp-json\/wp\/v2\/pages"}],"about":[{"href":"https:\/\/sisu.ut.ee\/latikeel\/wp-json\/wp\/v2\/types\/page"}],"author":[{"embeddable":true,"href":"https:\/\/sisu.ut.ee\/latikeel\/wp-json\/wp\/v2\/users\/77"}],"replies":[{"embeddable":true,"href":"https:\/\/sisu.ut.ee\/latikeel\/wp-json\/wp\/v2\/comments?post=29"}],"version-history":[{"count":1,"href":"https:\/\/sisu.ut.ee\/latikeel\/wp-json\/wp\/v2\/pages\/29\/revisions"}],"predecessor-version":[{"id":79,"href":"https:\/\/sisu.ut.ee\/latikeel\/wp-json\/wp\/v2\/pages\/29\/revisions\/79"}],"wp:attachment":[{"href":"https:\/\/sisu.ut.ee\/latikeel\/wp-json\/wp\/v2\/media?parent=29"}],"curies":[{"name":"wp","href":"https:\/\/api.w.org\/{rel}","templated":true}]}}