{"id":28,"date":"2024-04-04T03:18:27","date_gmt":"2024-04-04T00:18:27","guid":{"rendered":"https:\/\/sisu.ut.ee\/latikeel\/omastav-asesona\/"},"modified":"2024-04-04T03:18:34","modified_gmt":"2024-04-04T00:18:34","slug":"omastav-asesona","status":"publish","type":"page","link":"https:\/\/sisu.ut.ee\/latikeel\/omastav-asesona\/","title":{"rendered":"Omastav ases\u00f5na (Pieder\u012bbas vietniekv\u0101rds)"},"content":{"rendered":"<p>\n\tOmastavaid\u00a0ases\u00f5nu\u00a0<em>mans, mana\u00a0<\/em>\u2018minu oma\u2019, <em>tavs, tava\u00a0<\/em>\u2018sinu oma\u2019 ja\u00a0<em>savs, sava\u00a0<\/em>\u00b4oma\u00b4 k\u00e4\u00e4natakse vastavalt nagu <a data-url=\"https:\/\/sisu.ut.ee\/latikeel\/i-kaandkond\" href=\"https:\/\/sisu.ut.ee\/latikeel\/i-kaandkond\" title=\"\">esimese<\/a> \u00a0ja <a data-url=\"https:\/\/sisu.ut.ee\/latikeel\/iv-kaandkond\" href=\"https:\/\/sisu.ut.ee\/latikeel\/iv-kaandkond\" title=\"\">neljanda<\/a>\u00a0k\u00e4\u00e4ndkonna nimis\u00f5nu.\n<\/p>\n<p>\n\t<strong>1. Meessoost omastava ases\u00f5na\u00a0<em>mans\u00a0<\/em>\u2018minu oma\u2019, <em>tavs <\/em>\u2018sinu oma\u2019, <em>savs <\/em>\u2018oma\u2019\u00a0k\u00e4\u00e4namine\u00a0(<em>Pieder\u012bbas vietniekv\u0101rdu<\/em> mans, tavs, savs <em>loc\u012b\u0161ana<\/em>).<\/strong>\n<\/p>\n<table class=\"table table-hover\" border=\"0\">\n<tbody>\n<tr>\n<td>\n\t\t\t\t<strong>K\u00e4\u00e4ne<\/strong>\n\t\t\t<\/td>\n<td>\n\t\t\t\t<strong>Ainsus<\/strong>\n\t\t\t<\/td>\n<td>\n\t\t\t\t<strong>Mitmus<\/strong>\n\t\t\t<\/td>\n<\/tr>\n<tr>\n<td>\n\t\t\t\t<strong>N. kas?<\/strong>\n\t\t\t<\/td>\n<td>\n\t\t\t\tmans, tavs, savs\n\t\t\t<\/td>\n<td>\n\t\t\t\tmani, tavi, savi\n\t\t\t<\/td>\n<\/tr>\n<tr>\n<td>\n\t\t\t\t<strong>\u0122. k\u0101?<\/strong>\n\t\t\t<\/td>\n<td>\n\t\t\t\tmana, tava, sava\n\t\t\t<\/td>\n<td>\n\t\t\t\tmanu, tavu, savu\n\t\t\t<\/td>\n<\/tr>\n<tr>\n<td>\n\t\t\t\t<strong>D. kam?<\/strong>\n\t\t\t<\/td>\n<td>\n\t\t\t\tmanam, tavam, savam\n\t\t\t<\/td>\n<td>\n\t\t\t\tmaniem, taviem, saviem\n\t\t\t<\/td>\n<\/tr>\n<tr>\n<td>\n\t\t\t\t<strong>A. ko?<\/strong>\n\t\t\t<\/td>\n<td>\n\t\t\t\tmanu, tavu, savu\n\t\t\t<\/td>\n<td>\n\t\t\t\tmanus, tavus, savus\n\t\t\t<\/td>\n<\/tr>\n<tr>\n<td>\n\t\t\t\t<strong>L. kur?<\/strong>\n\t\t\t<\/td>\n<td>\n\t\t\t\tman\u0101, tav\u0101, sav\u0101\n\t\t\t<\/td>\n<td>\n\t\t\t\tmanos, tavos, savos\n\t\t\t<\/td>\n<\/tr>\n<tr>\n<td>\n\t\t\t\t<strong>V. \u2013<\/strong>\n\t\t\t<\/td>\n<td rowspan=\"1\">\n\t\t\t\t\u2013\n\t\t\t<\/td>\n<td rowspan=\"1\">\n\t\t\t\t\u2013\n\t\t\t<\/td>\n<\/tr>\n<\/tbody>\n<\/table>\n<p>\n\t<strong>2. Naissoost omastava\u00a0ases\u00f5na\u00a0<em>mana\u00a0<\/em>\u2018minu oma\u2019,\u00a0<em>tava\u00a0<\/em>\u2018sinu oma\u2019, <em>sava\u00a0<\/em>\u2018oma\u2019\u00a0k\u00e4\u00e4namine\u00a0(<em>Pieder\u012bbas vietniekv\u0101rdu<\/em> mana, tava, sava <em>loc\u012b\u0161ana<\/em>).<\/strong>\n<\/p>\n<table class=\"table table-hover\" border=\"0\">\n<tbody>\n<tr>\n<td>\n\t\t\t\t<strong>K\u00e4\u00e4ne<\/strong>\n\t\t\t<\/td>\n<td>\n\t\t\t\t<strong>Ainsus<\/strong>\n\t\t\t<\/td>\n<td>\n\t\t\t\t<strong>Mitmus<\/strong>\n\t\t\t<\/td>\n<\/tr>\n<tr>\n<td>\n\t\t\t\t<strong>N. kas?<\/strong>\n\t\t\t<\/td>\n<td>\n\t\t\t\tmana, tava, sava\n\t\t\t<\/td>\n<td>\n\t\t\t\tmanas, tavas, savas\n\t\t\t<\/td>\n<\/tr>\n<tr>\n<td>\n\t\t\t\t<strong>\u0122. k\u0101?<\/strong>\n\t\t\t<\/td>\n<td>\n\t\t\t\tmanas, tavas, savas\n\t\t\t<\/td>\n<td>\n\t\t\t\tmanu, tavu, savu\n\t\t\t<\/td>\n<\/tr>\n<tr>\n<td>\n\t\t\t\t<strong>D. kam?<\/strong>\n\t\t\t<\/td>\n<td>\n\t\t\t\tmanai, tavai, savai\n\t\t\t<\/td>\n<td>\n\t\t\t\tman\u0101m, tav\u0101m, sav\u0101m\n\t\t\t<\/td>\n<\/tr>\n<tr>\n<td>\n\t\t\t\t<strong>A. ko?<\/strong>\n\t\t\t<\/td>\n<td>\n\t\t\t\tmanu, tavu, savu\n\t\t\t<\/td>\n<td>\n\t\t\t\tmanas, tavas, savas\n\t\t\t<\/td>\n<\/tr>\n<tr>\n<td>\n\t\t\t\t<strong>L. kur?<\/strong>\n\t\t\t<\/td>\n<td>\n\t\t\t\tman\u0101, tav\u0101, sav\u0101\n\t\t\t<\/td>\n<td>\n\t\t\t\tman\u0101s, tav\u0101s, sav\u0101s\n\t\t\t<\/td>\n<\/tr>\n<tr>\n<td>\n\t\t\t\t<strong>V. \u2013<\/strong>\n\t\t\t<\/td>\n<td rowspan=\"1\">\n\t\t\t\t\u2013\n\t\t\t<\/td>\n<td rowspan=\"1\">\n\t\t\t\t\u2013\n\t\t\t<\/td>\n<\/tr>\n<\/tbody>\n<\/table>\n","protected":false},"excerpt":{"rendered":"<p>Omastavaid\u00a0ases\u00f5nu\u00a0mans, mana\u00a0\u2018minu oma\u2019, tavs, tava\u00a0\u2018sinu oma\u2019 ja\u00a0savs, sava\u00a0\u00b4oma\u00b4 k\u00e4\u00e4natakse vastavalt nagu esimese \u00a0ja neljanda\u00a0k\u00e4\u00e4ndkonna nimis\u00f5nu. 1. Meessoost omastava ases\u00f5na\u00a0mans\u00a0\u2018minu oma\u2019, tavs \u2018sinu oma\u2019, savs \u2018oma\u2019\u00a0k\u00e4\u00e4namine\u00a0(Pieder\u012bbas vietniekv\u0101rdu mans, tavs, savs loc\u012b\u0161ana). K\u00e4\u00e4ne Ainsus Mitmus N. kas? mans, tavs, savs mani, tavi, &#8230;<\/p>\n","protected":false},"author":77,"featured_media":0,"parent":0,"menu_order":0,"comment_status":"closed","ping_status":"closed","template":"","meta":{"_acf_changed":false,"inline_featured_image":false,"footnotes":""},"class_list":["post-28","page","type-page","status-publish","hentry"],"acf":[],"_links":{"self":[{"href":"https:\/\/sisu.ut.ee\/latikeel\/wp-json\/wp\/v2\/pages\/28","targetHints":{"allow":["GET"]}}],"collection":[{"href":"https:\/\/sisu.ut.ee\/latikeel\/wp-json\/wp\/v2\/pages"}],"about":[{"href":"https:\/\/sisu.ut.ee\/latikeel\/wp-json\/wp\/v2\/types\/page"}],"author":[{"embeddable":true,"href":"https:\/\/sisu.ut.ee\/latikeel\/wp-json\/wp\/v2\/users\/77"}],"replies":[{"embeddable":true,"href":"https:\/\/sisu.ut.ee\/latikeel\/wp-json\/wp\/v2\/comments?post=28"}],"version-history":[{"count":1,"href":"https:\/\/sisu.ut.ee\/latikeel\/wp-json\/wp\/v2\/pages\/28\/revisions"}],"predecessor-version":[{"id":78,"href":"https:\/\/sisu.ut.ee\/latikeel\/wp-json\/wp\/v2\/pages\/28\/revisions\/78"}],"wp:attachment":[{"href":"https:\/\/sisu.ut.ee\/latikeel\/wp-json\/wp\/v2\/media?parent=28"}],"curies":[{"name":"wp","href":"https:\/\/api.w.org\/{rel}","templated":true}]}}