{"id":27,"date":"2024-04-04T03:18:27","date_gmt":"2024-04-04T00:18:27","guid":{"rendered":"https:\/\/sisu.ut.ee\/latikeel\/naitav-asesona\/"},"modified":"2024-04-04T03:18:34","modified_gmt":"2024-04-04T00:18:34","slug":"naitav-asesona","status":"publish","type":"page","link":"https:\/\/sisu.ut.ee\/latikeel\/naitav-asesona\/","title":{"rendered":"N\u00e4itav ases\u00f5na (Nor\u0101d\u0101mais vietniekv\u0101rds)"},"content":{"rendered":"<p>\n\tL\u00e4ti keeles on 10 n\u00e4itavad ases\u00f5na:\u00a0<em>\u0161is, \u0161\u012b\u00a0<\/em>\u2018see\u2019,\u00a0<em>tas, t\u0101\u00a0<\/em>\u2018see (too)\u2019,\u00a0<em>\u0161\u0101ds, \u0161\u0101da\u00a0<\/em>\u2018selline\u2019,\u00a0<em>t\u0101ds, t\u0101da\u00a0<\/em>\u2018selline\u2019,\u00a0<em>vi\u0146\u0161, vi\u0146a\u00a0<\/em>\u2018tema\u2019.\u00a0\n<\/p>\n<p>\n\tN\u00e4itavaid ases\u00f5nu\u00a0<em>t\u0101ds, t\u0101da, \u0161\u0101ds, \u0161\u0101da, vi\u0146\u0161, vi\u0146a\u00a0<\/em>k\u00e4\u00e4natakse nagu <a data-url=\"https:\/\/sisu.ut.ee\/latikeel\/i-kaandkond\" href=\"https:\/\/sisu.ut.ee\/latikeel\/i-kaandkond\" title=\"\">esimese<\/a> ja <a data-url=\"https:\/\/sisu.ut.ee\/latikeel\/iv-kaandkond\" href=\"https:\/\/sisu.ut.ee\/latikeel\/iv-kaandkond\" title=\"\">neljanda<\/a> k\u00e4\u00e4ndkonna s\u00f5nu.\u00a0\n<\/p>\n<p>\n\t<strong>1. Meessoost n\u00e4itava\u00a0ases\u00f5na\u00a0<em>\u0161is\u00a0<\/em>\u2018see\u2019 k\u00e4\u00e4namine (<em>Nor\u0101d\u0101m\u0101\u00a0vietniekv\u0101rda\u00a0<\/em>\u0161is\u00a0<em>loc\u012b\u0161ana<\/em>) <\/strong>\n<\/p>\n<table class=\"table table-hover\" border=\"0\">\n<tbody>\n<tr>\n<td>\n\t\t\t\t<strong>K\u00e4\u00e4ne<\/strong>\n\t\t\t<\/td>\n<td colspan=\"1\">\n\t\t\t\t<strong>Ainsus<\/strong>\n\t\t\t<\/td>\n<td colspan=\"1\">\n\t\t\t\t<strong>Mitmus<\/strong>\n\t\t\t<\/td>\n<\/tr>\n<tr>\n<td>\n\t\t\t\t<strong>N. kas?<\/strong>\n\t\t\t<\/td>\n<td>\n\t\t\t\t\u0161is\n\t\t\t<\/td>\n<td>\n\t\t\t\t\u0161ie\n\t\t\t<\/td>\n<\/tr>\n<tr>\n<td>\n\t\t\t\t<strong>\u0122. k\u0101?<\/strong>\n\t\t\t<\/td>\n<td>\n\t\t\t\t\u0161\u012b, \u0161\u0101\n\t\t\t<\/td>\n<td colspan=\"1\" rowspan=\"1\">\n\t\t\t\t\u0161o\n\t\t\t<\/td>\n<\/tr>\n<tr>\n<td>\n\t\t\t\t<strong>D. kam?<\/strong>\n\t\t\t<\/td>\n<td>\n\t\t\t\t\u0161im\n\t\t\t<\/td>\n<td>\n\t\t\t\t\u0161iem\n\t\t\t<\/td>\n<\/tr>\n<tr>\n<td>\n\t\t\t\t<strong>A. ko?<\/strong>\n\t\t\t<\/td>\n<td colspan=\"1\" rowspan=\"1\">\n\t\t\t\t\u0161o\n\t\t\t<\/td>\n<td>\n\t\t\t\t\u0161os\n\t\t\t<\/td>\n<\/tr>\n<tr>\n<td>\n\t\t\t\t<strong>L. kur?<\/strong>\n\t\t\t<\/td>\n<td colspan=\"1\" rowspan=\"1\">\n\t\t\t\t\u0161aj\u0101, \u0161in\u012b, \u0161ai\n\t\t\t<\/td>\n<td>\n\t\t\t\t\u0161ajos, \u0161ais\n\t\t\t<\/td>\n<\/tr>\n<tr>\n<td>\n\t\t\t\t<strong>V. \u2013<\/strong>\n\t\t\t<\/td>\n<td>\n\t\t\t\t\u2013\n\t\t\t<\/td>\n<td>\n\t\t\t\t\u2013\n\t\t\t<\/td>\n<\/tr>\n<\/tbody>\n<\/table>\n<p>\n\t<strong>2. Naissoost n\u00e4itava\u00a0ases\u00f5na\u00a0<em>\u0161\u012b <\/em>\u2018see\u2019 k\u00e4\u00e4namine (<em>Nor\u0101d\u0101m\u0101\u00a0vietniekv\u0101rda\u00a0<\/em>\u0161\u012b\u00a0<em>loc\u012b\u0161ana<\/em>)<\/strong>\n<\/p>\n<table class=\"table table-hover\" border=\"0\">\n<tbody>\n<tr>\n<td>\n\t\t\t\t<strong>K\u00e4\u00e4ne<\/strong>\n\t\t\t<\/td>\n<td colspan=\"1\">\n\t\t\t\t<strong>Ainsus<\/strong>\n\t\t\t<\/td>\n<td colspan=\"1\">\n\t\t\t\t<strong>Mitmus<\/strong>\n\t\t\t<\/td>\n<\/tr>\n<tr>\n<td>\n\t\t\t\t<strong>N. kas?<\/strong>\n\t\t\t<\/td>\n<td>\n\t\t\t\t\u0161\u012b\n\t\t\t<\/td>\n<td>\n\t\t\t\t\u0161\u012bs\n\t\t\t<\/td>\n<\/tr>\n<tr>\n<td>\n\t\t\t\t<strong>\u0122. k\u0101?<\/strong>\n\t\t\t<\/td>\n<td>\n\t\t\t\t\u0161\u012bs, \u0161\u0101s\n\t\t\t<\/td>\n<td colspan=\"1\" rowspan=\"1\">\n\t\t\t\t\u0161o\n\t\t\t<\/td>\n<\/tr>\n<tr>\n<td>\n\t\t\t\t<strong>D. kam?<\/strong>\n\t\t\t<\/td>\n<td>\n\t\t\t\t\u0161ai\n\t\t\t<\/td>\n<td>\n\t\t\t\t\u0161\u012bm\n\t\t\t<\/td>\n<\/tr>\n<tr>\n<td>\n\t\t\t\t<strong>A. ko?<\/strong>\n\t\t\t<\/td>\n<td colspan=\"1\" rowspan=\"1\">\n\t\t\t\t\u0161o\n\t\t\t<\/td>\n<td>\n\t\t\t\t\u0161\u012bs\n\t\t\t<\/td>\n<\/tr>\n<tr>\n<td>\n\t\t\t\t<strong>L. kur?<\/strong>\n\t\t\t<\/td>\n<td colspan=\"1\" rowspan=\"1\">\n\t\t\t\t\u0161aj\u0101, \u0161in\u012b, \u0161ai\n\t\t\t<\/td>\n<td>\n\t\t\t\t\u0161aj\u0101s, \u0161in\u012bs\n\t\t\t<\/td>\n<\/tr>\n<tr>\n<td>\n\t\t\t\t<strong>V. \u2013<\/strong>\n\t\t\t<\/td>\n<td>\n\t\t\t\t\u2013\n\t\t\t<\/td>\n<td>\n\t\t\t\t\u2013\n\t\t\t<\/td>\n<\/tr>\n<\/tbody>\n<\/table>\n<p>\n\t<strong>3.<\/strong> <strong>Meessoost n\u00e4itava\u00a0ases\u00f5na\u00a0<em>tas\u00a0<\/em>\u2018see\u2019 (see, too) k\u00e4\u00e4namine (<em>Nor\u0101d\u0101m\u0101\u00a0vietniekv\u0101rda\u00a0<\/em>tas\u00a0<em>loc\u012b\u0161ana<\/em>) <\/strong>\n<\/p>\n<table class=\"table table-hover\" border=\"0\">\n<tbody>\n<tr>\n<td>\n\t\t\t\t<strong>K\u00e4\u00e4ne<\/strong>\n\t\t\t<\/td>\n<td colspan=\"1\">\n\t\t\t\t<strong>Ainsus<\/strong>\n\t\t\t<\/td>\n<td colspan=\"1\">\n\t\t\t\t<strong>Mitmus<\/strong>\n\t\t\t<\/td>\n<\/tr>\n<tr>\n<td>\n\t\t\t\t<strong>N. kas?<\/strong>\n\t\t\t<\/td>\n<td>\n\t\t\t\ttas\n\t\t\t<\/td>\n<td>\n\t\t\t\ttie\n\t\t\t<\/td>\n<\/tr>\n<tr>\n<td>\n\t\t\t\t<strong>\u0122. k\u0101?<\/strong>\n\t\t\t<\/td>\n<td>\n\t\t\t\tt\u0101\n\t\t\t<\/td>\n<td colspan=\"1\" rowspan=\"1\">\n\t\t\t\tto\n\t\t\t<\/td>\n<\/tr>\n<tr>\n<td>\n\t\t\t\t<strong>D. kam?<\/strong>\n\t\t\t<\/td>\n<td>\n\t\t\t\ttam\n\t\t\t<\/td>\n<td>\n\t\t\t\ttiem\n\t\t\t<\/td>\n<\/tr>\n<tr>\n<td>\n\t\t\t\t<strong>A. ko?<\/strong>\n\t\t\t<\/td>\n<td colspan=\"1\" rowspan=\"1\">\n\t\t\t\tto\n\t\t\t<\/td>\n<td>\n\t\t\t\ttos\n\t\t\t<\/td>\n<\/tr>\n<tr>\n<td>\n\t\t\t\t<strong>L. kur?<\/strong>\n\t\t\t<\/td>\n<td>\n\t\t\t\ttaj\u0101, tan\u012b, tai\n\t\t\t<\/td>\n<td>\n\t\t\t\ttajos, tan\u012bs, tais\n\t\t\t<\/td>\n<\/tr>\n<tr>\n<td>\n\t\t\t\t<strong>V. \u2013<\/strong>\n\t\t\t<\/td>\n<td>\n\t\t\t\t\u2013\n\t\t\t<\/td>\n<td>\n\t\t\t\t\u2013\n\t\t\t<\/td>\n<\/tr>\n<\/tbody>\n<\/table>\n<p>\n\t<strong>4.<\/strong> <strong>Naissoost n\u00e4itava\u00a0ases\u00f5na\u00a0<em>t\u0101 <\/em>\u2018see\u2019 (see, too) k\u00e4\u00e4namine (<em>Nor\u0101d\u0101m\u0101\u00a0vietniekv\u0101rda\u00a0<\/em>t\u0101<em> loc\u012b\u0161ana<\/em>)<\/strong>\n<\/p>\n<table class=\"table table-hover\" border=\"0\">\n<tbody>\n<tr>\n<td>\n\t\t\t\t<strong>K\u00e4\u00e4ne<\/strong>\n\t\t\t<\/td>\n<td colspan=\"1\">\n\t\t\t\t<strong>Ainsus<\/strong>\n\t\t\t<\/td>\n<td colspan=\"1\">\n\t\t\t\t<strong>Mitmus<\/strong>\n\t\t\t<\/td>\n<\/tr>\n<tr>\n<td>\n\t\t\t\t<strong>N. kas?<\/strong>\n\t\t\t<\/td>\n<td>\n\t\t\t\tt\u0101\n\t\t\t<\/td>\n<td>\n\t\t\t\tt\u0101s\n\t\t\t<\/td>\n<\/tr>\n<tr>\n<td>\n\t\t\t\t<strong>\u0122. k\u0101?<\/strong>\n\t\t\t<\/td>\n<td>\n\t\t\t\tt\u0101s\n\t\t\t<\/td>\n<td colspan=\"1\" rowspan=\"1\">\n\t\t\t\tto\n\t\t\t<\/td>\n<\/tr>\n<tr>\n<td>\n\t\t\t\t<strong>D. kam?<\/strong>\n\t\t\t<\/td>\n<td>\n\t\t\t\ttai\n\t\t\t<\/td>\n<td>\n\t\t\t\tt\u0101m\n\t\t\t<\/td>\n<\/tr>\n<tr>\n<td>\n\t\t\t\t<strong>A. ko?<\/strong>\n\t\t\t<\/td>\n<td colspan=\"1\" rowspan=\"1\">\n\t\t\t\tto\n\t\t\t<\/td>\n<td>\n\t\t\t\tt\u0101s\n\t\t\t<\/td>\n<\/tr>\n<tr>\n<td>\n\t\t\t\t<strong>L. kur?<\/strong>\n\t\t\t<\/td>\n<td>\n\t\t\t\ttaj\u0101, tan\u012b, tai\n\t\t\t<\/td>\n<td>\n\t\t\t\ttaj\u0101s, tan\u012bs, tais\n\t\t\t<\/td>\n<\/tr>\n<tr>\n<td>\n\t\t\t\t<strong>V. \u2013<\/strong>\n\t\t\t<\/td>\n<td>\n\t\t\t\t\u2013\n\t\t\t<\/td>\n<td>\n\t\t\t\t\u2013\n\t\t\t<\/td>\n<\/tr>\n<\/tbody>\n<\/table>\n","protected":false},"excerpt":{"rendered":"<p>L\u00e4ti keeles on 10 n\u00e4itavad ases\u00f5na:\u00a0\u0161is, \u0161\u012b\u00a0\u2018see\u2019,\u00a0tas, t\u0101\u00a0\u2018see (too)\u2019,\u00a0\u0161\u0101ds, \u0161\u0101da\u00a0\u2018selline\u2019,\u00a0t\u0101ds, t\u0101da\u00a0\u2018selline\u2019,\u00a0vi\u0146\u0161, vi\u0146a\u00a0\u2018tema\u2019.\u00a0 N\u00e4itavaid ases\u00f5nu\u00a0t\u0101ds, t\u0101da, \u0161\u0101ds, \u0161\u0101da, vi\u0146\u0161, vi\u0146a\u00a0k\u00e4\u00e4natakse nagu esimese ja neljanda k\u00e4\u00e4ndkonna s\u00f5nu.\u00a0 1. Meessoost n\u00e4itava\u00a0ases\u00f5na\u00a0\u0161is\u00a0\u2018see\u2019 k\u00e4\u00e4namine (Nor\u0101d\u0101m\u0101\u00a0vietniekv\u0101rda\u00a0\u0161is\u00a0loc\u012b\u0161ana) K\u00e4\u00e4ne Ainsus Mitmus N. kas? \u0161is \u0161ie \u0122. k\u0101? \u0161\u012b, &#8230;<\/p>\n","protected":false},"author":77,"featured_media":0,"parent":0,"menu_order":0,"comment_status":"closed","ping_status":"closed","template":"","meta":{"_acf_changed":false,"inline_featured_image":false,"footnotes":""},"class_list":["post-27","page","type-page","status-publish","hentry"],"acf":[],"_links":{"self":[{"href":"https:\/\/sisu.ut.ee\/latikeel\/wp-json\/wp\/v2\/pages\/27","targetHints":{"allow":["GET"]}}],"collection":[{"href":"https:\/\/sisu.ut.ee\/latikeel\/wp-json\/wp\/v2\/pages"}],"about":[{"href":"https:\/\/sisu.ut.ee\/latikeel\/wp-json\/wp\/v2\/types\/page"}],"author":[{"embeddable":true,"href":"https:\/\/sisu.ut.ee\/latikeel\/wp-json\/wp\/v2\/users\/77"}],"replies":[{"embeddable":true,"href":"https:\/\/sisu.ut.ee\/latikeel\/wp-json\/wp\/v2\/comments?post=27"}],"version-history":[{"count":1,"href":"https:\/\/sisu.ut.ee\/latikeel\/wp-json\/wp\/v2\/pages\/27\/revisions"}],"predecessor-version":[{"id":77,"href":"https:\/\/sisu.ut.ee\/latikeel\/wp-json\/wp\/v2\/pages\/27\/revisions\/77"}],"wp:attachment":[{"href":"https:\/\/sisu.ut.ee\/latikeel\/wp-json\/wp\/v2\/media?parent=27"}],"curies":[{"name":"wp","href":"https:\/\/api.w.org\/{rel}","templated":true}]}}