{"id":25,"date":"2024-04-04T03:18:26","date_gmt":"2024-04-04T00:18:26","guid":{"rendered":"https:\/\/sisu.ut.ee\/latikeel\/isikuline-asesona\/"},"modified":"2024-04-04T03:18:35","modified_gmt":"2024-04-04T00:18:35","slug":"isikuline-asesona","status":"publish","type":"page","link":"https:\/\/sisu.ut.ee\/latikeel\/isikuline-asesona\/","title":{"rendered":"Isikuline ases\u00f5na (Personu vietniekv\u0101rds)"},"content":{"rendered":"<p>\n\tL\u00e4ti keeles on kaheksa isikulist ases\u00f5na:\u00a0<em>es <\/em>\u00b4mina<em>\u00b4<\/em>,\u00a0<em>tu <\/em>\u00b4sina\u00b4<em>, vi\u0146\u0161 <\/em>(meessoost) \u00b4tema\u00b4<em>, vi\u0146a <\/em>(naissoost)\u00b4tema\u00b4<em>,\u00a0m\u0113s <\/em>\u2018meie\u2019, <em>j\u016bs <\/em>\u2018teie\u2019, <em>vi\u0146i <\/em>(meessoost) \u2018nemad\u2019 ja <em>vi\u0146as <\/em>(naissoost) \u2018nemad\u2019.\u00a0\n<\/p>\n<p>\n\t<strong>Isikuliste ases\u00f5nade k\u00e4\u00e4namine (<em>Personu vietniekv\u0101rdu loc\u012b\u0161ana<\/em>)<\/strong>\n<\/p>\n<table class=\"table table-hover\" border=\"0\">\n<tbody>\n<tr>\n<td>\n\t\t\t\t<strong>K\u00e4\u00e4ne<\/strong>\n\t\t\t<\/td>\n<td>\n\t\t\t\t\u00a0\n\t\t\t<\/td>\n<td colspan=\"4\" style=\"text-align: center\">\n\t\t\t\t<strong>Ainsus\u00a0<\/strong>\n\t\t\t<\/td>\n<\/tr>\n<tr>\n<td>\n\t\t\t\t\u00a0\n\t\t\t<\/td>\n<td>\n\t\t\t\t\u00a0\n\t\t\t<\/td>\n<td style=\"text-align: center\">\n\t\t\t\t1. isik\n\t\t\t<\/td>\n<td style=\"text-align: center\">\n\t\t\t\t2. isik\n\t\t\t<\/td>\n<td colspan=\"2\" rowspan=\"1\" style=\"text-align: center\">\n\t\t\t\t3. isik\n\t\t\t<\/td>\n<\/tr>\n<tr>\n<td>\n\t\t\t\t<strong>N. kas?<\/strong>\n\t\t\t<\/td>\n<td>\n\t\t\t\t\u00a0\n\t\t\t<\/td>\n<td>\n\t\t\t\tes\n\t\t\t<\/td>\n<td>\n\t\t\t\ttu\n\t\t\t<\/td>\n<td>\n\t\t\t\tvi\u0146\u0161\n\t\t\t<\/td>\n<td>\n\t\t\t\tvi\u0146a\n\t\t\t<\/td>\n<\/tr>\n<tr>\n<td>\n\t\t\t\t<strong>\u0122. k\u0101?<\/strong>\n\t\t\t<\/td>\n<td>\n\t\t\t\t\u00a0\n\t\t\t<\/td>\n<td>\n\t\t\t\tmanis\n\t\t\t<\/td>\n<td>\n\t\t\t\ttevis\n\t\t\t<\/td>\n<td>\n\t\t\t\tvi\u0146a\n\t\t\t<\/td>\n<td>\n\t\t\t\tvi\u0146as\n\t\t\t<\/td>\n<\/tr>\n<tr>\n<td>\n\t\t\t\t<strong>D. kam?<\/strong>\n\t\t\t<\/td>\n<td>\n\t\t\t\t\u00a0\n\t\t\t<\/td>\n<td>\n\t\t\t\tman\n\t\t\t<\/td>\n<td>\n\t\t\t\ttev\n\t\t\t<\/td>\n<td>\n\t\t\t\tvi\u0146am\n\t\t\t<\/td>\n<td>\n\t\t\t\tvi\u0146ai\n\t\t\t<\/td>\n<\/tr>\n<tr>\n<td>\n\t\t\t\t<strong>A. ko?<\/strong>\n\t\t\t<\/td>\n<td>\n\t\t\t\t\u00a0\n\t\t\t<\/td>\n<td>\n\t\t\t\tmani\n\t\t\t<\/td>\n<td>\n\t\t\t\ttevi\n\t\t\t<\/td>\n<td>\n\t\t\t\tvi\u0146u\n\t\t\t<\/td>\n<td>\n\t\t\t\tvi\u0146u\n\t\t\t<\/td>\n<\/tr>\n<tr>\n<td>\n\t\t\t\t<strong>L. kur?<\/strong>\n\t\t\t<\/td>\n<td>\n\t\t\t\t\u00a0\n\t\t\t<\/td>\n<td>\n\t\t\t\tman\u012b\n\t\t\t<\/td>\n<td>\n\t\t\t\ttev\u012b\n\t\t\t<\/td>\n<td>\n\t\t\t\tvi\u0146\u0101\n\t\t\t<\/td>\n<td>\n\t\t\t\tvi\u0146\u0101\n\t\t\t<\/td>\n<\/tr>\n<tr>\n<td>\n\t\t\t\t<strong>V. \u2013<\/strong>\n\t\t\t<\/td>\n<td>\n\t\t\t\t\u00a0\n\t\t\t<\/td>\n<td>\n\t\t\t\t\u2013\n\t\t\t<\/td>\n<td>\n\t\t\t\t\u2013\n\t\t\t<\/td>\n<td>\n\t\t\t\t\u2013\n\t\t\t<\/td>\n<td>\n\t\t\t\t\u2013\n\t\t\t<\/td>\n<\/tr>\n<\/tbody>\n<\/table>\n<table class=\"table table-hover\" border=\"0\">\n<tbody>\n<tr>\n<td>\n\t\t\t\t<strong>K\u00e4\u00e4ne<\/strong>\n\t\t\t<\/td>\n<td colspan=\"4\" style=\"text-align: center\">\n\t\t\t\t<strong>Mitmus\u00a0<\/strong>\n\t\t\t<\/td>\n<\/tr>\n<tr>\n<td>\n\t\t\t\t\u00a0\n\t\t\t<\/td>\n<td style=\"text-align: center\">\n\t\t\t\t1. isik\n\t\t\t<\/td>\n<td style=\"text-align: center\">\n\t\t\t\t2. isik\n\t\t\t<\/td>\n<td colspan=\"2\" rowspan=\"1\" style=\"text-align: center\">\n\t\t\t\t3. isik\n\t\t\t<\/td>\n<\/tr>\n<tr>\n<td>\n\t\t\t\t<strong>N. kas?<\/strong>\n\t\t\t<\/td>\n<td>\n\t\t\t\tm\u0113s\n\t\t\t<\/td>\n<td>\n\t\t\t\tj\u016bs\n\t\t\t<\/td>\n<td>\n\t\t\t\tvi\u0146i\n\t\t\t<\/td>\n<td>\n\t\t\t\tvi\u0146as\n\t\t\t<\/td>\n<\/tr>\n<tr>\n<td>\n\t\t\t\t<strong>\u0122. k\u0101?<\/strong>\n\t\t\t<\/td>\n<td>\n\t\t\t\tm\u016bsu\n\t\t\t<\/td>\n<td>\n\t\t\t\tj\u016bsu\n\t\t\t<\/td>\n<td>\n\t\t\t\tvi\u0146u\n\t\t\t<\/td>\n<td>\n\t\t\t\tvi\u0146u\n\t\t\t<\/td>\n<\/tr>\n<tr>\n<td>\n\t\t\t\t<strong>D. kam?<\/strong>\n\t\t\t<\/td>\n<td>\n\t\t\t\tmums\n\t\t\t<\/td>\n<td>\n\t\t\t\tjums\n\t\t\t<\/td>\n<td>\n\t\t\t\tvi\u0146iem\n\t\t\t<\/td>\n<td>\n\t\t\t\tvi\u0146\u0101m\n\t\t\t<\/td>\n<\/tr>\n<tr>\n<td>\n\t\t\t\t<strong>A. ko?<\/strong>\n\t\t\t<\/td>\n<td>\n\t\t\t\tm\u016bs\n\t\t\t<\/td>\n<td>\n\t\t\t\tj\u016bs\n\t\t\t<\/td>\n<td>\n\t\t\t\tvi\u0146us\n\t\t\t<\/td>\n<td>\n\t\t\t\tvi\u0146as\n\t\t\t<\/td>\n<\/tr>\n<tr>\n<td>\n\t\t\t\t<strong>L. kur?<\/strong>\n\t\t\t<\/td>\n<td>\n\t\t\t\tm\u016bsos\n\t\t\t<\/td>\n<td>\n\t\t\t\tj\u016bsos\n\t\t\t<\/td>\n<td>\n\t\t\t\tvi\u0146os\n\t\t\t<\/td>\n<td>\n\t\t\t\tvi\u0146\u0101s\n\t\t\t<\/td>\n<\/tr>\n<tr>\n<td>\n\t\t\t\t<strong>V. \u2013<\/strong>\n\t\t\t<\/td>\n<td>\n\t\t\t\t\u2013\n\t\t\t<\/td>\n<td>\n\t\t\t\t\u2013\n\t\t\t<\/td>\n<td>\n\t\t\t\t\u2013\n\t\t\t<\/td>\n<td>\n\t\t\t\t\u2013\n\t\t\t<\/td>\n<\/tr>\n<\/tbody>\n<\/table>\n","protected":false},"excerpt":{"rendered":"<p>L\u00e4ti keeles on kaheksa isikulist ases\u00f5na:\u00a0es \u00b4mina\u00b4,\u00a0tu \u00b4sina\u00b4, vi\u0146\u0161 (meessoost) \u00b4tema\u00b4, vi\u0146a (naissoost)\u00b4tema\u00b4,\u00a0m\u0113s \u2018meie\u2019, j\u016bs \u2018teie\u2019, vi\u0146i (meessoost) \u2018nemad\u2019 ja vi\u0146as (naissoost) \u2018nemad\u2019.\u00a0 Isikuliste ases\u00f5nade k\u00e4\u00e4namine (Personu vietniekv\u0101rdu loc\u012b\u0161ana) K\u00e4\u00e4ne \u00a0 Ainsus\u00a0 \u00a0 \u00a0 1. isik 2. isik 3. isik &#8230;<\/p>\n","protected":false},"author":77,"featured_media":0,"parent":0,"menu_order":0,"comment_status":"closed","ping_status":"closed","template":"","meta":{"_acf_changed":false,"inline_featured_image":false,"footnotes":""},"class_list":["post-25","page","type-page","status-publish","hentry"],"acf":[],"_links":{"self":[{"href":"https:\/\/sisu.ut.ee\/latikeel\/wp-json\/wp\/v2\/pages\/25","targetHints":{"allow":["GET"]}}],"collection":[{"href":"https:\/\/sisu.ut.ee\/latikeel\/wp-json\/wp\/v2\/pages"}],"about":[{"href":"https:\/\/sisu.ut.ee\/latikeel\/wp-json\/wp\/v2\/types\/page"}],"author":[{"embeddable":true,"href":"https:\/\/sisu.ut.ee\/latikeel\/wp-json\/wp\/v2\/users\/77"}],"replies":[{"embeddable":true,"href":"https:\/\/sisu.ut.ee\/latikeel\/wp-json\/wp\/v2\/comments?post=25"}],"version-history":[{"count":1,"href":"https:\/\/sisu.ut.ee\/latikeel\/wp-json\/wp\/v2\/pages\/25\/revisions"}],"predecessor-version":[{"id":103,"href":"https:\/\/sisu.ut.ee\/latikeel\/wp-json\/wp\/v2\/pages\/25\/revisions\/103"}],"wp:attachment":[{"href":"https:\/\/sisu.ut.ee\/latikeel\/wp-json\/wp\/v2\/media?parent=25"}],"curies":[{"name":"wp","href":"https:\/\/api.w.org\/{rel}","templated":true}]}}