{"id":24,"date":"2024-04-04T03:18:26","date_gmt":"2024-04-04T00:18:26","guid":{"rendered":"https:\/\/sisu.ut.ee\/latikeel\/jargarvsona\/"},"modified":"2024-04-04T03:18:35","modified_gmt":"2024-04-04T00:18:35","slug":"jargarvsona","status":"publish","type":"page","link":"https:\/\/sisu.ut.ee\/latikeel\/jargarvsona\/","title":{"rendered":"J\u00e4rgarvs\u00f5na (K\u0101rtas skait\u013ca v\u0101rds)"},"content":{"rendered":"<p>\n\tJ\u00e4rgarvs\u00f5na \u00fchildub laiendava nimisonaga soos, k\u00e4\u00e4ndes ja arvus. J\u00e4rgarvs\u00f5nu k\u00e4\u00e4natakse nagu <a data-url=\"https:\/\/sisu.ut.ee\/latikeel\/maaratud-omadussona\" href=\"https:\/\/sisu.ut.ee\/latikeel\/maaratud-omadussona\" title=\"\">m\u00e4\u00e4ratud l\u00f5puga omaduss\u00f5nu<\/a>.\n<\/p>\n<p>\n\t<strong>1. Meessoost j\u00e4rgarvs\u00f5na\u00a0<em>pirmais <\/em>\u2018esimene\u2019\u00a0k\u00e4\u00e4namine<\/strong>\n<\/p>\n<table class=\"table table-hover\" border=\"0\">\n<tbody>\n<tr>\n<td>\n\t\t\t\t<strong>K\u00e4\u00e4ne<\/strong>\n\t\t\t<\/td>\n<td>\n\t\t\t\t<strong>Ainsus<\/strong>\n\t\t\t<\/td>\n<td>\n\t\t\t\t<strong><strong>Mitmus<\/strong><\/strong>\n\t\t\t<\/td>\n<\/tr>\n<tr>\n<td>\n\t\t\t\t<strong>N. kas?<\/strong>\n\t\t\t<\/td>\n<td>\n\t\t\t\tpirmais\n\t\t\t<\/td>\n<td>\n\t\t\t\tpirmie\n\t\t\t<\/td>\n<\/tr>\n<tr>\n<td>\n\t\t\t\t<strong>\u0122. k\u0101?<\/strong>\n\t\t\t<\/td>\n<td>\n\t\t\t\tpirm\u0101\n\t\t\t<\/td>\n<td>\n\t\t\t\tpirmo\n\t\t\t<\/td>\n<\/tr>\n<tr>\n<td>\n\t\t\t\t<strong>D. kam?<\/strong>\n\t\t\t<\/td>\n<td>\n\t\t\t\tpirmajam\n\t\t\t<\/td>\n<td>\n\t\t\t\tpirmajiem\n\t\t\t<\/td>\n<\/tr>\n<tr>\n<td>\n\t\t\t\t<strong>A. ko?<\/strong>\n\t\t\t<\/td>\n<td>\n\t\t\t\tpirmo\n\t\t\t<\/td>\n<td>\n\t\t\t\tpirmos\n\t\t\t<\/td>\n<\/tr>\n<tr>\n<td>\n\t\t\t\t<strong>L. kur?<\/strong>\n\t\t\t<\/td>\n<td>\n\t\t\t\tpirmaj\u0101\n\t\t\t<\/td>\n<td>\n\t\t\t\tpirmajos\n\t\t\t<\/td>\n<\/tr>\n<tr>\n<td>\n\t\t\t\t<strong>V. \u2013<\/strong>\n\t\t\t<\/td>\n<td>\n\t\t\t\tpirmais\n\t\t\t<\/td>\n<td>\n\t\t\t\tpirmie\n\t\t\t<\/td>\n<\/tr>\n<\/tbody>\n<\/table>\n<p>\n\t<strong>2. Naissoost j\u00e4rgarvs\u00f5na\u00a0<em>pirm\u0101\u00a0<\/em>\u2018esimene\u2019\u00a0k\u00e4\u00e4namine<\/strong>\n<\/p>\n<table class=\"table table-hover\" border=\"0\">\n<tbody>\n<tr>\n<td>\n\t\t\t\t<strong>K\u00e4\u00e4ne<\/strong>\n\t\t\t<\/td>\n<td>\n\t\t\t\t<strong>Ainsus<\/strong>\n\t\t\t<\/td>\n<td>\n\t\t\t\t<strong><strong>Mitmus<\/strong><\/strong>\n\t\t\t<\/td>\n<\/tr>\n<tr>\n<td>\n\t\t\t\t<strong>N. kas?<\/strong>\n\t\t\t<\/td>\n<td>\n\t\t\t\tpirm\u0101\n\t\t\t<\/td>\n<td>\n\t\t\t\tpirm\u0101s\n\t\t\t<\/td>\n<\/tr>\n<tr>\n<td>\n\t\t\t\t<strong>\u0122. k\u0101?<\/strong>\n\t\t\t<\/td>\n<td>\n\t\t\t\tpirm\u0101s\n\t\t\t<\/td>\n<td>\n\t\t\t\tpirmo\n\t\t\t<\/td>\n<\/tr>\n<tr>\n<td>\n\t\t\t\t<strong>D. kam?<\/strong>\n\t\t\t<\/td>\n<td>\n\t\t\t\tpirmajai\n\t\t\t<\/td>\n<td>\n\t\t\t\tpirmaj\u0101m\n\t\t\t<\/td>\n<\/tr>\n<tr>\n<td>\n\t\t\t\t<strong>A. ko?<\/strong>\n\t\t\t<\/td>\n<td>\n\t\t\t\tpirmo\n\t\t\t<\/td>\n<td>\n\t\t\t\tpirm\u0101s\n\t\t\t<\/td>\n<\/tr>\n<tr>\n<td>\n\t\t\t\t<strong>L. kur?<\/strong>\n\t\t\t<\/td>\n<td>\n\t\t\t\tpirmaj\u0101\n\t\t\t<\/td>\n<td>\n\t\t\t\tpirmaj\u0101s\n\t\t\t<\/td>\n<\/tr>\n<tr>\n<td>\n\t\t\t\t<strong>V. \u2013<\/strong>\n\t\t\t<\/td>\n<td>\n\t\t\t\tpirm\u0101\n\t\t\t<\/td>\n<td>\n\t\t\t\tpirm\u0101s\n\t\t\t<\/td>\n<\/tr>\n<\/tbody>\n<\/table>\n","protected":false},"excerpt":{"rendered":"<p>J\u00e4rgarvs\u00f5na \u00fchildub laiendava nimisonaga soos, k\u00e4\u00e4ndes ja arvus. J\u00e4rgarvs\u00f5nu k\u00e4\u00e4natakse nagu m\u00e4\u00e4ratud l\u00f5puga omaduss\u00f5nu. 1. Meessoost j\u00e4rgarvs\u00f5na\u00a0pirmais \u2018esimene\u2019\u00a0k\u00e4\u00e4namine K\u00e4\u00e4ne Ainsus Mitmus N. kas? pirmais pirmie \u0122. k\u0101? pirm\u0101 pirmo D. kam? pirmajam pirmajiem A. ko? pirmo pirmos L. kur? pirmaj\u0101 &#8230;<\/p>\n","protected":false},"author":77,"featured_media":0,"parent":0,"menu_order":0,"comment_status":"closed","ping_status":"closed","template":"","meta":{"_acf_changed":false,"inline_featured_image":false,"footnotes":""},"class_list":["post-24","page","type-page","status-publish","hentry"],"acf":[],"_links":{"self":[{"href":"https:\/\/sisu.ut.ee\/latikeel\/wp-json\/wp\/v2\/pages\/24","targetHints":{"allow":["GET"]}}],"collection":[{"href":"https:\/\/sisu.ut.ee\/latikeel\/wp-json\/wp\/v2\/pages"}],"about":[{"href":"https:\/\/sisu.ut.ee\/latikeel\/wp-json\/wp\/v2\/types\/page"}],"author":[{"embeddable":true,"href":"https:\/\/sisu.ut.ee\/latikeel\/wp-json\/wp\/v2\/users\/77"}],"replies":[{"embeddable":true,"href":"https:\/\/sisu.ut.ee\/latikeel\/wp-json\/wp\/v2\/comments?post=24"}],"version-history":[{"count":1,"href":"https:\/\/sisu.ut.ee\/latikeel\/wp-json\/wp\/v2\/pages\/24\/revisions"}],"predecessor-version":[{"id":102,"href":"https:\/\/sisu.ut.ee\/latikeel\/wp-json\/wp\/v2\/pages\/24\/revisions\/102"}],"wp:attachment":[{"href":"https:\/\/sisu.ut.ee\/latikeel\/wp-json\/wp\/v2\/media?parent=24"}],"curies":[{"name":"wp","href":"https:\/\/api.w.org\/{rel}","templated":true}]}}