{"id":23,"date":"2024-04-04T03:18:26","date_gmt":"2024-04-04T00:18:26","guid":{"rendered":"https:\/\/sisu.ut.ee\/latikeel\/pohiarvsona\/"},"modified":"2025-10-29T10:01:26","modified_gmt":"2025-10-29T08:01:26","slug":"pohiarvsona","status":"publish","type":"page","link":"https:\/\/sisu.ut.ee\/latikeel\/pohiarvsona\/","title":{"rendered":"P\u00f5hiarvs\u00f5na (Pamata skait\u013ca v\u0101rds)"},"content":{"rendered":"<p>P\u00f5hiarvs\u00f5na \u00fchildub laiendava nimisonaga soos, k\u00e4\u00e4ndes ja arvus. P\u00f5hiarvu 1 \u2018\u00fcks\u2019 laiendav nimisona on alati ainsuses (nt <em>divdesmit vien<strong>s <\/strong>gald<strong>s<\/strong> <\/em>\u2018kaksk\u00fcmmend \u00fcks lauda\u2019), \u00fclej\u00e4\u00e4nud arvs\u00f5nad \u2013 mitmuses (nt <em>div<strong>i<\/strong> gald<strong>i <\/strong><\/em>\u2018kaks lauda\u2019, tr\u012bs m\u0101j<strong>as<\/strong> \u2018kolm maja\u2019 jne.).<\/p>\n<p>P\u00f5hiarv 1 \u2018\u00fcks\u2019 k\u00e4\u00e4ndub vastavalt nagu <a title=\"\" href=\"https:\/\/sisu.ut.ee\/latikeel\/i-kaandkond\" data-url=\"https:\/\/sisu.ut.ee\/latikeel\/i-kaandkond\">esimese<\/a> (meessoost) ja <a title=\"\" href=\"https:\/\/sisu.ut.ee\/latikeel\/iv-kaandkond\" data-url=\"https:\/\/sisu.ut.ee\/latikeel\/iv-kaandkond\">neljanda<\/a> (naissoost) k\u00e4\u00e4ndk\u00f5nna s\u00f5nad ainsuses, p\u00f5hiarv\u00a02 ning 4 kuni 9 \u00a0\u2013 nagu vastava k\u00e4\u00e4ndkonna s\u00f5nad\u00a0mitmuses. P\u00f5hiarv 3 k\u00e4\u00e4natakse erandlikult\u00a0(vt all).<\/p>\n<p><strong>1. Meessoost p\u00f5hiarvs\u00f5na 1 \u2018\u00fcks\u2019 k\u00e4\u00e4namine.<\/strong><\/p>\n<table class=\"table table-hover\" border=\"0\">\n<tbody>\n<tr>\n<td><strong>K\u00e4\u00e4ne<\/strong><\/td>\n<td colspan=\"1\" rowspan=\"1\"><b>Ainsus<\/b><\/td>\n<td colspan=\"1\" rowspan=\"1\"><strong>Mitmus<\/strong><\/td>\n<\/tr>\n<tr>\n<td><strong>N. kas?<\/strong><\/td>\n<td>viens<\/td>\n<td>vieni<\/td>\n<\/tr>\n<tr>\n<td><strong>\u0122. k\u0101?<\/strong><\/td>\n<td>viena<\/td>\n<td>vienu<\/td>\n<\/tr>\n<tr>\n<td><strong>D. kam?<\/strong><\/td>\n<td>vienam<\/td>\n<td>vieniem<\/td>\n<\/tr>\n<tr>\n<td><strong>A. ko?<\/strong><\/td>\n<td>vienu<\/td>\n<td>vienus<\/td>\n<\/tr>\n<tr>\n<td><strong>L. kur?<\/strong><\/td>\n<td>vien\u0101<\/td>\n<td>vienos<\/td>\n<\/tr>\n<tr>\n<td><strong>V. \u2013<\/strong><\/td>\n<td colspan=\"1\" rowspan=\"1\">\u2013<\/td>\n<td colspan=\"1\" rowspan=\"1\">\u2013<\/td>\n<\/tr>\n<\/tbody>\n<\/table>\n<p><strong>2. Naissoost\u00a0p\u00f5hiarvs\u00f5na 1 \u2018\u00fcks\u2019 k\u00e4\u00e4namine.<\/strong><\/p>\n<table class=\"table table-hover\" border=\"0\">\n<tbody>\n<tr>\n<td><strong>K\u00e4\u00e4ne<\/strong><\/td>\n<td colspan=\"1\" rowspan=\"1\"><b>Ainsus<\/b><\/td>\n<td colspan=\"1\" rowspan=\"1\"><strong>Mitmus<\/strong><\/td>\n<\/tr>\n<tr>\n<td><strong>N. kas?<\/strong><\/td>\n<td>viena<\/td>\n<td>vienas<\/td>\n<\/tr>\n<tr>\n<td><strong>\u0122. k\u0101?<\/strong><\/td>\n<td>vienas<\/td>\n<td>vienu<\/td>\n<\/tr>\n<tr>\n<td><strong>D. kam?<\/strong><\/td>\n<td>vienai<\/td>\n<td>vien\u0101m<\/td>\n<\/tr>\n<tr>\n<td><strong>A. ko?<\/strong><\/td>\n<td>vienu<\/td>\n<td>vienas<\/td>\n<\/tr>\n<tr>\n<td><strong>L. kur?<\/strong><\/td>\n<td>vien\u0101<\/td>\n<td>vien\u0101s<\/td>\n<\/tr>\n<tr>\n<td><strong>V. \u2013<\/strong><\/td>\n<td colspan=\"1\" rowspan=\"1\">\u2013<\/td>\n<td colspan=\"1\" rowspan=\"1\">\u2013<\/td>\n<\/tr>\n<\/tbody>\n<\/table>\n<p><strong>3. Meessoost ja naissoost\u00a0p\u00f5hiarvs\u00f5na 2\u00a0\u2018kaks\u2019 k\u00e4\u00e4namine.<\/strong><\/p>\n<table class=\"table table-hover\" border=\"0\">\n<tbody>\n<tr>\n<td><strong>K\u00e4\u00e4ne<\/strong><\/td>\n<td colspan=\"2\"><strong>meessugu<\/strong><\/td>\n<td colspan=\"2\"><strong>naissugu<\/strong><\/td>\n<\/tr>\n<tr>\n<td><strong>N. kas?<\/strong><\/td>\n<td colspan=\"2\" rowspan=\"1\">divi<\/td>\n<td colspan=\"2\">divas<\/td>\n<\/tr>\n<tr>\n<td><strong>\u0122. k\u0101?<\/strong><\/td>\n<td colspan=\"2\" rowspan=\"1\">divu<\/td>\n<td colspan=\"2\">divu<\/td>\n<\/tr>\n<tr>\n<td><strong>D. kam?<\/strong><\/td>\n<td colspan=\"2\" rowspan=\"1\">diviem<\/td>\n<td colspan=\"2\">div\u0101m<\/td>\n<\/tr>\n<tr>\n<td><strong>A. ko?<\/strong><\/td>\n<td colspan=\"2\" rowspan=\"1\">divus<\/td>\n<td colspan=\"2\">divas<\/td>\n<\/tr>\n<tr>\n<td><strong>L. kur?<\/strong><\/td>\n<td colspan=\"2\" rowspan=\"1\">divos<\/td>\n<td colspan=\"2\">div\u0101s<\/td>\n<\/tr>\n<tr>\n<td><strong>V. \u2013<\/strong><\/td>\n<td colspan=\"2\">\u2013<\/td>\n<td colspan=\"2\">\u2013<\/td>\n<\/tr>\n<\/tbody>\n<\/table>\n<p><strong>3. Meessoost ja naissoost p\u00f5hiarvs\u00f5na 3 \u2018kolm\u2019 k\u00e4\u00e4namine. <\/strong><\/p>\n<table class=\"table table-hover\" border=\"0\">\n<tbody>\n<tr>\n<td><strong>K\u00e4\u00e4ne<\/strong><\/td>\n<td><strong>Meessugu\u00a0 <\/strong><\/td>\n<td><strong>Naissugu<\/strong><\/td>\n<\/tr>\n<tr>\n<td><strong>N. kas?<\/strong><\/td>\n<td rowspan=\"1\">tr\u012bs<\/td>\n<td rowspan=\"1\">tr\u012bs<\/td>\n<\/tr>\n<tr>\n<td><strong>\u0122. k\u0101?<\/strong><\/td>\n<td rowspan=\"1\">tr\u012bs\/triju<\/td>\n<td rowspan=\"1\">tr\u012bs\/triju<\/td>\n<\/tr>\n<tr>\n<td><strong>D. kam?<\/strong><\/td>\n<td>tr\u012bs\/trim \/ trijiem<\/td>\n<td>tr\u012bs\/trim \/ trij\u0101m<\/td>\n<\/tr>\n<tr>\n<td><strong>A. ko?<\/strong><\/td>\n<td rowspan=\"1\">tr\u012bs<\/td>\n<td rowspan=\"1\">tr\u012bs<\/td>\n<\/tr>\n<tr>\n<td><strong>L. kur?<\/strong><\/td>\n<td>tr\u012bs \/ trijos<\/td>\n<td>tr\u012bs \/ trij\u0101s<\/td>\n<\/tr>\n<tr>\n<td><strong>V. \u2013<\/strong><\/td>\n<td>\u2013<\/td>\n<td>\u2013<\/td>\n<\/tr>\n<\/tbody>\n<\/table>\n","protected":false},"excerpt":{"rendered":"<p>P\u00f5hiarvs\u00f5na \u00fchildub laiendava nimisonaga soos, k\u00e4\u00e4ndes ja arvus. P\u00f5hiarvu 1 \u2018\u00fcks\u2019 laiendav nimisona on alati ainsuses (nt divdesmit viens galds \u2018kaksk\u00fcmmend \u00fcks lauda\u2019), \u00fclej\u00e4\u00e4nud arvs\u00f5nad \u2013 mitmuses (nt divi galdi \u2018kaks lauda\u2019, tr\u012bs m\u0101jas \u2018kolm maja\u2019 jne.). P\u00f5hiarv 1 \u2018\u00fcks\u2019 &#8230;<\/p>\n","protected":false},"author":77,"featured_media":0,"parent":0,"menu_order":0,"comment_status":"closed","ping_status":"closed","template":"","meta":{"_acf_changed":false,"inline_featured_image":false,"footnotes":""},"class_list":["post-23","page","type-page","status-publish","hentry"],"acf":[],"_links":{"self":[{"href":"https:\/\/sisu.ut.ee\/latikeel\/wp-json\/wp\/v2\/pages\/23","targetHints":{"allow":["GET"]}}],"collection":[{"href":"https:\/\/sisu.ut.ee\/latikeel\/wp-json\/wp\/v2\/pages"}],"about":[{"href":"https:\/\/sisu.ut.ee\/latikeel\/wp-json\/wp\/v2\/types\/page"}],"author":[{"embeddable":true,"href":"https:\/\/sisu.ut.ee\/latikeel\/wp-json\/wp\/v2\/users\/77"}],"replies":[{"embeddable":true,"href":"https:\/\/sisu.ut.ee\/latikeel\/wp-json\/wp\/v2\/comments?post=23"}],"version-history":[{"count":2,"href":"https:\/\/sisu.ut.ee\/latikeel\/wp-json\/wp\/v2\/pages\/23\/revisions"}],"predecessor-version":[{"id":491,"href":"https:\/\/sisu.ut.ee\/latikeel\/wp-json\/wp\/v2\/pages\/23\/revisions\/491"}],"wp:attachment":[{"href":"https:\/\/sisu.ut.ee\/latikeel\/wp-json\/wp\/v2\/media?parent=23"}],"curies":[{"name":"wp","href":"https:\/\/api.w.org\/{rel}","templated":true}]}}