{"id":198,"date":"2024-04-15T15:09:54","date_gmt":"2024-04-15T12:09:54","guid":{"rendered":"https:\/\/sisu.ut.ee\/latikeel\/?page_id=198"},"modified":"2024-04-18T14:36:33","modified_gmt":"2024-04-18T11:36:33","slug":"33-37-leht","status":"publish","type":"page","link":"https:\/\/sisu.ut.ee\/latikeel\/33-37-leht\/","title":{"rendered":"33.-37. leht"},"content":{"rendered":"<p>Sveiks! \u2013 Tere! (kui tervitad \u00fchte meest)<\/p>\n\n\n\n<figure class=\"wp-block-audio\"><audio controls src=\"https:\/\/sisu.ut.ee\/wp-content\/uploads\/sites\/206\/Sveiks.mp3\"><\/audio><\/figure>\n\n\n\n<p>Sveika! \u2013 Tere! (kui tervitad \u00fchte naist)<\/p>\n\n\n\n<figure class=\"wp-block-audio\"><audio controls src=\"https:\/\/sisu.ut.ee\/wp-content\/uploads\/sites\/206\/Sveika.mp3\"><\/audio><\/figure>\n\n\n\n<p>Sveikas! \u2013 Tere! (kui tervitad rohkem kui \u00fchte naist)<\/p>\n\n\n\n<figure class=\"wp-block-audio\"><audio controls src=\"https:\/\/sisu.ut.ee\/wp-content\/uploads\/sites\/206\/Sveikas.mp3\"><\/audio><\/figure>\n\n\n\n<p>Sveiki! \u2013 Tere! (kui tervitad rohkem kui \u00fchte meest v\u00f5i mehi ja naisi koos ning see on samuti \u00fcldine tervitusfraas)<\/p>\n\n\n\n<figure class=\"wp-block-audio\"><audio controls src=\"https:\/\/sisu.ut.ee\/wp-content\/uploads\/sites\/206\/Sveiki.mp3\"><\/audio><\/figure>\n\n\n\n<p>Labr\u012bt! \u2013 Tere hommikust!<\/p>\n\n\n\n<figure class=\"wp-block-audio\"><audio controls src=\"https:\/\/sisu.ut.ee\/wp-content\/uploads\/sites\/206\/Labrit.mp3\"><\/audio><\/figure>\n\n\n\n<p>Labdien! \u2013 Tere p\u00e4evast!<\/p>\n\n\n\n<figure class=\"wp-block-audio\"><audio controls src=\"https:\/\/sisu.ut.ee\/wp-content\/uploads\/sites\/206\/Labdien.mp3\"><\/audio><\/figure>\n\n\n\n<p>Labvakar! \u2013 Tere \u00f5htust!<\/p>\n\n\n\n<figure class=\"wp-block-audio\"><audio controls src=\"https:\/\/sisu.ut.ee\/wp-content\/uploads\/sites\/206\/Labvakar.mp3\"><\/audio><\/figure>\n\n\n\n<p>Arlabunakti! \u2013 Head \u00f6\u00f6d!<\/p>\n\n\n\n<figure class=\"wp-block-audio\"><audio controls src=\"https:\/\/sisu.ut.ee\/wp-content\/uploads\/sites\/206\/Arlabunakti.mp3\"><\/audio><\/figure>\n\n\n\n<p>Daudz laimes dzim\u0161anas dien\u0101! \u2013 Palju \u00f5nne s\u00fcnnip\u00e4evaks!<\/p>\n\n\n\n<figure class=\"wp-block-audio\"><audio controls src=\"https:\/\/sisu.ut.ee\/wp-content\/uploads\/sites\/206\/DaudzLaimes.mp3\"><\/audio><\/figure>\n\n\n\n<p>L\u016bdzu! \u2013 Palun!<\/p>\n\n\n\n<figure class=\"wp-block-audio\"><audio controls src=\"https:\/\/sisu.ut.ee\/wp-content\/uploads\/sites\/206\/Ludzu.mp3\"><\/audio><\/figure>\n\n\n\n<p>Paldies! \u2013 Ait\u00e4h!<\/p>\n\n\n\n<figure class=\"wp-block-audio\"><audio controls src=\"https:\/\/sisu.ut.ee\/wp-content\/uploads\/sites\/206\/Paldies.mp3\"><\/audio><\/figure>\n\n\n\n<p>Laipni l\u016bdzam! \u2013 Tere tulemast!<\/p>\n\n\n\n<figure class=\"wp-block-audio\"><audio controls src=\"https:\/\/sisu.ut.ee\/wp-content\/uploads\/sites\/206\/LaipniLudzam.mp3\"><\/audio><\/figure>\n\n\n\n<p>Priek\u0101! \u2013 Terviseks!<\/p>\n\n\n\n<figure class=\"wp-block-audio\"><audio controls src=\"https:\/\/sisu.ut.ee\/wp-content\/uploads\/sites\/206\/Prieka.mp3\"><\/audio><\/figure>\n\n\n\n<p>Uz vesel\u012bbu! \u2013 Terviseks!<\/p>\n\n\n\n<figure class=\"wp-block-audio\"><audio controls src=\"https:\/\/sisu.ut.ee\/wp-content\/uploads\/sites\/206\/UzVeselibu.mp3\"><\/audio><\/figure>\n\n\n\n<p>\u010cau! \u2013 T\u0161au!<\/p>\n\n\n\n<figure class=\"wp-block-audio\"><audio controls src=\"https:\/\/sisu.ut.ee\/wp-content\/uploads\/sites\/206\/Cau.mp3\"><\/audio><\/figure>\n\n\n\n<p>Visu labu! \u2013 K\u00f5ike head!<\/p>\n\n\n\n<figure class=\"wp-block-audio\"><audio controls src=\"https:\/\/sisu.ut.ee\/wp-content\/uploads\/sites\/206\/VisuLabu.mp3\"><\/audio><\/figure>\n\n\n\n<p>At\u0101! \u2013 Aidaa!<\/p>\n\n\n\n<figure class=\"wp-block-audio\"><audio controls src=\"https:\/\/sisu.ut.ee\/wp-content\/uploads\/sites\/206\/Ata.mp3\"><\/audio><\/figure>\n\n\n\n<p>Uz redz\u0113\u0161anos! \u2013 N\u00e4gemiseni!<\/p>\n\n\n\n<figure class=\"wp-block-audio\"><audio controls src=\"https:\/\/sisu.ut.ee\/wp-content\/uploads\/sites\/206\/UzRedzesanos-1.mp3\"><\/audio><\/figure>\n\n\n\n<p><\/p>\n","protected":false},"excerpt":{"rendered":"<p>Sveiks! \u2013 Tere! (kui tervitad \u00fchte meest) Sveika! \u2013 Tere! (kui tervitad \u00fchte naist) Sveikas! \u2013 Tere! (kui tervitad rohkem kui \u00fchte naist) Sveiki! \u2013 Tere! (kui tervitad rohkem kui \u00fchte meest v\u00f5i mehi ja naisi koos ning see on &#8230;<\/p>\n","protected":false},"author":77,"featured_media":0,"parent":0,"menu_order":0,"comment_status":"closed","ping_status":"closed","template":"","meta":{"_acf_changed":false,"inline_featured_image":false,"footnotes":""},"class_list":["post-198","page","type-page","status-publish","hentry"],"acf":[],"_links":{"self":[{"href":"https:\/\/sisu.ut.ee\/latikeel\/wp-json\/wp\/v2\/pages\/198","targetHints":{"allow":["GET"]}}],"collection":[{"href":"https:\/\/sisu.ut.ee\/latikeel\/wp-json\/wp\/v2\/pages"}],"about":[{"href":"https:\/\/sisu.ut.ee\/latikeel\/wp-json\/wp\/v2\/types\/page"}],"author":[{"embeddable":true,"href":"https:\/\/sisu.ut.ee\/latikeel\/wp-json\/wp\/v2\/users\/77"}],"replies":[{"embeddable":true,"href":"https:\/\/sisu.ut.ee\/latikeel\/wp-json\/wp\/v2\/comments?post=198"}],"version-history":[{"count":6,"href":"https:\/\/sisu.ut.ee\/latikeel\/wp-json\/wp\/v2\/pages\/198\/revisions"}],"predecessor-version":[{"id":404,"href":"https:\/\/sisu.ut.ee\/latikeel\/wp-json\/wp\/v2\/pages\/198\/revisions\/404"}],"wp:attachment":[{"href":"https:\/\/sisu.ut.ee\/latikeel\/wp-json\/wp\/v2\/media?parent=198"}],"curies":[{"name":"wp","href":"https:\/\/api.w.org\/{rel}","templated":true}]}}