{"id":192,"date":"2024-04-15T15:06:16","date_gmt":"2024-04-15T12:06:16","guid":{"rendered":"https:\/\/sisu.ut.ee\/latikeel\/?page_id=192"},"modified":"2024-04-18T14:30:40","modified_gmt":"2024-04-18T11:30:40","slug":"30-leht","status":"publish","type":"page","link":"https:\/\/sisu.ut.ee\/latikeel\/30-leht\/","title":{"rendered":"30.-32. leht"},"content":{"rendered":"<p>pudele \u2013 pudel<\/p>\n\n\n\n<figure class=\"wp-block-audio\"><audio controls src=\"https:\/\/sisu.ut.ee\/wp-content\/uploads\/sites\/206\/pudele.mp3\"><\/audio><\/figure>\n\n\n\n<p>kleita \u2013 kleit<\/p>\n\n\n\n<figure class=\"wp-block-audio\"><audio controls src=\"https:\/\/sisu.ut.ee\/wp-content\/uploads\/sites\/206\/kleita.mp3\"><\/audio><\/figure>\n\n\n\n<p>naba \u2013 naba<\/p>\n\n\n\n<figure class=\"wp-block-audio\"><audio controls src=\"https:\/\/sisu.ut.ee\/wp-content\/uploads\/sites\/206\/naba.mp3\"><\/audio><\/figure>\n\n\n\n<p>lampa \u2013 lamp<\/p>\n\n\n\n<figure class=\"wp-block-audio\"><audio controls src=\"https:\/\/sisu.ut.ee\/wp-content\/uploads\/sites\/206\/lampa.mp3\"><\/audio><\/figure>\n\n\n\n<p>v\u0101ze \u2013 vaas<\/p>\n\n\n\n<figure class=\"wp-block-audio\"><audio controls src=\"https:\/\/sisu.ut.ee\/wp-content\/uploads\/sites\/206\/vaze.mp3\"><\/audio><\/figure>\n\n\n\n<p>v\u0113l putru \u2013 veel putru<\/p>\n\n\n\n<figure class=\"wp-block-audio\"><audio controls src=\"https:\/\/sisu.ut.ee\/wp-content\/uploads\/sites\/206\/veelputru.mp3\"><\/audio><\/figure>\n\n\n\n<p>v\u0113l \u0161okol\u0101di \u2013 veel \u0161okolaadi<\/p>\n\n\n\n<figure class=\"wp-block-audio\"><audio controls src=\"https:\/\/sisu.ut.ee\/wp-content\/uploads\/sites\/206\/veelsokolaadi.mp3\"><\/audio><\/figure>\n\n\n\n<p>v\u0113l limon\u0101di \u2013 veel limonaadi<\/p>\n\n\n\n<figure class=\"wp-block-audio\"><audio controls src=\"https:\/\/sisu.ut.ee\/wp-content\/uploads\/sites\/206\/veellimonaadi.mp3\"><\/audio><\/figure>\n\n\n\n<p>v\u0113l torti \u2013 veel torti<\/p>\n\n\n\n<figure class=\"wp-block-audio\"><audio controls src=\"https:\/\/sisu.ut.ee\/wp-content\/uploads\/sites\/206\/veeltorti.mp3\"><\/audio><\/figure>\n\n\n\n<p>alus \u2013 \u00f5lu<\/p>\n\n\n\n<figure class=\"wp-block-audio\"><audio controls src=\"https:\/\/sisu.ut.ee\/wp-content\/uploads\/sites\/206\/alus.mp3\"><\/audio><\/figure>\n\n\n\n<p>aita \u2013 lammas<\/p>\n\n\n\n<figure class=\"wp-block-audio\"><audio controls src=\"https:\/\/sisu.ut.ee\/wp-content\/uploads\/sites\/206\/aita.mp3\"><\/audio><\/figure>\n\n\n\n<p>aste \u2013 saba<\/p>\n\n\n\n<figure class=\"wp-block-audio\"><audio controls src=\"https:\/\/sisu.ut.ee\/wp-content\/uploads\/sites\/206\/aste.mp3\"><\/audio><\/figure>\n\n\n\n<p>maks \u2013 rahakott<\/p>\n\n\n\n<figure class=\"wp-block-audio\"><audio controls src=\"https:\/\/sisu.ut.ee\/wp-content\/uploads\/sites\/206\/maks.mp3\"><\/audio><\/figure>\n","protected":false},"excerpt":{"rendered":"<p>pudele \u2013 pudel kleita \u2013 kleit naba \u2013 naba lampa \u2013 lamp v\u0101ze \u2013 vaas v\u0113l putru \u2013 veel putru v\u0113l \u0161okol\u0101di \u2013 veel \u0161okolaadi v\u0113l limon\u0101di \u2013 veel limonaadi v\u0113l torti \u2013 veel torti alus \u2013 \u00f5lu aita \u2013 &#8230;<\/p>\n","protected":false},"author":77,"featured_media":0,"parent":0,"menu_order":0,"comment_status":"closed","ping_status":"closed","template":"","meta":{"_acf_changed":false,"inline_featured_image":false,"footnotes":""},"class_list":["post-192","page","type-page","status-publish","hentry"],"acf":[],"_links":{"self":[{"href":"https:\/\/sisu.ut.ee\/latikeel\/wp-json\/wp\/v2\/pages\/192","targetHints":{"allow":["GET"]}}],"collection":[{"href":"https:\/\/sisu.ut.ee\/latikeel\/wp-json\/wp\/v2\/pages"}],"about":[{"href":"https:\/\/sisu.ut.ee\/latikeel\/wp-json\/wp\/v2\/types\/page"}],"author":[{"embeddable":true,"href":"https:\/\/sisu.ut.ee\/latikeel\/wp-json\/wp\/v2\/users\/77"}],"replies":[{"embeddable":true,"href":"https:\/\/sisu.ut.ee\/latikeel\/wp-json\/wp\/v2\/comments?post=192"}],"version-history":[{"count":4,"href":"https:\/\/sisu.ut.ee\/latikeel\/wp-json\/wp\/v2\/pages\/192\/revisions"}],"predecessor-version":[{"id":402,"href":"https:\/\/sisu.ut.ee\/latikeel\/wp-json\/wp\/v2\/pages\/192\/revisions\/402"}],"wp:attachment":[{"href":"https:\/\/sisu.ut.ee\/latikeel\/wp-json\/wp\/v2\/media?parent=192"}],"curies":[{"name":"wp","href":"https:\/\/api.w.org\/{rel}","templated":true}]}}