{"id":19,"date":"2024-04-04T03:18:26","date_gmt":"2024-04-04T00:18:26","guid":{"rendered":"https:\/\/sisu.ut.ee\/latikeel\/asesona\/"},"modified":"2024-04-04T03:18:35","modified_gmt":"2024-04-04T00:18:35","slug":"asesona","status":"publish","type":"page","link":"https:\/\/sisu.ut.ee\/latikeel\/asesona\/","title":{"rendered":"Ases\u00f5na (Vietniekv\u0101rds)"},"content":{"rendered":"<p><a data-url=\"https:\/\/sisu.ut.ee\/latikeel\/isikuline-asesona\" href=\"https:\/\/sisu.ut.ee\/latikeel\/isikuline-asesona\" title=\"\">Isikuline ases\u00f5na<\/a> (Personu vietniekv\u0101rds)<br><a data-url=\"https:\/\/sisu.ut.ee\/latikeel\/enesekohane-asesona\" href=\"https:\/\/sisu.ut.ee\/latikeel\/enesekohane-asesona\" title=\"\">Enesekohane ases\u00f5na<\/a> (Atgriezeniskais vietniekv\u0101rds)<br><a data-url=\"https:\/\/sisu.ut.ee\/latikeel\/naitav-asesona\" href=\"https:\/\/sisu.ut.ee\/latikeel\/naitav-asesona\" title=\"\">N\u00e4itav ases\u00f5na<\/a> (Nor\u0101d\u0101mais vietniekv\u0101rds)<br><a data-url=\"https:\/\/sisu.ut.ee\/latikeel\/omastav-asesona\" href=\"https:\/\/sisu.ut.ee\/latikeel\/omastav-asesona\" title=\"\">Omastav ases\u00f5na<\/a> (Pieder\u012bbas vietniekv\u0101rds)<\/p>\n","protected":false},"excerpt":{"rendered":"<p>Isikuline ases\u00f5na (Personu vietniekv\u0101rds)Enesekohane ases\u00f5na (Atgriezeniskais vietniekv\u0101rds)N\u00e4itav ases\u00f5na (Nor\u0101d\u0101mais vietniekv\u0101rds)Omastav ases\u00f5na (Pieder\u012bbas vietniekv\u0101rds)<\/p>\n","protected":false},"author":77,"featured_media":0,"parent":0,"menu_order":0,"comment_status":"closed","ping_status":"closed","template":"","meta":{"_acf_changed":false,"inline_featured_image":false,"footnotes":""},"class_list":["post-19","page","type-page","status-publish","hentry"],"acf":[],"_links":{"self":[{"href":"https:\/\/sisu.ut.ee\/latikeel\/wp-json\/wp\/v2\/pages\/19","targetHints":{"allow":["GET"]}}],"collection":[{"href":"https:\/\/sisu.ut.ee\/latikeel\/wp-json\/wp\/v2\/pages"}],"about":[{"href":"https:\/\/sisu.ut.ee\/latikeel\/wp-json\/wp\/v2\/types\/page"}],"author":[{"embeddable":true,"href":"https:\/\/sisu.ut.ee\/latikeel\/wp-json\/wp\/v2\/users\/77"}],"replies":[{"embeddable":true,"href":"https:\/\/sisu.ut.ee\/latikeel\/wp-json\/wp\/v2\/comments?post=19"}],"version-history":[{"count":1,"href":"https:\/\/sisu.ut.ee\/latikeel\/wp-json\/wp\/v2\/pages\/19\/revisions"}],"predecessor-version":[{"id":97,"href":"https:\/\/sisu.ut.ee\/latikeel\/wp-json\/wp\/v2\/pages\/19\/revisions\/97"}],"wp:attachment":[{"href":"https:\/\/sisu.ut.ee\/latikeel\/wp-json\/wp\/v2\/media?parent=19"}],"curies":[{"name":"wp","href":"https:\/\/api.w.org\/{rel}","templated":true}]}}