{"id":185,"date":"2024-04-15T15:02:30","date_gmt":"2024-04-15T12:02:30","guid":{"rendered":"https:\/\/sisu.ut.ee\/latikeel\/?page_id=185"},"modified":"2024-04-18T14:17:11","modified_gmt":"2024-04-18T11:17:11","slug":"26-leht","status":"publish","type":"page","link":"https:\/\/sisu.ut.ee\/latikeel\/26-leht\/","title":{"rendered":"26.-27. leht"},"content":{"rendered":"<p>k\u016bka \u2013 kook<\/p>\n\n\n\n<figure class=\"wp-block-audio\"><audio controls src=\"https:\/\/sisu.ut.ee\/wp-content\/uploads\/sites\/206\/Kuka-1.mp3\"><\/audio><\/figure>\n\n\n\n<p>limon\u0101de \u2013 limonaad<\/p>\n\n\n\n<figure class=\"wp-block-audio\"><audio controls src=\"https:\/\/sisu.ut.ee\/wp-content\/uploads\/sites\/206\/limonade.mp3\"><\/audio><\/figure>\n\n\n\n<p>Man, l\u016bdzu, vienu k\u016bku un vienu limon\u0101di. \u2013 Palun mulle \u00fcks kook ja \u00fcks limonaad,<\/p>\n\n\n\n<figure class=\"wp-block-audio\"><audio controls src=\"https:\/\/sisu.ut.ee\/wp-content\/uploads\/sites\/206\/Manludzu1kuku.mp3\"><\/audio><\/figure>\n\n\n\n<p>\u0101bols \u2013 \u00f5un<\/p>\n\n\n\n<figure class=\"wp-block-audio\"><audio controls src=\"https:\/\/sisu.ut.ee\/wp-content\/uploads\/sites\/206\/Abols-1.mp3\"><\/audio><\/figure>\n\n\n\n<p>\u0137irbis \u2013 k\u00f5rvits<\/p>\n\n\n\n<figure class=\"wp-block-audio\"><audio controls src=\"https:\/\/sisu.ut.ee\/wp-content\/uploads\/sites\/206\/Kirbis.mp3\"><\/audio><\/figure>\n\n\n\n<p>Man, l\u016bdzu, vienu \u0101bolu un vienu \u0137irbi. \u2013 Palun mulle \u00fcks \u00f5un ja \u00fcks k\u00f5rvits.<\/p>\n\n\n\n<figure class=\"wp-block-audio\"><audio controls src=\"https:\/\/sisu.ut.ee\/wp-content\/uploads\/sites\/206\/Manludzu1abolu.mp3\"><\/audio><\/figure>\n\n\n\n<p>k\u016bkas \u2013 koogid <\/p>\n\n\n\n<figure class=\"wp-block-audio\"><audio controls src=\"https:\/\/sisu.ut.ee\/wp-content\/uploads\/sites\/206\/kukas.mp3\"><\/audio><\/figure>\n\n\n\n<p>limon\u0101des \u2013 limonaadid <\/p>\n\n\n\n<figure class=\"wp-block-audio\"><audio controls src=\"https:\/\/sisu.ut.ee\/wp-content\/uploads\/sites\/206\/limonades.mp3\"><\/audio><\/figure>\n\n\n\n<p>Mums, l\u016bdzu, divas k\u016bkas un divas limon\u0101des. \u2013 Palun meile kaks kooki ja kaks limonaadi. <\/p>\n\n\n\n<figure class=\"wp-block-audio\"><audio controls src=\"https:\/\/sisu.ut.ee\/wp-content\/uploads\/sites\/206\/Mumsludzu2kukas.mp3\"><\/audio><\/figure>\n\n\n\n<p>\u0101boli \u2013 \u00f5unad <\/p>\n\n\n\n<figure class=\"wp-block-audio\"><audio controls src=\"https:\/\/sisu.ut.ee\/wp-content\/uploads\/sites\/206\/aboli.mp3\"><\/audio><\/figure>\n\n\n\n<p>\u0137irbji \u2013 k\u00f5rvitsad<\/p>\n\n\n\n<figure class=\"wp-block-audio\"><audio controls src=\"https:\/\/sisu.ut.ee\/wp-content\/uploads\/sites\/206\/kirbji.mp3\"><\/audio><\/figure>\n\n\n\n<p>Mums, l\u016bdzu, divus \u0101bolus un divus \u0137irbjus. \u2013 Palun meile kaks \u00f5una ja kaks k\u00f5rvitsat. <\/p>\n\n\n\n<figure class=\"wp-block-audio\"><audio controls src=\"https:\/\/sisu.ut.ee\/wp-content\/uploads\/sites\/206\/Mumsludzu2abolus.mp3\"><\/audio><\/figure>\n\n\n\n<p><\/p>\n","protected":false},"excerpt":{"rendered":"<p>k\u016bka \u2013 kook limon\u0101de \u2013 limonaad Man, l\u016bdzu, vienu k\u016bku un vienu limon\u0101di. \u2013 Palun mulle \u00fcks kook ja \u00fcks limonaad, \u0101bols \u2013 \u00f5un \u0137irbis \u2013 k\u00f5rvits Man, l\u016bdzu, vienu \u0101bolu un vienu \u0137irbi. \u2013 Palun mulle \u00fcks \u00f5un ja &#8230;<\/p>\n","protected":false},"author":77,"featured_media":0,"parent":0,"menu_order":0,"comment_status":"closed","ping_status":"closed","template":"","meta":{"_acf_changed":false,"inline_featured_image":false,"footnotes":""},"class_list":["post-185","page","type-page","status-publish","hentry"],"acf":[],"_links":{"self":[{"href":"https:\/\/sisu.ut.ee\/latikeel\/wp-json\/wp\/v2\/pages\/185","targetHints":{"allow":["GET"]}}],"collection":[{"href":"https:\/\/sisu.ut.ee\/latikeel\/wp-json\/wp\/v2\/pages"}],"about":[{"href":"https:\/\/sisu.ut.ee\/latikeel\/wp-json\/wp\/v2\/types\/page"}],"author":[{"embeddable":true,"href":"https:\/\/sisu.ut.ee\/latikeel\/wp-json\/wp\/v2\/users\/77"}],"replies":[{"embeddable":true,"href":"https:\/\/sisu.ut.ee\/latikeel\/wp-json\/wp\/v2\/comments?post=185"}],"version-history":[{"count":4,"href":"https:\/\/sisu.ut.ee\/latikeel\/wp-json\/wp\/v2\/pages\/185\/revisions"}],"predecessor-version":[{"id":380,"href":"https:\/\/sisu.ut.ee\/latikeel\/wp-json\/wp\/v2\/pages\/185\/revisions\/380"}],"wp:attachment":[{"href":"https:\/\/sisu.ut.ee\/latikeel\/wp-json\/wp\/v2\/media?parent=185"}],"curies":[{"name":"wp","href":"https:\/\/api.w.org\/{rel}","templated":true}]}}