{"id":18,"date":"2024-04-04T03:18:26","date_gmt":"2024-04-04T00:18:26","guid":{"rendered":"https:\/\/sisu.ut.ee\/latikeel\/vordlusastmed\/"},"modified":"2024-04-04T03:18:35","modified_gmt":"2024-04-04T00:18:35","slug":"vordlusastmed","status":"publish","type":"page","link":"https:\/\/sisu.ut.ee\/latikeel\/vordlusastmed\/","title":{"rendered":"Omaduss\u00f5nade v\u00f5rdlusastmed (\u012apa\u0161\u012bbas v\u0101rdu sal\u012bdzin\u0101m\u0101s pak\u0101pes)"},"content":{"rendered":"<p>\n\tL\u00e4ti keeles on kolm v\u00f5rdlusastmed: <a data-url=\"https:\/\/sisu.ut.ee\/latikeel\/maaramata-omadussona\" href=\"https:\/\/sisu.ut.ee\/latikeel\/maaramata-omadussona\" title=\"\">algv\u00f5rre<\/a>, <strong>keskv\u00f5rre <\/strong>(m\u00e4\u00e4ramata ja m\u00e4\u00e4ratud vorm) ning <strong>\u00fcliv\u00f5rre<\/strong>.\n<\/p>\n<p>\n\tV\u00f5rdlusastmed \u00fchilduvad nimisonaga soos ja arvus<strong>. <\/strong>\n<\/p>\n<h4>\n\t<span style=\"font-size:14px\"><strong>KESKV\u00d5RRE (<em>P\u0101r\u0101k\u0101 pak\u0101pe<\/em>)<\/strong><\/span><br>\n<\/h4>\n<p>\n\t<strong>1. Meessoost omaduss\u00f5na\u00a0<em>liel\u0101ks\u00a0<\/em>\u2018suurem\u2019\u00a0k\u00e4\u00e4namine (m\u00e4\u00e4ramata ja m\u00e4\u00e4ratud vorm)<\/strong>\n<\/p>\n<table class=\"table table-hover\" border=\"0\">\n<tbody>\n<tr>\n<td>\n\t\t\t\t<strong>K\u00e4\u00e4ne<\/strong>\n\t\t\t<\/td>\n<td colspan=\"3\" rowspan=\"1\">\n\t\t\t\t<strong>Ainsus\u00a0<\/strong>\n\t\t\t<\/td>\n<td colspan=\"3\" rowspan=\"1\">\n\t\t\t\t<strong>Mitmus<\/strong>\n\t\t\t<\/td>\n<\/tr>\n<tr>\n<td>\n\t\t\t\t\u00a0\n\t\t\t<\/td>\n<td colspan=\"2\">\n\t\t\t\t<u><strong>m\u00e4\u00e4ramata <\/strong><\/u>\n\t\t\t<\/td>\n<td>\n\t\t\t\t<u><strong>m\u00e4\u00e4ratud <\/strong><\/u>\n\t\t\t<\/td>\n<td colspan=\"2\">\n\t\t\t\t<u><strong>m\u00e4\u00e4ramata <\/strong><\/u>\n\t\t\t<\/td>\n<td>\n\t\t\t\t<u><strong>m\u00e4\u00e4ratud <\/strong><\/u>\n\t\t\t<\/td>\n<\/tr>\n<tr>\n<td>\n\t\t\t\t<strong>N. kas?<\/strong>\n\t\t\t<\/td>\n<td colspan=\"2\">\n\t\t\t\tliel\u0101ks\n\t\t\t<\/td>\n<td>\n\t\t\t\tliel\u0101kais\n\t\t\t<\/td>\n<td colspan=\"2\">\n\t\t\t\tliel\u0101ki\n\t\t\t<\/td>\n<td>\n\t\t\t\tliel\u0101kie\n\t\t\t<\/td>\n<\/tr>\n<tr>\n<td>\n\t\t\t\t<strong>\u0122. k\u0101?<\/strong>\n\t\t\t<\/td>\n<td colspan=\"2\">\n\t\t\t\tliel\u0101ka\n\t\t\t<\/td>\n<td>\n\t\t\t\tliel\u0101k\u0101\n\t\t\t<\/td>\n<td colspan=\"2\">\n\t\t\t\tliel\u0101ku\n\t\t\t<\/td>\n<td>\n\t\t\t\tliel\u0101ko\n\t\t\t<\/td>\n<\/tr>\n<tr>\n<td>\n\t\t\t\t<strong>D. kam?<\/strong>\n\t\t\t<\/td>\n<td colspan=\"2\">\n\t\t\t\tliel\u0101kam\n\t\t\t<\/td>\n<td>\n\t\t\t\tliel\u0101kajam\n\t\t\t<\/td>\n<td colspan=\"2\">\n\t\t\t\tliel\u0101kiem\n\t\t\t<\/td>\n<td>\n\t\t\t\tliel\u0101kajiem\n\t\t\t<\/td>\n<\/tr>\n<tr>\n<td>\n\t\t\t\t<strong>A. ko?<\/strong>\n\t\t\t<\/td>\n<td colspan=\"2\">\n\t\t\t\tliel\u0101ku\n\t\t\t<\/td>\n<td>\n\t\t\t\tliel\u0101ko\n\t\t\t<\/td>\n<td colspan=\"2\">\n\t\t\t\tliel\u0101kus\n\t\t\t<\/td>\n<td>\n\t\t\t\tliel\u0101kos\n\t\t\t<\/td>\n<\/tr>\n<tr>\n<td>\n\t\t\t\t<strong>L. kur?<\/strong>\n\t\t\t<\/td>\n<td colspan=\"2\">\n\t\t\t\tliel\u0101k\u0101\n\t\t\t<\/td>\n<td>\n\t\t\t\tliel\u0101kaj\u0101\n\t\t\t<\/td>\n<td colspan=\"2\">\n\t\t\t\tliel\u0101kos\n\t\t\t<\/td>\n<td>\n\t\t\t\tliel\u0101kajos\n\t\t\t<\/td>\n<\/tr>\n<tr>\n<td>\n\t\t\t\t<strong>V. \u2013<\/strong>\n\t\t\t<\/td>\n<td colspan=\"2\">\n\t\t\t\t\u2013\n\t\t\t<\/td>\n<td>\n\t\t\t\t\u2013\n\t\t\t<\/td>\n<td colspan=\"2\" rowspan=\"1\">\n\t\t\t\t\u2013\n\t\t\t<\/td>\n<td>\n\t\t\t\t\u2013\n\t\t\t<\/td>\n<\/tr>\n<\/tbody>\n<\/table>\n<p>\n\t<strong>2. Naissoost omaduss\u00f5na\u00a0<em>liel\u0101ka\u00a0<\/em>\u2018suurem\u2019 k\u00e4\u00e4namine (m\u00e4\u00e4ramata ja m\u00e4\u00e4ratud vorm)<\/strong>\n<\/p>\n<table class=\"table table-hover\" border=\"0\">\n<tbody>\n<tr>\n<td>\n\t\t\t\t<strong>K\u00e4\u00e4ne<\/strong>\n\t\t\t<\/td>\n<td colspan=\"3\" rowspan=\"1\">\n\t\t\t\t<strong>Ainsus\u00a0<\/strong>\n\t\t\t<\/td>\n<td colspan=\"3\" rowspan=\"1\">\n\t\t\t\t<strong>Mitmus<\/strong>\n\t\t\t<\/td>\n<\/tr>\n<tr>\n<td>\n\t\t\t\t\u00a0\n\t\t\t<\/td>\n<td colspan=\"2\">\n\t\t\t\t<u><strong>m\u00e4\u00e4ramata <\/strong><\/u>\n\t\t\t<\/td>\n<td>\n\t\t\t\t<u><strong>m\u00e4\u00e4ratud <\/strong><\/u>\n\t\t\t<\/td>\n<td colspan=\"2\">\n\t\t\t\t<u><strong>m\u00e4\u00e4ramata <\/strong><\/u>\n\t\t\t<\/td>\n<td>\n\t\t\t\t<u><strong>m\u00e4\u00e4ratud <\/strong><\/u>\n\t\t\t<\/td>\n<\/tr>\n<tr>\n<td>\n\t\t\t\t<strong>N. kas?<\/strong>\n\t\t\t<\/td>\n<td colspan=\"2\">\n\t\t\t\tliel\u0101ka\n\t\t\t<\/td>\n<td>\n\t\t\t\tliel\u0101k\u0101\n\t\t\t<\/td>\n<td colspan=\"2\">\n\t\t\t\tliel\u0101kas\n\t\t\t<\/td>\n<td>\n\t\t\t\tliel\u0101k\u0101s\n\t\t\t<\/td>\n<\/tr>\n<tr>\n<td>\n\t\t\t\t<strong>\u0122. k\u0101?<\/strong>\n\t\t\t<\/td>\n<td colspan=\"2\">\n\t\t\t\tliel\u0101kas\n\t\t\t<\/td>\n<td>\n\t\t\t\tliel\u0101k\u0101s\n\t\t\t<\/td>\n<td colspan=\"2\">\n\t\t\t\tliel\u0101ku\n\t\t\t<\/td>\n<td>\n\t\t\t\tliel\u0101ko\n\t\t\t<\/td>\n<\/tr>\n<tr>\n<td>\n\t\t\t\t<strong>D. kam?<\/strong>\n\t\t\t<\/td>\n<td colspan=\"2\">\n\t\t\t\tliel\u0101kai\n\t\t\t<\/td>\n<td>\n\t\t\t\tliel\u0101kajai\n\t\t\t<\/td>\n<td colspan=\"2\">\n\t\t\t\tliel\u0101k\u0101m\n\t\t\t<\/td>\n<td>\n\t\t\t\tliel\u0101kaj\u0101m\n\t\t\t<\/td>\n<\/tr>\n<tr>\n<td>\n\t\t\t\t<strong>A. ko?<\/strong>\n\t\t\t<\/td>\n<td colspan=\"2\">\n\t\t\t\tliel\u0101ku\n\t\t\t<\/td>\n<td>\n\t\t\t\tliel\u0101ko\n\t\t\t<\/td>\n<td colspan=\"2\">\n\t\t\t\tliel\u0101kas\n\t\t\t<\/td>\n<td>\n\t\t\t\tliel\u0101k\u0101s\n\t\t\t<\/td>\n<\/tr>\n<tr>\n<td>\n\t\t\t\t<strong>L. kur?<\/strong>\n\t\t\t<\/td>\n<td colspan=\"2\">\n\t\t\t\tliel\u0101k\u0101\n\t\t\t<\/td>\n<td>\n\t\t\t\tliel\u0101kaj\u0101\n\t\t\t<\/td>\n<td colspan=\"2\">\n\t\t\t\tliel\u0101k\u0101s\n\t\t\t<\/td>\n<td>\n\t\t\t\tliel\u0101kaj\u0101s\n\t\t\t<\/td>\n<\/tr>\n<tr>\n<td>\n\t\t\t\t<strong>V. \u2013<\/strong>\n\t\t\t<\/td>\n<td colspan=\"2\">\n\t\t\t\t\u2013\n\t\t\t<\/td>\n<td>\n\t\t\t\t\u2013\n\t\t\t<\/td>\n<td colspan=\"2\" rowspan=\"1\">\n\t\t\t\t\u2013\n\t\t\t<\/td>\n<td>\n\t\t\t\t\u2013\n\t\t\t<\/td>\n<\/tr>\n<\/tbody>\n<\/table>\n<h4>\n\t\u00a0<br>\n<\/h4>\n<h4>\n\t<span style=\"font-size:14px\"><strong>\u00dcLIV\u00d5RRE (<i>Visp\u0101r\u0101k\u0101 pak\u0101pe<\/i>)<\/strong><\/span><br>\n<\/h4>\n<p>\n\t<strong>1. Meessoost omaduss\u00f5na\u00a0<em>vis<\/em><em>liel\u0101kais\u00a0<\/em>\u2018k\u00f5ige suurem\u2019 k\u00e4\u00e4namine.<\/strong>\n<\/p>\n<table class=\"table table-hover\" border=\"0\">\n<tbody>\n<tr>\n<td>\n\t\t\t\t<strong>K\u00e4\u00e4ne<\/strong>\n\t\t\t<\/td>\n<td colspan=\"2\">\n\t\t\t\t<strong>Ainsus<\/strong>\n\t\t\t<\/td>\n<td colspan=\"2\">\n\t\t\t\t<strong>Mitmus<\/strong>\n\t\t\t<\/td>\n<\/tr>\n<tr>\n<td>\n\t\t\t\t<strong>N. kas?<\/strong>\n\t\t\t<\/td>\n<td colspan=\"2\">\n\t\t\t\tvisliel\u0101kais\n\t\t\t<\/td>\n<td colspan=\"2\">\n\t\t\t\tvisliel\u0101kie\n\t\t\t<\/td>\n<\/tr>\n<tr>\n<td>\n\t\t\t\t<strong>\u0122. k\u0101?<\/strong>\n\t\t\t<\/td>\n<td colspan=\"2\">\n\t\t\t\tvisliel\u0101k\u0101\n\t\t\t<\/td>\n<td colspan=\"2\">\n\t\t\t\tvisliel\u0101ko\n\t\t\t<\/td>\n<\/tr>\n<tr>\n<td>\n\t\t\t\t<strong>D. kam?<\/strong>\n\t\t\t<\/td>\n<td colspan=\"2\">\n\t\t\t\tvisliel\u0101kajam\n\t\t\t<\/td>\n<td colspan=\"2\">\n\t\t\t\tvisliel\u0101kajiem\n\t\t\t<\/td>\n<\/tr>\n<tr>\n<td>\n\t\t\t\t<strong>A. ko?<\/strong>\n\t\t\t<\/td>\n<td colspan=\"2\">\n\t\t\t\tvisliel\u0101ko\n\t\t\t<\/td>\n<td colspan=\"2\">\n\t\t\t\tvisliel\u0101kos\n\t\t\t<\/td>\n<\/tr>\n<tr>\n<td>\n\t\t\t\t<strong>L. kur?<\/strong>\n\t\t\t<\/td>\n<td colspan=\"2\">\n\t\t\t\tvisliel\u0101kaj\u0101\n\t\t\t<\/td>\n<td colspan=\"2\">\n\t\t\t\tvisliel\u0101kajos\n\t\t\t<\/td>\n<\/tr>\n<tr>\n<td>\n\t\t\t\t<strong>V. \u2013<\/strong>\n\t\t\t<\/td>\n<td colspan=\"2\">\n\t\t\t\tvisliel\u0101kais\n\t\t\t<\/td>\n<td colspan=\"2\">\n\t\t\t\tvisliel\u0101kie\n\t\t\t<\/td>\n<\/tr>\n<\/tbody>\n<\/table>\n<p>\n\t<strong>2. Naissoost omaduss\u00f5na\u00a0<em>vis<\/em><em>liel\u0101k\u0101\u00a0<\/em>\u2018k\u00f5ige suurem\u2019 k\u00e4\u00e4namine.<\/strong>\n<\/p>\n<table class=\"table table-hover\" border=\"0\">\n<tbody>\n<tr>\n<td>\n\t\t\t\t<strong>K\u00e4\u00e4ne<\/strong>\n\t\t\t<\/td>\n<td colspan=\"2\">\n\t\t\t\t<strong>Ainsus<\/strong>\n\t\t\t<\/td>\n<td colspan=\"2\">\n\t\t\t\t<strong>Mitmus<\/strong>\n\t\t\t<\/td>\n<\/tr>\n<tr>\n<td>\n\t\t\t\t<strong>N. kas?<\/strong>\n\t\t\t<\/td>\n<td colspan=\"2\">\n\t\t\t\tvisliel\u0101k\u0101\n\t\t\t<\/td>\n<td colspan=\"2\">\n\t\t\t\tvisliel\u0101k\u0101s\n\t\t\t<\/td>\n<\/tr>\n<tr>\n<td>\n\t\t\t\t<strong>\u0122. k\u0101?<\/strong>\n\t\t\t<\/td>\n<td colspan=\"2\">\n\t\t\t\tvisliel\u0101k\u0101s\n\t\t\t<\/td>\n<td colspan=\"2\">\n\t\t\t\tvisliel\u0101ko\n\t\t\t<\/td>\n<\/tr>\n<tr>\n<td>\n\t\t\t\t<strong>D. kam?<\/strong>\n\t\t\t<\/td>\n<td colspan=\"2\">\n\t\t\t\tvisliel\u0101kajai\n\t\t\t<\/td>\n<td colspan=\"2\">\n\t\t\t\tvisliel\u0101kaj\u0101m\n\t\t\t<\/td>\n<\/tr>\n<tr>\n<td>\n\t\t\t\t<strong>A. ko?<\/strong>\n\t\t\t<\/td>\n<td colspan=\"2\">\n\t\t\t\tvisliel\u0101ko\n\t\t\t<\/td>\n<td colspan=\"2\">\n\t\t\t\tvisliel\u0101k\u0101s\n\t\t\t<\/td>\n<\/tr>\n<tr>\n<td>\n\t\t\t\t<strong>L. kur?<\/strong>\n\t\t\t<\/td>\n<td colspan=\"2\">\n\t\t\t\tvisliel\u0101kaj\u0101\n\t\t\t<\/td>\n<td colspan=\"2\">\n\t\t\t\tvisliel\u0101kaj\u0101s\n\t\t\t<\/td>\n<\/tr>\n<tr>\n<td>\n\t\t\t\t<strong>V. \u2013<\/strong>\n\t\t\t<\/td>\n<td colspan=\"2\">\n\t\t\t\tvisliel\u0101k\u0101\n\t\t\t<\/td>\n<td colspan=\"2\">\n\t\t\t\tvisliel\u0101k\u0101s\n\t\t\t<\/td>\n<\/tr>\n<\/tbody>\n<\/table>\n","protected":false},"excerpt":{"rendered":"<p>L\u00e4ti keeles on kolm v\u00f5rdlusastmed: algv\u00f5rre, keskv\u00f5rre (m\u00e4\u00e4ramata ja m\u00e4\u00e4ratud vorm) ning \u00fcliv\u00f5rre. V\u00f5rdlusastmed \u00fchilduvad nimisonaga soos ja arvus. KESKV\u00d5RRE (P\u0101r\u0101k\u0101 pak\u0101pe) 1. Meessoost omaduss\u00f5na\u00a0liel\u0101ks\u00a0\u2018suurem\u2019\u00a0k\u00e4\u00e4namine (m\u00e4\u00e4ramata ja m\u00e4\u00e4ratud vorm) K\u00e4\u00e4ne Ainsus\u00a0 Mitmus \u00a0 m\u00e4\u00e4ramata m\u00e4\u00e4ratud m\u00e4\u00e4ramata m\u00e4\u00e4ratud N. kas? liel\u0101ks &#8230;<\/p>\n","protected":false},"author":77,"featured_media":0,"parent":0,"menu_order":0,"comment_status":"closed","ping_status":"closed","template":"","meta":{"_acf_changed":false,"inline_featured_image":false,"footnotes":""},"class_list":["post-18","page","type-page","status-publish","hentry"],"acf":[],"_links":{"self":[{"href":"https:\/\/sisu.ut.ee\/latikeel\/wp-json\/wp\/v2\/pages\/18","targetHints":{"allow":["GET"]}}],"collection":[{"href":"https:\/\/sisu.ut.ee\/latikeel\/wp-json\/wp\/v2\/pages"}],"about":[{"href":"https:\/\/sisu.ut.ee\/latikeel\/wp-json\/wp\/v2\/types\/page"}],"author":[{"embeddable":true,"href":"https:\/\/sisu.ut.ee\/latikeel\/wp-json\/wp\/v2\/users\/77"}],"replies":[{"embeddable":true,"href":"https:\/\/sisu.ut.ee\/latikeel\/wp-json\/wp\/v2\/comments?post=18"}],"version-history":[{"count":1,"href":"https:\/\/sisu.ut.ee\/latikeel\/wp-json\/wp\/v2\/pages\/18\/revisions"}],"predecessor-version":[{"id":96,"href":"https:\/\/sisu.ut.ee\/latikeel\/wp-json\/wp\/v2\/pages\/18\/revisions\/96"}],"wp:attachment":[{"href":"https:\/\/sisu.ut.ee\/latikeel\/wp-json\/wp\/v2\/media?parent=18"}],"curies":[{"name":"wp","href":"https:\/\/api.w.org\/{rel}","templated":true}]}}