{"id":175,"date":"2024-04-15T14:57:57","date_gmt":"2024-04-15T11:57:57","guid":{"rendered":"https:\/\/sisu.ut.ee\/latikeel\/?page_id=175"},"modified":"2024-04-18T13:50:10","modified_gmt":"2024-04-18T10:50:10","slug":"22-leht","status":"publish","type":"page","link":"https:\/\/sisu.ut.ee\/latikeel\/22-leht\/","title":{"rendered":"22.-23. leht"},"content":{"rendered":"<p>kalns \u2013 m\u00e4gi<\/p>\n\n\n\n<figure class=\"wp-block-audio\"><audio controls src=\"https:\/\/sisu.ut.ee\/wp-content\/uploads\/sites\/206\/kalns.mp3\"><\/audio><\/figure>\n\n\n\n<p>kalni\u0146\u0161 \u2013 m\u00e4eke<\/p>\n\n\n\n<figure class=\"wp-block-audio\"><audio controls src=\"https:\/\/sisu.ut.ee\/wp-content\/uploads\/sites\/206\/kalnins.mp3\"><\/audio><\/figure>\n\n\n\n<p>b\u0113rzs \u2013 kask<\/p>\n\n\n\n<figure class=\"wp-block-audio\"><audio controls src=\"https:\/\/sisu.ut.ee\/wp-content\/uploads\/sites\/206\/berzs.mp3\"><\/audio><\/figure>\n\n\n\n<p>b\u0113rzi\u0146\u0161 \u2013 kaseke<\/p>\n\n\n\n<figure class=\"wp-block-audio\"><audio controls src=\"https:\/\/sisu.ut.ee\/wp-content\/uploads\/sites\/206\/berzins.mp3\"><\/audio><\/figure>\n\n\n\n<p>liepa \u2013 p\u00e4rn<\/p>\n\n\n\n<figure class=\"wp-block-audio\"><audio controls src=\"https:\/\/sisu.ut.ee\/wp-content\/uploads\/sites\/206\/liepa.mp3\"><\/audio><\/figure>\n\n\n\n<p>liepi\u0146a \u2013 p\u00e4rnake<\/p>\n\n\n\n<figure class=\"wp-block-audio\"><audio controls src=\"https:\/\/sisu.ut.ee\/wp-content\/uploads\/sites\/206\/liepina.mp3\"><\/audio><\/figure>\n\n\n\n<p>gailis \u2013 kukk<\/p>\n\n\n\n<figure class=\"wp-block-audio\"><audio controls src=\"https:\/\/sisu.ut.ee\/wp-content\/uploads\/sites\/206\/gailis.mp3\"><\/audio><\/figure>\n\n\n\n<p>gail\u012btis \u2013 kukeke<\/p>\n\n\n\n<figure class=\"wp-block-audio\"><audio controls src=\"https:\/\/sisu.ut.ee\/wp-content\/uploads\/sites\/206\/gailitis.mp3\"><\/audio><\/figure>\n\n\n\n<p><\/p>\n","protected":false},"excerpt":{"rendered":"<p>kalns \u2013 m\u00e4gi kalni\u0146\u0161 \u2013 m\u00e4eke b\u0113rzs \u2013 kask b\u0113rzi\u0146\u0161 \u2013 kaseke liepa \u2013 p\u00e4rn liepi\u0146a \u2013 p\u00e4rnake gailis \u2013 kukk gail\u012btis \u2013 kukeke<\/p>\n","protected":false},"author":77,"featured_media":0,"parent":0,"menu_order":0,"comment_status":"closed","ping_status":"closed","template":"","meta":{"_acf_changed":false,"inline_featured_image":false,"footnotes":""},"class_list":["post-175","page","type-page","status-publish","hentry"],"acf":[],"_links":{"self":[{"href":"https:\/\/sisu.ut.ee\/latikeel\/wp-json\/wp\/v2\/pages\/175","targetHints":{"allow":["GET"]}}],"collection":[{"href":"https:\/\/sisu.ut.ee\/latikeel\/wp-json\/wp\/v2\/pages"}],"about":[{"href":"https:\/\/sisu.ut.ee\/latikeel\/wp-json\/wp\/v2\/types\/page"}],"author":[{"embeddable":true,"href":"https:\/\/sisu.ut.ee\/latikeel\/wp-json\/wp\/v2\/users\/77"}],"replies":[{"embeddable":true,"href":"https:\/\/sisu.ut.ee\/latikeel\/wp-json\/wp\/v2\/comments?post=175"}],"version-history":[{"count":4,"href":"https:\/\/sisu.ut.ee\/latikeel\/wp-json\/wp\/v2\/pages\/175\/revisions"}],"predecessor-version":[{"id":338,"href":"https:\/\/sisu.ut.ee\/latikeel\/wp-json\/wp\/v2\/pages\/175\/revisions\/338"}],"wp:attachment":[{"href":"https:\/\/sisu.ut.ee\/latikeel\/wp-json\/wp\/v2\/media?parent=175"}],"curies":[{"name":"wp","href":"https:\/\/api.w.org\/{rel}","templated":true}]}}