{"id":172,"date":"2024-04-15T14:57:23","date_gmt":"2024-04-15T11:57:23","guid":{"rendered":"https:\/\/sisu.ut.ee\/latikeel\/?page_id=172"},"modified":"2024-04-18T13:44:03","modified_gmt":"2024-04-18T10:44:03","slug":"21-leht","status":"publish","type":"page","link":"https:\/\/sisu.ut.ee\/latikeel\/21-leht\/","title":{"rendered":"21. leht"},"content":{"rendered":"<p>Edgars Kalns<\/p>\n\n\n\n<figure class=\"wp-block-audio\"><audio controls src=\"https:\/\/sisu.ut.ee\/wp-content\/uploads\/sites\/206\/EdgarsKalns.mp3\"><\/audio><\/figure>\n\n\n\n<p>Anna Kalna<\/p>\n\n\n\n<figure class=\"wp-block-audio\"><audio controls src=\"https:\/\/sisu.ut.ee\/wp-content\/uploads\/sites\/206\/AnnaKalna.mp3\"><\/audio><\/figure>\n\n\n\n<p>J\u0101nis B\u0113rzi\u0146\u0161<\/p>\n\n\n\n<figure class=\"wp-block-audio\"><audio controls src=\"https:\/\/sisu.ut.ee\/wp-content\/uploads\/sites\/206\/janisBerzins.mp3\"><\/audio><\/figure>\n\n\n\n<p>Ieva B\u0113rzi\u0146a<\/p>\n\n\n\n<figure class=\"wp-block-audio\"><audio controls src=\"https:\/\/sisu.ut.ee\/wp-content\/uploads\/sites\/206\/IevaBerzina.mp3\"><\/audio><\/figure>\n\n\n\n<p>Mikus Liepi\u0146\u0161<\/p>\n\n\n\n<figure class=\"wp-block-audio\"><audio controls src=\"https:\/\/sisu.ut.ee\/wp-content\/uploads\/sites\/206\/MikusLiepins.mp3\"><\/audio><\/figure>\n\n\n\n<p>Lelde Liepi\u0146a<\/p>\n\n\n\n<figure class=\"wp-block-audio\"><audio controls src=\"https:\/\/sisu.ut.ee\/wp-content\/uploads\/sites\/206\/LeldeLiepina.mp3\"><\/audio><\/figure>\n\n\n\n<p><\/p>\n","protected":false},"excerpt":{"rendered":"<p>Edgars Kalns Anna Kalna J\u0101nis B\u0113rzi\u0146\u0161 Ieva B\u0113rzi\u0146a Mikus Liepi\u0146\u0161 Lelde Liepi\u0146a<\/p>\n","protected":false},"author":77,"featured_media":0,"parent":0,"menu_order":0,"comment_status":"closed","ping_status":"closed","template":"","meta":{"_acf_changed":false,"inline_featured_image":false,"footnotes":""},"class_list":["post-172","page","type-page","status-publish","hentry"],"acf":[],"_links":{"self":[{"href":"https:\/\/sisu.ut.ee\/latikeel\/wp-json\/wp\/v2\/pages\/172","targetHints":{"allow":["GET"]}}],"collection":[{"href":"https:\/\/sisu.ut.ee\/latikeel\/wp-json\/wp\/v2\/pages"}],"about":[{"href":"https:\/\/sisu.ut.ee\/latikeel\/wp-json\/wp\/v2\/types\/page"}],"author":[{"embeddable":true,"href":"https:\/\/sisu.ut.ee\/latikeel\/wp-json\/wp\/v2\/users\/77"}],"replies":[{"embeddable":true,"href":"https:\/\/sisu.ut.ee\/latikeel\/wp-json\/wp\/v2\/comments?post=172"}],"version-history":[{"count":2,"href":"https:\/\/sisu.ut.ee\/latikeel\/wp-json\/wp\/v2\/pages\/172\/revisions"}],"predecessor-version":[{"id":328,"href":"https:\/\/sisu.ut.ee\/latikeel\/wp-json\/wp\/v2\/pages\/172\/revisions\/328"}],"wp:attachment":[{"href":"https:\/\/sisu.ut.ee\/latikeel\/wp-json\/wp\/v2\/media?parent=172"}],"curies":[{"name":"wp","href":"https:\/\/api.w.org\/{rel}","templated":true}]}}